{"id":2232,"date":"2025-09-01T08:57:35","date_gmt":"2025-09-01T08:57:35","guid":{"rendered":"https:\/\/rocdentalturkey.com\/?page_id=2232"},"modified":"2025-09-08T12:07:30","modified_gmt":"2025-09-08T12:07:30","slug":"selin-asci","status":"publish","type":"page","link":"https:\/\/rocdentalturkey.com\/index.php\/selin-asci\/","title":{"rendered":"Selin A\u015f\u00e7\u0131"},"content":{"rendered":"<style>.elementor-2232 .elementor-element.elementor-element-37c6685 > .elementor-container{max-width:1170px;}.elementor-2232 .elementor-element.elementor-element-37c6685:not(.elementor-motion-effects-element-type-background), .elementor-2232 .elementor-element.elementor-element-37c6685 > .elementor-motion-effects-container > .elementor-motion-effects-layer{background-color:#000000;background-image:url(\"https:\/\/rocdentalturkey.com\/wp-content\/uploads\/2025\/04\/FOVI0606-Large.jpg\");background-position:0px 65%;background-size:cover;}.elementor-2232 .elementor-element.elementor-element-37c6685 > .elementor-background-overlay{background-color:#000000;opacity:0.8;transition:background 0.3s, border-radius 0.3s, opacity 0.3s;}.elementor-2232 .elementor-element.elementor-element-37c6685{transition:background 0.3s, border 0.3s, border-radius 0.3s, box-shadow 0.3s;margin-top:0px;margin-bottom:0px;padding:140px 0px 140px 0px;}.elementor-2232 .elementor-element.elementor-element-55861b2.elementor-column > .elementor-widget-wrap{justify-content:center;}.elementor-2232 .elementor-element.elementor-element-4873505{text-align:center;}.elementor-2232 .elementor-element.elementor-element-4873505 .elementor-heading-title{font-family:\"Montserrat\", Sans-serif;font-size:32px;font-weight:700;text-transform:uppercase;line-height:1.2em;color:#FFFFFF;}.elementor-2232 .elementor-element.elementor-element-3272cc2{--display:flex;--flex-direction:row;--container-widget-width:initial;--container-widget-height:100%;--container-widget-flex-grow:1;--container-widget-align-self:stretch;--flex-wrap-mobile:wrap;--gap:0px 0px;--row-gap:0px;--column-gap:0px;--margin-top:50px;--margin-bottom:50px;--margin-left:0px;--margin-right:0px;}.elementor-2232 .elementor-element.elementor-element-665a038{--display:flex;--flex-direction:column;--container-widget-width:100%;--container-widget-height:initial;--container-widget-flex-grow:0;--container-widget-align-self:initial;--flex-wrap-mobile:wrap;}.elementor-2232 .elementor-element.elementor-element-013aa8a{--display:flex;--flex-direction:column;--container-widget-width:100%;--container-widget-height:initial;--container-widget-flex-grow:0;--container-widget-align-self:initial;--flex-wrap-mobile:wrap;--justify-content:center;}.elementor-2232 .elementor-element.elementor-element-327ba38{text-align:start;}.elementor-2232 .elementor-element.elementor-element-327ba38 .elementor-heading-title{font-family:\"Montserrat\", Sans-serif;font-size:14px;font-weight:600;text-transform:uppercase;line-height:1em;letter-spacing:1.5px;color:#20BBE4;}.elementor-2232 .elementor-element.elementor-element-a9b8baa{text-align:start;}.elementor-2232 .elementor-element.elementor-element-a9b8baa .elementor-heading-title{font-family:\"Montserrat\", Sans-serif;font-size:32px;font-weight:700;line-height:1.2em;color:var( --e-global-color-primary );}.elementor-2232 .elementor-element.elementor-element-5baf391{text-align:start;font-family:\"Montserrat\", Sans-serif;font-size:16px;font-weight:400;line-height:1.5em;color:var( --e-global-color-text );}@media(min-width:768px){.elementor-2232 .elementor-element.elementor-element-665a038{--width:50%;}.elementor-2232 .elementor-element.elementor-element-013aa8a{--width:50%;}}@media(max-width:1024px){.elementor-2232 .elementor-element.elementor-element-37c6685:not(.elementor-motion-effects-element-type-background), .elementor-2232 .elementor-element.elementor-element-37c6685 > .elementor-motion-effects-container > .elementor-motion-effects-layer{background-position:0px 0px;}.elementor-2232 .elementor-element.elementor-element-37c6685{padding:120px 10px 120px 10px;}}@media(max-width:767px){.elementor-2232 .elementor-element.elementor-element-37c6685:not(.elementor-motion-effects-element-type-background), .elementor-2232 .elementor-element.elementor-element-37c6685 > .elementor-motion-effects-container > .elementor-motion-effects-layer{background-position:0px 0px;}.elementor-2232 .elementor-element.elementor-element-37c6685{padding:80px 10px 80px 10px;}.elementor-2232 .elementor-element.elementor-element-4873505 .elementor-heading-title{font-size:24px;}.elementor-2232 .elementor-element.elementor-element-327ba38 .elementor-heading-title{font-size:14px;}.elementor-2232 .elementor-element.elementor-element-a9b8baa .elementor-heading-title{font-size:24px;}.elementor-2232 .elementor-element.elementor-element-5baf391{font-size:14px;}}<\/style>\t\t<div data-elementor-type=\"wp-page\" data-elementor-id=\"2232\" class=\"elementor elementor-2232\" data-elementor-post-type=\"page\">\n\t\t\t\t\t\t<section class=\"elementor-section elementor-top-section elementor-element elementor-element-37c6685 elementor-section-boxed elementor-section-height-default elementor-section-height-default\" data-id=\"37c6685\" data-element_type=\"section\" data-e-type=\"section\" data-settings=\"{&quot;background_background&quot;:&quot;classic&quot;}\">\n\t\t\t\t\t\t\t<div class=\"elementor-background-overlay\"><\/div>\n\t\t\t\t\t\t\t<div class=\"elementor-container elementor-column-gap-default\">\n\t\t\t\t\t<div class=\"elementor-column elementor-col-100 elementor-top-column elementor-element elementor-element-55861b2\" data-id=\"55861b2\" data-element_type=\"column\" data-e-type=\"column\">\n\t\t\t<div class=\"elementor-widget-wrap elementor-element-populated\">\n\t\t\t\t\t\t<div class=\"elementor-element elementor-element-4873505 elementor-widget elementor-widget-heading\" data-id=\"4873505\" data-element_type=\"widget\" data-e-type=\"widget\" data-widget_type=\"heading.default\">\n\t\t\t\t<div class=\"elementor-widget-container\">\n\t\t\t\t\t<h2 class=\"elementor-heading-title elementor-size-default\">Selin A\u015f\u00e7\u0131<\/h2>\t\t\t\t<\/div>\n\t\t\t\t<\/div>\n\t\t\t\t\t<\/div>\n\t\t<\/div>\n\t\t\t\t\t<\/div>\n\t\t<\/section>\n\t\t<div class=\"elementor-element elementor-element-3272cc2 e-flex e-con-boxed e-con e-parent\" data-id=\"3272cc2\" data-element_type=\"container\" data-e-type=\"container\">\n\t\t\t\t\t<div class=\"e-con-inner\">\n\t\t<div class=\"elementor-element elementor-element-665a038 e-con-full e-flex e-con e-child\" data-id=\"665a038\" data-element_type=\"container\" data-e-type=\"container\">\n\t\t\t\t<div class=\"elementor-element elementor-element-df35eaa elementor-widget elementor-widget-image\" data-id=\"df35eaa\" data-element_type=\"widget\" data-e-type=\"widget\" data-widget_type=\"image.default\">\n\t\t\t\t<div class=\"elementor-widget-container\">\n\t\t\t\t\t\t\t\t\t\t\t\t\t\t\t<img fetchpriority=\"high\" decoding=\"async\" width=\"683\" height=\"1024\" src=\"https:\/\/rocdentalturkey.com\/wp-content\/uploads\/2025\/06\/DSCF0228-Buyuk-683x1024.jpg\" class=\"attachment-large size-large wp-image-902\" alt=\"\" srcset=\"https:\/\/rocdentalturkey.com\/wp-content\/uploads\/2025\/06\/DSCF0228-Buyuk-683x1024.jpg 683w, https:\/\/rocdentalturkey.com\/wp-content\/uploads\/2025\/06\/DSCF0228-Buyuk-200x300.jpg 200w, https:\/\/rocdentalturkey.com\/wp-content\/uploads\/2025\/06\/DSCF0228-Buyuk-768x1152.jpg 768w, https:\/\/rocdentalturkey.com\/wp-content\/uploads\/2025\/06\/DSCF0228-Buyuk-1024x1536.jpg 1024w, https:\/\/rocdentalturkey.com\/wp-content\/uploads\/2025\/06\/DSCF0228-Buyuk-rotated.jpg 1080w\" sizes=\"(max-width: 683px) 100vw, 683px\" \/>\t\t\t\t\t\t\t\t\t\t\t\t\t\t\t<\/div>\n\t\t\t\t<\/div>\n\t\t\t\t<\/div>\n\t\t<div class=\"elementor-element elementor-element-013aa8a e-con-full e-flex e-con e-child\" data-id=\"013aa8a\" data-element_type=\"container\" data-e-type=\"container\">\n\t\t\t\t<div class=\"elementor-element elementor-element-327ba38 animated-slow elementor-invisible elementor-widget elementor-widget-heading\" data-id=\"327ba38\" data-element_type=\"widget\" data-e-type=\"widget\" data-settings=\"{&quot;_animation&quot;:&quot;fadeInRight&quot;}\" data-widget_type=\"heading.default\">\n\t\t\t\t<div class=\"elementor-widget-container\">\n\t\t\t\t\t<h5 class=\"elementor-heading-title elementor-size-default\">TEAM<\/h5>\t\t\t\t<\/div>\n\t\t\t\t<\/div>\n\t\t\t\t<div class=\"elementor-element elementor-element-a9b8baa elementor-widget elementor-widget-heading\" data-id=\"a9b8baa\" data-element_type=\"widget\" data-e-type=\"widget\" data-widget_type=\"heading.default\">\n\t\t\t\t<div class=\"elementor-widget-container\">\n\t\t\t\t\t<h2 class=\"elementor-heading-title elementor-size-default\">Uzm. Dt. Selin A\u015fc\u0131<\/h2>\t\t\t\t<\/div>\n\t\t\t\t<\/div>\n\t\t\t\t<div class=\"elementor-element elementor-element-5baf391 elementor-widget elementor-widget-text-editor\" data-id=\"5baf391\" data-element_type=\"widget\" data-e-type=\"widget\" data-widget_type=\"text-editor.default\">\n\t\t\t\t<div class=\"elementor-widget-container\">\n\t\t\t\t\t\t\t\t\t<p>I graduated from the Faculty of Dentistry at S\u00fcleyman Demirel University in 2020. I spent two years working at the university, providing dental care to the local community.<\/p><p>I then practiced as a general dentist for a year before beginning my specialization in Prosthodontics at Akdeniz University. During this time, I also continued to provide care for local patients.<\/p><p>Upon completing my specialty, I began treating patients from around the globe. I have renewed hundreds of smiles, and I truly love what I do.<\/p><p>\u00a0Together with my partner, who is also a dentist, I co-founded ROC Dental Policlinic, where we continue to collaborate in delivering high-quality, patient-focused dental care for people worldwide.<\/p><p>As an active member of the Turkish Dental Association and the Antalya Chamber of Dentists, I remain committed to continuous professional development. I regularly attend congresses and courses, and from time to time, I also serve as a speaker at symposiums on modern prosthetic treatment protocols. I started using digital materials and new technologies from the day they were published, mastering them along with smile design techniques, earning certifications that reflect my dedication to excellence in dentistry.<\/p>\t\t\t\t\t\t\t\t<\/div>\n\t\t\t\t<\/div>\n\t\t\t\t<\/div>\n\t\t\t\t\t<\/div>\n\t\t\t\t<\/div>\n\t\t\t\t<\/div>\n\t\t","protected":false},"excerpt":{"rendered":"<p>Selin A\u015f\u00e7\u0131 TEAM Uzm. Dt. Selin A\u015fc\u0131 I graduated from the Faculty of Dentistry at S\u00fcleyman Demirel University in 2020. I spent two years working at the university, providing dental care to the local community. I then practiced as a general dentist for a year before beginning my specialization in Prosthodontics at Akdeniz University. During [&hellip;]<\/p>\n","protected":false},"author":1,"featured_media":0,"parent":0,"menu_order":0,"comment_status":"closed","ping_status":"closed","template":"elementor_header_footer","meta":{"footnotes":""},"class_list":["post-2232","page","type-page","status-publish","hentry"],"_links":{"self":[{"href":"https:\/\/rocdentalturkey.com\/index.php\/wp-json\/wp\/v2\/pages\/2232","targetHints":{"allow":["GET"]}}],"collection":[{"href":"https:\/\/rocdentalturkey.com\/index.php\/wp-json\/wp\/v2\/pages"}],"about":[{"href":"https:\/\/rocdentalturkey.com\/index.php\/wp-json\/wp\/v2\/types\/page"}],"author":[{"embeddable":true,"href":"https:\/\/rocdentalturkey.com\/index.php\/wp-json\/wp\/v2\/users\/1"}],"replies":[{"embeddable":true,"href":"https:\/\/rocdentalturkey.com\/index.php\/wp-json\/wp\/v2\/comments?post=2232"}],"version-history":[{"count":9,"href":"https:\/\/rocdentalturkey.com\/index.php\/wp-json\/wp\/v2\/pages\/2232\/revisions"}],"predecessor-version":[{"id":2377,"href":"https:\/\/rocdentalturkey.com\/index.php\/wp-json\/wp\/v2\/pages\/2232\/revisions\/2377"}],"wp:attachment":[{"href":"https:\/\/rocdentalturkey.com\/index.php\/wp-json\/wp\/v2\/media?parent=2232"}],"curies":[{"name":"wp","href":"https:\/\/api.w.org\/{rel}","templated":true}]}}