{"id":1976,"date":"2025-03-18T13:40:25","date_gmt":"2025-03-18T13:40:25","guid":{"rendered":"https:\/\/rocdentalturkey.com\/index.php\/jukbeen-pterygoide-en-neusimplantaten\/"},"modified":"2025-07-04T15:38:19","modified_gmt":"2025-07-04T15:38:19","slug":"jukbeen-pterygoide-en-neusimplantaten","status":"publish","type":"page","link":"https:\/\/rocdentalturkey.com\/index.php\/jukbeen-pterygoide-en-neusimplantaten\/?lang=nl","title":{"rendered":"Jukbeen-, pterygo\u00efde- en neusimplantaten"},"content":{"rendered":"<style>.elementor-1976 .elementor-element.elementor-element-79cdbf8 > .elementor-container{max-width:1170px;}.elementor-1976 .elementor-element.elementor-element-79cdbf8:not(.elementor-motion-effects-element-type-background), .elementor-1976 .elementor-element.elementor-element-79cdbf8 > .elementor-motion-effects-container > .elementor-motion-effects-layer{background-color:#000000;background-image:url(\"https:\/\/rocdentalturkey.com\/wp-content\/uploads\/2025\/03\/advice-of-dentist.jpg\");background-position:0px 65%;background-size:cover;}.elementor-1976 .elementor-element.elementor-element-79cdbf8 > .elementor-background-overlay{background-color:#000000;opacity:0.8;transition:background 0.3s, border-radius 0.3s, opacity 0.3s;}.elementor-1976 .elementor-element.elementor-element-79cdbf8{transition:background 0.3s, border 0.3s, border-radius 0.3s, box-shadow 0.3s;margin-top:0px;margin-bottom:0px;padding:140px 0px 140px 0px;}.elementor-1976 .elementor-element.elementor-element-03db280.elementor-column > .elementor-widget-wrap{justify-content:center;}.elementor-1976 .elementor-element.elementor-element-1cbd7cc{text-align:center;}.elementor-1976 .elementor-element.elementor-element-1cbd7cc .elementor-heading-title{font-family:\"Montserrat\", Sans-serif;font-size:32px;font-weight:700;text-transform:uppercase;line-height:1.2em;color:var( --e-global-color-c3e5fb3 );}.elementor-1976 .elementor-element.elementor-element-7adc2ab{--display:flex;--flex-direction:column;--container-widget-width:100%;--container-widget-height:initial;--container-widget-flex-grow:0;--container-widget-align-self:initial;--flex-wrap-mobile:wrap;--margin-top:60px;--margin-bottom:0px;--margin-left:0px;--margin-right:0px;}.elementor-1976 .elementor-element.elementor-element-85d231f{--display:flex;--flex-direction:row;--container-widget-width:initial;--container-widget-height:100%;--container-widget-flex-grow:1;--container-widget-align-self:stretch;--flex-wrap-mobile:wrap;--gap:0px 0px;--row-gap:0px;--column-gap:0px;--margin-top:20px;--margin-bottom:0px;--margin-left:0px;--margin-right:0px;}.elementor-1976 .elementor-element.elementor-element-48efdf4{--display:flex;--flex-direction:column;--container-widget-width:100%;--container-widget-height:initial;--container-widget-flex-grow:0;--container-widget-align-self:initial;--flex-wrap-mobile:wrap;}.elementor-1976 .elementor-element.elementor-element-3b80c80 .elementor-heading-title{font-family:\"Montserrat\", Sans-serif;font-size:14px;font-weight:600;text-transform:uppercase;line-height:1em;letter-spacing:1.5px;color:#20BBE4;}.elementor-1976 .elementor-element.elementor-element-61d45bb{text-align:start;}.elementor-1976 .elementor-element.elementor-element-61d45bb .elementor-heading-title{font-family:\"Montserrat\", Sans-serif;font-size:32px;font-weight:700;line-height:1.2em;color:var( --e-global-color-primary );}.elementor-1976 .elementor-element.elementor-element-6ce5412{--display:flex;--flex-direction:column;--container-widget-width:calc( ( 1 - var( --container-widget-flex-grow ) ) * 100% );--container-widget-height:initial;--container-widget-flex-grow:0;--container-widget-align-self:initial;--flex-wrap-mobile:wrap;--align-items:flex-end;}.elementor-1976 .elementor-element.elementor-element-90b9581 .elementor-button{font-family:var( --e-global-typography-9feda6e-font-family ), Sans-serif;font-size:var( --e-global-typography-9feda6e-font-size );font-weight:var( --e-global-typography-9feda6e-font-weight );text-transform:var( --e-global-typography-9feda6e-text-transform );line-height:var( --e-global-typography-9feda6e-line-height );letter-spacing:var( --e-global-typography-9feda6e-letter-spacing );word-spacing:var( --e-global-typography-9feda6e-word-spacing );fill:var( --e-global-color-c3e5fb3 );color:var( --e-global-color-c3e5fb3 );background-color:#20BBE4;border-radius:20px 20px 3px 3px;padding:20px 40px 20px 40px;}.elementor-1976 .elementor-element.elementor-element-90b9581 .elementor-button:hover, .elementor-1976 .elementor-element.elementor-element-90b9581 .elementor-button:focus{color:#20BBE4;background-color:var( --e-global-color-c3e5fb3 );}.elementor-1976 .elementor-element.elementor-element-90b9581 .elementor-button:hover svg, .elementor-1976 .elementor-element.elementor-element-90b9581 .elementor-button:focus svg{fill:#20BBE4;}.elementor-1976 .elementor-element.elementor-element-90b9581 > .elementor-widget-container{margin:20px 0px 0px 0px;}.elementor-1976 .elementor-element.elementor-element-0a93c6b{--display:flex;--flex-direction:column;--container-widget-width:100%;--container-widget-height:initial;--container-widget-flex-grow:0;--container-widget-align-self:initial;--flex-wrap-mobile:wrap;--margin-top:0px;--margin-bottom:50px;--margin-left:0px;--margin-right:0px;}.elementor-1976 .elementor-element.elementor-element-896b085{--divider-border-style:solid;--divider-color:#F7F7F7;--divider-border-width:1px;}.elementor-1976 .elementor-element.elementor-element-896b085 .elementor-divider-separator{width:100%;}.elementor-1976 .elementor-element.elementor-element-896b085 .elementor-divider{padding-block-start:2px;padding-block-end:2px;}.elementor-1976 .elementor-element.elementor-element-7f4c46a{font-family:\"Montserrat\", Sans-serif;font-size:16px;font-weight:400;line-height:1.5em;color:var( --e-global-color-text );}@media(min-width:768px){.elementor-1976 .elementor-element.elementor-element-48efdf4{--width:66.6666%;}.elementor-1976 .elementor-element.elementor-element-6ce5412{--width:33.3333%;}}@media(max-width:1024px){.elementor-1976 .elementor-element.elementor-element-79cdbf8:not(.elementor-motion-effects-element-type-background), .elementor-1976 .elementor-element.elementor-element-79cdbf8 > .elementor-motion-effects-container > .elementor-motion-effects-layer{background-position:0px 0px;}.elementor-1976 .elementor-element.elementor-element-79cdbf8{padding:120px 10px 120px 10px;}.elementor-1976 .elementor-element.elementor-element-90b9581 .elementor-button{font-size:var( --e-global-typography-9feda6e-font-size );line-height:var( --e-global-typography-9feda6e-line-height );letter-spacing:var( --e-global-typography-9feda6e-letter-spacing );word-spacing:var( --e-global-typography-9feda6e-word-spacing );}}@media(max-width:767px){.elementor-1976 .elementor-element.elementor-element-79cdbf8:not(.elementor-motion-effects-element-type-background), .elementor-1976 .elementor-element.elementor-element-79cdbf8 > .elementor-motion-effects-container > .elementor-motion-effects-layer{background-position:0px 0px;}.elementor-1976 .elementor-element.elementor-element-79cdbf8{padding:80px 10px 80px 10px;}.elementor-1976 .elementor-element.elementor-element-1cbd7cc .elementor-heading-title{font-size:24px;}.elementor-1976 .elementor-element.elementor-element-3b80c80 .elementor-heading-title{font-size:14px;}.elementor-1976 .elementor-element.elementor-element-61d45bb .elementor-heading-title{font-size:24px;}.elementor-1976 .elementor-element.elementor-element-90b9581 .elementor-button{font-size:var( --e-global-typography-9feda6e-font-size );line-height:var( --e-global-typography-9feda6e-line-height );letter-spacing:var( --e-global-typography-9feda6e-letter-spacing );word-spacing:var( --e-global-typography-9feda6e-word-spacing );}.elementor-1976 .elementor-element.elementor-element-7f4c46a{font-size:14px;}}<\/style>\t\t<div data-elementor-type=\"wp-page\" data-elementor-id=\"1976\" class=\"elementor elementor-1976 elementor-195\" data-elementor-post-type=\"page\">\n\t\t\t\t\t\t<section class=\"elementor-section elementor-top-section elementor-element elementor-element-79cdbf8 elementor-section-boxed elementor-section-height-default elementor-section-height-default\" data-id=\"79cdbf8\" data-element_type=\"section\" data-e-type=\"section\" data-settings=\"{&quot;background_background&quot;:&quot;classic&quot;}\">\n\t\t\t\t\t\t\t<div class=\"elementor-background-overlay\"><\/div>\n\t\t\t\t\t\t\t<div class=\"elementor-container elementor-column-gap-default\">\n\t\t\t\t\t<div class=\"elementor-column elementor-col-100 elementor-top-column elementor-element elementor-element-03db280\" data-id=\"03db280\" data-element_type=\"column\" data-e-type=\"column\">\n\t\t\t<div class=\"elementor-widget-wrap elementor-element-populated\">\n\t\t\t\t\t\t<div class=\"elementor-element elementor-element-1cbd7cc elementor-widget elementor-widget-heading\" data-id=\"1cbd7cc\" data-element_type=\"widget\" data-e-type=\"widget\" data-widget_type=\"heading.default\">\n\t\t\t\t<div class=\"elementor-widget-container\">\n\t\t\t\t\t<h2 class=\"elementor-heading-title elementor-size-default\">Jukbeen-, pterygo\u00efde- en neusimplantaten<\/h2>\t\t\t\t<\/div>\n\t\t\t\t<\/div>\n\t\t\t\t\t<\/div>\n\t\t<\/div>\n\t\t\t\t\t<\/div>\n\t\t<\/section>\n\t\t<div class=\"elementor-element elementor-element-7adc2ab e-flex e-con-boxed e-con e-parent\" data-id=\"7adc2ab\" data-element_type=\"container\" data-e-type=\"container\">\n\t\t\t\t\t<div class=\"e-con-inner\">\n\t\t\t\t<div class=\"elementor-element elementor-element-e18c14c elementor-widget elementor-widget-image\" data-id=\"e18c14c\" data-element_type=\"widget\" data-e-type=\"widget\" data-widget_type=\"image.default\">\n\t\t\t\t<div class=\"elementor-widget-container\">\n\t\t\t\t\t\t\t\t\t\t\t\t\t\t\t<img decoding=\"async\" src=\"https:\/\/rocdentalturkey.com\/wp-content\/uploads\/elementor\/thumbs\/zygomatic-r4e1gy2bg2dqpt123e80c8kt3foy45g61g2mjcacfw.jpg\" title=\"Close up of woman has a toothache, touches her teeth and frowns from painful discomfort, stands over white background\" alt=\"Close up of woman has a toothache, touches her teeth and frowns from painful discomfort, stands over white background.\" loading=\"lazy\" \/>\t\t\t\t\t\t\t\t\t\t\t\t\t\t\t<\/div>\n\t\t\t\t<\/div>\n\t\t\t\t\t<\/div>\n\t\t\t\t<\/div>\n\t\t<div class=\"elementor-element elementor-element-85d231f e-flex e-con-boxed e-con e-parent\" data-id=\"85d231f\" data-element_type=\"container\" data-e-type=\"container\">\n\t\t\t\t\t<div class=\"e-con-inner\">\n\t\t<div class=\"elementor-element elementor-element-48efdf4 e-con-full e-flex e-con e-child\" data-id=\"48efdf4\" data-element_type=\"container\" data-e-type=\"container\">\n\t\t\t\t<div class=\"elementor-element elementor-element-3b80c80 animated-slow elementor-invisible elementor-widget elementor-widget-heading\" data-id=\"3b80c80\" data-element_type=\"widget\" data-e-type=\"widget\" data-settings=\"{&quot;_animation&quot;:&quot;fadeInRight&quot;}\" data-widget_type=\"heading.default\">\n\t\t\t\t<div class=\"elementor-widget-container\">\n\t\t\t\t\t<h5 class=\"elementor-heading-title elementor-size-default\">roc cl\u0131n\u0131c<\/h5>\t\t\t\t<\/div>\n\t\t\t\t<\/div>\n\t\t\t\t<div class=\"elementor-element elementor-element-61d45bb elementor-widget elementor-widget-heading\" data-id=\"61d45bb\" data-element_type=\"widget\" data-e-type=\"widget\" data-widget_type=\"heading.default\">\n\t\t\t\t<div class=\"elementor-widget-container\">\n\t\t\t\t\t<h2 class=\"elementor-heading-title elementor-size-default\">Jukbeen-, pterygo\u00efde- en neusimplantaten<\/h2>\t\t\t\t<\/div>\n\t\t\t\t<\/div>\n\t\t\t\t<\/div>\n\t\t<div class=\"elementor-element elementor-element-6ce5412 e-con-full e-flex e-con e-child\" data-id=\"6ce5412\" data-element_type=\"container\" data-e-type=\"container\">\n\t\t\t\t<div class=\"elementor-element elementor-element-90b9581 elementor-align-center elementor-widget elementor-widget-button\" data-id=\"90b9581\" data-element_type=\"widget\" data-e-type=\"widget\" data-widget_type=\"button.default\">\n\t\t\t\t<div class=\"elementor-widget-container\">\n\t\t\t\t\t\t\t\t\t<div class=\"elementor-button-wrapper\">\n\t\t\t\t\t<a class=\"elementor-button elementor-button-link elementor-size-sm elementor-animation-float\" href=\"https:\/\/rocdentalturkey.com\/index.php\/neem-contact-met-ons-op\/?lang=nl\">\n\t\t\t\t\t\t<span class=\"elementor-button-content-wrapper\">\n\t\t\t\t\t\t\t\t\t<span class=\"elementor-button-text\">Neem contact met ons op<\/span>\n\t\t\t\t\t<\/span>\n\t\t\t\t\t<\/a>\n\t\t\t\t<\/div>\n\t\t\t\t\t\t\t\t<\/div>\n\t\t\t\t<\/div>\n\t\t\t\t<\/div>\n\t\t\t\t\t<\/div>\n\t\t\t\t<\/div>\n\t\t<div class=\"elementor-element elementor-element-0a93c6b e-flex e-con-boxed e-con e-parent\" data-id=\"0a93c6b\" data-element_type=\"container\" data-e-type=\"container\">\n\t\t\t\t\t<div class=\"e-con-inner\">\n\t\t\t\t<div class=\"elementor-element elementor-element-896b085 elementor-widget-divider--view-line elementor-widget elementor-widget-divider\" data-id=\"896b085\" data-element_type=\"widget\" data-e-type=\"widget\" data-widget_type=\"divider.default\">\n\t\t\t\t<div class=\"elementor-widget-container\">\n\t\t\t\t\t\t\t<div class=\"elementor-divider\">\n\t\t\t<span class=\"elementor-divider-separator\">\n\t\t\t\t\t\t<\/span>\n\t\t<\/div>\n\t\t\t\t\t\t<\/div>\n\t\t\t\t<\/div>\n\t\t\t\t<div class=\"elementor-element elementor-element-7f4c46a elementor-widget elementor-widget-text-editor\" data-id=\"7f4c46a\" data-element_type=\"widget\" data-e-type=\"widget\" data-widget_type=\"text-editor.default\">\n\t\t\t\t<div class=\"elementor-widget-container\">\n\t\t\t\t\t\t\t\t\t<p data-start=\"91\" data-end=\"488\">Voor pati\u00ebnten die <strong data-start=\"125\" data-end=\"145\">ernstig botverlies<\/strong> hebben ervaren en te horen hebben gekregen dat ze <strong data-start=\"174\" data-end=\"224\">geen kandidaten zijn voor traditionele tandheelkundige implantaten<\/strong>, is er nu een <strong data-start=\"241\" data-end=\"270\">levensveranderend alternatief<\/strong>. Bij <strong data-start=\"275\" data-end=\"297\">ROC Clinic Antalya<\/strong> zijn we gespecialiseerd in <strong data-start=\"316\" data-end=\"360\">zygomatische, pterygo\u00efde en neusimplantaten<\/strong>, geavanceerde technieken waarmee pati\u00ebnten <strong data-start=\"417\" data-end=\"485\">stabiele, langdurige implantaten kunnen ontvangen zonder dat bottransplantaat nodig is<\/strong>.<\/p>\n<h4 data-start=\"490\" data-end=\"548\"><strong data-start=\"495\" data-end=\"546\">Wat zijn zygomatische, pterygo\u00efde en neusimplantaten?<\/strong> Neusimplantaten?<\/strong><\/h4>\n<p data-start=\"549\" data-end=\"704\">Deze gespecialiseerde implantaten zijn ontworpen voor pati\u00ebnten met <strong data-start=\"607\" data-end=\"637\">extreme kaakbotresorptie<\/strong> en bieden een veilige basis voor <strong data-start=\"673\" data-end=\"701\">vaste tandrestauraties<\/strong>:<\/p>\n<ul data-start=\"706\" data-end=\"1133\">\n<li data-start=\"706\" data-end=\"848\"><strong data-start=\"708\" data-end=\"730\">Zygoma-implantaten<\/strong> \u2013 Geplaatst in het <strong data-start=\"747\" data-end=\"769\">jukbeen (zygoma)<\/strong> in plaats van in de kaak, en bieden stevige ondersteuning voor bovenkaakrestauraties.<\/li>\n<li data-start=\"849\" data-end=\"1006\"><strong data-start=\"851\" data-end=\"873\">Pterygo\u00efde implantaten<\/strong> \u2013 Verankerd in de <strong data-start=\"892\" data-end=\"911\">pterygo\u00efde plaat<\/strong>, een alternatief voor restauraties aan de achterkant van de bovenkaak wanneer er onvoldoende bot is.<\/li>\n<li data-start=\"1007\" data-end=\"1133\"><strong data-start=\"1009\" data-end=\"1027\">Neusimplantaten<\/strong> \u2013 Vastgezet in de <strong data-start=\"1045\" data-end=\"1060\">neuskam<\/strong> voor extra stabiliteit bij complexe implantaatrestauraties met een volledige kaakboog.<\/li>\n<\/ul>\n<p data-start=\"1135\" data-end=\"1315\">Deze geavanceerde technieken maken <strong data-start=\"1184\" data-end=\"1216\">bottransplantatie of sinusoperatie overbodig. liften<\/strong>, waardoor pati\u00ebnten <strong data-start=\"1246\" data-end=\"1312\">in veel kortere tijd een volledige, functionele en permanente glimlach<\/strong> kunnen terugkrijgen.<\/p>\n<h4 data-start=\"1317\" data-end=\"1377\"><strong data-start=\"1322\" data-end=\"1375\">Voordelen van jukbeen, pterygo\u00efde en Neusimplantaten<\/strong><\/h4>\n<p data-start=\"1378\" data-end=\"2016\">\u2714 <strong data-start=\"1380\" data-end=\"1407\">Geen bottransplantaat nodig<\/strong> \u2013 Ideaal voor pati\u00ebnten met <strong data-start=\"1434\" data-end=\"1464\">ernstig botverlies in de bovenkaak<\/strong>.<br data-start=\"1465\" data-end=\"1468\" \/>\u2714 <strong data-start=\"1470\" data-end=\"1495\">Direct vaste tanden<\/strong> \u2013 In veel gevallen kunnen pati\u00ebnten binnen \u00e9\u00e9n dag een <strong data-start=\"1536\" data-end=\"1578\">volledig functionele glimlach<\/strong> krijgen.<br data-start=\"1579\" data-end=\"1582\" \/>\u2714 <strong data-start=\"1584\" data-end=\"1605\">Hoog slagingspercentage<\/strong> \u2013 Sterke verankering in dichte gezichtsbeenderen zorgt voor <strong data-start=\"1655\" data-end=\"1678\">stabiliteit op de lange termijn<\/strong>.<br data-start=\"1679\" data-end=\"1682\" \/>\u2714 <strong data-start=\"1684\" data-end=\"1713\">Minimaal invasief en veilig<\/strong> \u2013 Uitgevoerd met <strong data-start=\"1731\" data-end=\"1778\" data-is-only-node=\"\">geavanceerde chirurgische technieken en 3D-beeldvorming<\/strong> voor precisie.<br data-start=\"1793\" data-end=\"1796\" \/>\u2714 <strong data-start=\"1798\" data-end=\"1848\">Herstelt het volledige kauwvermogen en Spraakfunctionaliteit<\/strong> \u2013 Hierdoor kunnen pati\u00ebnten genieten van hun favoriete eten en comfortabel spreken.<br data-start=\"1920\" data-end=\"1923\" \/>\u2714 <strong data-start=\"1925\" data-end=\"1960\">Een permanente &amp; Betrouwbare oplossing \u2013 Ontworpen voor <strong data-start=\"1976\" data-end=\"2013\">duurzaamheid en natuurlijke esthetiek<\/strong>.<\/p>\n<h4 data-start=\"2018\" data-end=\"2059\"><strong data-start=\"2023\" data-end=\"2057\">Waarom kiezen voor ROC Clinic Antalya?<\/strong><\/h4>\n<p data-start=\"2060\" data-end=\"2388\">Bij <strong data-start=\"2063\" data-end=\"2085\">ROC Clinic Antalya<\/strong> behoren wij tot de <strong data-start=\"2104\" data-end=\"2125\">weinig eliteklinieken<\/strong> die <strong data-start=\"2135\" data-end=\"2179\">zygomatische, pterygo\u00efde en neusimplantaten<\/strong> aanbieden met <strong data-start=\"2185\" data-end=\"2242\">expertise van wereldklasse en state-of-the-art technologie<\/strong>. Onze <strong data-start=\"2248\" data-end=\"2287\">internationaal opgeleide specialisten<\/strong> gebruiken <strong data-start=\"2292\" data-end=\"2332\">geavanceerde 3D-geleide implantaatplaatsing<\/strong> om <strong data-start=\"2343\" data-end=\"2385\">maximale precisie, veiligheid en succes<\/strong> te garanderen.<\/p>\n<p data-start=\"2390\" data-end=\"2675\">Bovenal geloven wij dat <strong data-start=\"2419\" data-end=\"2464\">tandheelkundige zorg van topkwaliteit betaalbaar moet zijn<\/strong>. In tegenstelling tot veel klinieken die exorbitante tarieven rekenen voor complexe implantaatprocedures, bieden wij <strong data-start=\"2557\" data-end=\"2599\">kosteneffectieve, hoogwaardige oplossingenions<\/strong>, waardoor iedereen een <strong data-start=\"2638\" data-end=\"2672\">functionele en zelfverzekerde glimlach<\/strong> kan krijgen.<\/p>\n<h4 data-start=\"2677\" data-end=\"2717\"><strong data-start=\"2682\" data-end=\"2715\">Boek vandaag nog uw consult!<\/strong><\/h4>\n<p data-start=\"2718\" data-end=\"3020\" data-is-last-node=\"\" data-is-only-node=\"\">Als u te horen heeft gekregen <strong data-start=\"2738\" data-end=\"2781\">dat u niet genoeg bot heeft voor implantaten<\/strong>, verlies dan de hoop niet! <strong data-start=\"2800\" data-end=\"2863\">Zygomatische, pterygo\u00efde en neusimplantaten bij ROC Clinic Antalya<\/strong> bieden een revolutionaire oplossing om uw glimlach te herstellen. <strong data-start=\"2918\" data-end=\"3020\" data-is-last-node=\"\">Neem vandaag nog contact met ons op om een \u200b\u200bconsult in te plannen en ontdek de toekomst van geavanceerde implantologie!<\/strong><\/p>\n\t\t\t\t\t\t\t\t<\/div>\n\t\t\t\t<\/div>\n\t\t\t\t\t<\/div>\n\t\t\t\t<\/div>\n\t\t\t\t<\/div>\n\t\t","protected":false},"excerpt":{"rendered":"<p>Jukbeen-, pterygo\u00efde- en neusimplantaten roc cl\u0131n\u0131c Jukbeen-, pterygo\u00efde- en neusimplantaten Neem contact met ons op Voor pati\u00ebnten die ernstig botverlies hebben ervaren en te horen hebben gekregen dat ze geen kandidaten zijn voor traditionele tandheelkundige implantaten, is er nu een levensveranderend alternatief. Bij ROC Clinic Antalya zijn we gespecialiseerd in zygomatische, pterygo\u00efde en neusimplantaten, geavanceerde [&hellip;]<\/p>\n","protected":false},"author":1,"featured_media":0,"parent":0,"menu_order":0,"comment_status":"closed","ping_status":"closed","template":"elementor_header_footer","meta":{"footnotes":""},"class_list":["post-1976","page","type-page","status-publish","hentry"],"_links":{"self":[{"href":"https:\/\/rocdentalturkey.com\/index.php\/wp-json\/wp\/v2\/pages\/1976","targetHints":{"allow":["GET"]}}],"collection":[{"href":"https:\/\/rocdentalturkey.com\/index.php\/wp-json\/wp\/v2\/pages"}],"about":[{"href":"https:\/\/rocdentalturkey.com\/index.php\/wp-json\/wp\/v2\/types\/page"}],"author":[{"embeddable":true,"href":"https:\/\/rocdentalturkey.com\/index.php\/wp-json\/wp\/v2\/users\/1"}],"replies":[{"embeddable":true,"href":"https:\/\/rocdentalturkey.com\/index.php\/wp-json\/wp\/v2\/comments?post=1976"}],"version-history":[{"count":1,"href":"https:\/\/rocdentalturkey.com\/index.php\/wp-json\/wp\/v2\/pages\/1976\/revisions"}],"predecessor-version":[{"id":1977,"href":"https:\/\/rocdentalturkey.com\/index.php\/wp-json\/wp\/v2\/pages\/1976\/revisions\/1977"}],"wp:attachment":[{"href":"https:\/\/rocdentalturkey.com\/index.php\/wp-json\/wp\/v2\/media?parent=1976"}],"curies":[{"name":"wp","href":"https:\/\/api.w.org\/{rel}","templated":true}]}}