{"id":1970,"date":"2025-03-18T13:44:43","date_gmt":"2025-03-18T13:44:43","guid":{"rendered":"https:\/\/rocdentalturkey.com\/index.php\/tanden-bleken\/"},"modified":"2025-07-04T15:36:32","modified_gmt":"2025-07-04T15:36:32","slug":"tanden-bleken","status":"publish","type":"page","link":"https:\/\/rocdentalturkey.com\/index.php\/tanden-bleken\/?lang=nl","title":{"rendered":"Tanden bleken"},"content":{"rendered":"<style>.elementor-1970 .elementor-element.elementor-element-79cdbf8 > .elementor-container{max-width:1170px;}.elementor-1970 .elementor-element.elementor-element-79cdbf8:not(.elementor-motion-effects-element-type-background), .elementor-1970 .elementor-element.elementor-element-79cdbf8 > .elementor-motion-effects-container > .elementor-motion-effects-layer{background-color:#000000;background-image:url(\"https:\/\/rocdentalturkey.com\/wp-content\/uploads\/2025\/03\/advice-of-dentist.jpg\");background-position:0px 65%;background-size:cover;}.elementor-1970 .elementor-element.elementor-element-79cdbf8 > .elementor-background-overlay{background-color:#000000;opacity:0.8;transition:background 0.3s, border-radius 0.3s, opacity 0.3s;}.elementor-1970 .elementor-element.elementor-element-79cdbf8{transition:background 0.3s, border 0.3s, border-radius 0.3s, box-shadow 0.3s;margin-top:0px;margin-bottom:0px;padding:140px 0px 140px 0px;}.elementor-1970 .elementor-element.elementor-element-03db280.elementor-column > .elementor-widget-wrap{justify-content:center;}.elementor-1970 .elementor-element.elementor-element-1cbd7cc{text-align:center;}.elementor-1970 .elementor-element.elementor-element-1cbd7cc .elementor-heading-title{font-family:\"Montserrat\", Sans-serif;font-size:32px;font-weight:700;text-transform:uppercase;line-height:1.2em;color:var( --e-global-color-c3e5fb3 );}.elementor-1970 .elementor-element.elementor-element-7adc2ab{--display:flex;--flex-direction:column;--container-widget-width:100%;--container-widget-height:initial;--container-widget-flex-grow:0;--container-widget-align-self:initial;--flex-wrap-mobile:wrap;--margin-top:60px;--margin-bottom:0px;--margin-left:0px;--margin-right:0px;}.elementor-1970 .elementor-element.elementor-element-85d231f{--display:flex;--flex-direction:row;--container-widget-width:initial;--container-widget-height:100%;--container-widget-flex-grow:1;--container-widget-align-self:stretch;--flex-wrap-mobile:wrap;--gap:0px 0px;--row-gap:0px;--column-gap:0px;--margin-top:20px;--margin-bottom:0px;--margin-left:0px;--margin-right:0px;}.elementor-1970 .elementor-element.elementor-element-48efdf4{--display:flex;--flex-direction:column;--container-widget-width:100%;--container-widget-height:initial;--container-widget-flex-grow:0;--container-widget-align-self:initial;--flex-wrap-mobile:wrap;}.elementor-1970 .elementor-element.elementor-element-3b80c80 .elementor-heading-title{font-family:\"Montserrat\", Sans-serif;font-size:14px;font-weight:600;text-transform:uppercase;line-height:1em;letter-spacing:1.5px;color:#20BBE4;}.elementor-1970 .elementor-element.elementor-element-61d45bb{text-align:start;}.elementor-1970 .elementor-element.elementor-element-61d45bb .elementor-heading-title{font-family:\"Montserrat\", Sans-serif;font-size:32px;font-weight:700;line-height:1.2em;color:var( --e-global-color-primary );}.elementor-1970 .elementor-element.elementor-element-6ce5412{--display:flex;--flex-direction:column;--container-widget-width:calc( ( 1 - var( --container-widget-flex-grow ) ) * 100% );--container-widget-height:initial;--container-widget-flex-grow:0;--container-widget-align-self:initial;--flex-wrap-mobile:wrap;--align-items:flex-end;}.elementor-1970 .elementor-element.elementor-element-90b9581 .elementor-button{font-family:var( --e-global-typography-9feda6e-font-family ), Sans-serif;font-size:var( --e-global-typography-9feda6e-font-size );font-weight:var( --e-global-typography-9feda6e-font-weight );text-transform:var( --e-global-typography-9feda6e-text-transform );line-height:var( --e-global-typography-9feda6e-line-height );letter-spacing:var( --e-global-typography-9feda6e-letter-spacing );word-spacing:var( --e-global-typography-9feda6e-word-spacing );fill:var( --e-global-color-c3e5fb3 );color:var( --e-global-color-c3e5fb3 );background-color:#20BBE4;border-radius:20px 20px 3px 3px;padding:20px 40px 20px 40px;}.elementor-1970 .elementor-element.elementor-element-90b9581 .elementor-button:hover, .elementor-1970 .elementor-element.elementor-element-90b9581 .elementor-button:focus{color:#20BBE4;background-color:var( --e-global-color-c3e5fb3 );}.elementor-1970 .elementor-element.elementor-element-90b9581 .elementor-button:hover svg, .elementor-1970 .elementor-element.elementor-element-90b9581 .elementor-button:focus svg{fill:#20BBE4;}.elementor-1970 .elementor-element.elementor-element-90b9581 > .elementor-widget-container{margin:20px 0px 0px 0px;}.elementor-1970 .elementor-element.elementor-element-0a93c6b{--display:flex;--flex-direction:column;--container-widget-width:100%;--container-widget-height:initial;--container-widget-flex-grow:0;--container-widget-align-self:initial;--flex-wrap-mobile:wrap;--margin-top:0px;--margin-bottom:50px;--margin-left:0px;--margin-right:0px;}.elementor-1970 .elementor-element.elementor-element-896b085{--divider-border-style:solid;--divider-color:#F7F7F7;--divider-border-width:1px;}.elementor-1970 .elementor-element.elementor-element-896b085 .elementor-divider-separator{width:100%;}.elementor-1970 .elementor-element.elementor-element-896b085 .elementor-divider{padding-block-start:2px;padding-block-end:2px;}.elementor-1970 .elementor-element.elementor-element-7f4c46a{font-family:\"Montserrat\", Sans-serif;font-size:16px;font-weight:400;line-height:1.5em;color:var( --e-global-color-text );}@media(min-width:768px){.elementor-1970 .elementor-element.elementor-element-48efdf4{--width:66.6666%;}.elementor-1970 .elementor-element.elementor-element-6ce5412{--width:33.3333%;}}@media(max-width:1024px){.elementor-1970 .elementor-element.elementor-element-79cdbf8:not(.elementor-motion-effects-element-type-background), .elementor-1970 .elementor-element.elementor-element-79cdbf8 > .elementor-motion-effects-container > .elementor-motion-effects-layer{background-position:0px 0px;}.elementor-1970 .elementor-element.elementor-element-79cdbf8{padding:120px 10px 120px 10px;}.elementor-1970 .elementor-element.elementor-element-90b9581 .elementor-button{font-size:var( --e-global-typography-9feda6e-font-size );line-height:var( --e-global-typography-9feda6e-line-height );letter-spacing:var( --e-global-typography-9feda6e-letter-spacing );word-spacing:var( --e-global-typography-9feda6e-word-spacing );}}@media(max-width:767px){.elementor-1970 .elementor-element.elementor-element-79cdbf8:not(.elementor-motion-effects-element-type-background), .elementor-1970 .elementor-element.elementor-element-79cdbf8 > .elementor-motion-effects-container > .elementor-motion-effects-layer{background-position:0px 0px;}.elementor-1970 .elementor-element.elementor-element-79cdbf8{padding:80px 10px 80px 10px;}.elementor-1970 .elementor-element.elementor-element-1cbd7cc .elementor-heading-title{font-size:24px;}.elementor-1970 .elementor-element.elementor-element-3b80c80 .elementor-heading-title{font-size:14px;}.elementor-1970 .elementor-element.elementor-element-61d45bb .elementor-heading-title{font-size:24px;}.elementor-1970 .elementor-element.elementor-element-90b9581 .elementor-button{font-size:var( --e-global-typography-9feda6e-font-size );line-height:var( --e-global-typography-9feda6e-line-height );letter-spacing:var( --e-global-typography-9feda6e-letter-spacing );word-spacing:var( --e-global-typography-9feda6e-word-spacing );}.elementor-1970 .elementor-element.elementor-element-7f4c46a{font-size:14px;}}<\/style>\t\t<div data-elementor-type=\"wp-page\" data-elementor-id=\"1970\" class=\"elementor elementor-1970 elementor-211\" data-elementor-post-type=\"page\">\n\t\t\t\t\t\t<section class=\"elementor-section elementor-top-section elementor-element elementor-element-79cdbf8 elementor-section-boxed elementor-section-height-default elementor-section-height-default\" data-id=\"79cdbf8\" data-element_type=\"section\" data-e-type=\"section\" data-settings=\"{&quot;background_background&quot;:&quot;classic&quot;}\">\n\t\t\t\t\t\t\t<div class=\"elementor-background-overlay\"><\/div>\n\t\t\t\t\t\t\t<div class=\"elementor-container elementor-column-gap-default\">\n\t\t\t\t\t<div class=\"elementor-column elementor-col-100 elementor-top-column elementor-element elementor-element-03db280\" data-id=\"03db280\" data-element_type=\"column\" data-e-type=\"column\">\n\t\t\t<div class=\"elementor-widget-wrap elementor-element-populated\">\n\t\t\t\t\t\t<div class=\"elementor-element elementor-element-1cbd7cc elementor-widget elementor-widget-heading\" data-id=\"1cbd7cc\" data-element_type=\"widget\" data-e-type=\"widget\" data-widget_type=\"heading.default\">\n\t\t\t\t<div class=\"elementor-widget-container\">\n\t\t\t\t\t<h2 class=\"elementor-heading-title elementor-size-default\">Tanden bleken<\/h2>\t\t\t\t<\/div>\n\t\t\t\t<\/div>\n\t\t\t\t\t<\/div>\n\t\t<\/div>\n\t\t\t\t\t<\/div>\n\t\t<\/section>\n\t\t<div class=\"elementor-element elementor-element-7adc2ab e-flex e-con-boxed e-con e-parent\" data-id=\"7adc2ab\" data-element_type=\"container\" data-e-type=\"container\">\n\t\t\t\t\t<div class=\"e-con-inner\">\n\t\t\t\t<div class=\"elementor-element elementor-element-e18c14c elementor-widget elementor-widget-image\" data-id=\"e18c14c\" data-element_type=\"widget\" data-e-type=\"widget\" data-widget_type=\"image.default\">\n\t\t\t\t<div class=\"elementor-widget-container\">\n\t\t\t\t\t\t\t\t\t\t\t\t\t\t\t<img decoding=\"async\" src=\"https:\/\/rocdentalturkey.com\/wp-content\/uploads\/elementor\/thumbs\/teeth-whitening-r4e1gi327vrv8fo9opbcnulyzvvphaoqb8zddmy1do.jpg\" title=\"woman teeth before and after whitening. Over white background\" alt=\"woman teeth before and after whitening. Over white background\" loading=\"lazy\" \/>\t\t\t\t\t\t\t\t\t\t\t\t\t\t\t<\/div>\n\t\t\t\t<\/div>\n\t\t\t\t\t<\/div>\n\t\t\t\t<\/div>\n\t\t<div class=\"elementor-element elementor-element-85d231f e-flex e-con-boxed e-con e-parent\" data-id=\"85d231f\" data-element_type=\"container\" data-e-type=\"container\">\n\t\t\t\t\t<div class=\"e-con-inner\">\n\t\t<div class=\"elementor-element elementor-element-48efdf4 e-con-full e-flex e-con e-child\" data-id=\"48efdf4\" data-element_type=\"container\" data-e-type=\"container\">\n\t\t\t\t<div class=\"elementor-element elementor-element-3b80c80 animated-slow elementor-invisible elementor-widget elementor-widget-heading\" data-id=\"3b80c80\" data-element_type=\"widget\" data-e-type=\"widget\" data-settings=\"{&quot;_animation&quot;:&quot;fadeInRight&quot;}\" data-widget_type=\"heading.default\">\n\t\t\t\t<div class=\"elementor-widget-container\">\n\t\t\t\t\t<h5 class=\"elementor-heading-title elementor-size-default\">roc cl\u0131n\u0131c<\/h5>\t\t\t\t<\/div>\n\t\t\t\t<\/div>\n\t\t\t\t<div class=\"elementor-element elementor-element-61d45bb elementor-widget elementor-widget-heading\" data-id=\"61d45bb\" data-element_type=\"widget\" data-e-type=\"widget\" data-widget_type=\"heading.default\">\n\t\t\t\t<div class=\"elementor-widget-container\">\n\t\t\t\t\t<h2 class=\"elementor-heading-title elementor-size-default\">Tanden bleken<\/h2>\t\t\t\t<\/div>\n\t\t\t\t<\/div>\n\t\t\t\t<\/div>\n\t\t<div class=\"elementor-element elementor-element-6ce5412 e-con-full e-flex e-con e-child\" data-id=\"6ce5412\" data-element_type=\"container\" data-e-type=\"container\">\n\t\t\t\t<div class=\"elementor-element elementor-element-90b9581 elementor-align-center elementor-widget elementor-widget-button\" data-id=\"90b9581\" data-element_type=\"widget\" data-e-type=\"widget\" data-widget_type=\"button.default\">\n\t\t\t\t<div class=\"elementor-widget-container\">\n\t\t\t\t\t\t\t\t\t<div class=\"elementor-button-wrapper\">\n\t\t\t\t\t<a class=\"elementor-button elementor-button-link elementor-size-sm elementor-animation-float\" href=\"https:\/\/rocdentalturkey.com\/index.php\/contact-us\/\">\n\t\t\t\t\t\t<span class=\"elementor-button-content-wrapper\">\n\t\t\t\t\t\t\t\t\t<span class=\"elementor-button-text\">Neem contact met ons op<\/span>\n\t\t\t\t\t<\/span>\n\t\t\t\t\t<\/a>\n\t\t\t\t<\/div>\n\t\t\t\t\t\t\t\t<\/div>\n\t\t\t\t<\/div>\n\t\t\t\t<\/div>\n\t\t\t\t\t<\/div>\n\t\t\t\t<\/div>\n\t\t<div class=\"elementor-element elementor-element-0a93c6b e-flex e-con-boxed e-con e-parent\" data-id=\"0a93c6b\" data-element_type=\"container\" data-e-type=\"container\">\n\t\t\t\t\t<div class=\"e-con-inner\">\n\t\t\t\t<div class=\"elementor-element elementor-element-896b085 elementor-widget-divider--view-line elementor-widget elementor-widget-divider\" data-id=\"896b085\" data-element_type=\"widget\" data-e-type=\"widget\" data-widget_type=\"divider.default\">\n\t\t\t\t<div class=\"elementor-widget-container\">\n\t\t\t\t\t\t\t<div class=\"elementor-divider\">\n\t\t\t<span class=\"elementor-divider-separator\">\n\t\t\t\t\t\t<\/span>\n\t\t<\/div>\n\t\t\t\t\t\t<\/div>\n\t\t\t\t<\/div>\n\t\t\t\t<div class=\"elementor-element elementor-element-7f4c46a elementor-widget elementor-widget-text-editor\" data-id=\"7f4c46a\" data-element_type=\"widget\" data-e-type=\"widget\" data-widget_type=\"text-editor.default\">\n\t\t\t\t<div class=\"elementor-widget-container\">\n\t\t\t\t\t\t\t\t\t<p data-start=\"88\" data-end=\"537\">Een <strong data-start=\"90\" data-end=\"116\">stralendere, wittere glimlach<\/strong> kan uw zelfvertrouwen een boost geven en uw algehele uiterlijk verbeteren. Bij <strong data-start=\"183\" data-end=\"205\">ROC Clinic Antalya<\/strong> bieden we <strong data-start=\"216\" data-end=\"255\">geavanceerde tandenbleekbehandelingen<\/strong> aan, ontworpen om vlekken, verkleuringen en vergeling te verwijderen, waardoor u in slechts \u00e9\u00e9n sessie een <strong data-start=\"326\" data-end=\"357\">stralende, langdurige glimlach<\/strong> krijgt. Met behulp van <strong data-start=\"385\" data-end=\"454\">geavanceerde bleektechnologie en professionele formules<\/strong> garanderen we <strong data-start=\"466\" data-end=\"507\">veilige, effectieve en verbluffende resultaten<\/strong> zonder uw tanden te beschadigen.<\/p>\n<h4 data-start=\"539\" data-end=\"582\"><strong data-start=\"544\" data-end=\"580\">Wat veroorzaakt tandverkleuring?<\/strong><\/h4>\n<p data-start=\"583\" data-end=\"628\">Na verloop van tijd kunnen tanden verkleuren door:<\/p>\n<ul data-start=\"629\" data-end=\"786\">\n<li data-start=\"629\" data-end=\"671\"><strong data-start=\"631\" data-end=\"669\">Koffie, thee, rode wijn en roken<\/strong><\/li>\n<li data-start=\"672\" data-end=\"709\"><strong data-start=\"674\" data-end=\"707\">Veroudering en slijtage van natuurlijk glazuur<\/strong><\/li>\n<li data-start=\"710\" data-end=\"735\"><strong data-start=\"712\" data-end=\"733\">Slechte mondhygi\u00ebne<\/strong><\/li>\n<li data-start=\"736\" data-end=\"786\"><strong data-start=\"738\" data-end=\"784\">Bepaalde medicijnen en medische aandoeningen<\/strong><\/li>\n<\/ul>\n<p data-start=\"788\" data-end=\"948\">Onze professionele <strong data-start=\"805\" data-end=\"835\">tandenbleekbehandelingen<\/strong> verwijderen effectief diepe vlekken en verkleuringen, waardoor uw tanden hun <strong data-start=\"914\" data-end=\"945\">natuurlijke witheid of zelfs meer<\/strong> terugkrijgen.<\/p>\n<p><strong>Twee redenen voor verkleuring tanden;<\/strong><\/p>\n<p><strong>Innerlijke kleuring<\/strong><\/p>\n<p>Als de pati\u00ebnt geen wittere tanden kan krijgen na het volgen van een goed mond- en tandgezondheidsregime (zoals poetsen en flossen), dan wordt de verkleuring waarschijnlijk veroorzaakt door verschillende medicijnen, een aangeboren afwijking of door het gebruik van antibiotica.<\/p>\n<p><strong>Uitwendige kleuring<\/strong><\/p>\n<p>Verkleuring en vergeling van de tanden kunnen worden veroorzaakt door slechte mondhygi\u00ebne, roken, frequent drinken van thee, koffie en zure en suikerhoudende dranken.<\/p>\n<p>\u00a0<\/p>\n<p><strong>Hoe pas je tanden bleken thuis toe?<\/strong><\/p>\n<p>De tandarts zal een afdruk van de tanden van de pati\u00ebnt maken en speciale trays voorbereiden, een bleekgel wordt toegevoegd voor later gebruik. De tandarts zal de pati\u00ebnt instructies geven over hoe de trays te gebruiken, maar over het algemeen zal de pati\u00ebnt een voorbereide tray vier tot tien uur per dag in de mond houden, waarbij de behandeling twee tot drie weken duurt.<\/p>\n<p><strong>De tandenbleekprocedure in onze kliniek;<\/strong><\/p>\n<p>De procedure houdt in dat onze tandarts de tanden van de pati\u00ebnt reinigt en controleert. Het tandvlees van de pati\u00ebnt wordt vervolgens beschermd voordat er een bleekgel op de tanden wordt aangebracht. Deze klinisch toegepaste bleekmethode houdt in dat de tandarts de tanden van de pati\u00ebnt grondig reinigt voordat er een bleekgel op de tanden wordt aangebracht. Deze gel wordt geactiveerd door er UV-licht of een laser op te laten schijnen, waardoor de tanden witter worden.<\/p>\n<h4 data-start=\"950\" data-end=\"995\"><strong data-start=\"955\" data-end=\"993\">Soorten tandenbleekmiddelen die wij aanbieden:<\/strong><\/h4>\n<p data-start=\"996\" data-end=\"1367\">\u2714 <strong data-start=\"998\" data-end=\"1021\">Bleken in de praktijk<\/strong> \u2013 Een snelle en krachtige behandeling met <strong data-start=\"1060\" data-end=\"1115\">hooggeconcentreerde bleekgel en LED-technologie<\/strong> voor onmiddellijke resultaten.<br data-start=\"1138\" data-end=\"1141\" \/>\u2714 <strong data-start=\"1143\" data-end=\"1168\">Lasertanden bleken<\/strong> \u2013 Gebruikt <strong data-start=\"1176\" data-end=\"1205\">geavanceerde lasertechnologie<\/strong> om het bleekproces te verbeteren en te versnellen.<br data-start=\"1254\" data-end=\"1257\" \/>\u2714 <strong data-start=\"1259\" data-end=\"1287\">Thuisbleeksets<\/strong> \u2013 Op maat gemaakte bleeklepels met professionele gel voor thuisgebruik.<\/p>\n<h4 data-start=\"1369\" data-end=\"1420\"><strong data-start=\"1374\" data-end=\"1418\">Voordelen van professioneel tanden bleken<\/strong><\/h4>\n<p data-start=\"1421\" data-end=\"1933\">\u2714 <strong data-start=\"1423\" data-end=\"1455\">Direct &amp; Zichtbare resultaten<\/strong> \u2013 Tot <strong data-start=\"1464\" data-end=\"1503\">8 tinten witter in slechts \u00e9\u00e9n sessie<\/strong>.<br data-start=\"1504\" data-end=\"1507\" \/>\u2714 <strong data-start=\"1509\" data-end=\"1539\">Veilig en Effectieve behandeling \u2013 Uitgevoerd door <strong data-start=\"1555\" data-end=\"1579\">tandartsen<\/strong>, waardoor tandgevoeligheid tot een minimum wordt beperkt.<br data-start=\"1610\" data-end=\"1613\" \/>\u2714 <strong data-start=\"1615\" data-end=\"1641\">Langdurige witheid<\/strong> \u2013 Resultaten kunnen <strong data-start=\"1661\" data-end=\"1680\">maanden tot jaren<\/strong> aanhouden met de juiste verzorging.<br data-start=\"1698\" data-end=\"1701\" \/>\u2714 <strong data-start=\"1703\" data-end=\"1729\">Gelijkmatig en natuurlijk uiterlijkg<\/strong> \u2013 In tegenstelling tot vrij verkrijgbare producten, biedt professionele whitening <strong data-start=\"1798\" data-end=\"1830\">uniforme, streeploze resultaten<\/strong>.<br data-start=\"1831\" data-end=\"1834\" \/>\u2714 <strong data-start=\"1836\" data-end=\"1870\">Vergroot het zelfvertrouwen en Esthetiek \u2013 Een wittere glimlach verbetert <strong data-start=\"1897\" data-end=\"1930\">de schoonheid van het gezicht en het zelfvertrouwen<\/strong>.<\/p>\n<h4 data-start=\"1935\" data-end=\"1976\"><strong data-start=\"1940\" data-end=\"1974\">Waarom kiezen voor ROC Clinic Antalya?<\/strong><\/h4>\n<p data-start=\"1977\" data-end=\"2308\">Bij <strong data-start=\"1980\" data-end=\"2002\">ROC Clinic Antalya<\/strong> gebruiken we <strong data-start=\"2011\" data-end=\"2072\">geavanceerde bleektechnologie en hoogwaardige materialen<\/strong> om <strong data-start=\"2083\" data-end=\"2130\">veilige, effectieve en comfortabele behandelingen<\/strong> te garanderen. Onze specialisten personaliseren elke bleekbehandeling zodat deze past bij <strong data-start=\"2194\" data-end=\"2245\">uw specifieke tandkleur en gevoeligheidsniveau<\/strong>, waardoor <strong data-start=\"2256\" data-end=\"2305\">optimale resultaten worden gegarandeerd zonder uw glazuur te beschadigen<\/strong>.<\/p>\n<p data-start=\"2310\" data-end=\"2481\">In tegenstelling tot veel dure bleekklinieken bieden wij <strong data-start=\"2362\" data-end=\"2410\">betaalbare, hoogwaardige bleekoplossingen<\/strong>, zodat u <strong data-start=\"2423\" data-end=\"2478\">een Hollywood-waardige glimlach kunt krijgen zonder te veel te betalen<\/strong>.<\/p>\n<h4 data-start=\"2483\" data-end=\"2536\"><strong data-start=\"2488\" data-end=\"2534\">Krijg de stralende glimlach die u zoekt Verdiend!<\/strong><\/h4>\n<p data-start=\"2537\" data-end=\"2783\" data-is-last-node=\"\" data-is-only-node=\"\">Als u klaar bent om <strong data-start=\"2556\" data-end=\"2619\">vlekken te verwijderen, uw glimlach te verbeteren en uw zelfvertrouwen te vergroten<\/strong>, dan zijn onze <strong data-start=\"2625\" data-end=\"2690\">professionele tandenbleekbehandelingen bij ROC Clinic Antalya<\/strong> de perfecte oplossing. <strong data-start=\"2717\" data-end=\"2783\" data-is-last-node=\"\">Boek vandaag nog uw afspraak en onthul een wittere, stralendere versie van uzelf!<\/strong><\/p>\n\t\t\t\t\t\t\t\t<\/div>\n\t\t\t\t<\/div>\n\t\t\t\t\t<\/div>\n\t\t\t\t<\/div>\n\t\t\t\t<\/div>\n\t\t","protected":false},"excerpt":{"rendered":"<p>Tanden bleken roc cl\u0131n\u0131c Tanden bleken Neem contact met ons op Een stralendere, wittere glimlach kan uw zelfvertrouwen een boost geven en uw algehele uiterlijk verbeteren. Bij ROC Clinic Antalya bieden we geavanceerde tandenbleekbehandelingen aan, ontworpen om vlekken, verkleuringen en vergeling te verwijderen, waardoor u in slechts \u00e9\u00e9n sessie een stralende, langdurige glimlach krijgt. Met [&hellip;]<\/p>\n","protected":false},"author":1,"featured_media":0,"parent":0,"menu_order":0,"comment_status":"closed","ping_status":"closed","template":"elementor_header_footer","meta":{"footnotes":""},"class_list":["post-1970","page","type-page","status-publish","hentry"],"_links":{"self":[{"href":"https:\/\/rocdentalturkey.com\/index.php\/wp-json\/wp\/v2\/pages\/1970","targetHints":{"allow":["GET"]}}],"collection":[{"href":"https:\/\/rocdentalturkey.com\/index.php\/wp-json\/wp\/v2\/pages"}],"about":[{"href":"https:\/\/rocdentalturkey.com\/index.php\/wp-json\/wp\/v2\/types\/page"}],"author":[{"embeddable":true,"href":"https:\/\/rocdentalturkey.com\/index.php\/wp-json\/wp\/v2\/users\/1"}],"replies":[{"embeddable":true,"href":"https:\/\/rocdentalturkey.com\/index.php\/wp-json\/wp\/v2\/comments?post=1970"}],"version-history":[{"count":1,"href":"https:\/\/rocdentalturkey.com\/index.php\/wp-json\/wp\/v2\/pages\/1970\/revisions"}],"predecessor-version":[{"id":1971,"href":"https:\/\/rocdentalturkey.com\/index.php\/wp-json\/wp\/v2\/pages\/1970\/revisions\/1971"}],"wp:attachment":[{"href":"https:\/\/rocdentalturkey.com\/index.php\/wp-json\/wp\/v2\/media?parent=1970"}],"curies":[{"name":"wp","href":"https:\/\/api.w.org\/{rel}","templated":true}]}}