{"id":1932,"date":"2025-03-18T13:42:35","date_gmt":"2025-03-18T13:42:35","guid":{"rendered":"https:\/\/rocdentalturkey.com\/index.php\/tandbrug\/"},"modified":"2025-07-04T15:19:53","modified_gmt":"2025-07-04T15:19:53","slug":"tandbrug","status":"publish","type":"page","link":"https:\/\/rocdentalturkey.com\/index.php\/tandbrug\/?lang=nl","title":{"rendered":"Tandbrug"},"content":{"rendered":"<style>.elementor-1932 .elementor-element.elementor-element-79cdbf8 > .elementor-container{max-width:1170px;}.elementor-1932 .elementor-element.elementor-element-79cdbf8:not(.elementor-motion-effects-element-type-background), .elementor-1932 .elementor-element.elementor-element-79cdbf8 > .elementor-motion-effects-container > .elementor-motion-effects-layer{background-color:#000000;background-image:url(\"https:\/\/rocdentalturkey.com\/wp-content\/uploads\/2025\/03\/advice-of-dentist.jpg\");background-position:0px 65%;background-size:cover;}.elementor-1932 .elementor-element.elementor-element-79cdbf8 > .elementor-background-overlay{background-color:#000000;opacity:0.8;transition:background 0.3s, border-radius 0.3s, opacity 0.3s;}.elementor-1932 .elementor-element.elementor-element-79cdbf8{transition:background 0.3s, border 0.3s, border-radius 0.3s, box-shadow 0.3s;margin-top:0px;margin-bottom:0px;padding:140px 0px 140px 0px;}.elementor-1932 .elementor-element.elementor-element-03db280.elementor-column > .elementor-widget-wrap{justify-content:center;}.elementor-1932 .elementor-element.elementor-element-1cbd7cc{text-align:center;}.elementor-1932 .elementor-element.elementor-element-1cbd7cc .elementor-heading-title{font-family:\"Montserrat\", Sans-serif;font-size:32px;font-weight:700;text-transform:uppercase;line-height:1.2em;color:var( --e-global-color-c3e5fb3 );}.elementor-1932 .elementor-element.elementor-element-7adc2ab{--display:flex;--flex-direction:column;--container-widget-width:100%;--container-widget-height:initial;--container-widget-flex-grow:0;--container-widget-align-self:initial;--flex-wrap-mobile:wrap;--margin-top:60px;--margin-bottom:0px;--margin-left:0px;--margin-right:0px;}.elementor-1932 .elementor-element.elementor-element-6f196d9{--e-image-carousel-slides-to-show:4;}.elementor-1932 .elementor-element.elementor-element-6f196d9 .elementor-image-carousel-wrapper .elementor-image-carousel .swiper-slide-image{border-radius:10px 10px 10px 10px;}.elementor-1932 .elementor-element.elementor-element-85d231f{--display:flex;--flex-direction:row;--container-widget-width:initial;--container-widget-height:100%;--container-widget-flex-grow:1;--container-widget-align-self:stretch;--flex-wrap-mobile:wrap;--gap:0px 0px;--row-gap:0px;--column-gap:0px;--margin-top:20px;--margin-bottom:0px;--margin-left:0px;--margin-right:0px;}.elementor-1932 .elementor-element.elementor-element-48efdf4{--display:flex;--flex-direction:column;--container-widget-width:100%;--container-widget-height:initial;--container-widget-flex-grow:0;--container-widget-align-self:initial;--flex-wrap-mobile:wrap;}.elementor-1932 .elementor-element.elementor-element-3b80c80 .elementor-heading-title{font-family:\"Montserrat\", Sans-serif;font-size:14px;font-weight:600;text-transform:uppercase;line-height:1em;letter-spacing:1.5px;color:#20BBE4;}.elementor-1932 .elementor-element.elementor-element-61d45bb{text-align:start;}.elementor-1932 .elementor-element.elementor-element-61d45bb .elementor-heading-title{font-family:\"Montserrat\", Sans-serif;font-size:32px;font-weight:700;line-height:1.2em;color:var( --e-global-color-primary );}.elementor-1932 .elementor-element.elementor-element-6ce5412{--display:flex;--flex-direction:column;--container-widget-width:calc( ( 1 - var( --container-widget-flex-grow ) ) * 100% );--container-widget-height:initial;--container-widget-flex-grow:0;--container-widget-align-self:initial;--flex-wrap-mobile:wrap;--align-items:flex-end;}.elementor-1932 .elementor-element.elementor-element-90b9581 .elementor-button{font-family:var( --e-global-typography-9feda6e-font-family ), Sans-serif;font-size:var( --e-global-typography-9feda6e-font-size );font-weight:var( --e-global-typography-9feda6e-font-weight );text-transform:var( --e-global-typography-9feda6e-text-transform );line-height:var( --e-global-typography-9feda6e-line-height );letter-spacing:var( --e-global-typography-9feda6e-letter-spacing );word-spacing:var( --e-global-typography-9feda6e-word-spacing );fill:var( --e-global-color-c3e5fb3 );color:var( --e-global-color-c3e5fb3 );background-color:#20BBE4;border-radius:20px 20px 3px 3px;padding:20px 40px 20px 40px;}.elementor-1932 .elementor-element.elementor-element-90b9581 .elementor-button:hover, .elementor-1932 .elementor-element.elementor-element-90b9581 .elementor-button:focus{color:#20BBE4;background-color:var( --e-global-color-c3e5fb3 );}.elementor-1932 .elementor-element.elementor-element-90b9581 .elementor-button:hover svg, .elementor-1932 .elementor-element.elementor-element-90b9581 .elementor-button:focus svg{fill:#20BBE4;}.elementor-1932 .elementor-element.elementor-element-90b9581 > .elementor-widget-container{margin:20px 0px 0px 0px;}.elementor-1932 .elementor-element.elementor-element-0a93c6b{--display:flex;--flex-direction:column;--container-widget-width:100%;--container-widget-height:initial;--container-widget-flex-grow:0;--container-widget-align-self:initial;--flex-wrap-mobile:wrap;--margin-top:0px;--margin-bottom:50px;--margin-left:0px;--margin-right:0px;}.elementor-1932 .elementor-element.elementor-element-896b085{--divider-border-style:solid;--divider-color:#F7F7F7;--divider-border-width:1px;}.elementor-1932 .elementor-element.elementor-element-896b085 .elementor-divider-separator{width:100%;}.elementor-1932 .elementor-element.elementor-element-896b085 .elementor-divider{padding-block-start:2px;padding-block-end:2px;}.elementor-1932 .elementor-element.elementor-element-7f4c46a{font-family:\"Montserrat\", Sans-serif;font-size:16px;font-weight:400;line-height:1.5em;color:var( --e-global-color-text );}@media(min-width:768px){.elementor-1932 .elementor-element.elementor-element-48efdf4{--width:66.6666%;}.elementor-1932 .elementor-element.elementor-element-6ce5412{--width:33.3333%;}}@media(max-width:1024px){.elementor-1932 .elementor-element.elementor-element-79cdbf8:not(.elementor-motion-effects-element-type-background), .elementor-1932 .elementor-element.elementor-element-79cdbf8 > .elementor-motion-effects-container > .elementor-motion-effects-layer{background-position:0px 0px;}.elementor-1932 .elementor-element.elementor-element-79cdbf8{padding:120px 10px 120px 10px;}.elementor-1932 .elementor-element.elementor-element-90b9581 .elementor-button{font-size:var( --e-global-typography-9feda6e-font-size );line-height:var( --e-global-typography-9feda6e-line-height );letter-spacing:var( --e-global-typography-9feda6e-letter-spacing );word-spacing:var( --e-global-typography-9feda6e-word-spacing );}}@media(max-width:767px){.elementor-1932 .elementor-element.elementor-element-79cdbf8:not(.elementor-motion-effects-element-type-background), .elementor-1932 .elementor-element.elementor-element-79cdbf8 > .elementor-motion-effects-container > .elementor-motion-effects-layer{background-position:0px 0px;}.elementor-1932 .elementor-element.elementor-element-79cdbf8{padding:80px 10px 80px 10px;}.elementor-1932 .elementor-element.elementor-element-1cbd7cc .elementor-heading-title{font-size:24px;}.elementor-1932 .elementor-element.elementor-element-3b80c80 .elementor-heading-title{font-size:14px;}.elementor-1932 .elementor-element.elementor-element-61d45bb .elementor-heading-title{font-size:24px;}.elementor-1932 .elementor-element.elementor-element-90b9581 .elementor-button{font-size:var( --e-global-typography-9feda6e-font-size );line-height:var( --e-global-typography-9feda6e-line-height );letter-spacing:var( --e-global-typography-9feda6e-letter-spacing );word-spacing:var( --e-global-typography-9feda6e-word-spacing );}.elementor-1932 .elementor-element.elementor-element-7f4c46a{font-size:14px;}}<\/style>\t\t<div data-elementor-type=\"wp-page\" data-elementor-id=\"1932\" class=\"elementor elementor-1932 elementor-203\" data-elementor-post-type=\"page\">\n\t\t\t\t\t\t<section class=\"elementor-section elementor-top-section elementor-element elementor-element-79cdbf8 elementor-section-boxed elementor-section-height-default elementor-section-height-default\" data-id=\"79cdbf8\" data-element_type=\"section\" data-e-type=\"section\" data-settings=\"{&quot;background_background&quot;:&quot;classic&quot;}\">\n\t\t\t\t\t\t\t<div class=\"elementor-background-overlay\"><\/div>\n\t\t\t\t\t\t\t<div class=\"elementor-container elementor-column-gap-default\">\n\t\t\t\t\t<div class=\"elementor-column elementor-col-100 elementor-top-column elementor-element elementor-element-03db280\" data-id=\"03db280\" data-element_type=\"column\" data-e-type=\"column\">\n\t\t\t<div class=\"elementor-widget-wrap elementor-element-populated\">\n\t\t\t\t\t\t<div class=\"elementor-element elementor-element-1cbd7cc elementor-widget elementor-widget-heading\" data-id=\"1cbd7cc\" data-element_type=\"widget\" data-e-type=\"widget\" data-widget_type=\"heading.default\">\n\t\t\t\t<div class=\"elementor-widget-container\">\n\t\t\t\t\t<h2 class=\"elementor-heading-title elementor-size-default\">Tandbrug<\/h2>\t\t\t\t<\/div>\n\t\t\t\t<\/div>\n\t\t\t\t\t<\/div>\n\t\t<\/div>\n\t\t\t\t\t<\/div>\n\t\t<\/section>\n\t\t<div class=\"elementor-element elementor-element-7adc2ab e-flex e-con-boxed e-con e-parent\" data-id=\"7adc2ab\" data-element_type=\"container\" data-e-type=\"container\">\n\t\t\t\t\t<div class=\"e-con-inner\">\n\t\t\t\t<div class=\"elementor-element elementor-element-6f196d9 elementor-arrows-position-inside elementor-widget elementor-widget-image-carousel\" data-id=\"6f196d9\" data-element_type=\"widget\" data-e-type=\"widget\" data-settings=\"{&quot;slides_to_show&quot;:&quot;4&quot;,&quot;navigation&quot;:&quot;arrows&quot;,&quot;image_spacing_custom&quot;:{&quot;unit&quot;:&quot;px&quot;,&quot;size&quot;:10,&quot;sizes&quot;:[]},&quot;autoplay&quot;:&quot;yes&quot;,&quot;pause_on_hover&quot;:&quot;yes&quot;,&quot;pause_on_interaction&quot;:&quot;yes&quot;,&quot;autoplay_speed&quot;:5000,&quot;speed&quot;:500,&quot;image_spacing_custom_tablet&quot;:{&quot;unit&quot;:&quot;px&quot;,&quot;size&quot;:&quot;&quot;,&quot;sizes&quot;:[]},&quot;image_spacing_custom_mobile&quot;:{&quot;unit&quot;:&quot;px&quot;,&quot;size&quot;:&quot;&quot;,&quot;sizes&quot;:[]}}\" data-widget_type=\"image-carousel.default\">\n\t\t\t\t<div class=\"elementor-widget-container\">\n\t\t\t\t\t\t\t<div class=\"elementor-image-carousel-wrapper swiper\" role=\"region\" aria-roledescription=\"carousel\" aria-label=\"Image Carousel\" dir=\"ltr\">\n\t\t\t<div class=\"elementor-image-carousel swiper-wrapper\" aria-live=\"off\">\n\t\t\t\t\t\t\t\t<div class=\"swiper-slide\" role=\"group\" aria-roledescription=\"slide\" aria-label=\"1 van 4\"><a data-elementor-open-lightbox=\"yes\" data-elementor-lightbox-slideshow=\"6f196d9\" data-elementor-lightbox-title=\"bridge\" data-e-action-hash=\"#elementor-action%3Aaction%3Dlightbox%26settings%3DeyJpZCI6MTUxMywidXJsIjoiaHR0cHM6XC9cL3JvY2RlbnRhbHR1cmtleS5jb21cL3dwLWNvbnRlbnRcL3VwbG9hZHNcLzIwMjVcLzA1XC9icmlkZ2UucG5nIiwic2xpZGVzaG93IjoiNmYxOTZkOSJ9\" href=\"https:\/\/rocdentalturkey.com\/wp-content\/uploads\/2025\/05\/bridge.png\"><figure class=\"swiper-slide-inner\"><img decoding=\"async\" class=\"swiper-slide-image\" src=\"https:\/\/rocdentalturkey.com\/wp-content\/uploads\/elementor\/thumbs\/bridge-r6f5q0rnj7kr7olgn9jaoy89xsu8ghrbh0popniyx0.png\" alt=\"bridge\" \/><\/figure><\/a><\/div><div class=\"swiper-slide\" role=\"group\" aria-roledescription=\"slide\" aria-label=\"2 van 4\"><a data-elementor-open-lightbox=\"yes\" data-elementor-lightbox-slideshow=\"6f196d9\" data-elementor-lightbox-title=\"implant bridge\" data-e-action-hash=\"#elementor-action%3Aaction%3Dlightbox%26settings%3DeyJpZCI6MTUxNywidXJsIjoiaHR0cHM6XC9cL3JvY2RlbnRhbHR1cmtleS5jb21cL3dwLWNvbnRlbnRcL3VwbG9hZHNcLzIwMjVcLzA1XC9pbXBsYW50LWJyaWRnZS0xLmpwZyIsInNsaWRlc2hvdyI6IjZmMTk2ZDkifQ%3D%3D\" href=\"https:\/\/rocdentalturkey.com\/wp-content\/uploads\/2025\/05\/implant-bridge-1.jpg\"><figure class=\"swiper-slide-inner\"><img decoding=\"async\" class=\"swiper-slide-image\" src=\"https:\/\/rocdentalturkey.com\/wp-content\/uploads\/elementor\/thumbs\/implant-bridge-1-r6f5q2nbwvnbuwiqcacjtxr74kkyvvys5a0no7g6kk.jpg\" alt=\"implant bridge\" \/><\/figure><\/a><\/div><div class=\"swiper-slide\" role=\"group\" aria-roledescription=\"slide\" aria-label=\"3 van 4\"><a data-elementor-open-lightbox=\"yes\" data-elementor-lightbox-slideshow=\"6f196d9\" data-elementor-lightbox-title=\"WhatsApp G\u00f6rsel 2025-05-25 saat 19.15.36_44faf377\" data-e-action-hash=\"#elementor-action%3Aaction%3Dlightbox%26settings%3DeyJpZCI6MTUyMSwidXJsIjoiaHR0cHM6XC9cL3JvY2RlbnRhbHR1cmtleS5jb21cL3dwLWNvbnRlbnRcL3VwbG9hZHNcLzIwMjVcLzA1XC9XaGF0c0FwcC1Hb3JzZWwtMjAyNS0wNS0yNS1zYWF0LTE5LjE1LjM2XzQ0ZmFmMzc3LmpwZyIsInNsaWRlc2hvdyI6IjZmMTk2ZDkifQ%3D%3D\" href=\"https:\/\/rocdentalturkey.com\/wp-content\/uploads\/2025\/05\/WhatsApp-Gorsel-2025-05-25-saat-19.15.36_44faf377.jpg\"><figure class=\"swiper-slide-inner\"><img decoding=\"async\" class=\"swiper-slide-image\" src=\"https:\/\/rocdentalturkey.com\/wp-content\/uploads\/elementor\/thumbs\/WhatsApp-Gorsel-2025-05-25-saat-19.15.36_44faf377-r6f5q2nbwvnbuwiqcacjtxr74kkyvvys5a0no7g6kk.jpg\" alt=\"WhatsApp G\u00f6rsel 2025-05-25 saat 19.15.36_44faf377\" \/><\/figure><\/a><\/div><div class=\"swiper-slide\" role=\"group\" aria-roledescription=\"slide\" aria-label=\"4 van 4\"><a data-elementor-open-lightbox=\"yes\" data-elementor-lightbox-slideshow=\"6f196d9\" data-elementor-lightbox-title=\"WhatsApp G\u00f6rsel 2025-05-25 saat 19.15.36_51636251\" data-e-action-hash=\"#elementor-action%3Aaction%3Dlightbox%26settings%3DeyJpZCI6MTUyNSwidXJsIjoiaHR0cHM6XC9cL3JvY2RlbnRhbHR1cmtleS5jb21cL3dwLWNvbnRlbnRcL3VwbG9hZHNcLzIwMjVcLzA1XC9XaGF0c0FwcC1Hb3JzZWwtMjAyNS0wNS0yNS1zYWF0LTE5LjE1LjM2XzUxNjM2MjUxLmpwZyIsInNsaWRlc2hvdyI6IjZmMTk2ZDkifQ%3D%3D\" href=\"https:\/\/rocdentalturkey.com\/wp-content\/uploads\/2025\/05\/WhatsApp-Gorsel-2025-05-25-saat-19.15.36_51636251.jpg\"><figure class=\"swiper-slide-inner\"><img decoding=\"async\" class=\"swiper-slide-image\" src=\"https:\/\/rocdentalturkey.com\/wp-content\/uploads\/elementor\/thumbs\/WhatsApp-Gorsel-2025-05-25-saat-19.15.36_51636251-r6f5q3l63pom6ihd6sr6efinpygc3l2iheo55hesec.jpg\" alt=\"WhatsApp G\u00f6rsel 2025-05-25 saat 19.15.36_51636251\" \/><\/figure><\/a><\/div>\t\t\t<\/div>\n\t\t\t\t\t\t\t\t\t\t\t\t<div class=\"elementor-swiper-button elementor-swiper-button-prev\" role=\"button\" tabindex=\"0\">\n\t\t\t\t\t\t<svg aria-hidden=\"true\" class=\"e-font-icon-svg e-eicon-chevron-left\" viewBox=\"0 0 1000 1000\" xmlns=\"http:\/\/www.w3.org\/2000\/svg\"><path d=\"M646 125C629 125 613 133 604 142L308 442C296 454 292 471 292 487 292 504 296 521 308 533L604 854C617 867 629 875 646 875 663 875 679 871 692 858 704 846 713 829 713 812 713 796 708 779 692 767L438 487 692 225C700 217 708 204 708 187 708 171 704 154 692 142 675 129 663 125 646 125Z\"><\/path><\/svg>\t\t\t\t\t<\/div>\n\t\t\t\t\t<div class=\"elementor-swiper-button elementor-swiper-button-next\" role=\"button\" tabindex=\"0\">\n\t\t\t\t\t\t<svg aria-hidden=\"true\" class=\"e-font-icon-svg e-eicon-chevron-right\" viewBox=\"0 0 1000 1000\" xmlns=\"http:\/\/www.w3.org\/2000\/svg\"><path d=\"M696 533C708 521 713 504 713 487 713 471 708 454 696 446L400 146C388 133 375 125 354 125 338 125 325 129 313 142 300 154 292 171 292 187 292 204 296 221 308 233L563 492 304 771C292 783 288 800 288 817 288 833 296 850 308 863 321 871 338 875 354 875 371 875 388 867 400 854L696 533Z\"><\/path><\/svg>\t\t\t\t\t<\/div>\n\t\t\t\t\n\t\t\t\t\t\t\t\t\t<\/div>\n\t\t\t\t\t\t<\/div>\n\t\t\t\t<\/div>\n\t\t\t\t\t<\/div>\n\t\t\t\t<\/div>\n\t\t<div class=\"elementor-element elementor-element-85d231f e-flex e-con-boxed e-con e-parent\" data-id=\"85d231f\" data-element_type=\"container\" data-e-type=\"container\">\n\t\t\t\t\t<div class=\"e-con-inner\">\n\t\t<div class=\"elementor-element elementor-element-48efdf4 e-con-full e-flex e-con e-child\" data-id=\"48efdf4\" data-element_type=\"container\" data-e-type=\"container\">\n\t\t\t\t<div class=\"elementor-element elementor-element-3b80c80 animated-slow elementor-invisible elementor-widget elementor-widget-heading\" data-id=\"3b80c80\" data-element_type=\"widget\" data-e-type=\"widget\" data-settings=\"{&quot;_animation&quot;:&quot;fadeInRight&quot;}\" data-widget_type=\"heading.default\">\n\t\t\t\t<div class=\"elementor-widget-container\">\n\t\t\t\t\t<h5 class=\"elementor-heading-title elementor-size-default\">roc cl\u0131n\u0131c<\/h5>\t\t\t\t<\/div>\n\t\t\t\t<\/div>\n\t\t\t\t<div class=\"elementor-element elementor-element-61d45bb elementor-widget elementor-widget-heading\" data-id=\"61d45bb\" data-element_type=\"widget\" data-e-type=\"widget\" data-widget_type=\"heading.default\">\n\t\t\t\t<div class=\"elementor-widget-container\">\n\t\t\t\t\t<h2 class=\"elementor-heading-title elementor-size-default\">Tandbrug<\/h2>\t\t\t\t<\/div>\n\t\t\t\t<\/div>\n\t\t\t\t<\/div>\n\t\t<div class=\"elementor-element elementor-element-6ce5412 e-con-full e-flex e-con e-child\" data-id=\"6ce5412\" data-element_type=\"container\" data-e-type=\"container\">\n\t\t\t\t<div class=\"elementor-element elementor-element-90b9581 elementor-align-center elementor-widget elementor-widget-button\" data-id=\"90b9581\" data-element_type=\"widget\" data-e-type=\"widget\" data-widget_type=\"button.default\">\n\t\t\t\t<div class=\"elementor-widget-container\">\n\t\t\t\t\t\t\t\t\t<div class=\"elementor-button-wrapper\">\n\t\t\t\t\t<a class=\"elementor-button elementor-button-link elementor-size-sm elementor-animation-float\" href=\"https:\/\/rocdentalturkey.com\/index.php\/contact-us\/\">\n\t\t\t\t\t\t<span class=\"elementor-button-content-wrapper\">\n\t\t\t\t\t\t\t\t\t<span class=\"elementor-button-text\">Neem contact met ons op<\/span>\n\t\t\t\t\t<\/span>\n\t\t\t\t\t<\/a>\n\t\t\t\t<\/div>\n\t\t\t\t\t\t\t\t<\/div>\n\t\t\t\t<\/div>\n\t\t\t\t<\/div>\n\t\t\t\t\t<\/div>\n\t\t\t\t<\/div>\n\t\t<div class=\"elementor-element elementor-element-0a93c6b e-flex e-con-boxed e-con e-parent\" data-id=\"0a93c6b\" data-element_type=\"container\" data-e-type=\"container\">\n\t\t\t\t\t<div class=\"e-con-inner\">\n\t\t\t\t<div class=\"elementor-element elementor-element-896b085 elementor-widget-divider--view-line elementor-widget elementor-widget-divider\" data-id=\"896b085\" data-element_type=\"widget\" data-e-type=\"widget\" data-widget_type=\"divider.default\">\n\t\t\t\t<div class=\"elementor-widget-container\">\n\t\t\t\t\t\t\t<div class=\"elementor-divider\">\n\t\t\t<span class=\"elementor-divider-separator\">\n\t\t\t\t\t\t<\/span>\n\t\t<\/div>\n\t\t\t\t\t\t<\/div>\n\t\t\t\t<\/div>\n\t\t\t\t<div class=\"elementor-element elementor-element-7f4c46a elementor-widget elementor-widget-text-editor\" data-id=\"7f4c46a\" data-element_type=\"widget\" data-e-type=\"widget\" data-widget_type=\"text-editor.default\">\n\t\t\t\t<div class=\"elementor-widget-container\">\n\t\t\t\t\t\t\t\t\t<p data-start=\"72\" data-end=\"490\">Ontbrekende tanden kunnen uw <strong data-start=\"102\" data-end=\"145\">kauwvermogen, spraakvermogen en zelfvertrouwen<\/strong> be\u00efnvloeden. Bij <strong data-start=\"150\" data-end=\"172\">ROC Clinic Antalya<\/strong> bieden we <strong data-start=\"183\" data-end=\"213\">op maat gemaakte bruggen<\/strong>, een duurzame en natuurlijk ogende oplossing om uw <strong data-start=\"270\" data-end=\"306\">glimlach, functie en mondgezondheid<\/strong> te herstellen. Of u nu een tand bent verloren door <strong data-start=\"343\" data-end=\"376\">cari\u00ebs, een verwonding of tandvleesaandoening<\/strong>, onze hoogwaardige <strong data-start=\"395\" data-end=\"413\">bruggen<\/strong> bieden een <strong data-start=\"424\" data-end=\"487\">permanente, comfortabele en esthetisch aantrekkelijke oplossing<\/strong>.<\/p>\n<h4 data-start=\"492\" data-end=\"527\"><strong data-start=\"497\" data-end=\"525\">Wat is een brug?<\/strong><\/h4>\n<p data-start=\"528\" data-end=\"860\">Een <strong data-start=\"530\" data-end=\"547\">brug<\/strong> is een <strong data-start=\"553\" data-end=\"580\">vaste prothese<\/strong> die de opening opvult die is ontstaan \u200b\u200bdoor <strong data-start=\"608\" data-end=\"637\">\u00e9\u00e9n of meer ontbrekende tanden<\/strong>. Het bestaat uit <strong data-start=\"654\" data-end=\"704\">kunsttanden (pontics) ondersteund door kronen<\/strong> die op de aangrenzende natuurlijke tanden of implantaten worden geplaatst. Bruggen helpen uw glimlach te herstellen en <strong data-start=\"793\" data-end=\"857\">de uitlijning en stabiliteit van de omliggende tanden te behouden<\/strong>.<\/p>\n<h4 data-start=\"862\" data-end=\"906\"><strong data-start=\"867\" data-end=\"904\">Soorten tandbruggen die wij aanbieden:<\/strong><\/h4>\n<ul data-start=\"907\" data-end=\"1306\">\n<li data-start=\"907\" data-end=\"988\"><strong data-start=\"909\" data-end=\"939\">Traditionele tandbruggen<\/strong> \u2013 Ondersteund door kronen op natuurlijke tanden.<\/li>\n<li data-start=\"989\" data-end=\"1094\"><strong data-start=\"991\" data-end=\"1020\">Implantaatgedragen bruggen<\/strong> \u2013 Verankerd aan <strong data-start=\"1035\" data-end=\"1054\">tandheelkundige implantaten<\/strong> voor maximale stabiliteit en duurzaamheid.<\/li>\n<li data-start=\"1095\" data-end=\"1177\"><strong data-start=\"1097\" data-end=\"1119\">Cantileverbruggen<\/strong> \u2013 Worden gebruikt wanneer er slechts \u00e9\u00e9n aangrenzende ondersteunende tand is.<\/li>\n<li data-start=\"1178\" data-end=\"1306\"><strong data-start=\"1180\" data-end=\"1200\">Marylandbruggen<\/strong> \u2013 Een metalen of porseleinen frame dat aan de achterkant van aangrenzende tanden wordt bevestigd voor een conservatievere aanpak.<\/li>\n<\/ul>\n<h4 data-start=\"1308\" data-end=\"1345\"><strong data-start=\"1313\" data-end=\"1343\">Voordelen van tandbruggen<\/strong><\/h4>\n<p data-start=\"1346\" data-end=\"1894\">\u2714 <strong data-start=\"1348\" data-end=\"1392\">Herstelt het volledige kauwvermogen en Sprekend vermogen<\/strong> \u2013 Geen ongemak of moeite meer met eten.<br data-start=\"1435\" data-end=\"1438\" \/>\u2714 <strong data-start=\"1440\" data-end=\"1462\">Natuurlijke uitstraling<\/strong> \u2013 Speciaal ontworpen om te passen bij uw <strong data-start=\"1495\" data-end=\"1527\">tandkleur, -vorm en -grootte<\/strong>.<br data-start=\"1528\" data-end=\"1531\" \/>\u2714 <strong data-start=\"1533\" data-end=\"1560\">Voorkomt verschuiving van tanden<\/strong> \u2013 Houdt aangrenzende tanden op hun plaats en voorkomt scheefstand.<br data-start=\"1618\" data-end=\"1621\" \/>\u2714 <strong data-start=\"1623\" data-end=\"1649\">Langdurig &amp; Duurzaam \u2013 Met de juiste zorg kunnen bruggen <strong data-start=\"1687\" data-end=\"1712\">10-15 jaar of langer<\/strong> meegaan.<br data-start=\"1713\" data-end=\"1716\" \/>\u2714 <strong data-start=\"1718\" data-end=\"1740\">Minimaal invasief<\/strong> \u2013 Een snelle en effectieve oplossing in vergelijking met tandheelkundige implantaten.<br data-start=\"1802\" data-end=\"1805\" \/>\u2714 <strong data-start=\"1807\" data-end=\"1836\">Verbetert de gezichtsstructuur<\/strong> \u2013 Behoudt de natuurlijke vorm van uw gezicht en kaaklijn.<\/p>\n<h4 data-start=\"1896\" data-end=\"1937\"><strong data-start=\"1901\" data-end=\"1935\">Waarom kiezen voor ROC Clinic Antalya?<\/strong><\/h4>\n<p data-start=\"1938\" data-end=\"2290\">Bij <strong data-start=\"1941\" data-end=\"1963\">ROC Clinic Antalya<\/strong> zijn we gespecialiseerd in <strong data-start=\"1982\" data-end=\"2016\">geavanceerde restauratieve tandheelkunde<\/strong>. We gebruiken <strong data-start=\"2024\" data-end=\"2082\">de modernste technologie en hoogwaardige materialen<\/strong> om <strong data-start=\"2092\" data-end=\"2145\">perfect passende en duurzame bruggen<\/strong> te maken. Onze internationaal opgeleide specialisten gebruiken <strong data-start=\"2191\" data-end=\"2230\">3D-beeldvorming en digitaal glimlachontwerp<\/strong> om <strong data-start=\"2241\" data-end=\"2287\">precisie, comfort en natuurlijke esthetiek<\/strong> te garanderen.<\/p>\n<p data-start=\"2292\" data-end=\"2534\">Bovenal geloven wij dat <strong data-start=\"2326\" data-end=\"2370\">hoogwaardige tandheelkundige zorg betaalbaar moet zijn<\/strong>. Terwijl andere klinieken hoge tarieven rekenen, bieden wij <strong data-start=\"2421\" data-end=\"2477\">kosteneffectieve, hoogwaardige brugoplossingen<\/strong> zonder in te leveren op <strong data-start=\"2502\" data-end=\"2531\">duurzaamheid en esthetiek<\/strong>.<\/p>\n<p><strong>Waarom is een brug nodig?<\/strong><\/p>\n<ul>\n<li>Voor tanden met extreme cari\u00ebs<\/li>\n<li>Vervangende behandeling voor verloren tanden<\/li>\n<li>Voor pati\u00ebnten met een kauwstoornis<\/li>\n<li>Voor gevorderde tandvleesaandoeningen<\/li>\n<li>Om kaak- of gewrichtsaandoeningen te corrigeren<\/li>\n<li>Om gebieden met botverlies te overbruggen<\/li>\n<li>Voor pati\u00ebnten die een volledige implantaatbehandeling nodig hebben<\/li>\n<li>Om zwakke tanden te ondersteunen<\/li>\n<\/ul>\n<p>\u00a0<\/p>\n<h4 data-start=\"2536\" data-end=\"2571\"><strong data-start=\"2541\" data-end=\"2569\">Krijg vandaag nog uw glimlach terug!<\/strong><\/h4>\n<p data-start=\"2572\" data-end=\"2803\" data-is-last-node=\"\" data-is-only-node=\"\">Laat ontbrekende tanden u niet tegenhouden! <strong data-start=\"2611\" data-end=\"2721\">Herstel uw zelfvertrouwen, functionaliteit en mondgezondheid met een op maat gemaakte brug bij ROC Clinic Antalya.<\/strong> <strong data-start=\"2722\" data-end=\"2803\" data-is-last-node=\"\">Boek vandaag nog uw consult en zet de eerste stap naar een stralende glimlach!<\/strong><\/p>\n\t\t\t\t\t\t\t\t<\/div>\n\t\t\t\t<\/div>\n\t\t\t\t\t<\/div>\n\t\t\t\t<\/div>\n\t\t\t\t<\/div>\n\t\t","protected":false},"excerpt":{"rendered":"<p>Tandbrug roc cl\u0131n\u0131c Tandbrug Neem contact met ons op Ontbrekende tanden kunnen uw kauwvermogen, spraakvermogen en zelfvertrouwen be\u00efnvloeden. Bij ROC Clinic Antalya bieden we op maat gemaakte bruggen, een duurzame en natuurlijk ogende oplossing om uw glimlach, functie en mondgezondheid te herstellen. Of u nu een tand bent verloren door cari\u00ebs, een verwonding of tandvleesaandoening, [&hellip;]<\/p>\n","protected":false},"author":1,"featured_media":0,"parent":0,"menu_order":0,"comment_status":"closed","ping_status":"closed","template":"elementor_header_footer","meta":{"footnotes":""},"class_list":["post-1932","page","type-page","status-publish","hentry"],"_links":{"self":[{"href":"https:\/\/rocdentalturkey.com\/index.php\/wp-json\/wp\/v2\/pages\/1932","targetHints":{"allow":["GET"]}}],"collection":[{"href":"https:\/\/rocdentalturkey.com\/index.php\/wp-json\/wp\/v2\/pages"}],"about":[{"href":"https:\/\/rocdentalturkey.com\/index.php\/wp-json\/wp\/v2\/types\/page"}],"author":[{"embeddable":true,"href":"https:\/\/rocdentalturkey.com\/index.php\/wp-json\/wp\/v2\/users\/1"}],"replies":[{"embeddable":true,"href":"https:\/\/rocdentalturkey.com\/index.php\/wp-json\/wp\/v2\/comments?post=1932"}],"version-history":[{"count":1,"href":"https:\/\/rocdentalturkey.com\/index.php\/wp-json\/wp\/v2\/pages\/1932\/revisions"}],"predecessor-version":[{"id":1933,"href":"https:\/\/rocdentalturkey.com\/index.php\/wp-json\/wp\/v2\/pages\/1932\/revisions\/1933"}],"wp:attachment":[{"href":"https:\/\/rocdentalturkey.com\/index.php\/wp-json\/wp\/v2\/media?parent=1932"}],"curies":[{"name":"wp","href":"https:\/\/api.w.org\/{rel}","templated":true}]}}