{"id":1916,"date":"2025-03-18T13:40:25","date_gmt":"2025-03-18T13:40:25","guid":{"rendered":"https:\/\/rocdentalturkey.com\/index.php\/jochbein-pterygoid-und-nasenimplantate\/"},"modified":"2025-07-04T15:12:03","modified_gmt":"2025-07-04T15:12:03","slug":"jochbein-pterygoid-und-nasenimplantate","status":"publish","type":"page","link":"https:\/\/rocdentalturkey.com\/index.php\/jochbein-pterygoid-und-nasenimplantate\/?lang=de","title":{"rendered":"Jochbein-, Pterygoid- und Nasenimplantate"},"content":{"rendered":"<style>.elementor-1916 .elementor-element.elementor-element-79cdbf8 > .elementor-container{max-width:1170px;}.elementor-1916 .elementor-element.elementor-element-79cdbf8:not(.elementor-motion-effects-element-type-background), .elementor-1916 .elementor-element.elementor-element-79cdbf8 > .elementor-motion-effects-container > .elementor-motion-effects-layer{background-color:#000000;background-image:url(\"https:\/\/rocdentalturkey.com\/wp-content\/uploads\/2025\/03\/advice-of-dentist.jpg\");background-position:0px 65%;background-size:cover;}.elementor-1916 .elementor-element.elementor-element-79cdbf8 > .elementor-background-overlay{background-color:#000000;opacity:0.8;transition:background 0.3s, border-radius 0.3s, opacity 0.3s;}.elementor-1916 .elementor-element.elementor-element-79cdbf8{transition:background 0.3s, border 0.3s, border-radius 0.3s, box-shadow 0.3s;margin-top:0px;margin-bottom:0px;padding:140px 0px 140px 0px;}.elementor-1916 .elementor-element.elementor-element-03db280.elementor-column > .elementor-widget-wrap{justify-content:center;}.elementor-1916 .elementor-element.elementor-element-1cbd7cc{text-align:center;}.elementor-1916 .elementor-element.elementor-element-1cbd7cc .elementor-heading-title{font-family:\"Montserrat\", Sans-serif;font-size:32px;font-weight:700;text-transform:uppercase;line-height:1.2em;color:var( --e-global-color-c3e5fb3 );}.elementor-1916 .elementor-element.elementor-element-7adc2ab{--display:flex;--flex-direction:column;--container-widget-width:100%;--container-widget-height:initial;--container-widget-flex-grow:0;--container-widget-align-self:initial;--flex-wrap-mobile:wrap;--margin-top:60px;--margin-bottom:0px;--margin-left:0px;--margin-right:0px;}.elementor-1916 .elementor-element.elementor-element-85d231f{--display:flex;--flex-direction:row;--container-widget-width:initial;--container-widget-height:100%;--container-widget-flex-grow:1;--container-widget-align-self:stretch;--flex-wrap-mobile:wrap;--gap:0px 0px;--row-gap:0px;--column-gap:0px;--margin-top:20px;--margin-bottom:0px;--margin-left:0px;--margin-right:0px;}.elementor-1916 .elementor-element.elementor-element-48efdf4{--display:flex;--flex-direction:column;--container-widget-width:100%;--container-widget-height:initial;--container-widget-flex-grow:0;--container-widget-align-self:initial;--flex-wrap-mobile:wrap;}.elementor-1916 .elementor-element.elementor-element-3b80c80 .elementor-heading-title{font-family:\"Montserrat\", Sans-serif;font-size:14px;font-weight:600;text-transform:uppercase;line-height:1em;letter-spacing:1.5px;color:#20BBE4;}.elementor-1916 .elementor-element.elementor-element-61d45bb{text-align:start;}.elementor-1916 .elementor-element.elementor-element-61d45bb .elementor-heading-title{font-family:\"Montserrat\", Sans-serif;font-size:32px;font-weight:700;line-height:1.2em;color:var( --e-global-color-primary );}.elementor-1916 .elementor-element.elementor-element-6ce5412{--display:flex;--flex-direction:column;--container-widget-width:calc( ( 1 - var( --container-widget-flex-grow ) ) * 100% );--container-widget-height:initial;--container-widget-flex-grow:0;--container-widget-align-self:initial;--flex-wrap-mobile:wrap;--align-items:flex-end;}.elementor-1916 .elementor-element.elementor-element-90b9581 .elementor-button{font-family:var( --e-global-typography-9feda6e-font-family ), Sans-serif;font-size:var( --e-global-typography-9feda6e-font-size );font-weight:var( --e-global-typography-9feda6e-font-weight );text-transform:var( --e-global-typography-9feda6e-text-transform );line-height:var( --e-global-typography-9feda6e-line-height );letter-spacing:var( --e-global-typography-9feda6e-letter-spacing );word-spacing:var( --e-global-typography-9feda6e-word-spacing );fill:var( --e-global-color-c3e5fb3 );color:var( --e-global-color-c3e5fb3 );background-color:#20BBE4;border-radius:20px 20px 3px 3px;padding:20px 40px 20px 40px;}.elementor-1916 .elementor-element.elementor-element-90b9581 .elementor-button:hover, .elementor-1916 .elementor-element.elementor-element-90b9581 .elementor-button:focus{color:#20BBE4;background-color:var( --e-global-color-c3e5fb3 );}.elementor-1916 .elementor-element.elementor-element-90b9581 .elementor-button:hover svg, .elementor-1916 .elementor-element.elementor-element-90b9581 .elementor-button:focus svg{fill:#20BBE4;}.elementor-1916 .elementor-element.elementor-element-90b9581 > .elementor-widget-container{margin:20px 0px 0px 0px;}.elementor-1916 .elementor-element.elementor-element-0a93c6b{--display:flex;--flex-direction:column;--container-widget-width:100%;--container-widget-height:initial;--container-widget-flex-grow:0;--container-widget-align-self:initial;--flex-wrap-mobile:wrap;--margin-top:0px;--margin-bottom:50px;--margin-left:0px;--margin-right:0px;}.elementor-1916 .elementor-element.elementor-element-896b085{--divider-border-style:solid;--divider-color:#F7F7F7;--divider-border-width:1px;}.elementor-1916 .elementor-element.elementor-element-896b085 .elementor-divider-separator{width:100%;}.elementor-1916 .elementor-element.elementor-element-896b085 .elementor-divider{padding-block-start:2px;padding-block-end:2px;}.elementor-1916 .elementor-element.elementor-element-7f4c46a{font-family:\"Montserrat\", Sans-serif;font-size:16px;font-weight:400;line-height:1.5em;color:var( --e-global-color-text );}@media(min-width:768px){.elementor-1916 .elementor-element.elementor-element-48efdf4{--width:66.6666%;}.elementor-1916 .elementor-element.elementor-element-6ce5412{--width:33.3333%;}}@media(max-width:1024px){.elementor-1916 .elementor-element.elementor-element-79cdbf8:not(.elementor-motion-effects-element-type-background), .elementor-1916 .elementor-element.elementor-element-79cdbf8 > .elementor-motion-effects-container > .elementor-motion-effects-layer{background-position:0px 0px;}.elementor-1916 .elementor-element.elementor-element-79cdbf8{padding:120px 10px 120px 10px;}.elementor-1916 .elementor-element.elementor-element-90b9581 .elementor-button{font-size:var( --e-global-typography-9feda6e-font-size );line-height:var( --e-global-typography-9feda6e-line-height );letter-spacing:var( --e-global-typography-9feda6e-letter-spacing );word-spacing:var( --e-global-typography-9feda6e-word-spacing );}}@media(max-width:767px){.elementor-1916 .elementor-element.elementor-element-79cdbf8:not(.elementor-motion-effects-element-type-background), .elementor-1916 .elementor-element.elementor-element-79cdbf8 > .elementor-motion-effects-container > .elementor-motion-effects-layer{background-position:0px 0px;}.elementor-1916 .elementor-element.elementor-element-79cdbf8{padding:80px 10px 80px 10px;}.elementor-1916 .elementor-element.elementor-element-1cbd7cc .elementor-heading-title{font-size:24px;}.elementor-1916 .elementor-element.elementor-element-3b80c80 .elementor-heading-title{font-size:14px;}.elementor-1916 .elementor-element.elementor-element-61d45bb .elementor-heading-title{font-size:24px;}.elementor-1916 .elementor-element.elementor-element-90b9581 .elementor-button{font-size:var( --e-global-typography-9feda6e-font-size );line-height:var( --e-global-typography-9feda6e-line-height );letter-spacing:var( --e-global-typography-9feda6e-letter-spacing );word-spacing:var( --e-global-typography-9feda6e-word-spacing );}.elementor-1916 .elementor-element.elementor-element-7f4c46a{font-size:14px;}}<\/style>\t\t<div data-elementor-type=\"wp-page\" data-elementor-id=\"1916\" class=\"elementor elementor-1916 elementor-195\" data-elementor-post-type=\"page\">\n\t\t\t\t\t\t<section class=\"elementor-section elementor-top-section elementor-element elementor-element-79cdbf8 elementor-section-boxed elementor-section-height-default elementor-section-height-default\" data-id=\"79cdbf8\" data-element_type=\"section\" data-e-type=\"section\" data-settings=\"{&quot;background_background&quot;:&quot;classic&quot;}\">\n\t\t\t\t\t\t\t<div class=\"elementor-background-overlay\"><\/div>\n\t\t\t\t\t\t\t<div class=\"elementor-container elementor-column-gap-default\">\n\t\t\t\t\t<div class=\"elementor-column elementor-col-100 elementor-top-column elementor-element elementor-element-03db280\" data-id=\"03db280\" data-element_type=\"column\" data-e-type=\"column\">\n\t\t\t<div class=\"elementor-widget-wrap elementor-element-populated\">\n\t\t\t\t\t\t<div class=\"elementor-element elementor-element-1cbd7cc elementor-widget elementor-widget-heading\" data-id=\"1cbd7cc\" data-element_type=\"widget\" data-e-type=\"widget\" data-widget_type=\"heading.default\">\n\t\t\t\t<div class=\"elementor-widget-container\">\n\t\t\t\t\t<h2 class=\"elementor-heading-title elementor-size-default\">Jochbein-, Pterygoid- und Nasenimplantate<\/h2>\t\t\t\t<\/div>\n\t\t\t\t<\/div>\n\t\t\t\t\t<\/div>\n\t\t<\/div>\n\t\t\t\t\t<\/div>\n\t\t<\/section>\n\t\t<div class=\"elementor-element elementor-element-7adc2ab e-flex e-con-boxed e-con e-parent\" data-id=\"7adc2ab\" data-element_type=\"container\" data-e-type=\"container\">\n\t\t\t\t\t<div class=\"e-con-inner\">\n\t\t\t\t<div class=\"elementor-element elementor-element-e18c14c elementor-widget elementor-widget-image\" data-id=\"e18c14c\" data-element_type=\"widget\" data-e-type=\"widget\" data-widget_type=\"image.default\">\n\t\t\t\t<div class=\"elementor-widget-container\">\n\t\t\t\t\t\t\t\t\t\t\t\t\t\t\t<img decoding=\"async\" src=\"https:\/\/rocdentalturkey.com\/wp-content\/uploads\/elementor\/thumbs\/zygomatic-r4e1gy2bg2dqpt123e80c8kt3foy45g61g2mjcacfw.jpg\" title=\"Close up of woman has a toothache, touches her teeth and frowns from painful discomfort, stands over white background\" alt=\"Close up of woman has a toothache, touches her teeth and frowns from painful discomfort, stands over white background.\" loading=\"lazy\" \/>\t\t\t\t\t\t\t\t\t\t\t\t\t\t\t<\/div>\n\t\t\t\t<\/div>\n\t\t\t\t\t<\/div>\n\t\t\t\t<\/div>\n\t\t<div class=\"elementor-element elementor-element-85d231f e-flex e-con-boxed e-con e-parent\" data-id=\"85d231f\" data-element_type=\"container\" data-e-type=\"container\">\n\t\t\t\t\t<div class=\"e-con-inner\">\n\t\t<div class=\"elementor-element elementor-element-48efdf4 e-con-full e-flex e-con e-child\" data-id=\"48efdf4\" data-element_type=\"container\" data-e-type=\"container\">\n\t\t\t\t<div class=\"elementor-element elementor-element-3b80c80 animated-slow elementor-invisible elementor-widget elementor-widget-heading\" data-id=\"3b80c80\" data-element_type=\"widget\" data-e-type=\"widget\" data-settings=\"{&quot;_animation&quot;:&quot;fadeInRight&quot;}\" data-widget_type=\"heading.default\">\n\t\t\t\t<div class=\"elementor-widget-container\">\n\t\t\t\t\t<h5 class=\"elementor-heading-title elementor-size-default\">roc cl\u0131n\u0131c<\/h5>\t\t\t\t<\/div>\n\t\t\t\t<\/div>\n\t\t\t\t<div class=\"elementor-element elementor-element-61d45bb elementor-widget elementor-widget-heading\" data-id=\"61d45bb\" data-element_type=\"widget\" data-e-type=\"widget\" data-widget_type=\"heading.default\">\n\t\t\t\t<div class=\"elementor-widget-container\">\n\t\t\t\t\t<h2 class=\"elementor-heading-title elementor-size-default\">Jochbein-, Pterygoid- und Nasenimplantate<\/h2>\t\t\t\t<\/div>\n\t\t\t\t<\/div>\n\t\t\t\t<\/div>\n\t\t<div class=\"elementor-element elementor-element-6ce5412 e-con-full e-flex e-con e-child\" data-id=\"6ce5412\" data-element_type=\"container\" data-e-type=\"container\">\n\t\t\t\t<div class=\"elementor-element elementor-element-90b9581 elementor-align-center elementor-widget elementor-widget-button\" data-id=\"90b9581\" data-element_type=\"widget\" data-e-type=\"widget\" data-widget_type=\"button.default\">\n\t\t\t\t<div class=\"elementor-widget-container\">\n\t\t\t\t\t\t\t\t\t<div class=\"elementor-button-wrapper\">\n\t\t\t\t\t<a class=\"elementor-button elementor-button-link elementor-size-sm elementor-animation-float\" href=\"https:\/\/rocdentalturkey.com\/index.php\/kontaktieren-sie-uns\/?lang=de\">\n\t\t\t\t\t\t<span class=\"elementor-button-content-wrapper\">\n\t\t\t\t\t\t\t\t\t<span class=\"elementor-button-text\">Kontaktieren Sie uns<\/span>\n\t\t\t\t\t<\/span>\n\t\t\t\t\t<\/a>\n\t\t\t\t<\/div>\n\t\t\t\t\t\t\t\t<\/div>\n\t\t\t\t<\/div>\n\t\t\t\t<\/div>\n\t\t\t\t\t<\/div>\n\t\t\t\t<\/div>\n\t\t<div class=\"elementor-element elementor-element-0a93c6b e-flex e-con-boxed e-con e-parent\" data-id=\"0a93c6b\" data-element_type=\"container\" data-e-type=\"container\">\n\t\t\t\t\t<div class=\"e-con-inner\">\n\t\t\t\t<div class=\"elementor-element elementor-element-896b085 elementor-widget-divider--view-line elementor-widget elementor-widget-divider\" data-id=\"896b085\" data-element_type=\"widget\" data-e-type=\"widget\" data-widget_type=\"divider.default\">\n\t\t\t\t<div class=\"elementor-widget-container\">\n\t\t\t\t\t\t\t<div class=\"elementor-divider\">\n\t\t\t<span class=\"elementor-divider-separator\">\n\t\t\t\t\t\t<\/span>\n\t\t<\/div>\n\t\t\t\t\t\t<\/div>\n\t\t\t\t<\/div>\n\t\t\t\t<div class=\"elementor-element elementor-element-7f4c46a elementor-widget elementor-widget-text-editor\" data-id=\"7f4c46a\" data-element_type=\"widget\" data-e-type=\"widget\" data-widget_type=\"text-editor.default\">\n\t\t\t\t<div class=\"elementor-widget-container\">\n\t\t\t\t\t\t\t\t\t<p data-start=\"91\" data-end=\"488\">F\u00fcr Patienten, die einen <strong data-start=\"125\" data-end=\"145\">schweren Knochenschwund<\/strong> erlitten haben und denen gesagt wurde, dass sie <strong data-start=\"174\" data-end=\"224\">keine Kandidaten f\u00fcr herk\u00f6mmliche Zahnimplantate<\/strong> sind, gibt es jetzt eine <strong data-start=\"241\" data-end=\"270\">lebensver\u00e4ndernde Alternative<\/strong>. In der <strong data-start=\"275\" data-end=\"297\">ROC Clinic Antalya<\/strong> sind wir auf <strong data-start=\"316\" data-end=\"360\">Jochbein-, Fl\u00fcgelbein- und Nasenimplantate<\/strong> spezialisiert. Dabei handelt es sich um hochmoderne Techniken, die es Patienten erm\u00f6glichen, <strong data-start=\"417\" data-end=\"485\">stabile, langlebige Implantate ohne Knochentransplantation<\/strong> zu erhalten.<\/p>\n<h4 data-start=\"490\" data-end=\"548\"><strong data-start=\"495\" data-end=\"546\">Was sind Jochbein-, Fl\u00fcgelbein- und Nasenimplantate? Nasenimplantate?<\/strong><\/h4>\n<p data-start=\"549\" data-end=\"704\">Diese Spezialimplantate sind f\u00fcr Patienten mit <strong data-start=\"607\" data-end=\"637\">extremer Kieferknochenresorption<\/strong> konzipiert und bieten eine sichere Grundlage f\u00fcr <strong data-start=\"673\" data-end=\"701\">festsitzende Zahnrestaurationen<\/strong>:<\/p>\n<ul data-start=\"706\" data-end=\"1133\">\n<li data-start=\"706\" data-end=\"848\"><strong data-start=\"708\" data-end=\"730\">Jochbeinimplantate<\/strong> \u2013 Werden im <strong data-start=\"747\" data-end=\"769\">Wangenknochen (Jochbein)<\/strong> statt im Kieferknochen eingesetzt und bieten starken Halt f\u00fcr Oberkieferrestaurationen.<\/li>\n<li data-start=\"849\" data-end=\"1006\"><strong data-start=\"851\" data-end=\"873\">Pterygoid-Implantate<\/strong> \u2013 Verankert in der <strong data-start=\"892\" data-end=\"911\">Pterygoidplatte<\/strong>, bieten sie eine Alternative f\u00fcr die Wiederherstellung des hinteren Oberkiefers, wenn der Knochen nicht ausreicht.<\/li>\n<li data-start=\"1007\" data-end=\"1133\"><strong data-start=\"1009\" data-end=\"1027\">Nasenimplantate<\/strong> \u2013 Im <strong data-start=\"1045\" data-end=\"1060\">Nasenkamm<\/strong> befestigt, um zus\u00e4tzliche Stabilit\u00e4t f\u00fcr komplexe Implantatrestaurationen des gesamten Zahnbogens zu bieten.<\/li>\n<\/ul>\n<p data-start=\"1135\" data-end=\"1315\">Diese fortschrittlichen Techniken machen <strong data-start=\"1184\" data-end=\"1216\">Knochentransplantationen oder Sinuslifts<\/strong> \u00fcberfl\u00fcssig und erm\u00f6glichen den Patienten, <strong data-start=\"1246\" data-end=\"1312\">ein volles, funktionales und dauerhaftes L\u00e4cheln in viel k\u00fcrzerer Zeit<\/strong>.<\/p>\n<h4 data-start=\"1317\" data-end=\"1377\"><strong data-start=\"1322\" data-end=\"1375\">Vorteile von Jochbein-, Fl\u00fcgel- und Nasenimplantate<\/strong><\/h4>\n<p data-start=\"1378\" data-end=\"2016\">\u2714 <strong data-start=\"1380\" data-end=\"1407\">Keine Knochentransplantation erforderlich<\/strong> \u2013 Ideal f\u00fcr Patienten mit <strong data-start=\"1434\" data-end=\"1464\">starkem Knochenverlust im Oberkiefer<\/strong>.<br data-start=\"1465\" data-end=\"1468\" \/>\u2714 <strong data-start=\"1470\" data-end=\"1495\">Sofort feste Z\u00e4hne<\/strong> \u2013 In vielen F\u00e4llen k\u00f6nnen Patienten innerhalb von nur einem Tag ein <strong data-start=\"1536\" data-end=\"1578\">voll funktionsf\u00e4higes L\u00e4cheln<\/strong> erhalten.<br data-start=\"1579\" data-end=\"1582\" \/>\u2714 <strong data-start=\"1584\" data-end=\"1605\">Hohe Erfolgsquote<\/strong> \u2013 Die starke Verankerung in dichten Gesichtsknochen gew\u00e4hrleistet <strong data-start=\"1655\" data-end=\"1678\">langfristige Stabilit\u00e4t<\/strong>.<br data-start=\"1679\" data-end=\"1682\" \/>\u2714 <strong data-start=\"1684\" data-end=\"1713\">Minimalinvasiv und sicher<\/strong> \u2013 Durchgef\u00fchrt mit <strong data-start=\"1731\" data-end=\"1778\" data-is-only-node=\"\">fortgeschrittenen chirurgischen Techniken und 3D-Bildgebung<\/strong> f\u00fcr Pr\u00e4zision.<br data-start=\"1793\" data-end=\"1796\" \/>\u2714 <strong data-start=\"1798\" data-end=\"1848\">Stellt die volle Kau- und Sprechfunktion<\/strong> \u2013 Erm\u00f6glicht Patienten, ihre Lieblingsspeisen zu genie\u00dfen und bequem zu sprechen.<br data-start=\"1920\" data-end=\"1923\" \/>\u2714 <strong data-start=\"1925\" data-end=\"1960\">Eine permanente und Zuverl\u00e4ssige L\u00f6sung<\/strong> \u2013 Entwickelt f\u00fcr <strong data-start=\"1976\" data-end=\"2013\">Haltbarkeit und nat\u00fcrliche \u00c4sthetik<\/strong>.<\/p>\n<h4 data-start=\"2018\" data-end=\"2059\"><strong data-start=\"2023\" data-end=\"2057\">Warum die ROC Clinic Antalya w\u00e4hlen?<\/strong><\/h4>\n<p data-start=\"2060\" data-end=\"2388\">Bei der <strong data-start=\"2063\" data-end=\"2085\">ROC Clinic Antalya<\/strong> geh\u00f6ren wir zu den <strong data-start=\"2104\" data-end=\"2125\">wenigen Elitekliniken<\/strong>, die <strong data-start=\"2135\" data-end=\"2179\">Jochbein-, Fl\u00fcgelbein- und Nasenimplantate<\/strong> mit <strong data-start=\"2185\" anbieten. data-end=\"2242\">Weltklasse-Expertise und modernste Technologie<\/strong>. Unsere <strong data-start=\"2248\" data-end=\"2287\">international ausgebildeten Spezialisten<\/strong> verwenden <strong data-start=\"2292\" data-end=\"2332\">fortgeschrittene 3D-gef\u00fchrte Implantation<\/strong>, um <strong data-start=\"2343\" data-end=\"2385\">maximale Pr\u00e4zision, Sicherheit und Erfolg<\/strong> zu gew\u00e4hrleisten.<\/p>\n<p data-start=\"2390\" data-end=\"2675\">Vor allem glauben wir, dass <strong data-start=\"2419\" data-end=\"2464\">erstklassige Zahnpflege erschwinglich sein sollte<\/strong>. Im Gegensatz zu vielen Kliniken, die exorbitante Geb\u00fchren f\u00fcr komplexe Implantatbehandlungen verlangen, bieten wir <strong data-start=\"2557\" data-end=\"2599\">kosteng\u00fcnstige, qualitativ hochwertige L\u00f6sungenionen<\/strong>, damit jeder ein <strong data-start=\"2638\" data-end=\"2672\">funktionales und selbstbewusstes L\u00e4cheln<\/strong> erreichen kann.<\/p>\n<h4 data-start=\"2677\" data-end=\"2717\"><strong data-start=\"2682\" data-end=\"2715\">Buchen Sie noch heute Ihre Beratung!<\/strong><\/h4>\n<p data-start=\"2718\" data-end=\"3020\" data-is-last-node=\"\" data-is-only-node=\"\">Wenn Ihnen gesagt wurde, <strong data-start=\"2738\" data-end=\"2781\">Sie haben nicht genug Knochen f\u00fcr Implantate<\/strong>, geben Sie nicht die Hoffnung auf! <strong data-start=\"2800\" data-end=\"2863\">Jochbein-, Fl\u00fcgelbein- und Nasenimplantate in der ROC Clinic Antalya<\/strong> bieten eine revolution\u00e4re L\u00f6sung zur Wiederherstellung Ihres L\u00e4chelns. <strong data-start=\"2918\" data-end=\"3020\" data-is-last-node=\"\">Kontaktieren Sie uns noch heute, um einen Beratungstermin zu vereinbaren und die Zukunft der fortschrittlichen Implantologie zu entdecken!<\/strong><\/p>\n\t\t\t\t\t\t\t\t<\/div>\n\t\t\t\t<\/div>\n\t\t\t\t\t<\/div>\n\t\t\t\t<\/div>\n\t\t\t\t<\/div>\n\t\t","protected":false},"excerpt":{"rendered":"<p>Jochbein-, Pterygoid- und Nasenimplantate roc cl\u0131n\u0131c Jochbein-, Pterygoid- und Nasenimplantate Kontaktieren Sie uns F\u00fcr Patienten, die einen schweren Knochenschwund erlitten haben und denen gesagt wurde, dass sie keine Kandidaten f\u00fcr herk\u00f6mmliche Zahnimplantate sind, gibt es jetzt eine lebensver\u00e4ndernde Alternative. In der ROC Clinic Antalya sind wir auf Jochbein-, Fl\u00fcgelbein- und Nasenimplantate spezialisiert. Dabei handelt es [&hellip;]<\/p>\n","protected":false},"author":1,"featured_media":0,"parent":0,"menu_order":0,"comment_status":"closed","ping_status":"closed","template":"elementor_header_footer","meta":{"footnotes":""},"class_list":["post-1916","page","type-page","status-publish","hentry"],"_links":{"self":[{"href":"https:\/\/rocdentalturkey.com\/index.php\/wp-json\/wp\/v2\/pages\/1916","targetHints":{"allow":["GET"]}}],"collection":[{"href":"https:\/\/rocdentalturkey.com\/index.php\/wp-json\/wp\/v2\/pages"}],"about":[{"href":"https:\/\/rocdentalturkey.com\/index.php\/wp-json\/wp\/v2\/types\/page"}],"author":[{"embeddable":true,"href":"https:\/\/rocdentalturkey.com\/index.php\/wp-json\/wp\/v2\/users\/1"}],"replies":[{"embeddable":true,"href":"https:\/\/rocdentalturkey.com\/index.php\/wp-json\/wp\/v2\/comments?post=1916"}],"version-history":[{"count":1,"href":"https:\/\/rocdentalturkey.com\/index.php\/wp-json\/wp\/v2\/pages\/1916\/revisions"}],"predecessor-version":[{"id":1917,"href":"https:\/\/rocdentalturkey.com\/index.php\/wp-json\/wp\/v2\/pages\/1916\/revisions\/1917"}],"wp:attachment":[{"href":"https:\/\/rocdentalturkey.com\/index.php\/wp-json\/wp\/v2\/media?parent=1916"}],"curies":[{"name":"wp","href":"https:\/\/api.w.org\/{rel}","templated":true}]}}