{"id":1914,"date":"2025-05-27T09:49:12","date_gmt":"2025-05-27T09:49:12","guid":{"rendered":"https:\/\/rocdentalturkey.com\/index.php\/zirkonkronen\/"},"modified":"2025-07-04T15:11:43","modified_gmt":"2025-07-04T15:11:43","slug":"zirkonkronen","status":"publish","type":"page","link":"https:\/\/rocdentalturkey.com\/index.php\/zirkonkronen\/?lang=de","title":{"rendered":"Zirkonkronen"},"content":{"rendered":"<style>.elementor-1914 .elementor-element.elementor-element-79cdbf8 > .elementor-container{max-width:1170px;}.elementor-1914 .elementor-element.elementor-element-79cdbf8:not(.elementor-motion-effects-element-type-background), .elementor-1914 .elementor-element.elementor-element-79cdbf8 > .elementor-motion-effects-container > .elementor-motion-effects-layer{background-color:#000000;background-image:url(\"https:\/\/rocdentalturkey.com\/wp-content\/uploads\/2025\/03\/advice-of-dentist.jpg\");background-position:0px 65%;background-size:cover;}.elementor-1914 .elementor-element.elementor-element-79cdbf8 > .elementor-background-overlay{background-color:#000000;opacity:0.8;transition:background 0.3s, border-radius 0.3s, opacity 0.3s;}.elementor-1914 .elementor-element.elementor-element-79cdbf8{transition:background 0.3s, border 0.3s, border-radius 0.3s, box-shadow 0.3s;margin-top:0px;margin-bottom:0px;padding:140px 0px 140px 0px;}.elementor-1914 .elementor-element.elementor-element-03db280.elementor-column > .elementor-widget-wrap{justify-content:center;}.elementor-1914 .elementor-element.elementor-element-1cbd7cc{text-align:center;}.elementor-1914 .elementor-element.elementor-element-1cbd7cc .elementor-heading-title{font-family:\"Montserrat\", Sans-serif;font-size:32px;font-weight:700;text-transform:uppercase;line-height:1.2em;color:var( --e-global-color-c3e5fb3 );}.elementor-1914 .elementor-element.elementor-element-7adc2ab{--display:flex;--flex-direction:column;--container-widget-width:100%;--container-widget-height:initial;--container-widget-flex-grow:0;--container-widget-align-self:initial;--flex-wrap-mobile:wrap;--margin-top:60px;--margin-bottom:0px;--margin-left:0px;--margin-right:0px;}.elementor-1914 .elementor-element.elementor-element-3e74c87{--e-image-carousel-slides-to-show:4;}.elementor-1914 .elementor-element.elementor-element-3e74c87 .elementor-image-carousel-wrapper .elementor-image-carousel .swiper-slide-image{border-radius:10px 10px 10px 10px;}.elementor-1914 .elementor-element.elementor-element-85d231f{--display:flex;--flex-direction:row;--container-widget-width:initial;--container-widget-height:100%;--container-widget-flex-grow:1;--container-widget-align-self:stretch;--flex-wrap-mobile:wrap;--gap:0px 0px;--row-gap:0px;--column-gap:0px;--margin-top:20px;--margin-bottom:0px;--margin-left:0px;--margin-right:0px;}.elementor-1914 .elementor-element.elementor-element-48efdf4{--display:flex;--flex-direction:column;--container-widget-width:100%;--container-widget-height:initial;--container-widget-flex-grow:0;--container-widget-align-self:initial;--flex-wrap-mobile:wrap;}.elementor-1914 .elementor-element.elementor-element-3b80c80 .elementor-heading-title{font-family:\"Montserrat\", Sans-serif;font-size:14px;font-weight:600;text-transform:uppercase;line-height:1em;letter-spacing:1.5px;color:#20BBE4;}.elementor-1914 .elementor-element.elementor-element-61d45bb{text-align:start;}.elementor-1914 .elementor-element.elementor-element-61d45bb .elementor-heading-title{font-family:\"Montserrat\", Sans-serif;font-size:32px;font-weight:700;line-height:1.2em;color:var( --e-global-color-primary );}.elementor-1914 .elementor-element.elementor-element-6ce5412{--display:flex;--flex-direction:column;--container-widget-width:calc( ( 1 - var( --container-widget-flex-grow ) ) * 100% );--container-widget-height:initial;--container-widget-flex-grow:0;--container-widget-align-self:initial;--flex-wrap-mobile:wrap;--align-items:flex-end;}.elementor-1914 .elementor-element.elementor-element-90b9581 .elementor-button{font-family:var( --e-global-typography-9feda6e-font-family ), Sans-serif;font-size:var( --e-global-typography-9feda6e-font-size );font-weight:var( --e-global-typography-9feda6e-font-weight );text-transform:var( --e-global-typography-9feda6e-text-transform );line-height:var( --e-global-typography-9feda6e-line-height );letter-spacing:var( --e-global-typography-9feda6e-letter-spacing );word-spacing:var( --e-global-typography-9feda6e-word-spacing );fill:var( --e-global-color-c3e5fb3 );color:var( --e-global-color-c3e5fb3 );background-color:#20BBE4;border-radius:20px 20px 3px 3px;padding:20px 40px 20px 40px;}.elementor-1914 .elementor-element.elementor-element-90b9581 .elementor-button:hover, .elementor-1914 .elementor-element.elementor-element-90b9581 .elementor-button:focus{color:#20BBE4;background-color:var( --e-global-color-c3e5fb3 );}.elementor-1914 .elementor-element.elementor-element-90b9581 .elementor-button:hover svg, .elementor-1914 .elementor-element.elementor-element-90b9581 .elementor-button:focus svg{fill:#20BBE4;}.elementor-1914 .elementor-element.elementor-element-90b9581 > .elementor-widget-container{margin:20px 0px 0px 0px;}.elementor-1914 .elementor-element.elementor-element-0a93c6b{--display:flex;--flex-direction:column;--container-widget-width:100%;--container-widget-height:initial;--container-widget-flex-grow:0;--container-widget-align-self:initial;--flex-wrap-mobile:wrap;--margin-top:0px;--margin-bottom:50px;--margin-left:0px;--margin-right:0px;}.elementor-1914 .elementor-element.elementor-element-896b085{--divider-border-style:solid;--divider-color:#F7F7F7;--divider-border-width:1px;}.elementor-1914 .elementor-element.elementor-element-896b085 .elementor-divider-separator{width:100%;}.elementor-1914 .elementor-element.elementor-element-896b085 .elementor-divider{padding-block-start:2px;padding-block-end:2px;}.elementor-1914 .elementor-element.elementor-element-7f4c46a{font-family:\"Montserrat\", Sans-serif;font-size:16px;font-weight:400;line-height:1.5em;color:var( --e-global-color-text );}@media(min-width:768px){.elementor-1914 .elementor-element.elementor-element-48efdf4{--width:66.6666%;}.elementor-1914 .elementor-element.elementor-element-6ce5412{--width:33.3333%;}}@media(max-width:1024px){.elementor-1914 .elementor-element.elementor-element-79cdbf8:not(.elementor-motion-effects-element-type-background), .elementor-1914 .elementor-element.elementor-element-79cdbf8 > .elementor-motion-effects-container > .elementor-motion-effects-layer{background-position:0px 0px;}.elementor-1914 .elementor-element.elementor-element-79cdbf8{padding:120px 10px 120px 10px;}.elementor-1914 .elementor-element.elementor-element-90b9581 .elementor-button{font-size:var( --e-global-typography-9feda6e-font-size );line-height:var( --e-global-typography-9feda6e-line-height );letter-spacing:var( --e-global-typography-9feda6e-letter-spacing );word-spacing:var( --e-global-typography-9feda6e-word-spacing );}}@media(max-width:767px){.elementor-1914 .elementor-element.elementor-element-79cdbf8:not(.elementor-motion-effects-element-type-background), .elementor-1914 .elementor-element.elementor-element-79cdbf8 > .elementor-motion-effects-container > .elementor-motion-effects-layer{background-position:0px 0px;}.elementor-1914 .elementor-element.elementor-element-79cdbf8{padding:80px 10px 80px 10px;}.elementor-1914 .elementor-element.elementor-element-1cbd7cc .elementor-heading-title{font-size:24px;}.elementor-1914 .elementor-element.elementor-element-3b80c80 .elementor-heading-title{font-size:14px;}.elementor-1914 .elementor-element.elementor-element-61d45bb .elementor-heading-title{font-size:24px;}.elementor-1914 .elementor-element.elementor-element-90b9581 .elementor-button{font-size:var( --e-global-typography-9feda6e-font-size );line-height:var( --e-global-typography-9feda6e-line-height );letter-spacing:var( --e-global-typography-9feda6e-letter-spacing );word-spacing:var( --e-global-typography-9feda6e-word-spacing );}.elementor-1914 .elementor-element.elementor-element-7f4c46a{font-size:14px;}}<\/style>\t\t<div data-elementor-type=\"wp-page\" data-elementor-id=\"1914\" class=\"elementor elementor-1914 elementor-702\" data-elementor-post-type=\"page\">\n\t\t\t\t\t\t<section class=\"elementor-section elementor-top-section elementor-element elementor-element-79cdbf8 elementor-section-boxed elementor-section-height-default elementor-section-height-default\" data-id=\"79cdbf8\" data-element_type=\"section\" data-e-type=\"section\" data-settings=\"{&quot;background_background&quot;:&quot;classic&quot;}\">\n\t\t\t\t\t\t\t<div class=\"elementor-background-overlay\"><\/div>\n\t\t\t\t\t\t\t<div class=\"elementor-container elementor-column-gap-default\">\n\t\t\t\t\t<div class=\"elementor-column elementor-col-100 elementor-top-column elementor-element elementor-element-03db280\" data-id=\"03db280\" data-element_type=\"column\" data-e-type=\"column\">\n\t\t\t<div class=\"elementor-widget-wrap elementor-element-populated\">\n\t\t\t\t\t\t<div class=\"elementor-element elementor-element-1cbd7cc elementor-widget elementor-widget-heading\" data-id=\"1cbd7cc\" data-element_type=\"widget\" data-e-type=\"widget\" data-widget_type=\"heading.default\">\n\t\t\t\t<div class=\"elementor-widget-container\">\n\t\t\t\t\t<h2 class=\"elementor-heading-title elementor-size-default\">Zirkonkronen<\/h2>\t\t\t\t<\/div>\n\t\t\t\t<\/div>\n\t\t\t\t\t<\/div>\n\t\t<\/div>\n\t\t\t\t\t<\/div>\n\t\t<\/section>\n\t\t<div class=\"elementor-element elementor-element-7adc2ab e-flex e-con-boxed e-con e-parent\" data-id=\"7adc2ab\" data-element_type=\"container\" data-e-type=\"container\">\n\t\t\t\t\t<div class=\"e-con-inner\">\n\t\t\t\t<div class=\"elementor-element elementor-element-3e74c87 elementor-arrows-position-inside elementor-widget elementor-widget-image-carousel\" data-id=\"3e74c87\" data-element_type=\"widget\" data-e-type=\"widget\" data-settings=\"{&quot;slides_to_show&quot;:&quot;4&quot;,&quot;navigation&quot;:&quot;arrows&quot;,&quot;image_spacing_custom&quot;:{&quot;unit&quot;:&quot;px&quot;,&quot;size&quot;:10,&quot;sizes&quot;:[]},&quot;autoplay&quot;:&quot;yes&quot;,&quot;pause_on_hover&quot;:&quot;yes&quot;,&quot;pause_on_interaction&quot;:&quot;yes&quot;,&quot;autoplay_speed&quot;:5000,&quot;speed&quot;:500,&quot;image_spacing_custom_tablet&quot;:{&quot;unit&quot;:&quot;px&quot;,&quot;size&quot;:&quot;&quot;,&quot;sizes&quot;:[]},&quot;image_spacing_custom_mobile&quot;:{&quot;unit&quot;:&quot;px&quot;,&quot;size&quot;:&quot;&quot;,&quot;sizes&quot;:[]}}\" data-widget_type=\"image-carousel.default\">\n\t\t\t\t<div class=\"elementor-widget-container\">\n\t\t\t\t\t\t\t<div class=\"elementor-image-carousel-wrapper swiper\" role=\"region\" aria-roledescription=\"carousel\" aria-label=\"Image Carousel\" dir=\"ltr\">\n\t\t\t<div class=\"elementor-image-carousel swiper-wrapper\" aria-live=\"off\">\n\t\t\t\t\t\t\t\t<div class=\"swiper-slide\" role=\"group\" aria-roledescription=\"slide\" aria-label=\"1 von 2\"><a data-elementor-open-lightbox=\"yes\" data-elementor-lightbox-slideshow=\"3e74c87\" data-elementor-lightbox-title=\"zirkonyum 2\" data-e-action-hash=\"#elementor-action%3Aaction%3Dlightbox%26settings%3DeyJpZCI6MTQ5OCwidXJsIjoiaHR0cHM6XC9cL3JvY2RlbnRhbHR1cmtleS5jb21cL3dwLWNvbnRlbnRcL3VwbG9hZHNcLzIwMjVcLzA1XC96aXJrb255dW0tMi0ucG5nIiwic2xpZGVzaG93IjoiM2U3NGM4NyJ9\" href=\"https:\/\/rocdentalturkey.com\/wp-content\/uploads\/2025\/05\/zirkonyum-2-.png\"><figure class=\"swiper-slide-inner\"><img decoding=\"async\" class=\"swiper-slide-image\" src=\"https:\/\/rocdentalturkey.com\/wp-content\/uploads\/elementor\/thumbs\/zirkonyum-2--r6f5ibha50fdvpv3tw3xtfmh7swrpnsd0sk17q6px4.png\" alt=\"zirkonyum 2\" \/><\/figure><\/a><\/div><div class=\"swiper-slide\" role=\"group\" aria-roledescription=\"slide\" aria-label=\"2 von 2\"><a data-elementor-open-lightbox=\"yes\" data-elementor-lightbox-slideshow=\"3e74c87\" data-elementor-lightbox-title=\"zirkonyum\" data-e-action-hash=\"#elementor-action%3Aaction%3Dlightbox%26settings%3DeyJpZCI6MTUwMiwidXJsIjoiaHR0cHM6XC9cL3JvY2RlbnRhbHR1cmtleS5jb21cL3dwLWNvbnRlbnRcL3VwbG9hZHNcLzIwMjVcLzA1XC96aXJrb255dW0uanBnIiwic2xpZGVzaG93IjoiM2U3NGM4NyJ9\" href=\"https:\/\/rocdentalturkey.com\/wp-content\/uploads\/2025\/05\/zirkonyum.jpg\"><figure class=\"swiper-slide-inner\"><img decoding=\"async\" class=\"swiper-slide-image\" src=\"https:\/\/rocdentalturkey.com\/wp-content\/uploads\/elementor\/thumbs\/zirkonyum-r6f5ibha50fdvpv3tw3xtfmh7swrpnsd0sk17q6px4.jpg\" alt=\"zirkonyum\" \/><\/figure><\/a><\/div>\t\t\t<\/div>\n\t\t\t\t\t\t\t\t\t\t\t\t<div class=\"elementor-swiper-button elementor-swiper-button-prev\" role=\"button\" tabindex=\"0\">\n\t\t\t\t\t\t<svg aria-hidden=\"true\" class=\"e-font-icon-svg e-eicon-chevron-left\" viewBox=\"0 0 1000 1000\" xmlns=\"http:\/\/www.w3.org\/2000\/svg\"><path d=\"M646 125C629 125 613 133 604 142L308 442C296 454 292 471 292 487 292 504 296 521 308 533L604 854C617 867 629 875 646 875 663 875 679 871 692 858 704 846 713 829 713 812 713 796 708 779 692 767L438 487 692 225C700 217 708 204 708 187 708 171 704 154 692 142 675 129 663 125 646 125Z\"><\/path><\/svg>\t\t\t\t\t<\/div>\n\t\t\t\t\t<div class=\"elementor-swiper-button elementor-swiper-button-next\" role=\"button\" tabindex=\"0\">\n\t\t\t\t\t\t<svg aria-hidden=\"true\" class=\"e-font-icon-svg e-eicon-chevron-right\" viewBox=\"0 0 1000 1000\" xmlns=\"http:\/\/www.w3.org\/2000\/svg\"><path d=\"M696 533C708 521 713 504 713 487 713 471 708 454 696 446L400 146C388 133 375 125 354 125 338 125 325 129 313 142 300 154 292 171 292 187 292 204 296 221 308 233L563 492 304 771C292 783 288 800 288 817 288 833 296 850 308 863 321 871 338 875 354 875 371 875 388 867 400 854L696 533Z\"><\/path><\/svg>\t\t\t\t\t<\/div>\n\t\t\t\t\n\t\t\t\t\t\t\t\t\t<\/div>\n\t\t\t\t\t\t<\/div>\n\t\t\t\t<\/div>\n\t\t\t\t\t<\/div>\n\t\t\t\t<\/div>\n\t\t<div class=\"elementor-element elementor-element-85d231f e-flex e-con-boxed e-con e-parent\" data-id=\"85d231f\" data-element_type=\"container\" data-e-type=\"container\">\n\t\t\t\t\t<div class=\"e-con-inner\">\n\t\t<div class=\"elementor-element elementor-element-48efdf4 e-con-full e-flex e-con e-child\" data-id=\"48efdf4\" data-element_type=\"container\" data-e-type=\"container\">\n\t\t\t\t<div class=\"elementor-element elementor-element-3b80c80 animated-slow elementor-invisible elementor-widget elementor-widget-heading\" data-id=\"3b80c80\" data-element_type=\"widget\" data-e-type=\"widget\" data-settings=\"{&quot;_animation&quot;:&quot;fadeInRight&quot;}\" data-widget_type=\"heading.default\">\n\t\t\t\t<div class=\"elementor-widget-container\">\n\t\t\t\t\t<h5 class=\"elementor-heading-title elementor-size-default\">roc cl\u0131n\u0131c<\/h5>\t\t\t\t<\/div>\n\t\t\t\t<\/div>\n\t\t\t\t<div class=\"elementor-element elementor-element-61d45bb elementor-widget elementor-widget-heading\" data-id=\"61d45bb\" data-element_type=\"widget\" data-e-type=\"widget\" data-widget_type=\"heading.default\">\n\t\t\t\t<div class=\"elementor-widget-container\">\n\t\t\t\t\t<h2 class=\"elementor-heading-title elementor-size-default\">Zirkonkronen<\/h2>\t\t\t\t<\/div>\n\t\t\t\t<\/div>\n\t\t\t\t<\/div>\n\t\t<div class=\"elementor-element elementor-element-6ce5412 e-con-full e-flex e-con e-child\" data-id=\"6ce5412\" data-element_type=\"container\" data-e-type=\"container\">\n\t\t\t\t<div class=\"elementor-element elementor-element-90b9581 elementor-align-center elementor-widget elementor-widget-button\" data-id=\"90b9581\" data-element_type=\"widget\" data-e-type=\"widget\" data-widget_type=\"button.default\">\n\t\t\t\t<div class=\"elementor-widget-container\">\n\t\t\t\t\t\t\t\t\t<div class=\"elementor-button-wrapper\">\n\t\t\t\t\t<a class=\"elementor-button elementor-button-link elementor-size-sm elementor-animation-float\" href=\"https:\/\/rocdentalturkey.com\/index.php\/contact-us\/\">\n\t\t\t\t\t\t<span class=\"elementor-button-content-wrapper\">\n\t\t\t\t\t\t\t\t\t<span class=\"elementor-button-text\">Kontaktieren Sie uns<\/span>\n\t\t\t\t\t<\/span>\n\t\t\t\t\t<\/a>\n\t\t\t\t<\/div>\n\t\t\t\t\t\t\t\t<\/div>\n\t\t\t\t<\/div>\n\t\t\t\t<\/div>\n\t\t\t\t\t<\/div>\n\t\t\t\t<\/div>\n\t\t<div class=\"elementor-element elementor-element-0a93c6b e-flex e-con-boxed e-con e-parent\" data-id=\"0a93c6b\" data-element_type=\"container\" data-e-type=\"container\">\n\t\t\t\t\t<div class=\"e-con-inner\">\n\t\t\t\t<div class=\"elementor-element elementor-element-896b085 elementor-widget-divider--view-line elementor-widget elementor-widget-divider\" data-id=\"896b085\" data-element_type=\"widget\" data-e-type=\"widget\" data-widget_type=\"divider.default\">\n\t\t\t\t<div class=\"elementor-widget-container\">\n\t\t\t\t\t\t\t<div class=\"elementor-divider\">\n\t\t\t<span class=\"elementor-divider-separator\">\n\t\t\t\t\t\t<\/span>\n\t\t<\/div>\n\t\t\t\t\t\t<\/div>\n\t\t\t\t<\/div>\n\t\t\t\t<div class=\"elementor-element elementor-element-7f4c46a elementor-widget elementor-widget-text-editor\" data-id=\"7f4c46a\" data-element_type=\"widget\" data-e-type=\"widget\" data-widget_type=\"text-editor.default\">\n\t\t\t\t<div class=\"elementor-widget-container\">\n\t\t\t\t\t\t\t\t\t<p>Porzellankronen mit Metalllegierungen werden seit vielen Jahren verwendet. Da sie jedoch nicht die Lichtdurchl\u00e4ssigkeit nat\u00fcrlicher Z\u00e4hne aufweisen, hinterlassen sie beim Patienten ein leicht graues Ergebnis. Diese Metallkronen k\u00f6nnen mit der Zeit zu einer Ergrauung des Zahnfleisches f\u00fchren und auch allergische Reaktionen ausl\u00f6sen. In den letzten Jahren wurden neuere, ges\u00fcndere und wirksamere Materialien entdeckt, die den Patienten ein zufriedenstellenderes Endergebnis erm\u00f6glichen. Daher wird in der Zahnmedizin mittlerweile das gewebefreundliche Material Zirkonium verwendet. Zirkoniumbeschichtungen bieten mittlerweile eine \u00e4hnliche Festigkeit wie die fr\u00fcher verwendete Metalllegierung. Zirkonium ist lichtdurchl\u00e4ssig, verursacht keine Verf\u00e4rbungen des Zahnfleisches, ist antiallergisch und korrosionsbest\u00e4ndig und gilt seitdem als erste Wahl f\u00fcr Zahnrestaurationen.<\/p>\n<p><strong>Wann werden Zirkonkronen empfohlen?<\/strong><\/p>\n<ul>\n<li>Zirkonkronen werden im Allgemeinen aus \u00e4sthetischen Gr\u00fcnden verwendet, um ein perfektes L\u00e4cheln zu schaffen.<\/li>\n<li>Zum Abdecken oder Ersetzen von Z\u00e4hnen mit starken Verf\u00e4rbungen, die gegen Zahnaufhellungsverfahren resistent sind.<\/li>\n<li>Zur Behandlung genetisch bedingter Zahnverf\u00e4rbungen.<\/li>\n<li>Zur Korrektur von Diastemen oder schiefen Z\u00e4hnen als Alternative zur kieferorthop\u00e4dischen Behandlung.<\/li>\n<li>Zur Wiederherstellung von Z\u00e4hnen mit Karies oder mit F\u00fcllungen.<\/li>\n<li>Zur Wiederherstellung eines deformierten Zahns.<\/li>\n<li>Kann als Br\u00fccke oder Veneer f\u00fcr Backenz\u00e4hne verwendet werden.<\/li>\n<li>Als Frontprothese, die auf einem oder mehreren Implantaten befestigt ist.<\/li>\n<\/ul>\n<p><strong>Wie lange h\u00e4lt eine Zirkonkrone? Haltbarkeit?<\/strong><\/p>\n<p>Bei regelm\u00e4\u00dfigen zahn\u00e4rztlichen Kontrollen k\u00f6nnen Zirkonkronen viele Jahre halten. Nat\u00fcrliche Z\u00e4hne sind lebendes Gewebe und k\u00f6nnen sich mit der Zeit durch Abnutzung und Infektionen verformen. Zirkonkronen hingegen sind resistent gegen Ver\u00e4nderungen. Ver\u00e4nderungen der Mundstruktur im sp\u00e4teren Leben k\u00f6nnen jedoch eine Anpassung oder einen Austausch der Zirkonkrone erforderlich machen.<\/p>\n<p><strong>Entsteht beim Austausch der Zirkonkrone eine Besch\u00e4digung des darunterliegenden nat\u00fcrlichen Zahns?<\/strong><\/p>\n<p>Der Patient versp\u00fcrt beim Entfernen der Krone keine Beschwerden, und es kommt zu keinem Verlust des darunterliegenden nat\u00fcrlichen Zahngewebes.<\/p>\n<p><strong>Welche \u00e4sthetischen Vorteile bieten Zirkonkronen?<\/strong><\/p>\n<p>Dank der Lichtdurchl\u00e4ssigkeit des Zirkonmaterials sieht die Krone genauso nat\u00fcrlich aus wie die vorhandenen nat\u00fcrlichen Z\u00e4hne des Patienten. Licht dringt durch den Zahnschmelz gesunder Z\u00e4hne, wohingegen die metallische Basis herk\u00f6mmlicher Porzellankronen den Z\u00e4hnen ein undurchsichtiges, stumpfes und k\u00fcnstliches Aussehen verleiht. Zirkonkronen beseitigen diese \u00e4sthetischen Probleme.<\/p>\n<p><strong>Kann Zirkonoxid bei Metallallergien verwendet werden?<\/strong><\/p>\n<p>Eine Zirkonoxidkrone enth\u00e4lt kein Metall und verursacht daher keine allergischen Reaktionen.<\/p>\n<p><strong>Verursachen Zirkonoxidkronen sp\u00e4ter Verf\u00e4rbungen?<\/strong><\/p>\n<p>Die polierte und glatte Oberfl\u00e4che von Zirkonoxidkronen verhindert die Ansammlung von Plaque und verhindert auch Verf\u00e4rbungen durch Tee, Kaffee und Rauchen.<\/p>\n<p><strong>Beeintr\u00e4chtigt Zirkonoxid den Geschmackssinn oder verursacht es Mundgeruch?<\/strong><\/p>\n<p>Die Verwendung von Zirkonoxid hat keine negativen Auswirkungen auf den Mund des Patienten.<\/p>\n<p><strong>Wie wird eine Zirkonoxidkrone befestigt?<\/strong><\/p>\n<p>Die Oberfl\u00e4che des Mundes des Patienten Der nat\u00fcrliche Zahn wird leicht abgeschliffen. Dies kann zu einer Schwellung des umgebenden Zahnfleisches f\u00fchren. Sobald die Schwellung abgeklungen ist, wird ein Zahnabdruck genommen. In unserem hauseigenen Labor wird eine Zirkonoxidbasis in der Farbe der nat\u00fcrlichen Z\u00e4hne hergestellt. Diese wird anschlie\u00dfend mit dem Patienten anprobiert. Letzte Anpassungen werden vorgenommen, poliert und das Endergebnis dauerhaft zementiert. Der Patient kann die Zirkonoxidkrone dann wie seinen eigenen Zahn tragen.<\/p>\n<p><strong>Wie viel Zahnverlust ist w\u00e4hrend des Eingriffs erforderlich?<\/strong><\/p>\n<p>Wie bei der Vorbereitung f\u00fcr die Anbringung einer Porzellankrone mit Metalllegierungsbasis wird die Oberfl\u00e4che des nat\u00fcrlichen Zahns um etwa 1\u20132 mm abgeschliffen, wobei der Materialverlust etwas h\u00f6her ist als bei der Anbringung einer Porzellanlaminatkrone.<\/p>\n<p><strong>Ist der Eingriff schmerzhaft?<\/strong><\/p>\n<p>Der Eingriff wird unter \u00f6rtlicher Bet\u00e4ubung durchgef\u00fchrt. Anschlie\u00dfend wird eine provisorische Krone in der Farbe der eigenen Z\u00e4hne des Patienten angebracht, um K\u00e4lte- und W\u00e4rmeempfindlichkeiten vorzubeugen. Einige Patienten versp\u00fcren w\u00e4hrend des Eingriffs ein leichtes Kribbeln, im Allgemeinen verl\u00e4uft der Eingriff jedoch problemlos.<\/p>\n<p><strong>Treten w\u00e4hrend der Behandlung \u00e4sthetische Probleme auf?<\/strong><\/p>\n<p>F\u00fcr die Vorderz\u00e4hne wird eine tempor\u00e4re Zirkonkrone mit \u00e4hnlichem Design wie die endg\u00fcltige Zirkonkrone angebracht. Diese tempor\u00e4re Krone besteht aus Acryl und ist nicht besonders stabil; Farbe und Form sind jedoch sehr zufriedenstellend.<\/p>\n<p><strong>Kann eine Zirkonkrone brechen oder sich l\u00f6sen?<\/strong><\/p>\n<p>Zirkonkronen k\u00f6nnen rei\u00dfen oder brechen, wenndurch \u00fcberm\u00e4\u00dfige oder ung\u00fcnstige Krafteinwirkung, jedoch ist die Bruch- oder Rissgefahr \u00e4hnlich wie bei einem nat\u00fcrlichen Zahn. Diese Probleme k\u00f6nnen in unserer Klinik behandelt werden. Zirkonkronen k\u00f6nnen herausfallen, wenn der nat\u00fcrliche Zahn, der sie st\u00fctzt, kari\u00f6s wird. In solchen F\u00e4llen wird der Zahn, sofern m\u00f6glich, behandelt und die Krone wieder einzementiert.<\/p>\n<p><strong>K\u00f6nnen Zirkonkronen bei Zahnfleischerkrankungen eingesetzt werden?<\/strong><\/p>\n<p>Es gibt keinen Grund, nach ausreichender Behandlung der Zahnfleischerkrankung keine Zirkonkrone einzusetzen.<\/p>\n\t\t\t\t\t\t\t\t<\/div>\n\t\t\t\t<\/div>\n\t\t\t\t\t<\/div>\n\t\t\t\t<\/div>\n\t\t\t\t<\/div>\n\t\t","protected":false},"excerpt":{"rendered":"<p>Zirkonkronen roc cl\u0131n\u0131c Zirkonkronen Kontaktieren Sie uns Porzellankronen mit Metalllegierungen werden seit vielen Jahren verwendet. Da sie jedoch nicht die Lichtdurchl\u00e4ssigkeit nat\u00fcrlicher Z\u00e4hne aufweisen, hinterlassen sie beim Patienten ein leicht graues Ergebnis. Diese Metallkronen k\u00f6nnen mit der Zeit zu einer Ergrauung des Zahnfleisches f\u00fchren und auch allergische Reaktionen ausl\u00f6sen. In den letzten Jahren wurden neuere, [&hellip;]<\/p>\n","protected":false},"author":1,"featured_media":0,"parent":0,"menu_order":0,"comment_status":"closed","ping_status":"closed","template":"elementor_header_footer","meta":{"footnotes":""},"class_list":["post-1914","page","type-page","status-publish","hentry"],"_links":{"self":[{"href":"https:\/\/rocdentalturkey.com\/index.php\/wp-json\/wp\/v2\/pages\/1914","targetHints":{"allow":["GET"]}}],"collection":[{"href":"https:\/\/rocdentalturkey.com\/index.php\/wp-json\/wp\/v2\/pages"}],"about":[{"href":"https:\/\/rocdentalturkey.com\/index.php\/wp-json\/wp\/v2\/types\/page"}],"author":[{"embeddable":true,"href":"https:\/\/rocdentalturkey.com\/index.php\/wp-json\/wp\/v2\/users\/1"}],"replies":[{"embeddable":true,"href":"https:\/\/rocdentalturkey.com\/index.php\/wp-json\/wp\/v2\/comments?post=1914"}],"version-history":[{"count":1,"href":"https:\/\/rocdentalturkey.com\/index.php\/wp-json\/wp\/v2\/pages\/1914\/revisions"}],"predecessor-version":[{"id":1915,"href":"https:\/\/rocdentalturkey.com\/index.php\/wp-json\/wp\/v2\/pages\/1914\/revisions\/1915"}],"wp:attachment":[{"href":"https:\/\/rocdentalturkey.com\/index.php\/wp-json\/wp\/v2\/media?parent=1914"}],"curies":[{"name":"wp","href":"https:\/\/api.w.org\/{rel}","templated":true}]}}