{"id":1908,"date":"2025-03-18T13:44:43","date_gmt":"2025-03-18T13:44:43","guid":{"rendered":"https:\/\/rocdentalturkey.com\/index.php\/zahnaufhellung\/"},"modified":"2025-07-04T15:05:13","modified_gmt":"2025-07-04T15:05:13","slug":"zahnaufhellung","status":"publish","type":"page","link":"https:\/\/rocdentalturkey.com\/index.php\/zahnaufhellung\/?lang=de","title":{"rendered":"Zahnaufhellung"},"content":{"rendered":"<style>.elementor-1908 .elementor-element.elementor-element-79cdbf8 > .elementor-container{max-width:1170px;}.elementor-1908 .elementor-element.elementor-element-79cdbf8:not(.elementor-motion-effects-element-type-background), .elementor-1908 .elementor-element.elementor-element-79cdbf8 > .elementor-motion-effects-container > .elementor-motion-effects-layer{background-color:#000000;background-image:url(\"https:\/\/rocdentalturkey.com\/wp-content\/uploads\/2025\/03\/advice-of-dentist.jpg\");background-position:0px 65%;background-size:cover;}.elementor-1908 .elementor-element.elementor-element-79cdbf8 > .elementor-background-overlay{background-color:#000000;opacity:0.8;transition:background 0.3s, border-radius 0.3s, opacity 0.3s;}.elementor-1908 .elementor-element.elementor-element-79cdbf8{transition:background 0.3s, border 0.3s, border-radius 0.3s, box-shadow 0.3s;margin-top:0px;margin-bottom:0px;padding:140px 0px 140px 0px;}.elementor-1908 .elementor-element.elementor-element-03db280.elementor-column > .elementor-widget-wrap{justify-content:center;}.elementor-1908 .elementor-element.elementor-element-1cbd7cc{text-align:center;}.elementor-1908 .elementor-element.elementor-element-1cbd7cc .elementor-heading-title{font-family:\"Montserrat\", Sans-serif;font-size:32px;font-weight:700;text-transform:uppercase;line-height:1.2em;color:var( --e-global-color-c3e5fb3 );}.elementor-1908 .elementor-element.elementor-element-7adc2ab{--display:flex;--flex-direction:column;--container-widget-width:100%;--container-widget-height:initial;--container-widget-flex-grow:0;--container-widget-align-self:initial;--flex-wrap-mobile:wrap;--margin-top:60px;--margin-bottom:0px;--margin-left:0px;--margin-right:0px;}.elementor-1908 .elementor-element.elementor-element-85d231f{--display:flex;--flex-direction:row;--container-widget-width:initial;--container-widget-height:100%;--container-widget-flex-grow:1;--container-widget-align-self:stretch;--flex-wrap-mobile:wrap;--gap:0px 0px;--row-gap:0px;--column-gap:0px;--margin-top:20px;--margin-bottom:0px;--margin-left:0px;--margin-right:0px;}.elementor-1908 .elementor-element.elementor-element-48efdf4{--display:flex;--flex-direction:column;--container-widget-width:100%;--container-widget-height:initial;--container-widget-flex-grow:0;--container-widget-align-self:initial;--flex-wrap-mobile:wrap;}.elementor-1908 .elementor-element.elementor-element-3b80c80 .elementor-heading-title{font-family:\"Montserrat\", Sans-serif;font-size:14px;font-weight:600;text-transform:uppercase;line-height:1em;letter-spacing:1.5px;color:#20BBE4;}.elementor-1908 .elementor-element.elementor-element-61d45bb{text-align:start;}.elementor-1908 .elementor-element.elementor-element-61d45bb .elementor-heading-title{font-family:\"Montserrat\", Sans-serif;font-size:32px;font-weight:700;line-height:1.2em;color:var( --e-global-color-primary );}.elementor-1908 .elementor-element.elementor-element-6ce5412{--display:flex;--flex-direction:column;--container-widget-width:calc( ( 1 - var( --container-widget-flex-grow ) ) * 100% );--container-widget-height:initial;--container-widget-flex-grow:0;--container-widget-align-self:initial;--flex-wrap-mobile:wrap;--align-items:flex-end;}.elementor-1908 .elementor-element.elementor-element-90b9581 .elementor-button{font-family:var( --e-global-typography-9feda6e-font-family ), Sans-serif;font-size:var( --e-global-typography-9feda6e-font-size );font-weight:var( --e-global-typography-9feda6e-font-weight );text-transform:var( --e-global-typography-9feda6e-text-transform );line-height:var( --e-global-typography-9feda6e-line-height );letter-spacing:var( --e-global-typography-9feda6e-letter-spacing );word-spacing:var( --e-global-typography-9feda6e-word-spacing );fill:var( --e-global-color-c3e5fb3 );color:var( --e-global-color-c3e5fb3 );background-color:#20BBE4;border-radius:20px 20px 3px 3px;padding:20px 40px 20px 40px;}.elementor-1908 .elementor-element.elementor-element-90b9581 .elementor-button:hover, .elementor-1908 .elementor-element.elementor-element-90b9581 .elementor-button:focus{color:#20BBE4;background-color:var( --e-global-color-c3e5fb3 );}.elementor-1908 .elementor-element.elementor-element-90b9581 .elementor-button:hover svg, .elementor-1908 .elementor-element.elementor-element-90b9581 .elementor-button:focus svg{fill:#20BBE4;}.elementor-1908 .elementor-element.elementor-element-90b9581 > .elementor-widget-container{margin:20px 0px 0px 0px;}.elementor-1908 .elementor-element.elementor-element-0a93c6b{--display:flex;--flex-direction:column;--container-widget-width:100%;--container-widget-height:initial;--container-widget-flex-grow:0;--container-widget-align-self:initial;--flex-wrap-mobile:wrap;--margin-top:0px;--margin-bottom:50px;--margin-left:0px;--margin-right:0px;}.elementor-1908 .elementor-element.elementor-element-896b085{--divider-border-style:solid;--divider-color:#F7F7F7;--divider-border-width:1px;}.elementor-1908 .elementor-element.elementor-element-896b085 .elementor-divider-separator{width:100%;}.elementor-1908 .elementor-element.elementor-element-896b085 .elementor-divider{padding-block-start:2px;padding-block-end:2px;}.elementor-1908 .elementor-element.elementor-element-7f4c46a{font-family:\"Montserrat\", Sans-serif;font-size:16px;font-weight:400;line-height:1.5em;color:var( --e-global-color-text );}@media(min-width:768px){.elementor-1908 .elementor-element.elementor-element-48efdf4{--width:66.6666%;}.elementor-1908 .elementor-element.elementor-element-6ce5412{--width:33.3333%;}}@media(max-width:1024px){.elementor-1908 .elementor-element.elementor-element-79cdbf8:not(.elementor-motion-effects-element-type-background), .elementor-1908 .elementor-element.elementor-element-79cdbf8 > .elementor-motion-effects-container > .elementor-motion-effects-layer{background-position:0px 0px;}.elementor-1908 .elementor-element.elementor-element-79cdbf8{padding:120px 10px 120px 10px;}.elementor-1908 .elementor-element.elementor-element-90b9581 .elementor-button{font-size:var( --e-global-typography-9feda6e-font-size );line-height:var( --e-global-typography-9feda6e-line-height );letter-spacing:var( --e-global-typography-9feda6e-letter-spacing );word-spacing:var( --e-global-typography-9feda6e-word-spacing );}}@media(max-width:767px){.elementor-1908 .elementor-element.elementor-element-79cdbf8:not(.elementor-motion-effects-element-type-background), .elementor-1908 .elementor-element.elementor-element-79cdbf8 > .elementor-motion-effects-container > .elementor-motion-effects-layer{background-position:0px 0px;}.elementor-1908 .elementor-element.elementor-element-79cdbf8{padding:80px 10px 80px 10px;}.elementor-1908 .elementor-element.elementor-element-1cbd7cc .elementor-heading-title{font-size:24px;}.elementor-1908 .elementor-element.elementor-element-3b80c80 .elementor-heading-title{font-size:14px;}.elementor-1908 .elementor-element.elementor-element-61d45bb .elementor-heading-title{font-size:24px;}.elementor-1908 .elementor-element.elementor-element-90b9581 .elementor-button{font-size:var( --e-global-typography-9feda6e-font-size );line-height:var( --e-global-typography-9feda6e-line-height );letter-spacing:var( --e-global-typography-9feda6e-letter-spacing );word-spacing:var( --e-global-typography-9feda6e-word-spacing );}.elementor-1908 .elementor-element.elementor-element-7f4c46a{font-size:14px;}}<\/style>\t\t<div data-elementor-type=\"wp-page\" data-elementor-id=\"1908\" class=\"elementor elementor-1908 elementor-211\" data-elementor-post-type=\"page\">\n\t\t\t\t\t\t<section class=\"elementor-section elementor-top-section elementor-element elementor-element-79cdbf8 elementor-section-boxed elementor-section-height-default elementor-section-height-default\" data-id=\"79cdbf8\" data-element_type=\"section\" data-e-type=\"section\" data-settings=\"{&quot;background_background&quot;:&quot;classic&quot;}\">\n\t\t\t\t\t\t\t<div class=\"elementor-background-overlay\"><\/div>\n\t\t\t\t\t\t\t<div class=\"elementor-container elementor-column-gap-default\">\n\t\t\t\t\t<div class=\"elementor-column elementor-col-100 elementor-top-column elementor-element elementor-element-03db280\" data-id=\"03db280\" data-element_type=\"column\" data-e-type=\"column\">\n\t\t\t<div class=\"elementor-widget-wrap elementor-element-populated\">\n\t\t\t\t\t\t<div class=\"elementor-element elementor-element-1cbd7cc elementor-widget elementor-widget-heading\" data-id=\"1cbd7cc\" data-element_type=\"widget\" data-e-type=\"widget\" data-widget_type=\"heading.default\">\n\t\t\t\t<div class=\"elementor-widget-container\">\n\t\t\t\t\t<h2 class=\"elementor-heading-title elementor-size-default\">Zahnaufhellung<\/h2>\t\t\t\t<\/div>\n\t\t\t\t<\/div>\n\t\t\t\t\t<\/div>\n\t\t<\/div>\n\t\t\t\t\t<\/div>\n\t\t<\/section>\n\t\t<div class=\"elementor-element elementor-element-7adc2ab e-flex e-con-boxed e-con e-parent\" data-id=\"7adc2ab\" data-element_type=\"container\" data-e-type=\"container\">\n\t\t\t\t\t<div class=\"e-con-inner\">\n\t\t\t\t<div class=\"elementor-element elementor-element-e18c14c elementor-widget elementor-widget-image\" data-id=\"e18c14c\" data-element_type=\"widget\" data-e-type=\"widget\" data-widget_type=\"image.default\">\n\t\t\t\t<div class=\"elementor-widget-container\">\n\t\t\t\t\t\t\t\t\t\t\t\t\t\t\t<img decoding=\"async\" src=\"https:\/\/rocdentalturkey.com\/wp-content\/uploads\/elementor\/thumbs\/teeth-whitening-r4e1gi327vrv8fo9opbcnulyzvvphaoqb8zddmy1do.jpg\" title=\"woman teeth before and after whitening. Over white background\" alt=\"woman teeth before and after whitening. Over white background\" loading=\"lazy\" \/>\t\t\t\t\t\t\t\t\t\t\t\t\t\t\t<\/div>\n\t\t\t\t<\/div>\n\t\t\t\t\t<\/div>\n\t\t\t\t<\/div>\n\t\t<div class=\"elementor-element elementor-element-85d231f e-flex e-con-boxed e-con e-parent\" data-id=\"85d231f\" data-element_type=\"container\" data-e-type=\"container\">\n\t\t\t\t\t<div class=\"e-con-inner\">\n\t\t<div class=\"elementor-element elementor-element-48efdf4 e-con-full e-flex e-con e-child\" data-id=\"48efdf4\" data-element_type=\"container\" data-e-type=\"container\">\n\t\t\t\t<div class=\"elementor-element elementor-element-3b80c80 animated-slow elementor-invisible elementor-widget elementor-widget-heading\" data-id=\"3b80c80\" data-element_type=\"widget\" data-e-type=\"widget\" data-settings=\"{&quot;_animation&quot;:&quot;fadeInRight&quot;}\" data-widget_type=\"heading.default\">\n\t\t\t\t<div class=\"elementor-widget-container\">\n\t\t\t\t\t<h5 class=\"elementor-heading-title elementor-size-default\">roc cl\u0131n\u0131c<\/h5>\t\t\t\t<\/div>\n\t\t\t\t<\/div>\n\t\t\t\t<div class=\"elementor-element elementor-element-61d45bb elementor-widget elementor-widget-heading\" data-id=\"61d45bb\" data-element_type=\"widget\" data-e-type=\"widget\" data-widget_type=\"heading.default\">\n\t\t\t\t<div class=\"elementor-widget-container\">\n\t\t\t\t\t<h2 class=\"elementor-heading-title elementor-size-default\">Zahnaufhellung<\/h2>\t\t\t\t<\/div>\n\t\t\t\t<\/div>\n\t\t\t\t<\/div>\n\t\t<div class=\"elementor-element elementor-element-6ce5412 e-con-full e-flex e-con e-child\" data-id=\"6ce5412\" data-element_type=\"container\" data-e-type=\"container\">\n\t\t\t\t<div class=\"elementor-element elementor-element-90b9581 elementor-align-center elementor-widget elementor-widget-button\" data-id=\"90b9581\" data-element_type=\"widget\" data-e-type=\"widget\" data-widget_type=\"button.default\">\n\t\t\t\t<div class=\"elementor-widget-container\">\n\t\t\t\t\t\t\t\t\t<div class=\"elementor-button-wrapper\">\n\t\t\t\t\t<a class=\"elementor-button elementor-button-link elementor-size-sm elementor-animation-float\" href=\"https:\/\/rocdentalturkey.com\/index.php\/contact-us\/\">\n\t\t\t\t\t\t<span class=\"elementor-button-content-wrapper\">\n\t\t\t\t\t\t\t\t\t<span class=\"elementor-button-text\">Kontaktieren Sie uns<\/span>\n\t\t\t\t\t<\/span>\n\t\t\t\t\t<\/a>\n\t\t\t\t<\/div>\n\t\t\t\t\t\t\t\t<\/div>\n\t\t\t\t<\/div>\n\t\t\t\t<\/div>\n\t\t\t\t\t<\/div>\n\t\t\t\t<\/div>\n\t\t<div class=\"elementor-element elementor-element-0a93c6b e-flex e-con-boxed e-con e-parent\" data-id=\"0a93c6b\" data-element_type=\"container\" data-e-type=\"container\">\n\t\t\t\t\t<div class=\"e-con-inner\">\n\t\t\t\t<div class=\"elementor-element elementor-element-896b085 elementor-widget-divider--view-line elementor-widget elementor-widget-divider\" data-id=\"896b085\" data-element_type=\"widget\" data-e-type=\"widget\" data-widget_type=\"divider.default\">\n\t\t\t\t<div class=\"elementor-widget-container\">\n\t\t\t\t\t\t\t<div class=\"elementor-divider\">\n\t\t\t<span class=\"elementor-divider-separator\">\n\t\t\t\t\t\t<\/span>\n\t\t<\/div>\n\t\t\t\t\t\t<\/div>\n\t\t\t\t<\/div>\n\t\t\t\t<div class=\"elementor-element elementor-element-7f4c46a elementor-widget elementor-widget-text-editor\" data-id=\"7f4c46a\" data-element_type=\"widget\" data-e-type=\"widget\" data-widget_type=\"text-editor.default\">\n\t\t\t\t<div class=\"elementor-widget-container\">\n\t\t\t\t\t\t\t\t\t<p data-start=\"88\" data-end=\"537\">Ein <strong data-start=\"90\" data-end=\"116\">strahlenderes, wei\u00dferes L\u00e4cheln<\/strong> st\u00e4rkt Ihr Selbstvertrauen und versch\u00f6nert Ihr Erscheinungsbild. In der <strong data-start=\"183\" data-end=\"205\">ROC Clinic Antalya<\/strong> bieten wir <strong data-start=\"216\" data-end=\"255\">fortgeschrittene Zahnaufhellungsbehandlungen<\/strong> an, die Flecken, Verf\u00e4rbungen und Gelbf\u00e4rbung entfernen und Ihnen in nur einer Sitzung ein <strong data-start=\"326\" data-end=\"357\">strahlendes, langanhaltendes L\u00e4cheln<\/strong> schenken. Mit <strong data-start=\"385\" data-end=\"454\">modernster Aufhellungstechnologie und professionellen Formeln<\/strong> gew\u00e4hrleisten wir <strong data-start=\"466\" data-end=\"507\">sichere, wirksame und beeindruckende Ergebnisse<\/strong>, ohne Ihre Z\u00e4hne zu sch\u00e4digen.<\/p>\n<h4 data-start=\"539\" data-end=\"582\"><strong data-start=\"544\" data-end=\"580\">Was verursacht Zahnverf\u00e4rbungen?<\/strong><\/h4>\n<p data-start=\"583\" data-end=\"628\">Mit der Zeit k\u00f6nnen sich Z\u00e4hne aufgrund folgender Faktoren verf\u00e4rben:<\/p>\n<ul data-start=\"629\" data-end=\"786\">\n<li data-start=\"629\" data-end=\"671\"><strong data-start=\"631\" data-end=\"669\">Kaffee, Tee, Rotwein und Rauchen<\/strong><\/li>\n<li data-start=\"672\" data-end=\"709\"><strong data-start=\"674\" data-end=\"707\">Alterung und nat\u00fcrlicher Zahnschmelzverschlei\u00df<\/strong><\/li>\n<li data-start=\"710\" data-end=\"735\"><strong data-start=\"712\" data-end=\"733\">Schlechte Mundhygiene<\/strong><\/li>\n<li data-start=\"736\" data-end=\"786\"><strong data-start=\"738\" data-end=\"784\">Bestimmte Medikamente und Erkrankungen<\/strong><\/li>\n<\/ul>\n<p data-start=\"788\" data-end=\"948\">Unsere professionellen <strong data-start=\"805\" data-end=\"835\">Zahnaufhellungsbehandlungen<\/strong> entfernen effektiv tiefe Flecken und Verf\u00e4rbungen und geben Ihren Z\u00e4hnen ihre <strong data-start=\"914\" data-end=\"945\">nat\u00fcrliche Wei\u00dfe oder sogar noch mehr<\/strong> zur\u00fcck.<\/p>\n<p><strong>Zwei Gr\u00fcnde f\u00fcr Verf\u00e4rbungen Z\u00e4hne;<\/strong><\/p>\n<p><strong>Innere Verf\u00e4rbung<\/strong><\/p>\n<p>Wenn die Z\u00e4hne des Patienten trotz angemessener Mund- und Zahnpflege (wie Z\u00e4hneputzen und Zahnseide) nicht wei\u00dfer werden, ist die Verf\u00e4rbung wahrscheinlich auf verschiedene Medikamente, eine angeborene St\u00f6rung oder die Einnahme von Antibiotika zur\u00fcckzuf\u00fchren.<\/p>\n<p><strong>\u00c4u\u00dfere Verf\u00e4rbung<\/strong><\/p>\n<p>Verf\u00e4rbungen und Gelbf\u00e4rbungen der Z\u00e4hne k\u00f6nnen durch schlechte Mundhygiene, Rauchen, h\u00e4ufiges Trinken von Tee, Kaffee und s\u00e4ure- und zuckerhaltigen Getr\u00e4nken verursacht werden.<\/p>\n<p>\u00a0<\/p>\n<p><strong>Wie wendet man eine Zahnaufhellung zu Hause an?<\/strong><\/p>\n<p>Der Zahnarzt nimmt einen Abdruck der Z\u00e4hne des Patienten und bereitet spezielle Schienen vor, denen ein Bleichgel zur sp\u00e4teren Verwendung hinzugef\u00fcgt wird. Der Zahnarzt gibt dem Patienten Anweisungen zur Verwendung der Schienen, aber im Allgemeinen beh\u00e4lt der Patient eine vorbereitete Schiene vier bis zehn Stunden t\u00e4glich im Mund, wobei die Behandlung zwei bis drei Wochen dauert.<\/p>\n<p><strong>Das Zahnaufhellungsverfahren in unserer Klinik;<\/strong><\/p>\n<p>Das Verfahren umfasst die Reinigung und Kontrolle der Z\u00e4hne des Patienten durch unseren Zahnarzt. Das Zahnfleisch des Patienten wird dann gesch\u00fctzt, bevor ein Zahnaufhellungsgel auf die Z\u00e4hne aufgetragen wird. Bei dieser klinisch angewandten Bleichmethode reinigt der Zahnarzt die Z\u00e4hne des Patienten gr\u00fcndlich, bevor er ein Bleichgel auftr\u00e4gt. Dieses Gel wird durch Bestrahlen mit UV-Licht oder Laser aktiviert und hellt so die Z\u00e4hne auf.<\/p>\n<h4 data-start=\"950\" data-end=\"995\"><strong data-start=\"955\" data-end=\"993\">Von uns angebotene Arten der Zahnaufhellung:<\/strong><\/h4>\n<p data-start=\"996\" data-end=\"1367\">\u2714 <strong data-start=\"998\" data-end=\"1021\">In-Office-Bleaching<\/strong> \u2013 Eine schnelle und wirkungsvolle Behandlung mit <strong data-start=\"1060\" data-end=\"1115\">hochkonzentriertem Aufhellungsgel und LED-Technologie<\/strong> f\u00fcr sofortige Ergebnisse.<br data-start=\"1138\" data-end=\"1141\" \/>\u2714 <strong data-start=\"1143\" data-end=\"1168\">Laser-Zahnaufhellung<\/strong> \u2013 Verwendet <strong data-start=\"1176\" data-end=\"1205\">fortschrittliche Lasertechnologie<\/strong> zur Verbesserung und Beschleunigung des Aufhellungsprozesses.<br data-start=\"1254\" data-end=\"1257\" \/>\u2714 <strong data-start=\"1259\" data-end=\"1287\">Aufhellungssets f\u00fcr zu Hause<\/strong> \u2013 Ma\u00dfgefertigte Aufhellungsschienen mit professionellem Gel f\u00fcr die Anwendung zu Hause.<\/p>\n<h4 data-start=\"1369\" data-end=\"1420\"><strong data-start=\"1374\" data-end=\"1418\">Vorteile der professionellen Zahnaufhellung<\/strong><\/h4>\n<p data-start=\"1421\" data-end=\"1933\">\u2714 <strong data-start=\"1423\" data-end=\"1455\">Sofort &amp; Sp\u00fcrbare Ergebnisse<\/strong> \u2013 Bis zu <strong data-start=\"1464\" data-end=\"1503\">8 Nuancen wei\u00dfer in nur einer Sitzung<\/strong>.<br data-start=\"1504\" data-end=\"1507\" \/>\u2714 <strong data-start=\"1509\" data-end=\"1539\">Sicher &amp; Effektive Behandlung<\/strong> \u2013 Durchgef\u00fchrt von <strong data-start=\"1555\" data-end=\"1579\">Zahn\u00e4rzten<\/strong>, wodurch die Zahnempfindlichkeit minimiert wird.<br data-start=\"1610\" data-end=\"1613\" \/>\u2714 <strong data-start=\"1615\" data-end=\"1641\">Lang anhaltende Wei\u00dfe<\/strong> \u2013 Die Ergebnisse k\u00f6nnen bei richtiger Pflege <strong data-start=\"1661\" data-end=\"1680\">Monate bis Jahre<\/strong> anhalten.<br data-start=\"1698\" data-end=\"1701\" \/>\u2714 <strong data-start=\"1703\" data-end=\"1729\">Gleichm\u00e4\u00dfiges und nat\u00fcrliches Ausseheng<\/strong> \u2013 Anders als rezeptfreie Produkte liefert professionelles Bleaching <strong data-start=\"1798\" data-end=\"1830\">gleichm\u00e4\u00dfige, streifenfreie Ergebnisse<\/strong>.<br data-start=\"1831\" data-end=\"1834\" \/>\u2714 <strong data-start=\"1836\" data-end=\"1870\">St\u00e4rkt das Selbstvertrauen &amp; \u00c4sthetik<\/strong> \u2013 Ein wei\u00dferes L\u00e4cheln verbessert die <strong data-start=\"1897\" data-end=\"1930\">Sch\u00f6nheit des Gesichts und das Selbstwertgef\u00fchl<\/strong>.<\/p>\n<h4 data-start=\"1935\" data-end=\"1976\"><strong data-start=\"1940\" data-end=\"1974\">Warum die ROC Clinic Antalya w\u00e4hlen?<\/strong><\/h4>\n<p data-start=\"1977\" data-end=\"2308\">In der <strong data-start=\"1980\" data-end=\"2002\">ROC Clinic Antalya<\/strong> verwenden wir <strong data-start=\"2011\" data-end=\"2072\">fortschrittliche Aufhellungstechnologie und Materialien h\u00f6chster Qualit\u00e4t<\/strong>, um <strong data-start=\"2083\" data-end=\"2130\">sichere, wirksame und angenehme Behandlungen<\/strong> zu gew\u00e4hrleisten. Unsere Spezialisten passen jeden Aufhellungsvorgang individuell an <strong data-start=\"2194\" data-end=\"2245\">Ihren individuellen Zahnton und Ihre Zahnempfindlichkeit<\/strong> an und gew\u00e4hrleisten so <strong data-start=\"2256\" data-end=\"2305\">optimale Ergebnisse ohne Sch\u00e4den an Ihrem Zahnschmelz<\/strong>.<\/p>\n<p data-start=\"2310\" data-end=\"2481\">Im Gegensatz zu vielen teuren Zahnaufhellungskliniken bieten wir <strong data-start=\"2362\" data-end=\"2410\">erschwingliche, qualitativ hochwertige Aufhellungsl\u00f6sungen<\/strong>, sodass Sie <strong data-start=\"2423\" data-end=\"2478\">ein Hollywood-reifes L\u00e4cheln erzielen k\u00f6nnen, ohne zu viel zu bezahlen<\/strong>.<\/p>\n<h4 data-start=\"2483\" data-end=\"2536\"><strong data-start=\"2488\" data-end=\"2534\">Holen Sie sich das strahlende L\u00e4cheln, das Sie verdienen!<\/strong><\/h4>\n<p data-start=\"2537\" data-end=\"2783\" data-is-last-node=\"\" data-is-only-node=\"\">Wenn Sie bereit sind, <strong data-start=\"2556\" data-end=\"2619\">Verf\u00e4rbungen zu entfernen, Ihr L\u00e4cheln zu versch\u00f6nern und Ihr Selbstvertrauen zu st\u00e4rken<\/strong>, sind unsere <strong data-start=\"2625\" data-end=\"2690\">professionellen Zahnaufhellungsbehandlungen in der ROC Clinic Antalya<\/strong> die perfekte L\u00f6sung. <strong data-start=\"2717\" data-end=\"2783\" data-is-last-node=\"\">Buchen Sie noch heute Ihren Termin und zeigen Sie ein wei\u00dferes, strahlenderes Ich!<\/strong><\/p>\n\t\t\t\t\t\t\t\t<\/div>\n\t\t\t\t<\/div>\n\t\t\t\t\t<\/div>\n\t\t\t\t<\/div>\n\t\t\t\t<\/div>\n\t\t","protected":false},"excerpt":{"rendered":"<p>Zahnaufhellung roc cl\u0131n\u0131c Zahnaufhellung Kontaktieren Sie uns Ein strahlenderes, wei\u00dferes L\u00e4cheln st\u00e4rkt Ihr Selbstvertrauen und versch\u00f6nert Ihr Erscheinungsbild. In der ROC Clinic Antalya bieten wir fortgeschrittene Zahnaufhellungsbehandlungen an, die Flecken, Verf\u00e4rbungen und Gelbf\u00e4rbung entfernen und Ihnen in nur einer Sitzung ein strahlendes, langanhaltendes L\u00e4cheln schenken. Mit modernster Aufhellungstechnologie und professionellen Formeln gew\u00e4hrleisten wir sichere, wirksame [&hellip;]<\/p>\n","protected":false},"author":1,"featured_media":0,"parent":0,"menu_order":0,"comment_status":"closed","ping_status":"closed","template":"elementor_header_footer","meta":{"footnotes":""},"class_list":["post-1908","page","type-page","status-publish","hentry"],"_links":{"self":[{"href":"https:\/\/rocdentalturkey.com\/index.php\/wp-json\/wp\/v2\/pages\/1908","targetHints":{"allow":["GET"]}}],"collection":[{"href":"https:\/\/rocdentalturkey.com\/index.php\/wp-json\/wp\/v2\/pages"}],"about":[{"href":"https:\/\/rocdentalturkey.com\/index.php\/wp-json\/wp\/v2\/types\/page"}],"author":[{"embeddable":true,"href":"https:\/\/rocdentalturkey.com\/index.php\/wp-json\/wp\/v2\/users\/1"}],"replies":[{"embeddable":true,"href":"https:\/\/rocdentalturkey.com\/index.php\/wp-json\/wp\/v2\/comments?post=1908"}],"version-history":[{"count":1,"href":"https:\/\/rocdentalturkey.com\/index.php\/wp-json\/wp\/v2\/pages\/1908\/revisions"}],"predecessor-version":[{"id":1909,"href":"https:\/\/rocdentalturkey.com\/index.php\/wp-json\/wp\/v2\/pages\/1908\/revisions\/1909"}],"wp:attachment":[{"href":"https:\/\/rocdentalturkey.com\/index.php\/wp-json\/wp\/v2\/media?parent=1908"}],"curies":[{"name":"wp","href":"https:\/\/api.w.org\/{rel}","templated":true}]}}