{"id":1896,"date":"2025-03-18T13:39:28","date_gmt":"2025-03-18T13:39:28","guid":{"rendered":"https:\/\/rocdentalturkey.com\/index.php\/multi-unit-abutment-fuer-zahnimplantate\/"},"modified":"2025-07-04T15:02:42","modified_gmt":"2025-07-04T15:02:42","slug":"multi-unit-abutment-fuer-zahnimplantate","status":"publish","type":"page","link":"https:\/\/rocdentalturkey.com\/index.php\/multi-unit-abutment-fuer-zahnimplantate\/?lang=de","title":{"rendered":"Multi-Unit-Abutment f\u00fcr Zahnimplantate"},"content":{"rendered":"<style>.elementor-1896 .elementor-element.elementor-element-79cdbf8 > .elementor-container{max-width:1170px;}.elementor-1896 .elementor-element.elementor-element-79cdbf8:not(.elementor-motion-effects-element-type-background), .elementor-1896 .elementor-element.elementor-element-79cdbf8 > .elementor-motion-effects-container > .elementor-motion-effects-layer{background-color:#000000;background-image:url(\"https:\/\/rocdentalturkey.com\/wp-content\/uploads\/2025\/03\/advice-of-dentist.jpg\");background-position:0px 65%;background-size:cover;}.elementor-1896 .elementor-element.elementor-element-79cdbf8 > .elementor-background-overlay{background-color:#000000;opacity:0.8;transition:background 0.3s, border-radius 0.3s, opacity 0.3s;}.elementor-1896 .elementor-element.elementor-element-79cdbf8{transition:background 0.3s, border 0.3s, border-radius 0.3s, box-shadow 0.3s;margin-top:0px;margin-bottom:0px;padding:140px 0px 140px 0px;}.elementor-1896 .elementor-element.elementor-element-03db280.elementor-column > .elementor-widget-wrap{justify-content:center;}.elementor-1896 .elementor-element.elementor-element-1cbd7cc{text-align:center;}.elementor-1896 .elementor-element.elementor-element-1cbd7cc .elementor-heading-title{font-family:\"Montserrat\", Sans-serif;font-size:32px;font-weight:700;text-transform:uppercase;line-height:1.2em;color:var( --e-global-color-c3e5fb3 );}.elementor-1896 .elementor-element.elementor-element-7adc2ab{--display:flex;--flex-direction:column;--container-widget-width:100%;--container-widget-height:initial;--container-widget-flex-grow:0;--container-widget-align-self:initial;--flex-wrap-mobile:wrap;--margin-top:60px;--margin-bottom:0px;--margin-left:0px;--margin-right:0px;}.elementor-1896 .elementor-element.elementor-element-85d231f{--display:flex;--flex-direction:row;--container-widget-width:initial;--container-widget-height:100%;--container-widget-flex-grow:1;--container-widget-align-self:stretch;--flex-wrap-mobile:wrap;--gap:0px 0px;--row-gap:0px;--column-gap:0px;--margin-top:20px;--margin-bottom:0px;--margin-left:0px;--margin-right:0px;}.elementor-1896 .elementor-element.elementor-element-48efdf4{--display:flex;--flex-direction:column;--container-widget-width:100%;--container-widget-height:initial;--container-widget-flex-grow:0;--container-widget-align-self:initial;--flex-wrap-mobile:wrap;}.elementor-1896 .elementor-element.elementor-element-3b80c80 .elementor-heading-title{font-family:\"Montserrat\", Sans-serif;font-size:14px;font-weight:600;text-transform:uppercase;line-height:1em;letter-spacing:1.5px;color:#20BBE4;}.elementor-1896 .elementor-element.elementor-element-61d45bb{text-align:start;}.elementor-1896 .elementor-element.elementor-element-61d45bb .elementor-heading-title{font-family:\"Montserrat\", Sans-serif;font-size:32px;font-weight:700;line-height:1.2em;color:var( --e-global-color-primary );}.elementor-1896 .elementor-element.elementor-element-6ce5412{--display:flex;--flex-direction:column;--container-widget-width:calc( ( 1 - var( --container-widget-flex-grow ) ) * 100% );--container-widget-height:initial;--container-widget-flex-grow:0;--container-widget-align-self:initial;--flex-wrap-mobile:wrap;--align-items:flex-end;}.elementor-1896 .elementor-element.elementor-element-90b9581 .elementor-button{font-family:var( --e-global-typography-9feda6e-font-family ), Sans-serif;font-size:var( --e-global-typography-9feda6e-font-size );font-weight:var( --e-global-typography-9feda6e-font-weight );text-transform:var( --e-global-typography-9feda6e-text-transform );line-height:var( --e-global-typography-9feda6e-line-height );letter-spacing:var( --e-global-typography-9feda6e-letter-spacing );word-spacing:var( --e-global-typography-9feda6e-word-spacing );fill:var( --e-global-color-c3e5fb3 );color:var( --e-global-color-c3e5fb3 );background-color:#20BBE4;border-radius:20px 20px 3px 3px;padding:20px 40px 20px 40px;}.elementor-1896 .elementor-element.elementor-element-90b9581 .elementor-button:hover, .elementor-1896 .elementor-element.elementor-element-90b9581 .elementor-button:focus{color:#20BBE4;background-color:var( --e-global-color-c3e5fb3 );}.elementor-1896 .elementor-element.elementor-element-90b9581 .elementor-button:hover svg, .elementor-1896 .elementor-element.elementor-element-90b9581 .elementor-button:focus svg{fill:#20BBE4;}.elementor-1896 .elementor-element.elementor-element-90b9581 > .elementor-widget-container{margin:20px 0px 0px 0px;}.elementor-1896 .elementor-element.elementor-element-0a93c6b{--display:flex;--flex-direction:column;--container-widget-width:100%;--container-widget-height:initial;--container-widget-flex-grow:0;--container-widget-align-self:initial;--flex-wrap-mobile:wrap;--margin-top:0px;--margin-bottom:50px;--margin-left:0px;--margin-right:0px;}.elementor-1896 .elementor-element.elementor-element-896b085{--divider-border-style:solid;--divider-color:#F7F7F7;--divider-border-width:1px;}.elementor-1896 .elementor-element.elementor-element-896b085 .elementor-divider-separator{width:100%;}.elementor-1896 .elementor-element.elementor-element-896b085 .elementor-divider{padding-block-start:2px;padding-block-end:2px;}.elementor-1896 .elementor-element.elementor-element-7f4c46a{font-family:\"Montserrat\", Sans-serif;font-size:16px;font-weight:400;line-height:1.5em;color:var( --e-global-color-text );}@media(min-width:768px){.elementor-1896 .elementor-element.elementor-element-48efdf4{--width:66.6666%;}.elementor-1896 .elementor-element.elementor-element-6ce5412{--width:33.3333%;}}@media(max-width:1024px){.elementor-1896 .elementor-element.elementor-element-79cdbf8:not(.elementor-motion-effects-element-type-background), .elementor-1896 .elementor-element.elementor-element-79cdbf8 > .elementor-motion-effects-container > .elementor-motion-effects-layer{background-position:0px 0px;}.elementor-1896 .elementor-element.elementor-element-79cdbf8{padding:120px 10px 120px 10px;}.elementor-1896 .elementor-element.elementor-element-90b9581 .elementor-button{font-size:var( --e-global-typography-9feda6e-font-size );line-height:var( --e-global-typography-9feda6e-line-height );letter-spacing:var( --e-global-typography-9feda6e-letter-spacing );word-spacing:var( --e-global-typography-9feda6e-word-spacing );}}@media(max-width:767px){.elementor-1896 .elementor-element.elementor-element-79cdbf8:not(.elementor-motion-effects-element-type-background), .elementor-1896 .elementor-element.elementor-element-79cdbf8 > .elementor-motion-effects-container > .elementor-motion-effects-layer{background-position:0px 0px;}.elementor-1896 .elementor-element.elementor-element-79cdbf8{padding:80px 10px 80px 10px;}.elementor-1896 .elementor-element.elementor-element-1cbd7cc .elementor-heading-title{font-size:24px;}.elementor-1896 .elementor-element.elementor-element-3b80c80 .elementor-heading-title{font-size:14px;}.elementor-1896 .elementor-element.elementor-element-61d45bb .elementor-heading-title{font-size:24px;}.elementor-1896 .elementor-element.elementor-element-90b9581 .elementor-button{font-size:var( --e-global-typography-9feda6e-font-size );line-height:var( --e-global-typography-9feda6e-line-height );letter-spacing:var( --e-global-typography-9feda6e-letter-spacing );word-spacing:var( --e-global-typography-9feda6e-word-spacing );}.elementor-1896 .elementor-element.elementor-element-7f4c46a{font-size:14px;}}<\/style>\t\t<div data-elementor-type=\"wp-page\" data-elementor-id=\"1896\" class=\"elementor elementor-1896 elementor-191\" data-elementor-post-type=\"page\">\n\t\t\t\t\t\t<section class=\"elementor-section elementor-top-section elementor-element elementor-element-79cdbf8 elementor-section-boxed elementor-section-height-default elementor-section-height-default\" data-id=\"79cdbf8\" data-element_type=\"section\" data-e-type=\"section\" data-settings=\"{&quot;background_background&quot;:&quot;classic&quot;}\">\n\t\t\t\t\t\t\t<div class=\"elementor-background-overlay\"><\/div>\n\t\t\t\t\t\t\t<div class=\"elementor-container elementor-column-gap-default\">\n\t\t\t\t\t<div class=\"elementor-column elementor-col-100 elementor-top-column elementor-element elementor-element-03db280\" data-id=\"03db280\" data-element_type=\"column\" data-e-type=\"column\">\n\t\t\t<div class=\"elementor-widget-wrap elementor-element-populated\">\n\t\t\t\t\t\t<div class=\"elementor-element elementor-element-1cbd7cc elementor-widget elementor-widget-heading\" data-id=\"1cbd7cc\" data-element_type=\"widget\" data-e-type=\"widget\" data-widget_type=\"heading.default\">\n\t\t\t\t<div class=\"elementor-widget-container\">\n\t\t\t\t\t<h2 class=\"elementor-heading-title elementor-size-default\">Multi-Unit-Abutment f\u00fcr Zahnimplantate<\/h2>\t\t\t\t<\/div>\n\t\t\t\t<\/div>\n\t\t\t\t\t<\/div>\n\t\t<\/div>\n\t\t\t\t\t<\/div>\n\t\t<\/section>\n\t\t<div class=\"elementor-element elementor-element-7adc2ab e-flex e-con-boxed e-con e-parent\" data-id=\"7adc2ab\" data-element_type=\"container\" data-e-type=\"container\">\n\t\t\t\t\t<div class=\"e-con-inner\">\n\t\t\t\t<div class=\"elementor-element elementor-element-e18c14c elementor-widget elementor-widget-image\" data-id=\"e18c14c\" data-element_type=\"widget\" data-e-type=\"widget\" data-widget_type=\"image.default\">\n\t\t\t\t<div class=\"elementor-widget-container\">\n\t\t\t\t\t\t\t\t\t\t\t\t\t\t\t<img decoding=\"async\" src=\"https:\/\/rocdentalturkey.com\/wp-content\/uploads\/elementor\/thumbs\/klinik-2_2-Large-r4coj2ez2ki2mq998b9t5cbo3trr4fwssyczsqn5h8.jpg\" title=\"klinik 2_2 (Large)\" alt=\"klinik 2_2 (Large)\" loading=\"lazy\" \/>\t\t\t\t\t\t\t\t\t\t\t\t\t\t\t<\/div>\n\t\t\t\t<\/div>\n\t\t\t\t\t<\/div>\n\t\t\t\t<\/div>\n\t\t<div class=\"elementor-element elementor-element-85d231f e-flex e-con-boxed e-con e-parent\" data-id=\"85d231f\" data-element_type=\"container\" data-e-type=\"container\">\n\t\t\t\t\t<div class=\"e-con-inner\">\n\t\t<div class=\"elementor-element elementor-element-48efdf4 e-con-full e-flex e-con e-child\" data-id=\"48efdf4\" data-element_type=\"container\" data-e-type=\"container\">\n\t\t\t\t<div class=\"elementor-element elementor-element-3b80c80 animated-slow elementor-invisible elementor-widget elementor-widget-heading\" data-id=\"3b80c80\" data-element_type=\"widget\" data-e-type=\"widget\" data-settings=\"{&quot;_animation&quot;:&quot;fadeInRight&quot;}\" data-widget_type=\"heading.default\">\n\t\t\t\t<div class=\"elementor-widget-container\">\n\t\t\t\t\t<h5 class=\"elementor-heading-title elementor-size-default\">roc cl\u0131n\u0131c<\/h5>\t\t\t\t<\/div>\n\t\t\t\t<\/div>\n\t\t\t\t<div class=\"elementor-element elementor-element-61d45bb elementor-widget elementor-widget-heading\" data-id=\"61d45bb\" data-element_type=\"widget\" data-e-type=\"widget\" data-widget_type=\"heading.default\">\n\t\t\t\t<div class=\"elementor-widget-container\">\n\t\t\t\t\t<h2 class=\"elementor-heading-title elementor-size-default\">Multi-Unit-Abutment f\u00fcr Zahnimplantate<\/h2>\t\t\t\t<\/div>\n\t\t\t\t<\/div>\n\t\t\t\t<\/div>\n\t\t<div class=\"elementor-element elementor-element-6ce5412 e-con-full e-flex e-con e-child\" data-id=\"6ce5412\" data-element_type=\"container\" data-e-type=\"container\">\n\t\t\t\t<div class=\"elementor-element elementor-element-90b9581 elementor-align-center elementor-widget elementor-widget-button\" data-id=\"90b9581\" data-element_type=\"widget\" data-e-type=\"widget\" data-widget_type=\"button.default\">\n\t\t\t\t<div class=\"elementor-widget-container\">\n\t\t\t\t\t\t\t\t\t<div class=\"elementor-button-wrapper\">\n\t\t\t\t\t<a class=\"elementor-button elementor-button-link elementor-size-sm elementor-animation-float\" href=\"https:\/\/rocdentalturkey.com\/index.php\/kontaktieren-sie-uns\/?lang=de\">\n\t\t\t\t\t\t<span class=\"elementor-button-content-wrapper\">\n\t\t\t\t\t\t\t\t\t<span class=\"elementor-button-text\">Kontaktieren Sie uns<\/span>\n\t\t\t\t\t<\/span>\n\t\t\t\t\t<\/a>\n\t\t\t\t<\/div>\n\t\t\t\t\t\t\t\t<\/div>\n\t\t\t\t<\/div>\n\t\t\t\t<\/div>\n\t\t\t\t\t<\/div>\n\t\t\t\t<\/div>\n\t\t<div class=\"elementor-element elementor-element-0a93c6b e-flex e-con-boxed e-con e-parent\" data-id=\"0a93c6b\" data-element_type=\"container\" data-e-type=\"container\">\n\t\t\t\t\t<div class=\"e-con-inner\">\n\t\t\t\t<div class=\"elementor-element elementor-element-896b085 elementor-widget-divider--view-line elementor-widget elementor-widget-divider\" data-id=\"896b085\" data-element_type=\"widget\" data-e-type=\"widget\" data-widget_type=\"divider.default\">\n\t\t\t\t<div class=\"elementor-widget-container\">\n\t\t\t\t\t\t\t<div class=\"elementor-divider\">\n\t\t\t<span class=\"elementor-divider-separator\">\n\t\t\t\t\t\t<\/span>\n\t\t<\/div>\n\t\t\t\t\t\t<\/div>\n\t\t\t\t<\/div>\n\t\t\t\t<div class=\"elementor-element elementor-element-7f4c46a elementor-widget elementor-widget-text-editor\" data-id=\"7f4c46a\" data-element_type=\"widget\" data-e-type=\"widget\" data-widget_type=\"text-editor.default\">\n\t\t\t\t<div class=\"elementor-widget-container\">\n\t\t\t\t\t\t\t\t\t<p>Multi-Unit-Abutments werden auch bei den Behandlungsmethoden All on 4, All on 6, All on 7 und All on 8 verwendet und erm\u00f6glichen zahnlosen Patienten mit implantatgetragenem Zahnersatz ein nat\u00fcrliches Aussehen ihrer Z\u00e4hne. Dank der Vorteile dieser speziellen Abutments k\u00f6nnen Implantate sicher in zahnlosen Bereichen eingesetzt und festsitzender Zahnersatz erstellt werden, den die Patienten ihr Leben lang mit hohem Tragekomfort tragen k\u00f6nnen. So werden die Kaufunktion und das \u00e4sthetische Erscheinungsbild zahnloser Patienten wiederhergestellt. <\/p>\n<p>Es ist sehr wichtig, dass die Implantatbehandlung f\u00fcr die Patienten angenehm und komfortabel ist. Bei Behandlungsmethoden mit Multi-Abutments wird der Behandlungsverlauf der Patienten mit minimalem chirurgischen Eingriff abgeschlossen. Sofort, d.\u00a0h. w\u00e4hrend des ersten Besuchs, wird die Prothese belastet und die Kaufunktion sowie die \u00c4sthetik des Patienten werden wiederhergestellt. Die Implantate werden innerhalb kurzer Zeit nach dem ersten Besuch eingesetzt und beim zweiten Besuch ist kein chirurgischer Eingriff erforderlich. Infolgedessen verk\u00fcrzt die korrekte Platzierung von Implantaten und die Verwendung von Multi-Unit-Abutments zusammen mit einer korrekten Behandlungsplanung den Behandlungsverlauf der Patienten und bietet einen vorhersehbareren und angenehmeren Behandlungsverlauf.<\/p>\n<p><strong>Vorteile von Multi-Unit-Abutments<\/strong><\/p>\n<ul>\n<li>Es bietet die M\u00f6glichkeit der Platzierung in verschiedenen Winkeln.<\/li>\n<li>Bei H\u00f6henunterschieden stabilisiert es die Restauration und verteilt die Kraft w\u00e4hrend der Kaufunktion gleichm\u00e4\u00dfig.<\/li>\n<li>Bei Patienten mit Sofortimplantation ist beim zweiten Besuch kein chirurgischer Eingriff erforderlich.<\/li>\n<li>Verbessert die \u00c4sthetik dank kleinerer Schraubenl\u00f6cher.<\/li>\n<\/ul>\n\t\t\t\t\t\t\t\t<\/div>\n\t\t\t\t<\/div>\n\t\t\t\t\t<\/div>\n\t\t\t\t<\/div>\n\t\t\t\t<\/div>\n\t\t","protected":false},"excerpt":{"rendered":"<p>Multi-Unit-Abutment f\u00fcr Zahnimplantate roc cl\u0131n\u0131c Multi-Unit-Abutment f\u00fcr Zahnimplantate Kontaktieren Sie uns Multi-Unit-Abutments werden auch bei den Behandlungsmethoden All on 4, All on 6, All on 7 und All on 8 verwendet und erm\u00f6glichen zahnlosen Patienten mit implantatgetragenem Zahnersatz ein nat\u00fcrliches Aussehen ihrer Z\u00e4hne. Dank der Vorteile dieser speziellen Abutments k\u00f6nnen Implantate sicher in zahnlosen Bereichen [&hellip;]<\/p>\n","protected":false},"author":1,"featured_media":0,"parent":0,"menu_order":0,"comment_status":"closed","ping_status":"closed","template":"elementor_header_footer","meta":{"footnotes":""},"class_list":["post-1896","page","type-page","status-publish","hentry"],"_links":{"self":[{"href":"https:\/\/rocdentalturkey.com\/index.php\/wp-json\/wp\/v2\/pages\/1896","targetHints":{"allow":["GET"]}}],"collection":[{"href":"https:\/\/rocdentalturkey.com\/index.php\/wp-json\/wp\/v2\/pages"}],"about":[{"href":"https:\/\/rocdentalturkey.com\/index.php\/wp-json\/wp\/v2\/types\/page"}],"author":[{"embeddable":true,"href":"https:\/\/rocdentalturkey.com\/index.php\/wp-json\/wp\/v2\/users\/1"}],"replies":[{"embeddable":true,"href":"https:\/\/rocdentalturkey.com\/index.php\/wp-json\/wp\/v2\/comments?post=1896"}],"version-history":[{"count":1,"href":"https:\/\/rocdentalturkey.com\/index.php\/wp-json\/wp\/v2\/pages\/1896\/revisions"}],"predecessor-version":[{"id":1897,"href":"https:\/\/rocdentalturkey.com\/index.php\/wp-json\/wp\/v2\/pages\/1896\/revisions\/1897"}],"wp:attachment":[{"href":"https:\/\/rocdentalturkey.com\/index.php\/wp-json\/wp\/v2\/media?parent=1896"}],"curies":[{"name":"wp","href":"https:\/\/api.w.org\/{rel}","templated":true}]}}