{"id":1890,"date":"2025-03-18T13:46:36","date_gmt":"2025-03-18T13:46:36","guid":{"rendered":"https:\/\/rocdentalturkey.com\/index.php\/inlay-und-onlay-restaurationen\/"},"modified":"2025-07-04T15:00:26","modified_gmt":"2025-07-04T15:00:26","slug":"inlay-und-onlay-restaurationen","status":"publish","type":"page","link":"https:\/\/rocdentalturkey.com\/index.php\/inlay-und-onlay-restaurationen\/?lang=de","title":{"rendered":"Inlay- und Onlay-Restaurationen"},"content":{"rendered":"<style>.elementor-1890 .elementor-element.elementor-element-79cdbf8 > .elementor-container{max-width:1170px;}.elementor-1890 .elementor-element.elementor-element-79cdbf8:not(.elementor-motion-effects-element-type-background), .elementor-1890 .elementor-element.elementor-element-79cdbf8 > .elementor-motion-effects-container > .elementor-motion-effects-layer{background-color:#000000;background-image:url(\"https:\/\/rocdentalturkey.com\/wp-content\/uploads\/2025\/03\/advice-of-dentist.jpg\");background-position:0px 65%;background-size:cover;}.elementor-1890 .elementor-element.elementor-element-79cdbf8 > .elementor-background-overlay{background-color:#000000;opacity:0.8;transition:background 0.3s, border-radius 0.3s, opacity 0.3s;}.elementor-1890 .elementor-element.elementor-element-79cdbf8{transition:background 0.3s, border 0.3s, border-radius 0.3s, box-shadow 0.3s;margin-top:0px;margin-bottom:0px;padding:140px 0px 140px 0px;}.elementor-1890 .elementor-element.elementor-element-03db280.elementor-column > .elementor-widget-wrap{justify-content:center;}.elementor-1890 .elementor-element.elementor-element-1cbd7cc{text-align:center;}.elementor-1890 .elementor-element.elementor-element-1cbd7cc .elementor-heading-title{font-family:\"Montserrat\", Sans-serif;font-size:32px;font-weight:700;text-transform:uppercase;line-height:1.2em;color:var( --e-global-color-c3e5fb3 );}.elementor-1890 .elementor-element.elementor-element-7adc2ab{--display:flex;--flex-direction:column;--container-widget-width:100%;--container-widget-height:initial;--container-widget-flex-grow:0;--container-widget-align-self:initial;--flex-wrap-mobile:wrap;--margin-top:60px;--margin-bottom:0px;--margin-left:0px;--margin-right:0px;}.elementor-1890 .elementor-element.elementor-element-4729f7d{--e-image-carousel-slides-to-show:4;}.elementor-1890 .elementor-element.elementor-element-4729f7d .elementor-image-carousel-wrapper .elementor-image-carousel .swiper-slide-image{border-radius:10px 10px 10px 10px;}.elementor-1890 .elementor-element.elementor-element-85d231f{--display:flex;--flex-direction:row;--container-widget-width:initial;--container-widget-height:100%;--container-widget-flex-grow:1;--container-widget-align-self:stretch;--flex-wrap-mobile:wrap;--gap:0px 0px;--row-gap:0px;--column-gap:0px;--margin-top:20px;--margin-bottom:0px;--margin-left:0px;--margin-right:0px;}.elementor-1890 .elementor-element.elementor-element-48efdf4{--display:flex;--flex-direction:column;--container-widget-width:100%;--container-widget-height:initial;--container-widget-flex-grow:0;--container-widget-align-self:initial;--flex-wrap-mobile:wrap;}.elementor-1890 .elementor-element.elementor-element-3b80c80 .elementor-heading-title{font-family:\"Montserrat\", Sans-serif;font-size:14px;font-weight:600;text-transform:uppercase;line-height:1em;letter-spacing:1.5px;color:#20BBE4;}.elementor-1890 .elementor-element.elementor-element-61d45bb{text-align:start;}.elementor-1890 .elementor-element.elementor-element-61d45bb .elementor-heading-title{font-family:\"Montserrat\", Sans-serif;font-size:32px;font-weight:700;line-height:1.2em;color:var( --e-global-color-primary );}.elementor-1890 .elementor-element.elementor-element-6ce5412{--display:flex;--flex-direction:column;--container-widget-width:calc( ( 1 - var( --container-widget-flex-grow ) ) * 100% );--container-widget-height:initial;--container-widget-flex-grow:0;--container-widget-align-self:initial;--flex-wrap-mobile:wrap;--align-items:flex-end;}.elementor-1890 .elementor-element.elementor-element-90b9581 .elementor-button{font-family:var( --e-global-typography-9feda6e-font-family ), Sans-serif;font-size:var( --e-global-typography-9feda6e-font-size );font-weight:var( --e-global-typography-9feda6e-font-weight );text-transform:var( --e-global-typography-9feda6e-text-transform );line-height:var( --e-global-typography-9feda6e-line-height );letter-spacing:var( --e-global-typography-9feda6e-letter-spacing );word-spacing:var( --e-global-typography-9feda6e-word-spacing );fill:var( --e-global-color-c3e5fb3 );color:var( --e-global-color-c3e5fb3 );background-color:#20BBE4;border-radius:20px 20px 3px 3px;padding:20px 40px 20px 40px;}.elementor-1890 .elementor-element.elementor-element-90b9581 .elementor-button:hover, .elementor-1890 .elementor-element.elementor-element-90b9581 .elementor-button:focus{color:#20BBE4;background-color:var( --e-global-color-c3e5fb3 );}.elementor-1890 .elementor-element.elementor-element-90b9581 .elementor-button:hover svg, .elementor-1890 .elementor-element.elementor-element-90b9581 .elementor-button:focus svg{fill:#20BBE4;}.elementor-1890 .elementor-element.elementor-element-90b9581 > .elementor-widget-container{margin:20px 0px 0px 0px;}.elementor-1890 .elementor-element.elementor-element-0a93c6b{--display:flex;--flex-direction:column;--container-widget-width:100%;--container-widget-height:initial;--container-widget-flex-grow:0;--container-widget-align-self:initial;--flex-wrap-mobile:wrap;--margin-top:0px;--margin-bottom:50px;--margin-left:0px;--margin-right:0px;}.elementor-1890 .elementor-element.elementor-element-896b085{--divider-border-style:solid;--divider-color:#F7F7F7;--divider-border-width:1px;}.elementor-1890 .elementor-element.elementor-element-896b085 .elementor-divider-separator{width:100%;}.elementor-1890 .elementor-element.elementor-element-896b085 .elementor-divider{padding-block-start:2px;padding-block-end:2px;}.elementor-1890 .elementor-element.elementor-element-7f4c46a{font-family:\"Montserrat\", Sans-serif;font-size:16px;font-weight:400;line-height:1.5em;color:var( --e-global-color-text );}@media(min-width:768px){.elementor-1890 .elementor-element.elementor-element-48efdf4{--width:66.6666%;}.elementor-1890 .elementor-element.elementor-element-6ce5412{--width:33.3333%;}}@media(max-width:1024px){.elementor-1890 .elementor-element.elementor-element-79cdbf8:not(.elementor-motion-effects-element-type-background), .elementor-1890 .elementor-element.elementor-element-79cdbf8 > .elementor-motion-effects-container > .elementor-motion-effects-layer{background-position:0px 0px;}.elementor-1890 .elementor-element.elementor-element-79cdbf8{padding:120px 10px 120px 10px;}.elementor-1890 .elementor-element.elementor-element-90b9581 .elementor-button{font-size:var( --e-global-typography-9feda6e-font-size );line-height:var( --e-global-typography-9feda6e-line-height );letter-spacing:var( --e-global-typography-9feda6e-letter-spacing );word-spacing:var( --e-global-typography-9feda6e-word-spacing );}}@media(max-width:767px){.elementor-1890 .elementor-element.elementor-element-79cdbf8:not(.elementor-motion-effects-element-type-background), .elementor-1890 .elementor-element.elementor-element-79cdbf8 > .elementor-motion-effects-container > .elementor-motion-effects-layer{background-position:0px 0px;}.elementor-1890 .elementor-element.elementor-element-79cdbf8{padding:80px 10px 80px 10px;}.elementor-1890 .elementor-element.elementor-element-1cbd7cc .elementor-heading-title{font-size:24px;}.elementor-1890 .elementor-element.elementor-element-3b80c80 .elementor-heading-title{font-size:14px;}.elementor-1890 .elementor-element.elementor-element-61d45bb .elementor-heading-title{font-size:24px;}.elementor-1890 .elementor-element.elementor-element-90b9581 .elementor-button{font-size:var( --e-global-typography-9feda6e-font-size );line-height:var( --e-global-typography-9feda6e-line-height );letter-spacing:var( --e-global-typography-9feda6e-letter-spacing );word-spacing:var( --e-global-typography-9feda6e-word-spacing );}.elementor-1890 .elementor-element.elementor-element-7f4c46a{font-size:14px;}}<\/style>\t\t<div data-elementor-type=\"wp-page\" data-elementor-id=\"1890\" class=\"elementor elementor-1890 elementor-219\" data-elementor-post-type=\"page\">\n\t\t\t\t\t\t<section class=\"elementor-section elementor-top-section elementor-element elementor-element-79cdbf8 elementor-section-boxed elementor-section-height-default elementor-section-height-default\" data-id=\"79cdbf8\" data-element_type=\"section\" data-e-type=\"section\" data-settings=\"{&quot;background_background&quot;:&quot;classic&quot;}\">\n\t\t\t\t\t\t\t<div class=\"elementor-background-overlay\"><\/div>\n\t\t\t\t\t\t\t<div class=\"elementor-container elementor-column-gap-default\">\n\t\t\t\t\t<div class=\"elementor-column elementor-col-100 elementor-top-column elementor-element elementor-element-03db280\" data-id=\"03db280\" data-element_type=\"column\" data-e-type=\"column\">\n\t\t\t<div class=\"elementor-widget-wrap elementor-element-populated\">\n\t\t\t\t\t\t<div class=\"elementor-element elementor-element-1cbd7cc elementor-widget elementor-widget-heading\" data-id=\"1cbd7cc\" data-element_type=\"widget\" data-e-type=\"widget\" data-widget_type=\"heading.default\">\n\t\t\t\t<div class=\"elementor-widget-container\">\n\t\t\t\t\t<h2 class=\"elementor-heading-title elementor-size-default\">Inlay- und Onlay-Restaurationen<\/h2>\t\t\t\t<\/div>\n\t\t\t\t<\/div>\n\t\t\t\t\t<\/div>\n\t\t<\/div>\n\t\t\t\t\t<\/div>\n\t\t<\/section>\n\t\t<div class=\"elementor-element elementor-element-7adc2ab e-flex e-con-boxed e-con e-parent\" data-id=\"7adc2ab\" data-element_type=\"container\" data-e-type=\"container\">\n\t\t\t\t\t<div class=\"e-con-inner\">\n\t\t\t\t<div class=\"elementor-element elementor-element-4729f7d elementor-arrows-position-inside elementor-widget elementor-widget-image-carousel\" data-id=\"4729f7d\" data-element_type=\"widget\" data-e-type=\"widget\" data-settings=\"{&quot;slides_to_show&quot;:&quot;4&quot;,&quot;navigation&quot;:&quot;arrows&quot;,&quot;image_spacing_custom&quot;:{&quot;unit&quot;:&quot;px&quot;,&quot;size&quot;:10,&quot;sizes&quot;:[]},&quot;autoplay&quot;:&quot;yes&quot;,&quot;pause_on_hover&quot;:&quot;yes&quot;,&quot;pause_on_interaction&quot;:&quot;yes&quot;,&quot;autoplay_speed&quot;:5000,&quot;speed&quot;:500,&quot;image_spacing_custom_tablet&quot;:{&quot;unit&quot;:&quot;px&quot;,&quot;size&quot;:&quot;&quot;,&quot;sizes&quot;:[]},&quot;image_spacing_custom_mobile&quot;:{&quot;unit&quot;:&quot;px&quot;,&quot;size&quot;:&quot;&quot;,&quot;sizes&quot;:[]}}\" data-widget_type=\"image-carousel.default\">\n\t\t\t\t<div class=\"elementor-widget-container\">\n\t\t\t\t\t\t\t<div class=\"elementor-image-carousel-wrapper swiper\" role=\"region\" aria-roledescription=\"carousel\" aria-label=\"Image Carousel\" dir=\"ltr\">\n\t\t\t<div class=\"elementor-image-carousel swiper-wrapper\" aria-live=\"off\">\n\t\t\t\t\t\t\t\t<div class=\"swiper-slide\" role=\"group\" aria-roledescription=\"slide\" aria-label=\"1 von 2\"><a data-elementor-open-lightbox=\"yes\" data-elementor-lightbox-slideshow=\"4729f7d\" data-elementor-lightbox-title=\"inley\" data-e-action-hash=\"#elementor-action%3Aaction%3Dlightbox%26settings%3DeyJpZCI6MTUzOCwidXJsIjoiaHR0cHM6XC9cL3JvY2RlbnRhbHR1cmtleS5jb21cL3dwLWNvbnRlbnRcL3VwbG9hZHNcLzIwMjVcLzA1XC9pbmxleS5wbmciLCJzbGlkZXNob3ciOiI0NzI5ZjdkIn0%3D\" href=\"https:\/\/rocdentalturkey.com\/wp-content\/uploads\/2025\/05\/inley.png\"><figure class=\"swiper-slide-inner\"><img decoding=\"async\" class=\"swiper-slide-image\" src=\"https:\/\/rocdentalturkey.com\/wp-content\/uploads\/elementor\/thumbs\/inley-r6f5xb0npuc6sw69itrdmow8pn59rsw5cvbbr97cq4.png\" alt=\"inley\" \/><\/figure><\/a><\/div><div class=\"swiper-slide\" role=\"group\" aria-roledescription=\"slide\" aria-label=\"2 von 2\"><a data-elementor-open-lightbox=\"yes\" data-elementor-lightbox-slideshow=\"4729f7d\" data-elementor-lightbox-title=\"onlay\" data-e-action-hash=\"#elementor-action%3Aaction%3Dlightbox%26settings%3DeyJpZCI6MTU0MiwidXJsIjoiaHR0cHM6XC9cL3JvY2RlbnRhbHR1cmtleS5jb21cL3dwLWNvbnRlbnRcL3VwbG9hZHNcLzIwMjVcLzA1XC9vbmxheS5wbmciLCJzbGlkZXNob3ciOiI0NzI5ZjdkIn0%3D\" href=\"https:\/\/rocdentalturkey.com\/wp-content\/uploads\/2025\/05\/onlay.png\"><figure class=\"swiper-slide-inner\"><img decoding=\"async\" class=\"swiper-slide-image\" src=\"https:\/\/rocdentalturkey.com\/wp-content\/uploads\/elementor\/thumbs\/onlay-r6f5xbyhwodh4i4wdc6076npb10mzhzvozyt8j5yjw.png\" alt=\"onlay\" \/><\/figure><\/a><\/div>\t\t\t<\/div>\n\t\t\t\t\t\t\t\t\t\t\t\t<div class=\"elementor-swiper-button elementor-swiper-button-prev\" role=\"button\" tabindex=\"0\">\n\t\t\t\t\t\t<svg aria-hidden=\"true\" class=\"e-font-icon-svg e-eicon-chevron-left\" viewBox=\"0 0 1000 1000\" xmlns=\"http:\/\/www.w3.org\/2000\/svg\"><path d=\"M646 125C629 125 613 133 604 142L308 442C296 454 292 471 292 487 292 504 296 521 308 533L604 854C617 867 629 875 646 875 663 875 679 871 692 858 704 846 713 829 713 812 713 796 708 779 692 767L438 487 692 225C700 217 708 204 708 187 708 171 704 154 692 142 675 129 663 125 646 125Z\"><\/path><\/svg>\t\t\t\t\t<\/div>\n\t\t\t\t\t<div class=\"elementor-swiper-button elementor-swiper-button-next\" role=\"button\" tabindex=\"0\">\n\t\t\t\t\t\t<svg aria-hidden=\"true\" class=\"e-font-icon-svg e-eicon-chevron-right\" viewBox=\"0 0 1000 1000\" xmlns=\"http:\/\/www.w3.org\/2000\/svg\"><path d=\"M696 533C708 521 713 504 713 487 713 471 708 454 696 446L400 146C388 133 375 125 354 125 338 125 325 129 313 142 300 154 292 171 292 187 292 204 296 221 308 233L563 492 304 771C292 783 288 800 288 817 288 833 296 850 308 863 321 871 338 875 354 875 371 875 388 867 400 854L696 533Z\"><\/path><\/svg>\t\t\t\t\t<\/div>\n\t\t\t\t\n\t\t\t\t\t\t\t\t\t<\/div>\n\t\t\t\t\t\t<\/div>\n\t\t\t\t<\/div>\n\t\t\t\t\t<\/div>\n\t\t\t\t<\/div>\n\t\t<div class=\"elementor-element elementor-element-85d231f e-flex e-con-boxed e-con e-parent\" data-id=\"85d231f\" data-element_type=\"container\" data-e-type=\"container\">\n\t\t\t\t\t<div class=\"e-con-inner\">\n\t\t<div class=\"elementor-element elementor-element-48efdf4 e-con-full e-flex e-con e-child\" data-id=\"48efdf4\" data-element_type=\"container\" data-e-type=\"container\">\n\t\t\t\t<div class=\"elementor-element elementor-element-3b80c80 animated-slow elementor-invisible elementor-widget elementor-widget-heading\" data-id=\"3b80c80\" data-element_type=\"widget\" data-e-type=\"widget\" data-settings=\"{&quot;_animation&quot;:&quot;fadeInRight&quot;}\" data-widget_type=\"heading.default\">\n\t\t\t\t<div class=\"elementor-widget-container\">\n\t\t\t\t\t<h5 class=\"elementor-heading-title elementor-size-default\">roc cl\u0131n\u0131c<\/h5>\t\t\t\t<\/div>\n\t\t\t\t<\/div>\n\t\t\t\t<div class=\"elementor-element elementor-element-61d45bb elementor-widget elementor-widget-heading\" data-id=\"61d45bb\" data-element_type=\"widget\" data-e-type=\"widget\" data-widget_type=\"heading.default\">\n\t\t\t\t<div class=\"elementor-widget-container\">\n\t\t\t\t\t<h2 class=\"elementor-heading-title elementor-size-default\">Inlay- und Onlay-Restaurationen<\/h2>\t\t\t\t<\/div>\n\t\t\t\t<\/div>\n\t\t\t\t<\/div>\n\t\t<div class=\"elementor-element elementor-element-6ce5412 e-con-full e-flex e-con e-child\" data-id=\"6ce5412\" data-element_type=\"container\" data-e-type=\"container\">\n\t\t\t\t<div class=\"elementor-element elementor-element-90b9581 elementor-align-center elementor-widget elementor-widget-button\" data-id=\"90b9581\" data-element_type=\"widget\" data-e-type=\"widget\" data-widget_type=\"button.default\">\n\t\t\t\t<div class=\"elementor-widget-container\">\n\t\t\t\t\t\t\t\t\t<div class=\"elementor-button-wrapper\">\n\t\t\t\t\t<a class=\"elementor-button elementor-button-link elementor-size-sm elementor-animation-float\" href=\"https:\/\/rocdentalturkey.com\/index.php\/contact-us\/\">\n\t\t\t\t\t\t<span class=\"elementor-button-content-wrapper\">\n\t\t\t\t\t\t\t\t\t<span class=\"elementor-button-text\">Kontaktieren Sie uns<\/span>\n\t\t\t\t\t<\/span>\n\t\t\t\t\t<\/a>\n\t\t\t\t<\/div>\n\t\t\t\t\t\t\t\t<\/div>\n\t\t\t\t<\/div>\n\t\t\t\t<\/div>\n\t\t\t\t\t<\/div>\n\t\t\t\t<\/div>\n\t\t<div class=\"elementor-element elementor-element-0a93c6b e-flex e-con-boxed e-con e-parent\" data-id=\"0a93c6b\" data-element_type=\"container\" data-e-type=\"container\">\n\t\t\t\t\t<div class=\"e-con-inner\">\n\t\t\t\t<div class=\"elementor-element elementor-element-896b085 elementor-widget-divider--view-line elementor-widget elementor-widget-divider\" data-id=\"896b085\" data-element_type=\"widget\" data-e-type=\"widget\" data-widget_type=\"divider.default\">\n\t\t\t\t<div class=\"elementor-widget-container\">\n\t\t\t\t\t\t\t<div class=\"elementor-divider\">\n\t\t\t<span class=\"elementor-divider-separator\">\n\t\t\t\t\t\t<\/span>\n\t\t<\/div>\n\t\t\t\t\t\t<\/div>\n\t\t\t\t<\/div>\n\t\t\t\t<div class=\"elementor-element elementor-element-7f4c46a elementor-widget elementor-widget-text-editor\" data-id=\"7f4c46a\" data-element_type=\"widget\" data-e-type=\"widget\" data-widget_type=\"text-editor.default\">\n\t\t\t\t<div class=\"elementor-widget-container\">\n\t\t\t\t\t\t\t\t\t<p data-start=\"73\" data-end=\"478\">Wenn ein Zahn f\u00fcr eine normale F\u00fcllung zu besch\u00e4digt ist, aber keine Vollkrone ben\u00f6tigt, bieten <strong data-start=\"157\" data-end=\"187\">Inlay- und Onlay-Restaurationen<\/strong> die perfekte <strong data-start=\"206\" data-end=\"245\">langlebige und minimalinvasive<\/strong> L\u00f6sung. In der <strong data-start=\"259\" data-end=\"281\">ROC Clinic Antalya<\/strong> sind wir auf <strong data-start=\"300\" data-end=\"333\">ma\u00dfgefertigte Inlays und Onlays<\/strong> spezialisiert, die die <strong data-start=\"351\" data-end=\"389\">St\u00e4rke, Funktion und \u00c4sthetik<\/strong> besch\u00e4digter Z\u00e4hne wiederherstellen und dabei so viel wie m\u00f6glich von Ihrer nat\u00fcrlichen Zahnstruktur erhalten.<\/p>\n<h4 data-start=\"480\" data-end=\"527\"><strong data-start=\"485\" data-end=\"525\">Was sind Inlays und Onlays? Onlay-Restaurationen?<\/strong><\/h4>\n<ul data-start=\"528\" data-end=\"750\">\n<li data-start=\"528\" data-end=\"633\"><strong data-start=\"530\" data-end=\"540\">Inlays<\/strong> \u2013 Werden verwendet, um Sch\u00e4den <strong data-start=\"565\" data-end=\"587\">innerhalb der Zahnfurchen<\/strong> zu reparieren (ohne die Zahnh\u00f6cker zu beeintr\u00e4chtigen).<\/li>\n<li data-start=\"634\" data-end=\"750\"><strong data-start=\"636\" data-end=\"646\">Onlays<\/strong> \u2013 Auch bekannt als <strong data-start=\"663\" data-end=\"681\">Teilkronen<\/strong>. Sie erstrecken sich \u00fcber einen oder mehrere Zahnh\u00f6cker, um zus\u00e4tzlichen Halt zu bieten.<\/li>\n<\/ul>\n<p data-start=\"752\" data-end=\"937\">Im Gegensatz zu herk\u00f6mmlichen F\u00fcllungen <strong data-start=\"781\" data-end=\"862\">Inlays und Onlays werden aus hochwertigem Porzellan, Komposit oder Gold hergestellt<\/strong> und gew\u00e4hrleisten so eine <strong data-start=\"875\" data-end=\"922\">st\u00e4rkere, haltbarere und nat\u00fcrlich aussehende<\/strong> Restauration.<\/p>\n<h4 data-start=\"939\" data-end=\"988\"><strong data-start=\"944\" data-end=\"986\">Vorteile von Inlay- und Onlay-Restaurationen<\/strong><\/h4>\n<p data-start=\"989\" data-end=\"1572\">\u2714 <strong data-start=\"991\" data-end=\"1034\">St\u00e4rkere und L\u00e4nger haltbar als F\u00fcllungen<\/strong> \u2013 Widerstandsf\u00e4higer gegen Br\u00fcche und Abnutzung.<br data-start=\"1074\" data-end=\"1077\" \/>\u2714 <strong data-start=\"1079\" data-end=\"1101\">Nat\u00fcrliches Aussehen<\/strong> \u2013 Entspricht der <strong data-start=\"1116\" data-end=\"1142\">Farbe und Transluzenz<\/strong> nat\u00fcrlicher Z\u00e4hne.<br data-start=\"1160\" data-end=\"1163\" \/>\u2714 <strong data-start=\"1165\" data-end=\"1207\">Erh\u00e4lt mehr nat\u00fcrliche Zahnstruktur<\/strong> \u2013 Im Gegensatz zu Kronen wird nur der <strong data-start=\"1234\" data-end=\"1265\">besch\u00e4digte Teil ersetzt<\/strong>.<br data-start=\"1266\" data-end=\"1269\" \/>\u2714 <strong data-start=\"1271\" data-end=\"1286\">Perfekte Passform<\/strong> \u2013 Individuell gestaltet mit <strong data-start=\"1311\" data-end=\"1343\" data-is-only-node=\"\">fortgeschrittenen digitalen Abdr\u00fccken<\/strong> f\u00fcr ein nahtloses Ergebnis.<br data-start=\"1366\" data-end=\"1369\" \/>\u2714 <strong data-start=\"1371\" data-end=\"1408\">Beugt weiterer Karies und Schw\u00e4chung vor<\/strong> \u2013 Bietet <strong data-start=\"1420\" data-end=\"1455\">besseren Schutz und Stabilit\u00e4t<\/strong> als herk\u00f6mmliche F\u00fcllungen.<br data-start=\"1482\" data-end=\"1485\" \/>\u2714 <strong data-start=\"1487\" data-end=\"1519\">Resistent gegen Flecken und Verschlei\u00df<\/strong> \u2013 Beh\u00e4lt sein Aussehen und seine St\u00e4rke \u00fcber Jahre hinweg.<\/p>\n<h4 data-start=\"1574\" data-end=\"1615\"><strong data-start=\"1579\" data-end=\"1613\">Warum die ROC Clinic Antalya w\u00e4hlen?<\/strong><\/h4>\n<p data-start=\"1616\" data-end=\"1906\">In der <strong data-start=\"1619\" data-end=\"1641\">ROC Clinic Antalya<\/strong> verwenden wir <strong data-start=\"1650\" data-end=\"1716\">modernste Zahntechnologie und pr\u00e4zise Handwerkskunst<\/strong>, um <strong data-start=\"1727\" data-end=\"1766\">perfekt sitzende Inlays und Onlays<\/strong> herzustellen. Unsere international ausgebildeten Spezialisten stellen sicher, dass jede Restauration <strong data-start=\"1840\" data-end=\"1903\">ma\u00dfgefertigt wird, um optimalen Komfort, \u00c4sthetik und Haltbarkeit zu gew\u00e4hrleisten<\/strong>.<\/p>\n<p data-start=\"1908\" data-end=\"2105\">Im Gegensatz zu vielen Kliniken, die \u00fcberh\u00f6hte Preise f\u00fcr hochwertige Restaurationen verlangen, bieten wir <strong data-start=\"1990\" data-end=\"2050\">Inlays und Onlays in Premiumqualit\u00e4t zu einem erschwinglichen Preis<\/strong> und machen so erstklassige Zahnpflege f\u00fcr jedermann zug\u00e4nglich.<\/p>\n<h4 data-start=\"2107\" data-end=\"2160\"><strong data-start=\"2112\" data-end=\"2158\">Stellen Sie Ihre Z\u00e4hne mit St\u00e4rke wieder her &amp; Sch\u00f6nheit!<\/strong><\/h4>\n<p data-start=\"2161\" data-end=\"2440\" data-is-last-node=\"\" data-is-only-node=\"\">Wenn Sie einen <strong data-start=\"2175\" data-end=\"2203\">besch\u00e4digten oder kari\u00f6sen Zahn<\/strong> haben, der <strong data-start=\"2215\" data-end=\"2280\">eine st\u00e4rkere und \u00e4sthetischere L\u00f6sung als eine normale F\u00fcllung<\/strong> ben\u00f6tigt, sind unsere <strong data-start=\"2286\" data-end=\"2338\">Inlay- und Onlay-Restaurationen in der ROC Clinic Antalya<\/strong> die perfekte Wahl. <strong data-start=\"2363\" data-end=\"2440\" data-is-last-node=\"\">Buchen Sie noch heute Ihren Beratungstermin und freuen Sie sich \u00fcber ein ges\u00fcnderes, sch\u00f6neres L\u00e4cheln!<\/strong><\/p>\n\t\t\t\t\t\t\t\t<\/div>\n\t\t\t\t<\/div>\n\t\t\t\t\t<\/div>\n\t\t\t\t<\/div>\n\t\t\t\t<\/div>\n\t\t","protected":false},"excerpt":{"rendered":"<p>Inlay- und Onlay-Restaurationen roc cl\u0131n\u0131c Inlay- und Onlay-Restaurationen Kontaktieren Sie uns Wenn ein Zahn f\u00fcr eine normale F\u00fcllung zu besch\u00e4digt ist, aber keine Vollkrone ben\u00f6tigt, bieten Inlay- und Onlay-Restaurationen die perfekte langlebige und minimalinvasive L\u00f6sung. In der ROC Clinic Antalya sind wir auf ma\u00dfgefertigte Inlays und Onlays spezialisiert, die die St\u00e4rke, Funktion und \u00c4sthetik besch\u00e4digter [&hellip;]<\/p>\n","protected":false},"author":1,"featured_media":0,"parent":0,"menu_order":0,"comment_status":"closed","ping_status":"closed","template":"elementor_header_footer","meta":{"footnotes":""},"class_list":["post-1890","page","type-page","status-publish","hentry"],"_links":{"self":[{"href":"https:\/\/rocdentalturkey.com\/index.php\/wp-json\/wp\/v2\/pages\/1890","targetHints":{"allow":["GET"]}}],"collection":[{"href":"https:\/\/rocdentalturkey.com\/index.php\/wp-json\/wp\/v2\/pages"}],"about":[{"href":"https:\/\/rocdentalturkey.com\/index.php\/wp-json\/wp\/v2\/types\/page"}],"author":[{"embeddable":true,"href":"https:\/\/rocdentalturkey.com\/index.php\/wp-json\/wp\/v2\/users\/1"}],"replies":[{"embeddable":true,"href":"https:\/\/rocdentalturkey.com\/index.php\/wp-json\/wp\/v2\/comments?post=1890"}],"version-history":[{"count":1,"href":"https:\/\/rocdentalturkey.com\/index.php\/wp-json\/wp\/v2\/pages\/1890\/revisions"}],"predecessor-version":[{"id":1891,"href":"https:\/\/rocdentalturkey.com\/index.php\/wp-json\/wp\/v2\/pages\/1890\/revisions\/1891"}],"wp:attachment":[{"href":"https:\/\/rocdentalturkey.com\/index.php\/wp-json\/wp\/v2\/media?parent=1890"}],"curies":[{"name":"wp","href":"https:\/\/api.w.org\/{rel}","templated":true}]}}