{"id":1884,"date":"2025-03-18T13:36:37","date_gmt":"2025-03-18T13:36:37","guid":{"rendered":"https:\/\/rocdentalturkey.com\/index.php\/hollywood-laecheln\/"},"modified":"2025-07-04T14:49:38","modified_gmt":"2025-07-04T14:49:38","slug":"hollywood-laecheln","status":"publish","type":"page","link":"https:\/\/rocdentalturkey.com\/index.php\/hollywood-laecheln\/?lang=de","title":{"rendered":"Hollywood-L\u00e4cheln"},"content":{"rendered":"<style>.elementor-1884 .elementor-element.elementor-element-79cdbf8 > .elementor-container{max-width:1170px;}.elementor-1884 .elementor-element.elementor-element-79cdbf8:not(.elementor-motion-effects-element-type-background), .elementor-1884 .elementor-element.elementor-element-79cdbf8 > .elementor-motion-effects-container > .elementor-motion-effects-layer{background-color:#000000;background-image:url(\"https:\/\/rocdentalturkey.com\/wp-content\/uploads\/2025\/03\/advice-of-dentist.jpg\");background-position:0px 65%;background-size:cover;}.elementor-1884 .elementor-element.elementor-element-79cdbf8 > .elementor-background-overlay{background-color:#000000;opacity:0.8;transition:background 0.3s, border-radius 0.3s, opacity 0.3s;}.elementor-1884 .elementor-element.elementor-element-79cdbf8{transition:background 0.3s, border 0.3s, border-radius 0.3s, box-shadow 0.3s;margin-top:0px;margin-bottom:0px;padding:140px 0px 140px 0px;}.elementor-1884 .elementor-element.elementor-element-03db280.elementor-column > .elementor-widget-wrap{justify-content:center;}.elementor-1884 .elementor-element.elementor-element-1cbd7cc{text-align:center;}.elementor-1884 .elementor-element.elementor-element-1cbd7cc .elementor-heading-title{font-family:\"Montserrat\", Sans-serif;font-size:32px;font-weight:700;text-transform:uppercase;line-height:1.2em;color:var( --e-global-color-c3e5fb3 );}.elementor-1884 .elementor-element.elementor-element-7adc2ab{--display:flex;--flex-direction:column;--container-widget-width:100%;--container-widget-height:initial;--container-widget-flex-grow:0;--container-widget-align-self:initial;--flex-wrap-mobile:wrap;--margin-top:60px;--margin-bottom:0px;--margin-left:0px;--margin-right:0px;}.elementor-1884 .elementor-element.elementor-element-7122193{--e-image-carousel-slides-to-show:4;}.elementor-1884 .elementor-element.elementor-element-7122193 .elementor-image-carousel-wrapper .elementor-image-carousel .swiper-slide-image{border-radius:10px 10px 10px 10px;}.elementor-1884 .elementor-element.elementor-element-85d231f{--display:flex;--flex-direction:row;--container-widget-width:initial;--container-widget-height:100%;--container-widget-flex-grow:1;--container-widget-align-self:stretch;--flex-wrap-mobile:wrap;--gap:0px 0px;--row-gap:0px;--column-gap:0px;--margin-top:20px;--margin-bottom:0px;--margin-left:0px;--margin-right:0px;}.elementor-1884 .elementor-element.elementor-element-48efdf4{--display:flex;--flex-direction:column;--container-widget-width:100%;--container-widget-height:initial;--container-widget-flex-grow:0;--container-widget-align-self:initial;--flex-wrap-mobile:wrap;}.elementor-1884 .elementor-element.elementor-element-3b80c80 .elementor-heading-title{font-family:\"Montserrat\", Sans-serif;font-size:14px;font-weight:600;text-transform:uppercase;line-height:1em;letter-spacing:1.5px;color:#20BBE4;}.elementor-1884 .elementor-element.elementor-element-61d45bb{text-align:start;}.elementor-1884 .elementor-element.elementor-element-61d45bb .elementor-heading-title{font-family:\"Montserrat\", Sans-serif;font-size:32px;font-weight:700;line-height:1.2em;color:var( --e-global-color-primary );}.elementor-1884 .elementor-element.elementor-element-6ce5412{--display:flex;--flex-direction:column;--container-widget-width:calc( ( 1 - var( --container-widget-flex-grow ) ) * 100% );--container-widget-height:initial;--container-widget-flex-grow:0;--container-widget-align-self:initial;--flex-wrap-mobile:wrap;--align-items:flex-end;}.elementor-1884 .elementor-element.elementor-element-90b9581 .elementor-button{font-family:var( --e-global-typography-9feda6e-font-family ), Sans-serif;font-size:var( --e-global-typography-9feda6e-font-size );font-weight:var( --e-global-typography-9feda6e-font-weight );text-transform:var( --e-global-typography-9feda6e-text-transform );line-height:var( --e-global-typography-9feda6e-line-height );letter-spacing:var( --e-global-typography-9feda6e-letter-spacing );word-spacing:var( --e-global-typography-9feda6e-word-spacing );fill:var( --e-global-color-c3e5fb3 );color:var( --e-global-color-c3e5fb3 );background-color:#20BBE4;border-radius:20px 20px 3px 3px;padding:20px 40px 20px 40px;}.elementor-1884 .elementor-element.elementor-element-90b9581 .elementor-button:hover, .elementor-1884 .elementor-element.elementor-element-90b9581 .elementor-button:focus{color:#20BBE4;background-color:var( --e-global-color-c3e5fb3 );}.elementor-1884 .elementor-element.elementor-element-90b9581 .elementor-button:hover svg, .elementor-1884 .elementor-element.elementor-element-90b9581 .elementor-button:focus svg{fill:#20BBE4;}.elementor-1884 .elementor-element.elementor-element-90b9581 > .elementor-widget-container{margin:20px 0px 0px 0px;}.elementor-1884 .elementor-element.elementor-element-0a93c6b{--display:flex;--flex-direction:column;--container-widget-width:100%;--container-widget-height:initial;--container-widget-flex-grow:0;--container-widget-align-self:initial;--flex-wrap-mobile:wrap;--margin-top:0px;--margin-bottom:50px;--margin-left:0px;--margin-right:0px;}.elementor-1884 .elementor-element.elementor-element-896b085{--divider-border-style:solid;--divider-color:#F7F7F7;--divider-border-width:1px;}.elementor-1884 .elementor-element.elementor-element-896b085 .elementor-divider-separator{width:100%;}.elementor-1884 .elementor-element.elementor-element-896b085 .elementor-divider{padding-block-start:2px;padding-block-end:2px;}.elementor-1884 .elementor-element.elementor-element-7f4c46a{font-family:\"Montserrat\", Sans-serif;font-size:16px;font-weight:400;line-height:1.5em;color:var( --e-global-color-text );}@media(min-width:768px){.elementor-1884 .elementor-element.elementor-element-48efdf4{--width:66.6666%;}.elementor-1884 .elementor-element.elementor-element-6ce5412{--width:33.3333%;}}@media(max-width:1024px){.elementor-1884 .elementor-element.elementor-element-79cdbf8:not(.elementor-motion-effects-element-type-background), .elementor-1884 .elementor-element.elementor-element-79cdbf8 > .elementor-motion-effects-container > .elementor-motion-effects-layer{background-position:0px 0px;}.elementor-1884 .elementor-element.elementor-element-79cdbf8{padding:120px 10px 120px 10px;}.elementor-1884 .elementor-element.elementor-element-90b9581 .elementor-button{font-size:var( --e-global-typography-9feda6e-font-size );line-height:var( --e-global-typography-9feda6e-line-height );letter-spacing:var( --e-global-typography-9feda6e-letter-spacing );word-spacing:var( --e-global-typography-9feda6e-word-spacing );}}@media(max-width:767px){.elementor-1884 .elementor-element.elementor-element-79cdbf8:not(.elementor-motion-effects-element-type-background), .elementor-1884 .elementor-element.elementor-element-79cdbf8 > .elementor-motion-effects-container > .elementor-motion-effects-layer{background-position:0px 0px;}.elementor-1884 .elementor-element.elementor-element-79cdbf8{padding:80px 10px 80px 10px;}.elementor-1884 .elementor-element.elementor-element-1cbd7cc .elementor-heading-title{font-size:24px;}.elementor-1884 .elementor-element.elementor-element-3b80c80 .elementor-heading-title{font-size:14px;}.elementor-1884 .elementor-element.elementor-element-61d45bb .elementor-heading-title{font-size:24px;}.elementor-1884 .elementor-element.elementor-element-90b9581 .elementor-button{font-size:var( --e-global-typography-9feda6e-font-size );line-height:var( --e-global-typography-9feda6e-line-height );letter-spacing:var( --e-global-typography-9feda6e-letter-spacing );word-spacing:var( --e-global-typography-9feda6e-word-spacing );}.elementor-1884 .elementor-element.elementor-element-7f4c46a{font-size:14px;}}<\/style>\t\t<div data-elementor-type=\"wp-page\" data-elementor-id=\"1884\" class=\"elementor elementor-1884 elementor-183\" data-elementor-post-type=\"page\">\n\t\t\t\t\t\t<section class=\"elementor-section elementor-top-section elementor-element elementor-element-79cdbf8 elementor-section-boxed elementor-section-height-default elementor-section-height-default\" data-id=\"79cdbf8\" data-element_type=\"section\" data-e-type=\"section\" data-settings=\"{&quot;background_background&quot;:&quot;classic&quot;}\">\n\t\t\t\t\t\t\t<div class=\"elementor-background-overlay\"><\/div>\n\t\t\t\t\t\t\t<div class=\"elementor-container elementor-column-gap-default\">\n\t\t\t\t\t<div class=\"elementor-column elementor-col-100 elementor-top-column elementor-element elementor-element-03db280\" data-id=\"03db280\" data-element_type=\"column\" data-e-type=\"column\">\n\t\t\t<div class=\"elementor-widget-wrap elementor-element-populated\">\n\t\t\t\t\t\t<div class=\"elementor-element elementor-element-1cbd7cc elementor-widget elementor-widget-heading\" data-id=\"1cbd7cc\" data-element_type=\"widget\" data-e-type=\"widget\" data-widget_type=\"heading.default\">\n\t\t\t\t<div class=\"elementor-widget-container\">\n\t\t\t\t\t<h2 class=\"elementor-heading-title elementor-size-default\">Hollywood-L\u00e4cheln<\/h2>\t\t\t\t<\/div>\n\t\t\t\t<\/div>\n\t\t\t\t\t<\/div>\n\t\t<\/div>\n\t\t\t\t\t<\/div>\n\t\t<\/section>\n\t\t<div class=\"elementor-element elementor-element-7adc2ab e-flex e-con-boxed e-con e-parent\" data-id=\"7adc2ab\" data-element_type=\"container\" data-e-type=\"container\">\n\t\t\t\t\t<div class=\"e-con-inner\">\n\t\t\t\t<div class=\"elementor-element elementor-element-7122193 elementor-arrows-position-inside elementor-widget elementor-widget-image-carousel\" data-id=\"7122193\" data-element_type=\"widget\" data-e-type=\"widget\" data-settings=\"{&quot;slides_to_show&quot;:&quot;4&quot;,&quot;navigation&quot;:&quot;arrows&quot;,&quot;image_spacing_custom&quot;:{&quot;unit&quot;:&quot;px&quot;,&quot;size&quot;:10,&quot;sizes&quot;:[]},&quot;autoplay&quot;:&quot;yes&quot;,&quot;pause_on_hover&quot;:&quot;yes&quot;,&quot;pause_on_interaction&quot;:&quot;yes&quot;,&quot;autoplay_speed&quot;:5000,&quot;speed&quot;:500,&quot;image_spacing_custom_tablet&quot;:{&quot;unit&quot;:&quot;px&quot;,&quot;size&quot;:&quot;&quot;,&quot;sizes&quot;:[]},&quot;image_spacing_custom_mobile&quot;:{&quot;unit&quot;:&quot;px&quot;,&quot;size&quot;:&quot;&quot;,&quot;sizes&quot;:[]}}\" data-widget_type=\"image-carousel.default\">\n\t\t\t\t<div class=\"elementor-widget-container\">\n\t\t\t\t\t\t\t<div class=\"elementor-image-carousel-wrapper swiper\" role=\"region\" aria-roledescription=\"carousel\" aria-label=\"Image Carousel\" dir=\"ltr\">\n\t\t\t<div class=\"elementor-image-carousel swiper-wrapper\" aria-live=\"off\">\n\t\t\t\t\t\t\t\t<div class=\"swiper-slide\" role=\"group\" aria-roledescription=\"slide\" aria-label=\"1 von 2\"><a data-elementor-open-lightbox=\"yes\" data-elementor-lightbox-slideshow=\"7122193\" data-elementor-lightbox-title=\"HOLLYWOOD\" data-e-action-hash=\"#elementor-action%3Aaction%3Dlightbox%26settings%3DeyJpZCI6MTQ3OCwidXJsIjoiaHR0cHM6XC9cL3JvY2RlbnRhbHR1cmtleS5jb21cL3dwLWNvbnRlbnRcL3VwbG9hZHNcLzIwMjVcLzA1XC9IT0xMWVdPT0QucG5nIiwic2xpZGVzaG93IjoiNzEyMjE5MyJ9\" href=\"https:\/\/rocdentalturkey.com\/wp-content\/uploads\/2025\/05\/HOLLYWOOD.png\"><figure class=\"swiper-slide-inner\"><img decoding=\"async\" class=\"swiper-slide-image\" src=\"https:\/\/rocdentalturkey.com\/wp-content\/uploads\/elementor\/thumbs\/HOLLYWOOD-r6f4ve702efuj38qwft329ay660bbadw582axhezos.png\" alt=\"HOLLYWOOD\" \/><\/figure><\/a><\/div><div class=\"swiper-slide\" role=\"group\" aria-roledescription=\"slide\" aria-label=\"2 von 2\"><a data-elementor-open-lightbox=\"yes\" data-elementor-lightbox-slideshow=\"7122193\" data-elementor-lightbox-title=\"WhatsApp G\u00f6rsel 2025-05-25 saat 23.46.16_e0eb7a1d\" data-e-action-hash=\"#elementor-action%3Aaction%3Dlightbox%26settings%3DeyJpZCI6MTQ4MiwidXJsIjoiaHR0cHM6XC9cL3JvY2RlbnRhbHR1cmtleS5jb21cL3dwLWNvbnRlbnRcL3VwbG9hZHNcLzIwMjVcLzA1XC9XaGF0c0FwcC1Hb3JzZWwtMjAyNS0wNS0yNS1zYWF0LTIzLjQ2LjE2X2UwZWI3YTFkLmpwZyIsInNsaWRlc2hvdyI6IjcxMjIxOTMifQ%3D%3D\" href=\"https:\/\/rocdentalturkey.com\/wp-content\/uploads\/2025\/05\/WhatsApp-Gorsel-2025-05-25-saat-23.46.16_e0eb7a1d.jpg\"><figure class=\"swiper-slide-inner\"><img decoding=\"async\" class=\"swiper-slide-image\" src=\"https:\/\/rocdentalturkey.com\/wp-content\/uploads\/elementor\/thumbs\/WhatsApp-Gorsel-2025-05-25-saat-23.46.16_e0eb7a1d-r6f4vf4u98h4up7dqy7pmr2erjvoizhmhcpserdlik.jpg\" alt=\"WhatsApp G\u00f6rsel 2025-05-25 saat 23.46.16_e0eb7a1d\" \/><\/figure><\/a><\/div>\t\t\t<\/div>\n\t\t\t\t\t\t\t\t\t\t\t\t<div class=\"elementor-swiper-button elementor-swiper-button-prev\" role=\"button\" tabindex=\"0\">\n\t\t\t\t\t\t<svg aria-hidden=\"true\" class=\"e-font-icon-svg e-eicon-chevron-left\" viewBox=\"0 0 1000 1000\" xmlns=\"http:\/\/www.w3.org\/2000\/svg\"><path d=\"M646 125C629 125 613 133 604 142L308 442C296 454 292 471 292 487 292 504 296 521 308 533L604 854C617 867 629 875 646 875 663 875 679 871 692 858 704 846 713 829 713 812 713 796 708 779 692 767L438 487 692 225C700 217 708 204 708 187 708 171 704 154 692 142 675 129 663 125 646 125Z\"><\/path><\/svg>\t\t\t\t\t<\/div>\n\t\t\t\t\t<div class=\"elementor-swiper-button elementor-swiper-button-next\" role=\"button\" tabindex=\"0\">\n\t\t\t\t\t\t<svg aria-hidden=\"true\" class=\"e-font-icon-svg e-eicon-chevron-right\" viewBox=\"0 0 1000 1000\" xmlns=\"http:\/\/www.w3.org\/2000\/svg\"><path d=\"M696 533C708 521 713 504 713 487 713 471 708 454 696 446L400 146C388 133 375 125 354 125 338 125 325 129 313 142 300 154 292 171 292 187 292 204 296 221 308 233L563 492 304 771C292 783 288 800 288 817 288 833 296 850 308 863 321 871 338 875 354 875 371 875 388 867 400 854L696 533Z\"><\/path><\/svg>\t\t\t\t\t<\/div>\n\t\t\t\t\n\t\t\t\t\t\t\t\t\t<\/div>\n\t\t\t\t\t\t<\/div>\n\t\t\t\t<\/div>\n\t\t\t\t\t<\/div>\n\t\t\t\t<\/div>\n\t\t<div class=\"elementor-element elementor-element-85d231f e-flex e-con-boxed e-con e-parent\" data-id=\"85d231f\" data-element_type=\"container\" data-e-type=\"container\">\n\t\t\t\t\t<div class=\"e-con-inner\">\n\t\t<div class=\"elementor-element elementor-element-48efdf4 e-con-full e-flex e-con e-child\" data-id=\"48efdf4\" data-element_type=\"container\" data-e-type=\"container\">\n\t\t\t\t<div class=\"elementor-element elementor-element-3b80c80 animated-slow elementor-invisible elementor-widget elementor-widget-heading\" data-id=\"3b80c80\" data-element_type=\"widget\" data-e-type=\"widget\" data-settings=\"{&quot;_animation&quot;:&quot;fadeInRight&quot;}\" data-widget_type=\"heading.default\">\n\t\t\t\t<div class=\"elementor-widget-container\">\n\t\t\t\t\t<h5 class=\"elementor-heading-title elementor-size-default\">roc cl\u0131n\u0131c<\/h5>\t\t\t\t<\/div>\n\t\t\t\t<\/div>\n\t\t\t\t<div class=\"elementor-element elementor-element-61d45bb elementor-widget elementor-widget-heading\" data-id=\"61d45bb\" data-element_type=\"widget\" data-e-type=\"widget\" data-widget_type=\"heading.default\">\n\t\t\t\t<div class=\"elementor-widget-container\">\n\t\t\t\t\t<h2 class=\"elementor-heading-title elementor-size-default\">Hollywood-L\u00e4cheln<\/h2>\t\t\t\t<\/div>\n\t\t\t\t<\/div>\n\t\t\t\t<\/div>\n\t\t<div class=\"elementor-element elementor-element-6ce5412 e-con-full e-flex e-con e-child\" data-id=\"6ce5412\" data-element_type=\"container\" data-e-type=\"container\">\n\t\t\t\t<div class=\"elementor-element elementor-element-90b9581 elementor-align-center elementor-widget elementor-widget-button\" data-id=\"90b9581\" data-element_type=\"widget\" data-e-type=\"widget\" data-widget_type=\"button.default\">\n\t\t\t\t<div class=\"elementor-widget-container\">\n\t\t\t\t\t\t\t\t\t<div class=\"elementor-button-wrapper\">\n\t\t\t\t\t<a class=\"elementor-button elementor-button-link elementor-size-sm elementor-animation-float\" href=\"https:\/\/rocdentalturkey.com\/index.php\/kontaktieren-sie-uns\/?lang=de\">\n\t\t\t\t\t\t<span class=\"elementor-button-content-wrapper\">\n\t\t\t\t\t\t\t\t\t<span class=\"elementor-button-text\">Kontaktieren Sie uns<\/span>\n\t\t\t\t\t<\/span>\n\t\t\t\t\t<\/a>\n\t\t\t\t<\/div>\n\t\t\t\t\t\t\t\t<\/div>\n\t\t\t\t<\/div>\n\t\t\t\t<\/div>\n\t\t\t\t\t<\/div>\n\t\t\t\t<\/div>\n\t\t<div class=\"elementor-element elementor-element-0a93c6b e-flex e-con-boxed e-con e-parent\" data-id=\"0a93c6b\" data-element_type=\"container\" data-e-type=\"container\">\n\t\t\t\t\t<div class=\"e-con-inner\">\n\t\t\t\t<div class=\"elementor-element elementor-element-896b085 elementor-widget-divider--view-line elementor-widget elementor-widget-divider\" data-id=\"896b085\" data-element_type=\"widget\" data-e-type=\"widget\" data-widget_type=\"divider.default\">\n\t\t\t\t<div class=\"elementor-widget-container\">\n\t\t\t\t\t\t\t<div class=\"elementor-divider\">\n\t\t\t<span class=\"elementor-divider-separator\">\n\t\t\t\t\t\t<\/span>\n\t\t<\/div>\n\t\t\t\t\t\t<\/div>\n\t\t\t\t<\/div>\n\t\t\t\t<div class=\"elementor-element elementor-element-7f4c46a elementor-widget elementor-widget-text-editor\" data-id=\"7f4c46a\" data-element_type=\"widget\" data-e-type=\"widget\" data-widget_type=\"text-editor.default\">\n\t\t\t\t<div class=\"elementor-widget-container\">\n\t\t\t\t\t\t\t\t\t<p>Ein strahlendes, perfekt geformtes L\u00e4cheln ist nicht mehr nur Prominenten vorbehalten! In der <strong data-start=\"133\" data-end=\"155\">ROC Clinic Antalya<\/strong> bieten wir das <strong data-start=\"170\" data-end=\"189\">Hollywood-L\u00e4cheln<\/strong> \u2013 eine komplette L\u00e4chel-Transformation, die Ihre <strong data-start=\"247\" data-end=\"297\">\u00c4sthetik, Ihr Selbstvertrauen und Ihr Gesamterscheinungsbild<\/strong> verbessern soll. Mithilfe der <strong data-start=\"309\" data-end=\"357\">neuesten Technologie und hochwertiger Materialien<\/strong> kreieren wir ein <strong data-start=\"371\" data-end=\"414\">strahlendes, symmetrisches und makelloses L\u00e4cheln<\/strong>, das auf Ihre einzigartigen Gesichtsz\u00fcge zugeschnitten ist.<\/p>\n<h4 data-start=\"459\" data-end=\"496\"><strong data-start=\"464\" data-end=\"494\">Was ist ein Hollywood-L\u00e4cheln?<\/strong><\/h4>\n<p>Das <strong data-start=\"501\" data-end=\"520\">Hollywood-L\u00e4cheln<\/strong> ist eine <strong data-start=\"526\" data-end=\"571\">personalisierte kosmetische Zahnbehandlung<\/strong>, die verschiedene Verfahren wie <strong data-start=\"613\" data-end=\"676\">Veneers, Zahnaufhellung, Kronen und Zahnfleischkonturierung<\/strong> kombiniert, um ein <strong data-start=\"690\" data-end=\"731\">perfekt proportioniertes, strahlendes L\u00e4cheln<\/strong>. Egal, ob Sie <strong data-start=\"757\" data-end=\"818\">Verf\u00e4rbungen, L\u00fccken, ungleichm\u00e4\u00dfige Z\u00e4hne oder kleinere Fehlstellungen<\/strong> beheben m\u00f6chten, diese Behandlung bietet eine <strong data-start=\"846\" data-end=\"888\">nat\u00fcrlich aussehende, langanhaltende L\u00f6sung<\/strong>.<\/p>\n<h4 data-start=\"893\" data-end=\"935\"><strong data-start=\"898\" data-end=\"933\">Vorteile des Hollywood-L\u00e4chelns<\/strong><\/h4>\n<p>\u2714 <strong data-start=\"938\" data-end=\"969\">Makellose, symmetrische Z\u00e4hne<\/strong> \u2013 Erreichen Sie ein perfekt ausgerichtetes, bildsch\u00f6nes L\u00e4cheln.<br data-start=\"1023\" data-end=\"1026\" \/>\u2714 <strong data-start=\"1028\" data-end=\"1054\">Strahlenderes, wei\u00dferes L\u00e4cheln<\/strong> \u2013 Verabschieden Sie sich von Flecken und Verf\u00e4rbungen mit lang anhaltende Ergebnisse.<br data-start=\"1123\" data-end=\"1126\" \/>\u2714 <strong data-start=\"1128\" data-end=\"1160\">Individuell auf Ihr Gesicht zugeschnitten<\/strong> \u2013 Entwickelt, um Ihre nat\u00fcrliche Sch\u00f6nheit und Gesichtsharmonie zu verbessern.<br data-start=\"1222\" data-end=\"1225\" \/>\u2714 <strong data-start=\"1227\" data-end=\"1260\">Minimalinvasive Verfahren<\/strong> \u2013 Fortschrittliche Techniken gew\u00e4hrleisten eine minimale Zahnvorbereitung und minimale Beschwerden.<br data-start=\"1331\" data-end=\"1334\" \/>\u2714 <strong data-start=\"1336\" data-end=\"1375\">Langlebig und Fleckenresistente Materialien<\/strong> \u2013 Genie\u00dfen Sie jahrelang ein sch\u00f6nes L\u00e4cheln.<br data-start=\"1420\" data-end=\"1423\" \/>\u2714 <strong data-start=\"1425\" data-end=\"1453\">Sofortiger Selbstvertrauensschub<\/strong> \u2013 Sehen Sie j\u00fcnger aus, f\u00fchlen Sie sich attraktiver und l\u00e4cheln Sie selbstbewusst.<\/p>\n<h4 data-start=\"1522\" data-end=\"1563\"><strong data-start=\"1527\" data-end=\"1561\">Warum die ROC Clinic Antalya w\u00e4hlen?<\/strong><\/h4>\n<p>Bei der <strong data-start=\"1567\" data-end=\"1589\">ROC Clinic Antalya<\/strong> haben wir uns <strong data-start=\"1611\" data-end=\"1660\">Pr\u00e4zision, Kunstfertigkeit und fortschrittlicher Zahnpflege<\/strong> verschrieben. Unsere international ausgebildeten Spezialisten verwenden <strong data-start=\"1706\" data-end=\"1758\">hochmoderne digitale L\u00e4chelgestaltung und 3D-Bildgebung<\/strong>, um ein <strong data-start=\"1770\" data-end=\"1801\">ma\u00dfgeschneidertes Hollywood-L\u00e4cheln<\/strong> zu kreieren, das Ihre einzigartigen Gesichtsz\u00fcge unterstreicht.<\/p>\n<p>Am wichtigsten ist, dass wir glauben, dass <strong data-start=\"1878\" data-end=\"1920\">ein Trauml\u00e4cheln kein Verm\u00f6gen kosten sollte<\/strong>. W\u00e4hrend viele Kliniken f\u00fcr kosmetische Zahnheilkunde der Spitzenklasse \u00fcberh\u00f6hte Preise verlangen, bieten wir <strong data-start=\"2001\" data-end=\"2055\">erstklassige L\u00e4cheln-Makeovers zu einem erschwinglichen Preis<\/strong> und machen so erstklassige Zahnpflege f\u00fcr jeden zug\u00e4nglich.<\/p>\n<h4 data-start=\"2112\" data-end=\"2152\"><strong data-start=\"2117\" data-end=\"2150\">Holen Sie sich das L\u00e4cheln Ihrer Tr\u00e4ume!<\/strong><\/h4>\n<p>Wenn Sie bereit sind, Ihr L\u00e4cheln in eines zu verwandeln, das <strong data-start=\"2216\" data-end=\"2252\">Selbstvertrauen, Sch\u00f6nheit und Eleganz<\/strong> ausstrahlt, ist das <strong data-start=\"2258\" data-end=\"2299\">Hollywood Smile in der ROC Clinic Antalya<\/strong> die perfekte L\u00f6sung f\u00fcr Sie. <strong data-start=\"2326\" data-end=\"2407\" data-is-last-node=\"\">Buchen Sie noch heute Ihren Beratungstermin und machen Sie den ersten Schritt zu Ihrem Trauml\u00e4cheln!<\/strong><\/p>\n<p><strong>Wer braucht ein L\u00e4cheln-Makeover?<\/strong><\/p>\n<p>Jeder, der sich wegen seines L\u00e4chelns unsicher f\u00fchlt und sich ein \u00e4sthetisch ansprechenderes und funktionaleres L\u00e4cheln w\u00fcnscht, kann ein L\u00e4cheln-Makeover in Betracht ziehen.<\/p>\n<p><strong>Ist ein Hollywood-L\u00e4cheln gesund?<\/strong><\/p>\n<p>Hollywood-L\u00e4cheln-Behandlungen k\u00f6nnen die Mundgesundheit deutlich verbessern, indem sie zugrunde liegende Zahnprobleme wie Karies, Zahnfehlstellungen und Zahnl\u00fccken behandeln.<\/p>\n<p><strong>Brauchen Sie vor dem Hollywood-L\u00e4cheln eine Zahnspange?<\/strong><\/p>\n<p>Nicht unbedingt. Die Notwendigkeit einer Zahnspange h\u00e4ngt von der jeweiligen Person ab.<\/p>\n<p><strong>Verursacht ein Hollywood-L\u00e4cheln Mundgeruch?<\/strong><\/p>\n<p>Nein. Ein Hollywood-L\u00e4cheln verursacht keinen Mundgeruch. Der Geruch wird normalerweise durch Rauchen und Alkoholkonsum verursacht. Dar\u00fcber hinaus kann es ein Symptom verschiedener Krankheiten sein.<\/p>\n\t\t\t\t\t\t\t\t<\/div>\n\t\t\t\t<\/div>\n\t\t\t\t\t<\/div>\n\t\t\t\t<\/div>\n\t\t\t\t<\/div>\n\t\t","protected":false},"excerpt":{"rendered":"<p>Hollywood-L\u00e4cheln roc cl\u0131n\u0131c Hollywood-L\u00e4cheln Kontaktieren Sie uns Ein strahlendes, perfekt geformtes L\u00e4cheln ist nicht mehr nur Prominenten vorbehalten! In der ROC Clinic Antalya bieten wir das Hollywood-L\u00e4cheln \u2013 eine komplette L\u00e4chel-Transformation, die Ihre \u00c4sthetik, Ihr Selbstvertrauen und Ihr Gesamterscheinungsbild verbessern soll. Mithilfe der neuesten Technologie und hochwertiger Materialien kreieren wir ein strahlendes, symmetrisches und makelloses [&hellip;]<\/p>\n","protected":false},"author":1,"featured_media":0,"parent":0,"menu_order":0,"comment_status":"closed","ping_status":"closed","template":"elementor_header_footer","meta":{"footnotes":""},"class_list":["post-1884","page","type-page","status-publish","hentry"],"_links":{"self":[{"href":"https:\/\/rocdentalturkey.com\/index.php\/wp-json\/wp\/v2\/pages\/1884","targetHints":{"allow":["GET"]}}],"collection":[{"href":"https:\/\/rocdentalturkey.com\/index.php\/wp-json\/wp\/v2\/pages"}],"about":[{"href":"https:\/\/rocdentalturkey.com\/index.php\/wp-json\/wp\/v2\/types\/page"}],"author":[{"embeddable":true,"href":"https:\/\/rocdentalturkey.com\/index.php\/wp-json\/wp\/v2\/users\/1"}],"replies":[{"embeddable":true,"href":"https:\/\/rocdentalturkey.com\/index.php\/wp-json\/wp\/v2\/comments?post=1884"}],"version-history":[{"count":1,"href":"https:\/\/rocdentalturkey.com\/index.php\/wp-json\/wp\/v2\/pages\/1884\/revisions"}],"predecessor-version":[{"id":1885,"href":"https:\/\/rocdentalturkey.com\/index.php\/wp-json\/wp\/v2\/pages\/1884\/revisions\/1885"}],"wp:attachment":[{"href":"https:\/\/rocdentalturkey.com\/index.php\/wp-json\/wp\/v2\/media?parent=1884"}],"curies":[{"name":"wp","href":"https:\/\/api.w.org\/{rel}","templated":true}]}}