{"id":1858,"date":"2025-03-18T11:31:40","date_gmt":"2025-03-18T11:31:40","guid":{"rendered":"https:\/\/rocdentalturkey.com\/index.php\/all-on-4-zahnimplantate\/"},"modified":"2025-07-04T14:37:52","modified_gmt":"2025-07-04T14:37:52","slug":"all-on-4-zahnimplantate","status":"publish","type":"page","link":"https:\/\/rocdentalturkey.com\/index.php\/all-on-4-zahnimplantate\/?lang=de","title":{"rendered":"All-on-4 Zahnimplantate"},"content":{"rendered":"<style>.elementor-1858 .elementor-element.elementor-element-79cdbf8 > .elementor-container{max-width:1170px;}.elementor-1858 .elementor-element.elementor-element-79cdbf8:not(.elementor-motion-effects-element-type-background), .elementor-1858 .elementor-element.elementor-element-79cdbf8 > .elementor-motion-effects-container > .elementor-motion-effects-layer{background-color:#000000;background-image:url(\"https:\/\/rocdentalturkey.com\/wp-content\/uploads\/2025\/03\/advice-of-dentist.jpg\");background-position:0px 65%;background-size:cover;}.elementor-1858 .elementor-element.elementor-element-79cdbf8 > .elementor-background-overlay{background-color:#000000;opacity:0.8;transition:background 0.3s, border-radius 0.3s, opacity 0.3s;}.elementor-1858 .elementor-element.elementor-element-79cdbf8{transition:background 0.3s, border 0.3s, border-radius 0.3s, box-shadow 0.3s;margin-top:0px;margin-bottom:0px;padding:140px 0px 140px 0px;}.elementor-1858 .elementor-element.elementor-element-03db280.elementor-column > .elementor-widget-wrap{justify-content:center;}.elementor-1858 .elementor-element.elementor-element-1cbd7cc{text-align:center;}.elementor-1858 .elementor-element.elementor-element-1cbd7cc .elementor-heading-title{font-family:\"Montserrat\", Sans-serif;font-size:32px;font-weight:700;text-transform:uppercase;line-height:1.2em;color:var( --e-global-color-c3e5fb3 );}.elementor-1858 .elementor-element.elementor-element-7adc2ab{--display:flex;--flex-direction:column;--container-widget-width:100%;--container-widget-height:initial;--container-widget-flex-grow:0;--container-widget-align-self:initial;--flex-wrap-mobile:wrap;--margin-top:60px;--margin-bottom:0px;--margin-left:0px;--margin-right:0px;}.elementor-1858 .elementor-element.elementor-element-3e74c87{--e-image-carousel-slides-to-show:4;}.elementor-1858 .elementor-element.elementor-element-3e74c87 .elementor-image-carousel-wrapper .elementor-image-carousel .swiper-slide-image{border-radius:10px 10px 10px 10px;}.elementor-1858 .elementor-element.elementor-element-85d231f{--display:flex;--flex-direction:row;--container-widget-width:initial;--container-widget-height:100%;--container-widget-flex-grow:1;--container-widget-align-self:stretch;--flex-wrap-mobile:wrap;--gap:0px 0px;--row-gap:0px;--column-gap:0px;--margin-top:20px;--margin-bottom:0px;--margin-left:0px;--margin-right:0px;}.elementor-1858 .elementor-element.elementor-element-48efdf4{--display:flex;--flex-direction:column;--container-widget-width:100%;--container-widget-height:initial;--container-widget-flex-grow:0;--container-widget-align-self:initial;--flex-wrap-mobile:wrap;}.elementor-1858 .elementor-element.elementor-element-3b80c80 .elementor-heading-title{font-family:\"Montserrat\", Sans-serif;font-size:14px;font-weight:600;text-transform:uppercase;line-height:1em;letter-spacing:1.5px;color:#20BBE4;}.elementor-1858 .elementor-element.elementor-element-61d45bb{text-align:start;}.elementor-1858 .elementor-element.elementor-element-61d45bb .elementor-heading-title{font-family:\"Montserrat\", Sans-serif;font-size:32px;font-weight:700;line-height:1.2em;color:var( --e-global-color-primary );}.elementor-1858 .elementor-element.elementor-element-6ce5412{--display:flex;--flex-direction:column;--container-widget-width:calc( ( 1 - var( --container-widget-flex-grow ) ) * 100% );--container-widget-height:initial;--container-widget-flex-grow:0;--container-widget-align-self:initial;--flex-wrap-mobile:wrap;--align-items:flex-end;}.elementor-1858 .elementor-element.elementor-element-90b9581 .elementor-button{font-family:var( --e-global-typography-9feda6e-font-family ), Sans-serif;font-size:var( --e-global-typography-9feda6e-font-size );font-weight:var( --e-global-typography-9feda6e-font-weight );text-transform:var( --e-global-typography-9feda6e-text-transform );line-height:var( --e-global-typography-9feda6e-line-height );letter-spacing:var( --e-global-typography-9feda6e-letter-spacing );word-spacing:var( --e-global-typography-9feda6e-word-spacing );fill:var( --e-global-color-c3e5fb3 );color:var( --e-global-color-c3e5fb3 );background-color:#20BBE4;border-radius:20px 20px 3px 3px;padding:20px 40px 20px 40px;}.elementor-1858 .elementor-element.elementor-element-90b9581 .elementor-button:hover, .elementor-1858 .elementor-element.elementor-element-90b9581 .elementor-button:focus{color:#20BBE4;background-color:var( --e-global-color-c3e5fb3 );}.elementor-1858 .elementor-element.elementor-element-90b9581 .elementor-button:hover svg, .elementor-1858 .elementor-element.elementor-element-90b9581 .elementor-button:focus svg{fill:#20BBE4;}.elementor-1858 .elementor-element.elementor-element-90b9581 > .elementor-widget-container{margin:20px 0px 0px 0px;}.elementor-1858 .elementor-element.elementor-element-0a93c6b{--display:flex;--flex-direction:column;--container-widget-width:100%;--container-widget-height:initial;--container-widget-flex-grow:0;--container-widget-align-self:initial;--flex-wrap-mobile:wrap;--margin-top:0px;--margin-bottom:50px;--margin-left:0px;--margin-right:0px;}.elementor-1858 .elementor-element.elementor-element-896b085{--divider-border-style:solid;--divider-color:#F7F7F7;--divider-border-width:1px;}.elementor-1858 .elementor-element.elementor-element-896b085 .elementor-divider-separator{width:100%;}.elementor-1858 .elementor-element.elementor-element-896b085 .elementor-divider{padding-block-start:2px;padding-block-end:2px;}.elementor-1858 .elementor-element.elementor-element-7f4c46a{font-family:\"Montserrat\", Sans-serif;font-size:16px;font-weight:400;line-height:1.5em;color:var( --e-global-color-text );}@media(min-width:768px){.elementor-1858 .elementor-element.elementor-element-48efdf4{--width:66.6666%;}.elementor-1858 .elementor-element.elementor-element-6ce5412{--width:33.3333%;}}@media(max-width:1024px){.elementor-1858 .elementor-element.elementor-element-79cdbf8:not(.elementor-motion-effects-element-type-background), .elementor-1858 .elementor-element.elementor-element-79cdbf8 > .elementor-motion-effects-container > .elementor-motion-effects-layer{background-position:0px 0px;}.elementor-1858 .elementor-element.elementor-element-79cdbf8{padding:120px 10px 120px 10px;}.elementor-1858 .elementor-element.elementor-element-90b9581 .elementor-button{font-size:var( --e-global-typography-9feda6e-font-size );line-height:var( --e-global-typography-9feda6e-line-height );letter-spacing:var( --e-global-typography-9feda6e-letter-spacing );word-spacing:var( --e-global-typography-9feda6e-word-spacing );}}@media(max-width:767px){.elementor-1858 .elementor-element.elementor-element-79cdbf8:not(.elementor-motion-effects-element-type-background), .elementor-1858 .elementor-element.elementor-element-79cdbf8 > .elementor-motion-effects-container > .elementor-motion-effects-layer{background-position:0px 0px;}.elementor-1858 .elementor-element.elementor-element-79cdbf8{padding:80px 10px 80px 10px;}.elementor-1858 .elementor-element.elementor-element-1cbd7cc .elementor-heading-title{font-size:24px;}.elementor-1858 .elementor-element.elementor-element-3b80c80 .elementor-heading-title{font-size:14px;}.elementor-1858 .elementor-element.elementor-element-61d45bb .elementor-heading-title{font-size:24px;}.elementor-1858 .elementor-element.elementor-element-90b9581 .elementor-button{font-size:var( --e-global-typography-9feda6e-font-size );line-height:var( --e-global-typography-9feda6e-line-height );letter-spacing:var( --e-global-typography-9feda6e-letter-spacing );word-spacing:var( --e-global-typography-9feda6e-word-spacing );}.elementor-1858 .elementor-element.elementor-element-7f4c46a{font-size:14px;}}<\/style>\t\t<div data-elementor-type=\"wp-page\" data-elementor-id=\"1858\" class=\"elementor elementor-1858 elementor-171\" data-elementor-post-type=\"page\">\n\t\t\t\t\t\t<section class=\"elementor-section elementor-top-section elementor-element elementor-element-79cdbf8 elementor-section-boxed elementor-section-height-default elementor-section-height-default\" data-id=\"79cdbf8\" data-element_type=\"section\" data-e-type=\"section\" data-settings=\"{&quot;background_background&quot;:&quot;classic&quot;}\">\n\t\t\t\t\t\t\t<div class=\"elementor-background-overlay\"><\/div>\n\t\t\t\t\t\t\t<div class=\"elementor-container elementor-column-gap-default\">\n\t\t\t\t\t<div class=\"elementor-column elementor-col-100 elementor-top-column elementor-element elementor-element-03db280\" data-id=\"03db280\" data-element_type=\"column\" data-e-type=\"column\">\n\t\t\t<div class=\"elementor-widget-wrap elementor-element-populated\">\n\t\t\t\t\t\t<div class=\"elementor-element elementor-element-1cbd7cc elementor-widget elementor-widget-heading\" data-id=\"1cbd7cc\" data-element_type=\"widget\" data-e-type=\"widget\" data-widget_type=\"heading.default\">\n\t\t\t\t<div class=\"elementor-widget-container\">\n\t\t\t\t\t<h2 class=\"elementor-heading-title elementor-size-default\">All-on-4 Zahnimplantate<\/h2>\t\t\t\t<\/div>\n\t\t\t\t<\/div>\n\t\t\t\t\t<\/div>\n\t\t<\/div>\n\t\t\t\t\t<\/div>\n\t\t<\/section>\n\t\t<div class=\"elementor-element elementor-element-7adc2ab e-flex e-con-boxed e-con e-parent\" data-id=\"7adc2ab\" data-element_type=\"container\" data-e-type=\"container\">\n\t\t\t\t\t<div class=\"e-con-inner\">\n\t\t\t\t<div class=\"elementor-element elementor-element-3e74c87 elementor-arrows-position-inside elementor-widget elementor-widget-image-carousel\" data-id=\"3e74c87\" data-element_type=\"widget\" data-e-type=\"widget\" data-settings=\"{&quot;slides_to_show&quot;:&quot;4&quot;,&quot;navigation&quot;:&quot;arrows&quot;,&quot;image_spacing_custom&quot;:{&quot;unit&quot;:&quot;px&quot;,&quot;size&quot;:10,&quot;sizes&quot;:[]},&quot;autoplay&quot;:&quot;yes&quot;,&quot;pause_on_hover&quot;:&quot;yes&quot;,&quot;pause_on_interaction&quot;:&quot;yes&quot;,&quot;autoplay_speed&quot;:5000,&quot;speed&quot;:500,&quot;image_spacing_custom_tablet&quot;:{&quot;unit&quot;:&quot;px&quot;,&quot;size&quot;:&quot;&quot;,&quot;sizes&quot;:[]},&quot;image_spacing_custom_mobile&quot;:{&quot;unit&quot;:&quot;px&quot;,&quot;size&quot;:&quot;&quot;,&quot;sizes&quot;:[]}}\" data-widget_type=\"image-carousel.default\">\n\t\t\t\t<div class=\"elementor-widget-container\">\n\t\t\t\t\t\t\t<div class=\"elementor-image-carousel-wrapper swiper\" role=\"region\" aria-roledescription=\"carousel\" aria-label=\"Image Carousel\" dir=\"ltr\">\n\t\t\t<div class=\"elementor-image-carousel swiper-wrapper\" aria-live=\"off\">\n\t\t\t\t\t\t\t\t<div class=\"swiper-slide\" role=\"group\" aria-roledescription=\"slide\" aria-label=\"1 von 4\"><a data-elementor-open-lightbox=\"yes\" data-elementor-lightbox-slideshow=\"3e74c87\" data-elementor-lightbox-title=\"ALL ON 4 (4.FOTO)\" data-e-action-hash=\"#elementor-action%3Aaction%3Dlightbox%26settings%3DeyJpZCI6MTQyMiwidXJsIjoiaHR0cHM6XC9cL3JvY2RlbnRhbHR1cmtleS5jb21cL3dwLWNvbnRlbnRcL3VwbG9hZHNcLzIwMjVcLzA1XC9BTEwtT04tNC00LkZPVE9fLmpwZyIsInNsaWRlc2hvdyI6IjNlNzRjODcifQ%3D%3D\" href=\"https:\/\/rocdentalturkey.com\/wp-content\/uploads\/2025\/05\/ALL-ON-4-4.FOTO_.jpg\"><figure class=\"swiper-slide-inner\"><img decoding=\"async\" class=\"swiper-slide-image\" src=\"https:\/\/rocdentalturkey.com\/wp-content\/uploads\/elementor\/thumbs\/ALL-ON-4-4.FOTO_-r6f46n403gk0sr73fqmrei5z0w0cm84cqplzz647jg.jpg\" alt=\"ALL ON 4 (4.FOTO)\" \/><\/figure><\/a><\/div><div class=\"swiper-slide\" role=\"group\" aria-roledescription=\"slide\" aria-label=\"2 von 4\"><a data-elementor-open-lightbox=\"yes\" data-elementor-lightbox-slideshow=\"3e74c87\" data-elementor-lightbox-title=\"ALL ON 4 (2.foto)\" data-e-action-hash=\"#elementor-action%3Aaction%3Dlightbox%26settings%3DeyJpZCI6MTQyNiwidXJsIjoiaHR0cHM6XC9cL3JvY2RlbnRhbHR1cmtleS5jb21cL3dwLWNvbnRlbnRcL3VwbG9hZHNcLzIwMjVcLzA1XC9BTEwtT04tNC0yLmZvdG9fLnBuZyIsInNsaWRlc2hvdyI6IjNlNzRjODcifQ%3D%3D\" href=\"https:\/\/rocdentalturkey.com\/wp-content\/uploads\/2025\/05\/ALL-ON-4-2.foto_.png\"><figure class=\"swiper-slide-inner\"><img decoding=\"async\" class=\"swiper-slide-image\" src=\"https:\/\/rocdentalturkey.com\/wp-content\/uploads\/elementor\/thumbs\/ALL-ON-4-2.foto_-r6f46o1uaalb4d5qa91dyzxfm9vptx832u9hgg2td8.png\" alt=\"ALL ON 4 (2.foto)\" \/><\/figure><\/a><\/div><div class=\"swiper-slide\" role=\"group\" aria-roledescription=\"slide\" aria-label=\"3 von 4\"><a data-elementor-open-lightbox=\"yes\" data-elementor-lightbox-slideshow=\"3e74c87\" data-elementor-lightbox-title=\"all on 4 (3.foto)\" data-e-action-hash=\"#elementor-action%3Aaction%3Dlightbox%26settings%3DeyJpZCI6MTQzMCwidXJsIjoiaHR0cHM6XC9cL3JvY2RlbnRhbHR1cmtleS5jb21cL3dwLWNvbnRlbnRcL3VwbG9hZHNcLzIwMjVcLzA1XC9hbGwtb24tNC0zLmZvdG9fLnBuZyIsInNsaWRlc2hvdyI6IjNlNzRjODcifQ%3D%3D\" href=\"https:\/\/rocdentalturkey.com\/wp-content\/uploads\/2025\/05\/all-on-4-3.foto_.png\"><figure class=\"swiper-slide-inner\"><img decoding=\"async\" class=\"swiper-slide-image\" src=\"https:\/\/rocdentalturkey.com\/wp-content\/uploads\/elementor\/thumbs\/all-on-4-3.foto_-r6f46pxinynvrl2zz9un3zgct1mg9bfjr3kgf0010s.png\" alt=\"all on 4 (3.foto)\" \/><\/figure><\/a><\/div><div class=\"swiper-slide\" role=\"group\" aria-roledescription=\"slide\" aria-label=\"4 von 4\"><a data-elementor-open-lightbox=\"yes\" data-elementor-lightbox-slideshow=\"3e74c87\" data-elementor-lightbox-title=\"all on 4\" data-e-action-hash=\"#elementor-action%3Aaction%3Dlightbox%26settings%3DeyJpZCI6MTQzNCwidXJsIjoiaHR0cHM6XC9cL3JvY2RlbnRhbHR1cmtleS5jb21cL3dwLWNvbnRlbnRcL3VwbG9hZHNcLzIwMjVcLzA1XC9hbGwtb24tNC5wbmciLCJzbGlkZXNob3ciOiIzZTc0Yzg3In0%3D\" href=\"https:\/\/rocdentalturkey.com\/wp-content\/uploads\/2025\/05\/all-on-4.png\"><figure class=\"swiper-slide-inner\"><img decoding=\"async\" class=\"swiper-slide-image\" src=\"https:\/\/rocdentalturkey.com\/wp-content\/uploads\/elementor\/thumbs\/all-on-4-r6f46pxinynvrl2zz9un3zgct1mg9bfjr3kgf0010s.png\" alt=\"all on 4\" \/><\/figure><\/a><\/div>\t\t\t<\/div>\n\t\t\t\t\t\t\t\t\t\t\t\t<div class=\"elementor-swiper-button elementor-swiper-button-prev\" role=\"button\" tabindex=\"0\">\n\t\t\t\t\t\t<svg aria-hidden=\"true\" class=\"e-font-icon-svg e-eicon-chevron-left\" viewBox=\"0 0 1000 1000\" xmlns=\"http:\/\/www.w3.org\/2000\/svg\"><path d=\"M646 125C629 125 613 133 604 142L308 442C296 454 292 471 292 487 292 504 296 521 308 533L604 854C617 867 629 875 646 875 663 875 679 871 692 858 704 846 713 829 713 812 713 796 708 779 692 767L438 487 692 225C700 217 708 204 708 187 708 171 704 154 692 142 675 129 663 125 646 125Z\"><\/path><\/svg>\t\t\t\t\t<\/div>\n\t\t\t\t\t<div class=\"elementor-swiper-button elementor-swiper-button-next\" role=\"button\" tabindex=\"0\">\n\t\t\t\t\t\t<svg aria-hidden=\"true\" class=\"e-font-icon-svg e-eicon-chevron-right\" viewBox=\"0 0 1000 1000\" xmlns=\"http:\/\/www.w3.org\/2000\/svg\"><path d=\"M696 533C708 521 713 504 713 487 713 471 708 454 696 446L400 146C388 133 375 125 354 125 338 125 325 129 313 142 300 154 292 171 292 187 292 204 296 221 308 233L563 492 304 771C292 783 288 800 288 817 288 833 296 850 308 863 321 871 338 875 354 875 371 875 388 867 400 854L696 533Z\"><\/path><\/svg>\t\t\t\t\t<\/div>\n\t\t\t\t\n\t\t\t\t\t\t\t\t\t<\/div>\n\t\t\t\t\t\t<\/div>\n\t\t\t\t<\/div>\n\t\t\t\t\t<\/div>\n\t\t\t\t<\/div>\n\t\t<div class=\"elementor-element elementor-element-85d231f e-flex e-con-boxed e-con e-parent\" data-id=\"85d231f\" data-element_type=\"container\" data-e-type=\"container\">\n\t\t\t\t\t<div class=\"e-con-inner\">\n\t\t<div class=\"elementor-element elementor-element-48efdf4 e-con-full e-flex e-con e-child\" data-id=\"48efdf4\" data-element_type=\"container\" data-e-type=\"container\">\n\t\t\t\t<div class=\"elementor-element elementor-element-3b80c80 animated-slow elementor-invisible elementor-widget elementor-widget-heading\" data-id=\"3b80c80\" data-element_type=\"widget\" data-e-type=\"widget\" data-settings=\"{&quot;_animation&quot;:&quot;fadeInRight&quot;}\" data-widget_type=\"heading.default\">\n\t\t\t\t<div class=\"elementor-widget-container\">\n\t\t\t\t\t<h5 class=\"elementor-heading-title elementor-size-default\">roc cl\u0131n\u0131c<\/h5>\t\t\t\t<\/div>\n\t\t\t\t<\/div>\n\t\t\t\t<div class=\"elementor-element elementor-element-61d45bb elementor-widget elementor-widget-heading\" data-id=\"61d45bb\" data-element_type=\"widget\" data-e-type=\"widget\" data-widget_type=\"heading.default\">\n\t\t\t\t<div class=\"elementor-widget-container\">\n\t\t\t\t\t<h2 class=\"elementor-heading-title elementor-size-default\">All-on-4 Zahnimplantate<\/h2>\t\t\t\t<\/div>\n\t\t\t\t<\/div>\n\t\t\t\t<\/div>\n\t\t<div class=\"elementor-element elementor-element-6ce5412 e-con-full e-flex e-con e-child\" data-id=\"6ce5412\" data-element_type=\"container\" data-e-type=\"container\">\n\t\t\t\t<div class=\"elementor-element elementor-element-90b9581 elementor-align-center elementor-widget elementor-widget-button\" data-id=\"90b9581\" data-element_type=\"widget\" data-e-type=\"widget\" data-widget_type=\"button.default\">\n\t\t\t\t<div class=\"elementor-widget-container\">\n\t\t\t\t\t\t\t\t\t<div class=\"elementor-button-wrapper\">\n\t\t\t\t\t<a class=\"elementor-button elementor-button-link elementor-size-sm elementor-animation-float\" href=\"https:\/\/rocdentalturkey.com\/index.php\/contact-us\/\">\n\t\t\t\t\t\t<span class=\"elementor-button-content-wrapper\">\n\t\t\t\t\t\t\t\t\t<span class=\"elementor-button-text\">Kontaktieren Sie uns<\/span>\n\t\t\t\t\t<\/span>\n\t\t\t\t\t<\/a>\n\t\t\t\t<\/div>\n\t\t\t\t\t\t\t\t<\/div>\n\t\t\t\t<\/div>\n\t\t\t\t<\/div>\n\t\t\t\t\t<\/div>\n\t\t\t\t<\/div>\n\t\t<div class=\"elementor-element elementor-element-0a93c6b e-flex e-con-boxed e-con e-parent\" data-id=\"0a93c6b\" data-element_type=\"container\" data-e-type=\"container\">\n\t\t\t\t\t<div class=\"e-con-inner\">\n\t\t\t\t<div class=\"elementor-element elementor-element-896b085 elementor-widget-divider--view-line elementor-widget elementor-widget-divider\" data-id=\"896b085\" data-element_type=\"widget\" data-e-type=\"widget\" data-widget_type=\"divider.default\">\n\t\t\t\t<div class=\"elementor-widget-container\">\n\t\t\t\t\t\t\t<div class=\"elementor-divider\">\n\t\t\t<span class=\"elementor-divider-separator\">\n\t\t\t\t\t\t<\/span>\n\t\t<\/div>\n\t\t\t\t\t\t<\/div>\n\t\t\t\t<\/div>\n\t\t\t\t<div class=\"elementor-element elementor-element-7f4c46a elementor-widget elementor-widget-text-editor\" data-id=\"7f4c46a\" data-element_type=\"widget\" data-e-type=\"widget\" data-widget_type=\"text-editor.default\">\n\t\t\t\t<div class=\"elementor-widget-container\">\n\t\t\t\t\t\t\t\t\t<p data-start=\"69\" data-end=\"410\">Der Verlust mehrerer Z\u00e4hne oder Probleme mit Zahnprothesen k\u00f6nnen Ihre <strong data-start=\"149\" data-end=\"222\">Lebensqualit\u00e4t, Ihr Selbstvertrauen und Ihre F\u00e4higkeit, bequem zu essen und zu sprechen<\/strong>, erheblich beeintr\u00e4chtigen. In der <strong data-start=\"227\" data-end=\"249\">ROC Clinic Antalya<\/strong> bieten wir die revolution\u00e4re <strong data-start=\"278\" data-end=\"305\">All-on-4-Zahnimplantatbehandlung<\/strong> an \u2013 eine <strong data-start=\"318\" data-end=\"368\">dauerhafte, feste und nat\u00fcrlich aussehende L\u00f6sung<\/strong> f\u00fcr Patienten mit starkem Zahnverlust.<\/p>\n<h4 data-start=\"412\" data-end=\"457\"><strong data-start=\"417\" data-end=\"455\">Was sind All-on-4-Zahnimplantate?<\/strong><\/h4>\n<p data-start=\"458\" data-end=\"921\">All-on-4 ist eine <strong data-start=\"473\" data-end=\"510\">fortgeschrittene Zahnimplantattechnik<\/strong>, bei der ein ganzer Bogen fehlender Z\u00e4hne mit nur <strong data-start=\"568\" data-end=\"606\">vier strategisch platzierten Implantate<\/strong>. Diese Implantate dienen als <strong data-start=\"634\" data-end=\"655\">starke Grundlage<\/strong> f\u00fcr eine festsitzende Prothese, wodurch <strong data-start=\"705\" data-end=\"739\">herk\u00f6mmliche herausnehmbare Prothesen<\/strong> \u00fcberfl\u00fcssig werden. Im Gegensatz zu herk\u00f6mmlichen Implantaten erfordert All-on-4 <strong data-start=\"789\" data-end=\"842\">weniger Implantate und in den meisten F\u00e4llen keine Knochentransplantation<\/strong>, was es zu einer <strong data-start=\"856\" data-end=\"918\">schnelleren, kosteng\u00fcnstigeren und minimalinvasiven Option<\/strong> macht.<\/p>\n<h4 data-start=\"923\" data-end=\"970\"><strong data-start=\"928\" data-end=\"968\">Vorteile von All-on-4-Zahnimplantaten<\/strong><\/h4>\n<ul data-start=\"971\" data-end=\"1626\">\n<li data-start=\"971\" data-end=\"1097\"><strong data-start=\"973\" data-end=\"995\">Permanent &amp; Sicher<\/strong> \u2013 Im Gegensatz zu Zahnprothesen bleiben sie fest an ihrem Platz, sodass Sie selbstbewusst essen, sprechen und l\u00e4cheln k\u00f6nnen.<\/li>\n<li data-start=\"1098\" data-end=\"1205\"><strong data-start=\"1100\" data-end=\"1127\">Sofortige Funktionalit\u00e4t<\/strong> \u2013 Verlassen Sie die Praxis mit einem <strong data-start=\"1146\" data-end=\"1185\">neuen, vollst\u00e4ndigen Gebiss am selben Tag<\/strong>.<\/li>\n<li data-start=\"1206\" data-end=\"1310\"><strong data-start=\"1208\" data-end=\"1230\">Minimalinvasiv<\/strong> \u2013 Erfordert nur vier Implantate pro Kiefer, wodurch Heilungszeit und Beschwerden reduziert werden.<\/li>\n<li data-start=\"1311\" data-end=\"1416\"><strong data-start=\"1313\" data-end=\"1335\">Beugt Knochenschwund vor<\/strong> \u2013 Stimuliert die nat\u00fcrliche Knochenbildung Wachstum, wodurch ein Erschlaffen und eine Verschlechterung des Gesichts verhindert wird.<\/li>\n<li data-start=\"1417\" data-end=\"1510\"><strong data-start=\"1419\" data-end=\"1442\">Nat\u00fcrliches Aussehen und Gef\u00fchl<\/strong> \u2013 Entwickelt, um der \u00c4sthetik und Funktion nat\u00fcrlicher Z\u00e4hne zu entsprechen.<\/li>\n<li data-start=\"1511\" data-end=\"1626\"><strong data-start=\"1513\" data-end=\"1542\">Keine Knochentransplantation erforderlich<\/strong> \u2013 Ideal f\u00fcr Patienten mit Knochenschwund, f\u00fcr die herk\u00f6mmliche Implantate m\u00f6glicherweise nicht in Frage kommen.<\/li>\n<\/ul>\n<h4 data-start=\"1628\" data-end=\"1669\"><strong data-start=\"1633\" data-end=\"1667\">Warum die ROC Clinic Antalya w\u00e4hlen?<\/strong><\/h4>\n<p data-start=\"1670\" data-end=\"1992\">In der <strong data-start=\"1673\" data-end=\"1695\">ROC Clinic Antalya<\/strong> kombinieren wir <strong data-start=\"1708\" data-end=\"1767\">Expertise, Innovation und die neueste Zahntechnologie<\/strong>, um ein nahtloses und stressfreies Erlebnis zu bieten. Unsere international ausgebildeten Spezialisten verwenden <strong data-start=\"1862\" data-end=\"1924\">3D-Bildgebung, digitales L\u00e4chelndesign und schmerzfreie Verfahren<\/strong>, um eine pr\u00e4zise Platzierung und perfekte Passform f\u00fcr Ihr neues L\u00e4cheln zu gew\u00e4hrleisten.<\/p>\n<p data-start=\"1994\" data-end=\"2211\">Und das Wichtigste: <strong data-start=\"2012\" data-end=\"2058\">wir machen erstklassige Zahnpflege erschwinglich<\/strong>. W\u00e4hrend viele Kliniken ein Verm\u00f6gen f\u00fcr hochwertige Zahnimplantate verlangen, bieten wir <strong data-start=\"2139\" data-end=\"2176\">erstklassige, kosteng\u00fcnstige L\u00f6sungen<\/strong> ohne Kompromisse bei der Qualit\u00e4t.<\/p>\n<h4 data-start=\"2213\" data-end=\"2269\"><strong data-start=\"2218\" data-end=\"2267\">Machen Sie den ersten Schritt zu einem selbstbewussten L\u00e4cheln!<\/strong><\/h4>\n<p data-start=\"2270\" data-end=\"2505\" data-is-last-node=\"\" data-is-only-node=\"\">Gewinnen Sie Ihre <strong data-start=\"2282\" data-end=\"2338\">Kauf\u00e4higkeit, Sprachverst\u00e4ndlichkeit und Ihr Selbstvertrauen<\/strong> mit <strong data-start=\"2344\" data-end=\"2372\">All-on-4-Zahnimplantaten<\/strong> in der ROC Clinic Antalya zur\u00fcck. <strong data-start=\"2396\" data-end=\"2505\" data-is-last-node=\"\">Buchen Sie noch heute Ihren Beratungstermin und erleben Sie die lebensver\u00e4ndernden Vorteile einer vollst\u00e4ndigen Zahnbogenrestauration!<\/strong><\/p>\n<p><strong>Die Vorteile von \u201eAll-on-4\u201c-Zahnimplantaten<\/strong><\/p>\n<ul>\n<li>Unter normalen Umst\u00e4nden k\u00f6nnen die Implantat- und \u00e4sthetische Behandlung innerhalb von 4 Tagen abgeschlossen werden, was dem Patienten Kosten und Zeit spart.<\/li>\n<li>Unabh\u00e4ngig davon, ob der Patient Z\u00e4hne ziehen muss oder nicht, ist die Behandlung innerhalb von 4 Tagen abgeschlossen.<\/li>\n<li>Nach dem Einsetzen der Implantate ist es m\u00f6glich, provisorische Z\u00e4hne aus Kunststoff anzufertigen, bis die bleibenden Z\u00e4hne fertig sind.<\/li>\n<li>Diese \u201eAll-on-4\u201c-Behandlung ist f\u00fcr Patienten mit gesunder Knochenstruktur und infektionsfreiem Zahnfleisch verf\u00fcgbar.ion.<\/li>\n<li>Die Zahnhygiene ist einfach und unkompliziert.<\/li>\n<li>Das Endergebnis bietet Komfort und das \u00e4sthetisch gestaltete Ergebnis verbessert die Lebensqualit\u00e4t des Patienten.<\/li>\n<li>Erm\u00f6glicht die Installation von Zirkoniumz\u00e4hnen nach Abschluss der dreimonatigen Heilungsphase.<\/li>\n<li>Der Patient kann sich von unbequemen und schlecht sitzenden Zahnprothesen verabschieden.<\/li>\n<\/ul>\n\t\t\t\t\t\t\t\t<\/div>\n\t\t\t\t<\/div>\n\t\t\t\t\t<\/div>\n\t\t\t\t<\/div>\n\t\t\t\t<\/div>\n\t\t","protected":false},"excerpt":{"rendered":"<p>All-on-4 Zahnimplantate roc cl\u0131n\u0131c All-on-4 Zahnimplantate Kontaktieren Sie uns Der Verlust mehrerer Z\u00e4hne oder Probleme mit Zahnprothesen k\u00f6nnen Ihre Lebensqualit\u00e4t, Ihr Selbstvertrauen und Ihre F\u00e4higkeit, bequem zu essen und zu sprechen, erheblich beeintr\u00e4chtigen. In der ROC Clinic Antalya bieten wir die revolution\u00e4re All-on-4-Zahnimplantatbehandlung an \u2013 eine dauerhafte, feste und nat\u00fcrlich aussehende L\u00f6sung f\u00fcr Patienten mit [&hellip;]<\/p>\n","protected":false},"author":1,"featured_media":0,"parent":0,"menu_order":0,"comment_status":"closed","ping_status":"closed","template":"elementor_header_footer","meta":{"footnotes":""},"class_list":["post-1858","page","type-page","status-publish","hentry"],"_links":{"self":[{"href":"https:\/\/rocdentalturkey.com\/index.php\/wp-json\/wp\/v2\/pages\/1858","targetHints":{"allow":["GET"]}}],"collection":[{"href":"https:\/\/rocdentalturkey.com\/index.php\/wp-json\/wp\/v2\/pages"}],"about":[{"href":"https:\/\/rocdentalturkey.com\/index.php\/wp-json\/wp\/v2\/types\/page"}],"author":[{"embeddable":true,"href":"https:\/\/rocdentalturkey.com\/index.php\/wp-json\/wp\/v2\/users\/1"}],"replies":[{"embeddable":true,"href":"https:\/\/rocdentalturkey.com\/index.php\/wp-json\/wp\/v2\/comments?post=1858"}],"version-history":[{"count":1,"href":"https:\/\/rocdentalturkey.com\/index.php\/wp-json\/wp\/v2\/pages\/1858\/revisions"}],"predecessor-version":[{"id":1859,"href":"https:\/\/rocdentalturkey.com\/index.php\/wp-json\/wp\/v2\/pages\/1858\/revisions\/1859"}],"wp:attachment":[{"href":"https:\/\/rocdentalturkey.com\/index.php\/wp-json\/wp\/v2\/media?parent=1858"}],"curies":[{"name":"wp","href":"https:\/\/api.w.org\/{rel}","templated":true}]}}