{"id":1788,"date":"2025-03-18T13:40:25","date_gmt":"2025-03-18T13:40:25","guid":{"rendered":"https:\/\/rocdentalturkey.com\/index.php\/zigomatik-pterigoid-burun-implantlari\/"},"modified":"2025-08-27T14:10:23","modified_gmt":"2025-08-27T14:10:23","slug":"zigomatik-pterigoid-burun-implantlari","status":"publish","type":"page","link":"https:\/\/rocdentalturkey.com\/index.php\/zigomatik-pterigoid-burun-implantlari\/?lang=tr","title":{"rendered":"Zigomatik, Pterigoid, Burun \u0130mplantlar\u0131"},"content":{"rendered":"<style>.elementor-1788 .elementor-element.elementor-element-79cdbf8 > .elementor-container{max-width:1170px;}.elementor-1788 .elementor-element.elementor-element-79cdbf8:not(.elementor-motion-effects-element-type-background), .elementor-1788 .elementor-element.elementor-element-79cdbf8 > .elementor-motion-effects-container > .elementor-motion-effects-layer{background-color:#000000;background-image:url(\"https:\/\/rocdentalturkey.com\/wp-content\/uploads\/2025\/03\/advice-of-dentist.jpg\");background-position:0px 65%;background-size:cover;}.elementor-1788 .elementor-element.elementor-element-79cdbf8 > .elementor-background-overlay{background-color:#000000;opacity:0.8;transition:background 0.3s, border-radius 0.3s, opacity 0.3s;}.elementor-1788 .elementor-element.elementor-element-79cdbf8{transition:background 0.3s, border 0.3s, border-radius 0.3s, box-shadow 0.3s;margin-top:0px;margin-bottom:0px;padding:140px 0px 140px 0px;}.elementor-1788 .elementor-element.elementor-element-03db280.elementor-column > .elementor-widget-wrap{justify-content:center;}.elementor-1788 .elementor-element.elementor-element-1cbd7cc{text-align:center;}.elementor-1788 .elementor-element.elementor-element-1cbd7cc .elementor-heading-title{font-family:\"Montserrat\", Sans-serif;font-size:32px;font-weight:700;text-transform:uppercase;line-height:1.2em;color:var( --e-global-color-c3e5fb3 );}.elementor-1788 .elementor-element.elementor-element-7adc2ab{--display:flex;--flex-direction:column;--container-widget-width:100%;--container-widget-height:initial;--container-widget-flex-grow:0;--container-widget-align-self:initial;--flex-wrap-mobile:wrap;--margin-top:60px;--margin-bottom:0px;--margin-left:0px;--margin-right:0px;}.elementor-1788 .elementor-element.elementor-element-85d231f{--display:flex;--flex-direction:row;--container-widget-width:initial;--container-widget-height:100%;--container-widget-flex-grow:1;--container-widget-align-self:stretch;--flex-wrap-mobile:wrap;--gap:0px 0px;--row-gap:0px;--column-gap:0px;--margin-top:20px;--margin-bottom:0px;--margin-left:0px;--margin-right:0px;}.elementor-1788 .elementor-element.elementor-element-48efdf4{--display:flex;--flex-direction:column;--container-widget-width:100%;--container-widget-height:initial;--container-widget-flex-grow:0;--container-widget-align-self:initial;--flex-wrap-mobile:wrap;}.elementor-1788 .elementor-element.elementor-element-3b80c80 .elementor-heading-title{font-family:\"Montserrat\", Sans-serif;font-size:14px;font-weight:600;text-transform:uppercase;line-height:1em;letter-spacing:1.5px;color:#20BBE4;}.elementor-1788 .elementor-element.elementor-element-61d45bb{text-align:start;}.elementor-1788 .elementor-element.elementor-element-61d45bb .elementor-heading-title{font-family:\"Montserrat\", Sans-serif;font-size:32px;font-weight:700;line-height:1.2em;color:var( --e-global-color-primary );}.elementor-1788 .elementor-element.elementor-element-6ce5412{--display:flex;--flex-direction:column;--container-widget-width:calc( ( 1 - var( --container-widget-flex-grow ) ) * 100% );--container-widget-height:initial;--container-widget-flex-grow:0;--container-widget-align-self:initial;--flex-wrap-mobile:wrap;--align-items:flex-end;}.elementor-1788 .elementor-element.elementor-element-90b9581 .elementor-button{font-family:var( --e-global-typography-9feda6e-font-family ), Sans-serif;font-size:var( --e-global-typography-9feda6e-font-size );font-weight:var( --e-global-typography-9feda6e-font-weight );text-transform:var( --e-global-typography-9feda6e-text-transform );line-height:var( --e-global-typography-9feda6e-line-height );letter-spacing:var( --e-global-typography-9feda6e-letter-spacing );word-spacing:var( --e-global-typography-9feda6e-word-spacing );fill:var( --e-global-color-c3e5fb3 );color:var( --e-global-color-c3e5fb3 );background-color:#20BBE4;border-radius:20px 20px 3px 3px;padding:20px 40px 20px 40px;}.elementor-1788 .elementor-element.elementor-element-90b9581 .elementor-button:hover, .elementor-1788 .elementor-element.elementor-element-90b9581 .elementor-button:focus{color:#20BBE4;background-color:var( --e-global-color-c3e5fb3 );}.elementor-1788 .elementor-element.elementor-element-90b9581 .elementor-button:hover svg, .elementor-1788 .elementor-element.elementor-element-90b9581 .elementor-button:focus svg{fill:#20BBE4;}.elementor-1788 .elementor-element.elementor-element-90b9581 > .elementor-widget-container{margin:20px 0px 0px 0px;}.elementor-1788 .elementor-element.elementor-element-0a93c6b{--display:flex;--flex-direction:column;--container-widget-width:100%;--container-widget-height:initial;--container-widget-flex-grow:0;--container-widget-align-self:initial;--flex-wrap-mobile:wrap;--margin-top:0px;--margin-bottom:50px;--margin-left:0px;--margin-right:0px;}.elementor-1788 .elementor-element.elementor-element-896b085{--divider-border-style:solid;--divider-color:#F7F7F7;--divider-border-width:1px;}.elementor-1788 .elementor-element.elementor-element-896b085 .elementor-divider-separator{width:100%;}.elementor-1788 .elementor-element.elementor-element-896b085 .elementor-divider{padding-block-start:2px;padding-block-end:2px;}.elementor-1788 .elementor-element.elementor-element-7f4c46a{font-family:\"Montserrat\", Sans-serif;font-size:16px;font-weight:400;line-height:1.5em;color:var( --e-global-color-text );}@media(min-width:768px){.elementor-1788 .elementor-element.elementor-element-48efdf4{--width:66.6666%;}.elementor-1788 .elementor-element.elementor-element-6ce5412{--width:33.3333%;}}@media(max-width:1024px){.elementor-1788 .elementor-element.elementor-element-79cdbf8:not(.elementor-motion-effects-element-type-background), .elementor-1788 .elementor-element.elementor-element-79cdbf8 > .elementor-motion-effects-container > .elementor-motion-effects-layer{background-position:0px 0px;}.elementor-1788 .elementor-element.elementor-element-79cdbf8{padding:120px 10px 120px 10px;}.elementor-1788 .elementor-element.elementor-element-90b9581 .elementor-button{font-size:var( --e-global-typography-9feda6e-font-size );line-height:var( --e-global-typography-9feda6e-line-height );letter-spacing:var( --e-global-typography-9feda6e-letter-spacing );word-spacing:var( --e-global-typography-9feda6e-word-spacing );}}@media(max-width:767px){.elementor-1788 .elementor-element.elementor-element-79cdbf8:not(.elementor-motion-effects-element-type-background), .elementor-1788 .elementor-element.elementor-element-79cdbf8 > .elementor-motion-effects-container > .elementor-motion-effects-layer{background-position:0px 0px;}.elementor-1788 .elementor-element.elementor-element-79cdbf8{padding:80px 10px 80px 10px;}.elementor-1788 .elementor-element.elementor-element-1cbd7cc .elementor-heading-title{font-size:24px;}.elementor-1788 .elementor-element.elementor-element-3b80c80 .elementor-heading-title{font-size:14px;}.elementor-1788 .elementor-element.elementor-element-61d45bb .elementor-heading-title{font-size:24px;}.elementor-1788 .elementor-element.elementor-element-90b9581 .elementor-button{font-size:var( --e-global-typography-9feda6e-font-size );line-height:var( --e-global-typography-9feda6e-line-height );letter-spacing:var( --e-global-typography-9feda6e-letter-spacing );word-spacing:var( --e-global-typography-9feda6e-word-spacing );}.elementor-1788 .elementor-element.elementor-element-7f4c46a{font-size:14px;}}<\/style>\t\t<div data-elementor-type=\"wp-page\" data-elementor-id=\"1788\" class=\"elementor elementor-1788 elementor-195\" data-elementor-post-type=\"page\">\n\t\t\t\t\t\t<section class=\"elementor-section elementor-top-section elementor-element elementor-element-79cdbf8 elementor-section-boxed elementor-section-height-default elementor-section-height-default\" data-id=\"79cdbf8\" data-element_type=\"section\" data-e-type=\"section\" data-settings=\"{&quot;background_background&quot;:&quot;classic&quot;}\">\n\t\t\t\t\t\t\t<div class=\"elementor-background-overlay\"><\/div>\n\t\t\t\t\t\t\t<div class=\"elementor-container elementor-column-gap-default\">\n\t\t\t\t\t<div class=\"elementor-column elementor-col-100 elementor-top-column elementor-element elementor-element-03db280\" data-id=\"03db280\" data-element_type=\"column\" data-e-type=\"column\">\n\t\t\t<div class=\"elementor-widget-wrap elementor-element-populated\">\n\t\t\t\t\t\t<div class=\"elementor-element elementor-element-1cbd7cc elementor-widget elementor-widget-heading\" data-id=\"1cbd7cc\" data-element_type=\"widget\" data-e-type=\"widget\" data-widget_type=\"heading.default\">\n\t\t\t\t<div class=\"elementor-widget-container\">\n\t\t\t\t\t<h2 class=\"elementor-heading-title elementor-size-default\">Zigomatik, Pterigoid, Burun \u0130mplantlar\u0131<\/h2>\t\t\t\t<\/div>\n\t\t\t\t<\/div>\n\t\t\t\t\t<\/div>\n\t\t<\/div>\n\t\t\t\t\t<\/div>\n\t\t<\/section>\n\t\t<div class=\"elementor-element elementor-element-7adc2ab e-flex e-con-boxed e-con e-parent\" data-id=\"7adc2ab\" data-element_type=\"container\" data-e-type=\"container\">\n\t\t\t\t\t<div class=\"e-con-inner\">\n\t\t\t\t<div class=\"elementor-element elementor-element-e18c14c elementor-widget elementor-widget-image\" data-id=\"e18c14c\" data-element_type=\"widget\" data-e-type=\"widget\" data-widget_type=\"image.default\">\n\t\t\t\t<div class=\"elementor-widget-container\">\n\t\t\t\t\t\t\t\t\t\t\t\t\t\t\t<img decoding=\"async\" src=\"https:\/\/rocdentalturkey.com\/wp-content\/uploads\/elementor\/thumbs\/zygomatic-r4e1gy2bg2dqpt123e80c8kt3foy45g61g2mjcacfw.jpg\" title=\"Close up of woman has a toothache, touches her teeth and frowns from painful discomfort, stands over white background\" alt=\"Close up of woman has a toothache, touches her teeth and frowns from painful discomfort, stands over white background.\" loading=\"lazy\" \/>\t\t\t\t\t\t\t\t\t\t\t\t\t\t\t<\/div>\n\t\t\t\t<\/div>\n\t\t\t\t\t<\/div>\n\t\t\t\t<\/div>\n\t\t<div class=\"elementor-element elementor-element-85d231f e-flex e-con-boxed e-con e-parent\" data-id=\"85d231f\" data-element_type=\"container\" data-e-type=\"container\">\n\t\t\t\t\t<div class=\"e-con-inner\">\n\t\t<div class=\"elementor-element elementor-element-48efdf4 e-con-full e-flex e-con e-child\" data-id=\"48efdf4\" data-element_type=\"container\" data-e-type=\"container\">\n\t\t\t\t<div class=\"elementor-element elementor-element-3b80c80 animated-slow elementor-invisible elementor-widget elementor-widget-heading\" data-id=\"3b80c80\" data-element_type=\"widget\" data-e-type=\"widget\" data-settings=\"{&quot;_animation&quot;:&quot;fadeInRight&quot;}\" data-widget_type=\"heading.default\">\n\t\t\t\t<div class=\"elementor-widget-container\">\n\t\t\t\t\t<h5 class=\"elementor-heading-title elementor-size-default\">roc poliklinik<\/h5>\t\t\t\t<\/div>\n\t\t\t\t<\/div>\n\t\t\t\t<div class=\"elementor-element elementor-element-61d45bb elementor-widget elementor-widget-heading\" data-id=\"61d45bb\" data-element_type=\"widget\" data-e-type=\"widget\" data-widget_type=\"heading.default\">\n\t\t\t\t<div class=\"elementor-widget-container\">\n\t\t\t\t\t<h2 class=\"elementor-heading-title elementor-size-default\">Zigomatik, Pterigoid, Burun \u0130mplantlar\u0131<\/h2>\t\t\t\t<\/div>\n\t\t\t\t<\/div>\n\t\t\t\t<\/div>\n\t\t<div class=\"elementor-element elementor-element-6ce5412 e-con-full e-flex e-con e-child\" data-id=\"6ce5412\" data-element_type=\"container\" data-e-type=\"container\">\n\t\t\t\t<div class=\"elementor-element elementor-element-90b9581 elementor-align-center elementor-widget elementor-widget-button\" data-id=\"90b9581\" data-element_type=\"widget\" data-e-type=\"widget\" data-widget_type=\"button.default\">\n\t\t\t\t<div class=\"elementor-widget-container\">\n\t\t\t\t\t\t\t\t\t<div class=\"elementor-button-wrapper\">\n\t\t\t\t\t<a class=\"elementor-button elementor-button-link elementor-size-sm elementor-animation-float\" href=\"https:\/\/rocdentalturkey.com\/index.php\/bize-ulasin\/?lang=tr\">\n\t\t\t\t\t\t<span class=\"elementor-button-content-wrapper\">\n\t\t\t\t\t\t\t\t\t<span class=\"elementor-button-text\">Bize Ula\u015f\u0131n<\/span>\n\t\t\t\t\t<\/span>\n\t\t\t\t\t<\/a>\n\t\t\t\t<\/div>\n\t\t\t\t\t\t\t\t<\/div>\n\t\t\t\t<\/div>\n\t\t\t\t<\/div>\n\t\t\t\t\t<\/div>\n\t\t\t\t<\/div>\n\t\t<div class=\"elementor-element elementor-element-0a93c6b e-flex e-con-boxed e-con e-parent\" data-id=\"0a93c6b\" data-element_type=\"container\" data-e-type=\"container\">\n\t\t\t\t\t<div class=\"e-con-inner\">\n\t\t\t\t<div class=\"elementor-element elementor-element-896b085 elementor-widget-divider--view-line elementor-widget elementor-widget-divider\" data-id=\"896b085\" data-element_type=\"widget\" data-e-type=\"widget\" data-widget_type=\"divider.default\">\n\t\t\t\t<div class=\"elementor-widget-container\">\n\t\t\t\t\t\t\t<div class=\"elementor-divider\">\n\t\t\t<span class=\"elementor-divider-separator\">\n\t\t\t\t\t\t<\/span>\n\t\t<\/div>\n\t\t\t\t\t\t<\/div>\n\t\t\t\t<\/div>\n\t\t\t\t<div class=\"elementor-element elementor-element-7f4c46a elementor-widget elementor-widget-text-editor\" data-id=\"7f4c46a\" data-element_type=\"widget\" data-e-type=\"widget\" data-widget_type=\"text-editor.default\">\n\t\t\t\t<div class=\"elementor-widget-container\">\n\t\t\t\t\t\t\t\t\t<p data-start=\"91\" data-end=\"488\"><strong data-start=\"125\" data-end=\"145\">\u015eiddetli kemik kayb\u0131<\/strong> ya\u015fayan ve <strong data-start=\"174\" data-end=\"224\">geleneksel di\u015f implantlar\u0131 i\u00e7in aday olmad\u0131klar\u0131<\/strong> s\u00f6ylenen hastalar i\u00e7in art\u0131k <strong data-start=\"241\" data-end=\"270\">hayat de\u011fi\u015ftiren bir alternatif<\/strong> var. <strong data-start=\"275\" data-end=\"297\">ROC Clinic Antalya<\/strong>&#8216;da, hastalar\u0131n kemik grefti ihtiyac\u0131 olmadan <strong data-start=\"417\" data-end=\"485\">stabil, uzun \u00f6m\u00fcrl\u00fc implantlar<\/strong> almas\u0131n\u0131 sa\u011flayan son teknoloji teknikler olan <strong data-start=\"316\" data-end=\"360\">Zigomatik, Pterigoid ve Burun \u0130mplantlar\u0131<\/strong> konusunda uzmanla\u015f\u0131yoruz.<\/p><h4 data-start=\"490\" data-end=\"548\"><strong data-start=\"495\" data-end=\"546\">Zigomatik, Pterigoid ve Burun \u0130mplantlar\u0131 Nedir<\/strong>? Burun \u0130mplantlar\u0131?<\/h4><p data-start=\"549\" data-end=\"704\">Bu \u00f6zel implantlar, <strong data-start=\"607\" data-end=\"637\">a\u015f\u0131r\u0131 \u00e7ene kemi\u011fi rezorpsiyonu<\/strong> olan hastalar i\u00e7in tasarlanm\u0131\u015ft\u0131r ve <strong data-start=\"673\" data-end=\"701\">sabit di\u015f restorasyonlar\u0131<\/strong> i\u00e7in g\u00fcvenli bir temel sa\u011flar:<\/p><ul data-start=\"706\" data-end=\"1133\"><li data-start=\"706\" data-end=\"848\"><strong data-start=\"708\" data-end=\"730\">Zigomatik \u0130mplantlar<\/strong> \u2013 \u00c7ene kemi\u011fi yerine <strong data-start=\"747\" data-end=\"769\">elmac\u0131k kemi\u011fine (zigoma)<\/strong> yerle\u015ftirilir ve \u00fcst \u00e7ene restorasyonlar\u0131 i\u00e7in g\u00fc\u00e7l\u00fc bir destek sa\u011flar.<\/li><li data-start=\"849\" data-end=\"1006\"><strong data-start=\"851\" data-end=\"873\">Pterigoid \u0130mplantlar<\/strong> \u2013 <strong data-start=\"892\" data-end=\"911\">pterygoid plakaya<\/strong> sabitlenir ve kemik yetersiz oldu\u011funda posterior \u00fcst \u00e7ene restorasyonlar\u0131 i\u00e7in bir alternatif sunar.<\/li><li data-start=\"1007\" data-end=\"1133\"><strong data-start=\"1009\" data-end=\"1027\">Burun \u0130mplantlar\u0131<\/strong> \u2013 Karma\u015f\u0131k tam kemer implant restorasyonlar\u0131 i\u00e7in ekstra stabilite sa\u011flamak \u00fczere <strong data-start=\"1045\" data-end=\"1060\">burun s\u0131rt\u0131na<\/strong> sabitlenir.<\/li><\/ul><p data-start=\"1135\" data-end=\"1315\">Bu geli\u015fmi\u015f teknikler <strong data-start=\"1184\" data-end=\"1216\">kemik grefti veya sin\u00fcs kald\u0131rma<\/strong>, hastalar\u0131n <strong data-start=\"1246\" data-end=\"1312\">\u00e7ok daha k\u0131sa s\u00fcrede tam, i\u015flevsel ve kal\u0131c\u0131 bir g\u00fcl\u00fcmsemeye<\/strong> kavu\u015fmalar\u0131n\u0131 sa\u011flar.<\/p><h4 data-start=\"1317\" data-end=\"1377\"><strong data-start=\"1322\" data-end=\"1375\">Zigomatik, Pterigoid ve Burun \u0130mplantlar\u0131<\/strong><\/h4><p data-start=\"1378\" data-end=\"2016\">\u2714 <strong data-start=\"1380\" data-end=\"1407\">Kemik Greftleme Gerekmez<\/strong> \u2013 <strong data-start=\"1434\" data-end=\"1464\">\u00dcst \u00e7ene kemi\u011finde ciddi kay\u0131p<\/strong> olan hastalar i\u00e7in idealdir.<br data-start=\"1465\" data-end=\"1468\" \/>\u2714 <strong data-start=\"1470\" data-end=\"1495\">Hemen Sabit Di\u015fler<\/strong> \u2013 Bir\u00e7ok durumda, hastalar <strong data-start=\"1536\" data-end=\"1578\">sadece bir g\u00fcnde<\/strong> tam i\u015flevli bir g\u00fcl\u00fcmsemeye kavu\u015fabilirler.<br data-start=\"1579\" data-end=\"1582\" \/>\u2714 <strong data-start=\"1584\" data-end=\"1605\">Y\u00fcksek Ba\u015far\u0131 Oran\u0131<\/strong> \u2013 Yo\u011fun y\u00fcz kemiklerindeki g\u00fc\u00e7l\u00fc ankraj <strong data-start=\"1655\" data-end=\"1678\">uzun vadeli stabilite<\/strong> sa\u011flar.<br data-start=\"1679\" data-end=\"1682\" \/>\u2714 <strong data-start=\"1684\" data-end=\"1713\">Minimum \u0130nvaziv ve G\u00fcvenli<\/strong> \u2013 Hassasiyet i\u00e7in <strong data-start=\"1731\" data-end=\"1778\" data-is-only-node=\"\">geli\u015fmi\u015f cerrahi teknikleri ve 3D g\u00f6r\u00fcnt\u00fcleme<\/strong> ile ger\u00e7ekle\u015ftirilir.<br data-start=\"1793\" data-end=\"1796\" \/>\u2714 <strong data-start=\"1798\" data-end=\"1848\">Tam \u00c7i\u011fneme ve Konu\u015fma \u0130\u015flevi<\/strong> \u2013 Hastalar\u0131n en sevdikleri yiyeceklerin tad\u0131n\u0131 \u00e7\u0131karmalar\u0131n\u0131 ve rahat\u00e7a konu\u015fmalar\u0131n\u0131 sa\u011flar.<br data-start=\"1920\" data-end=\"1923\" \/>\u2714 <strong data-start=\"1925\" data-end=\"1960\">Kal\u0131c\u0131 ve G\u00fcvenilir \u00c7\u00f6z\u00fcm<\/strong> \u2013 <strong data-start=\"1976\" data-end=\"2013\">Dayan\u0131kl\u0131l\u0131k ve do\u011fal estetik<\/strong> i\u00e7in tasarlanm\u0131\u015ft\u0131r.<\/p><h4 data-start=\"2018\" data-end=\"2059\"><strong data-start=\"2023\" data-end=\"2057\">Neden ROC Clinic Antalya&#8217;y\u0131 Se\u00e7melisiniz?<\/strong><\/h4><p data-start=\"2060\" data-end=\"2388\"><strong data-start=\"2063\" data-end=\"2085\">ROC Clinic Antalya<\/strong>&#8216;da, <strong data-start=\"2104\" data-end=\"2125\">Zygomatic, Pterygoid ve Nazal \u0130mplantlar<\/strong> sunan <strong data-start=\"2135\" data-end=\"2179\">birka\u00e7 se\u00e7kin poliklinik<\/strong> aras\u0131nday\u0131z. D\u00fcnya standartlar\u0131nda uzmanl\u0131k ve son teknoloji. <strong data-start=\"2248\" data-end=\"2287\">Uluslararas\u0131 e\u011fitimli uzmanlar\u0131m\u0131z<\/strong>, <strong data-start=\"2292\" data-end=\"2332\">geli\u015fmi\u015f 3D k\u0131lavuzlu implant yerle\u015ftirme<\/strong> kullanarak <strong data-start=\"2343\" data-end=\"2385\">maksimum hassasiyet, g\u00fcvenlik ve ba\u015far\u0131<\/strong> sa\u011flar.<\/p><p data-start=\"2390\" data-end=\"2675\">En \u00f6nemlisi, <strong data-start=\"2419\" data-end=\"2464\">birinci s\u0131n\u0131f di\u015f bak\u0131m\u0131n\u0131n uygun fiyatl\u0131 olmas\u0131 gerekti\u011fine<\/strong> inan\u0131yoruz. Karma\u015f\u0131k implant prosed\u00fcrleri i\u00e7in fahi\u015f \u00fccretler talep eden bir\u00e7ok poliklini\u011fin aksine, <strong data-start=\"2557\" data-end=\"2599\">maliyet etkin, y\u00fcksek kaliteli \u00e7\u00f6z\u00fcmler sunuyoruz<strong data-start=\"2638\" data-end=\"2672\">\u0130\u015flevsel ve g\u00fcvenli bir g\u00fcl\u00fcmsemeye<\/strong> herkesin kavu\u015fmas\u0131n\u0131 sa\u011flayan<\/strong> iyonlar.<\/p><h4 data-start=\"2677\" data-end=\"2717\"><strong data-start=\"2682\" data-end=\"2715\">Bug\u00fcn Dan\u0131\u015fmanl\u0131\u011f\u0131n\u0131z\u0131 Ay\u0131r\u0131n!<\/strong><\/h4><p data-start=\"2718\" data-end=\"3020\" data-is-last-node=\"\" data-is-only-node=\"\">Size <strong data-start=\"2738\" data-end=\"2781\">\u0130mplantlar i\u00e7in yeterli kemi\u011finiz olmad\u0131\u011f\u0131<\/strong> s\u00f6ylendiyse, umudunuzu kaybetmeyin! <strong data-start=\"2800\" data-end=\"2863\">ROC Clinic Antalya&#8217;da Zigomatik, Pterygoid ve Burun \u0130mplantlar\u0131<\/strong>, g\u00fcl\u00fcmsemenizi geri kazand\u0131rmak i\u00e7in devrim niteli\u011finde bir \u00e7\u00f6z\u00fcm sunuyor. <strong data-start=\"2918\" data-end=\"3020\" data-is-last-node=\"\">Dan\u0131\u015fmanl\u0131k planlamak ve geli\u015fmi\u015f implant di\u015f hekimli\u011finin gelece\u011fini ke\u015ffetmek i\u00e7in bug\u00fcn bizimle ileti\u015fime ge\u00e7in!<\/strong><\/p>\t\t\t\t\t\t\t\t<\/div>\n\t\t\t\t<\/div>\n\t\t\t\t\t<\/div>\n\t\t\t\t<\/div>\n\t\t\t\t<\/div>\n\t\t","protected":false},"excerpt":{"rendered":"<p>Zigomatik, Pterigoid, Burun \u0130mplantlar\u0131 roc poliklinik Zigomatik, Pterigoid, Burun \u0130mplantlar\u0131 Bize Ula\u015f\u0131n \u015eiddetli kemik kayb\u0131 ya\u015fayan ve geleneksel di\u015f implantlar\u0131 i\u00e7in aday olmad\u0131klar\u0131 s\u00f6ylenen hastalar i\u00e7in art\u0131k hayat de\u011fi\u015ftiren bir alternatif var. ROC Clinic Antalya&#8216;da, hastalar\u0131n kemik grefti ihtiyac\u0131 olmadan stabil, uzun \u00f6m\u00fcrl\u00fc implantlar almas\u0131n\u0131 sa\u011flayan son teknoloji teknikler olan Zigomatik, Pterigoid ve Burun \u0130mplantlar\u0131 [&hellip;]<\/p>\n","protected":false},"author":1,"featured_media":0,"parent":0,"menu_order":0,"comment_status":"closed","ping_status":"closed","template":"elementor_header_footer","meta":{"footnotes":""},"class_list":["post-1788","page","type-page","status-publish","hentry"],"_links":{"self":[{"href":"https:\/\/rocdentalturkey.com\/index.php\/wp-json\/wp\/v2\/pages\/1788","targetHints":{"allow":["GET"]}}],"collection":[{"href":"https:\/\/rocdentalturkey.com\/index.php\/wp-json\/wp\/v2\/pages"}],"about":[{"href":"https:\/\/rocdentalturkey.com\/index.php\/wp-json\/wp\/v2\/types\/page"}],"author":[{"embeddable":true,"href":"https:\/\/rocdentalturkey.com\/index.php\/wp-json\/wp\/v2\/users\/1"}],"replies":[{"embeddable":true,"href":"https:\/\/rocdentalturkey.com\/index.php\/wp-json\/wp\/v2\/comments?post=1788"}],"version-history":[{"count":4,"href":"https:\/\/rocdentalturkey.com\/index.php\/wp-json\/wp\/v2\/pages\/1788\/revisions"}],"predecessor-version":[{"id":2221,"href":"https:\/\/rocdentalturkey.com\/index.php\/wp-json\/wp\/v2\/pages\/1788\/revisions\/2221"}],"wp:attachment":[{"href":"https:\/\/rocdentalturkey.com\/index.php\/wp-json\/wp\/v2\/media?parent=1788"}],"curies":[{"name":"wp","href":"https:\/\/api.w.org\/{rel}","templated":true}]}}