{"id":1786,"date":"2025-05-27T09:49:12","date_gmt":"2025-05-27T09:49:12","guid":{"rendered":"https:\/\/rocdentalturkey.com\/index.php\/zirkonyum-kronlari\/"},"modified":"2025-08-27T14:10:57","modified_gmt":"2025-08-27T14:10:57","slug":"zirkonyum-kronlari","status":"publish","type":"page","link":"https:\/\/rocdentalturkey.com\/index.php\/zirkonyum-kronlari\/?lang=tr","title":{"rendered":"Zirkonyum kronlar\u0131"},"content":{"rendered":"<style>.elementor-1786 .elementor-element.elementor-element-79cdbf8 > .elementor-container{max-width:1170px;}.elementor-1786 .elementor-element.elementor-element-79cdbf8:not(.elementor-motion-effects-element-type-background), .elementor-1786 .elementor-element.elementor-element-79cdbf8 > .elementor-motion-effects-container > .elementor-motion-effects-layer{background-color:#000000;background-image:url(\"https:\/\/rocdentalturkey.com\/wp-content\/uploads\/2025\/03\/advice-of-dentist.jpg\");background-position:0px 65%;background-size:cover;}.elementor-1786 .elementor-element.elementor-element-79cdbf8 > .elementor-background-overlay{background-color:#000000;opacity:0.8;transition:background 0.3s, border-radius 0.3s, opacity 0.3s;}.elementor-1786 .elementor-element.elementor-element-79cdbf8{transition:background 0.3s, border 0.3s, border-radius 0.3s, box-shadow 0.3s;margin-top:0px;margin-bottom:0px;padding:140px 0px 140px 0px;}.elementor-1786 .elementor-element.elementor-element-03db280.elementor-column > .elementor-widget-wrap{justify-content:center;}.elementor-1786 .elementor-element.elementor-element-1cbd7cc{text-align:center;}.elementor-1786 .elementor-element.elementor-element-1cbd7cc .elementor-heading-title{font-family:\"Montserrat\", Sans-serif;font-size:32px;font-weight:700;text-transform:uppercase;line-height:1.2em;color:var( --e-global-color-c3e5fb3 );}.elementor-1786 .elementor-element.elementor-element-7adc2ab{--display:flex;--flex-direction:column;--container-widget-width:100%;--container-widget-height:initial;--container-widget-flex-grow:0;--container-widget-align-self:initial;--flex-wrap-mobile:wrap;--margin-top:60px;--margin-bottom:0px;--margin-left:0px;--margin-right:0px;}.elementor-1786 .elementor-element.elementor-element-3e74c87{--e-image-carousel-slides-to-show:4;}.elementor-1786 .elementor-element.elementor-element-3e74c87 .elementor-image-carousel-wrapper .elementor-image-carousel .swiper-slide-image{border-radius:10px 10px 10px 10px;}.elementor-1786 .elementor-element.elementor-element-85d231f{--display:flex;--flex-direction:row;--container-widget-width:initial;--container-widget-height:100%;--container-widget-flex-grow:1;--container-widget-align-self:stretch;--flex-wrap-mobile:wrap;--gap:0px 0px;--row-gap:0px;--column-gap:0px;--margin-top:20px;--margin-bottom:0px;--margin-left:0px;--margin-right:0px;}.elementor-1786 .elementor-element.elementor-element-48efdf4{--display:flex;--flex-direction:column;--container-widget-width:100%;--container-widget-height:initial;--container-widget-flex-grow:0;--container-widget-align-self:initial;--flex-wrap-mobile:wrap;}.elementor-1786 .elementor-element.elementor-element-3b80c80 .elementor-heading-title{font-family:\"Montserrat\", Sans-serif;font-size:14px;font-weight:600;text-transform:uppercase;line-height:1em;letter-spacing:1.5px;color:#20BBE4;}.elementor-1786 .elementor-element.elementor-element-61d45bb{text-align:start;}.elementor-1786 .elementor-element.elementor-element-61d45bb .elementor-heading-title{font-family:\"Montserrat\", Sans-serif;font-size:32px;font-weight:700;line-height:1.2em;color:var( --e-global-color-primary );}.elementor-1786 .elementor-element.elementor-element-6ce5412{--display:flex;--flex-direction:column;--container-widget-width:calc( ( 1 - var( --container-widget-flex-grow ) ) * 100% );--container-widget-height:initial;--container-widget-flex-grow:0;--container-widget-align-self:initial;--flex-wrap-mobile:wrap;--align-items:flex-end;}.elementor-1786 .elementor-element.elementor-element-90b9581 .elementor-button{font-family:var( --e-global-typography-9feda6e-font-family ), Sans-serif;font-size:var( --e-global-typography-9feda6e-font-size );font-weight:var( --e-global-typography-9feda6e-font-weight );text-transform:var( --e-global-typography-9feda6e-text-transform );line-height:var( --e-global-typography-9feda6e-line-height );letter-spacing:var( --e-global-typography-9feda6e-letter-spacing );word-spacing:var( --e-global-typography-9feda6e-word-spacing );fill:var( --e-global-color-c3e5fb3 );color:var( --e-global-color-c3e5fb3 );background-color:#20BBE4;border-radius:20px 20px 3px 3px;padding:20px 40px 20px 40px;}.elementor-1786 .elementor-element.elementor-element-90b9581 .elementor-button:hover, .elementor-1786 .elementor-element.elementor-element-90b9581 .elementor-button:focus{color:#20BBE4;background-color:var( --e-global-color-c3e5fb3 );}.elementor-1786 .elementor-element.elementor-element-90b9581 .elementor-button:hover svg, .elementor-1786 .elementor-element.elementor-element-90b9581 .elementor-button:focus svg{fill:#20BBE4;}.elementor-1786 .elementor-element.elementor-element-90b9581 > .elementor-widget-container{margin:20px 0px 0px 0px;}.elementor-1786 .elementor-element.elementor-element-0a93c6b{--display:flex;--flex-direction:column;--container-widget-width:100%;--container-widget-height:initial;--container-widget-flex-grow:0;--container-widget-align-self:initial;--flex-wrap-mobile:wrap;--margin-top:0px;--margin-bottom:50px;--margin-left:0px;--margin-right:0px;}.elementor-1786 .elementor-element.elementor-element-896b085{--divider-border-style:solid;--divider-color:#F7F7F7;--divider-border-width:1px;}.elementor-1786 .elementor-element.elementor-element-896b085 .elementor-divider-separator{width:100%;}.elementor-1786 .elementor-element.elementor-element-896b085 .elementor-divider{padding-block-start:2px;padding-block-end:2px;}.elementor-1786 .elementor-element.elementor-element-7f4c46a{font-family:\"Montserrat\", Sans-serif;font-size:16px;font-weight:400;line-height:1.5em;color:var( --e-global-color-text );}@media(min-width:768px){.elementor-1786 .elementor-element.elementor-element-48efdf4{--width:66.6666%;}.elementor-1786 .elementor-element.elementor-element-6ce5412{--width:33.3333%;}}@media(max-width:1024px){.elementor-1786 .elementor-element.elementor-element-79cdbf8:not(.elementor-motion-effects-element-type-background), .elementor-1786 .elementor-element.elementor-element-79cdbf8 > .elementor-motion-effects-container > .elementor-motion-effects-layer{background-position:0px 0px;}.elementor-1786 .elementor-element.elementor-element-79cdbf8{padding:120px 10px 120px 10px;}.elementor-1786 .elementor-element.elementor-element-90b9581 .elementor-button{font-size:var( --e-global-typography-9feda6e-font-size );line-height:var( --e-global-typography-9feda6e-line-height );letter-spacing:var( --e-global-typography-9feda6e-letter-spacing );word-spacing:var( --e-global-typography-9feda6e-word-spacing );}}@media(max-width:767px){.elementor-1786 .elementor-element.elementor-element-79cdbf8:not(.elementor-motion-effects-element-type-background), .elementor-1786 .elementor-element.elementor-element-79cdbf8 > .elementor-motion-effects-container > .elementor-motion-effects-layer{background-position:0px 0px;}.elementor-1786 .elementor-element.elementor-element-79cdbf8{padding:80px 10px 80px 10px;}.elementor-1786 .elementor-element.elementor-element-1cbd7cc .elementor-heading-title{font-size:24px;}.elementor-1786 .elementor-element.elementor-element-3b80c80 .elementor-heading-title{font-size:14px;}.elementor-1786 .elementor-element.elementor-element-61d45bb .elementor-heading-title{font-size:24px;}.elementor-1786 .elementor-element.elementor-element-90b9581 .elementor-button{font-size:var( --e-global-typography-9feda6e-font-size );line-height:var( --e-global-typography-9feda6e-line-height );letter-spacing:var( --e-global-typography-9feda6e-letter-spacing );word-spacing:var( --e-global-typography-9feda6e-word-spacing );}.elementor-1786 .elementor-element.elementor-element-7f4c46a{font-size:14px;}}<\/style>\t\t<div data-elementor-type=\"wp-page\" data-elementor-id=\"1786\" class=\"elementor elementor-1786 elementor-702\" data-elementor-post-type=\"page\">\n\t\t\t\t\t\t<section class=\"elementor-section elementor-top-section elementor-element elementor-element-79cdbf8 elementor-section-boxed elementor-section-height-default elementor-section-height-default\" data-id=\"79cdbf8\" data-element_type=\"section\" data-e-type=\"section\" data-settings=\"{&quot;background_background&quot;:&quot;classic&quot;}\">\n\t\t\t\t\t\t\t<div class=\"elementor-background-overlay\"><\/div>\n\t\t\t\t\t\t\t<div class=\"elementor-container elementor-column-gap-default\">\n\t\t\t\t\t<div class=\"elementor-column elementor-col-100 elementor-top-column elementor-element elementor-element-03db280\" data-id=\"03db280\" data-element_type=\"column\" data-e-type=\"column\">\n\t\t\t<div class=\"elementor-widget-wrap elementor-element-populated\">\n\t\t\t\t\t\t<div class=\"elementor-element elementor-element-1cbd7cc elementor-widget elementor-widget-heading\" data-id=\"1cbd7cc\" data-element_type=\"widget\" data-e-type=\"widget\" data-widget_type=\"heading.default\">\n\t\t\t\t<div class=\"elementor-widget-container\">\n\t\t\t\t\t<h2 class=\"elementor-heading-title elementor-size-default\">Zirkonyum kronlar\u0131<\/h2>\t\t\t\t<\/div>\n\t\t\t\t<\/div>\n\t\t\t\t\t<\/div>\n\t\t<\/div>\n\t\t\t\t\t<\/div>\n\t\t<\/section>\n\t\t<div class=\"elementor-element elementor-element-7adc2ab e-flex e-con-boxed e-con e-parent\" data-id=\"7adc2ab\" data-element_type=\"container\" data-e-type=\"container\">\n\t\t\t\t\t<div class=\"e-con-inner\">\n\t\t\t\t<div class=\"elementor-element elementor-element-3e74c87 elementor-arrows-position-inside elementor-widget elementor-widget-image-carousel\" data-id=\"3e74c87\" data-element_type=\"widget\" data-e-type=\"widget\" data-settings=\"{&quot;slides_to_show&quot;:&quot;4&quot;,&quot;navigation&quot;:&quot;arrows&quot;,&quot;image_spacing_custom&quot;:{&quot;unit&quot;:&quot;px&quot;,&quot;size&quot;:10,&quot;sizes&quot;:[]},&quot;autoplay&quot;:&quot;yes&quot;,&quot;pause_on_hover&quot;:&quot;yes&quot;,&quot;pause_on_interaction&quot;:&quot;yes&quot;,&quot;autoplay_speed&quot;:5000,&quot;speed&quot;:500,&quot;image_spacing_custom_tablet&quot;:{&quot;unit&quot;:&quot;px&quot;,&quot;size&quot;:&quot;&quot;,&quot;sizes&quot;:[]},&quot;image_spacing_custom_mobile&quot;:{&quot;unit&quot;:&quot;px&quot;,&quot;size&quot;:&quot;&quot;,&quot;sizes&quot;:[]}}\" data-widget_type=\"image-carousel.default\">\n\t\t\t\t<div class=\"elementor-widget-container\">\n\t\t\t\t\t\t\t<div class=\"elementor-image-carousel-wrapper swiper\" role=\"region\" aria-roledescription=\"carousel\" aria-label=\"Image Carousel\" dir=\"ltr\">\n\t\t\t<div class=\"elementor-image-carousel swiper-wrapper\" aria-live=\"off\">\n\t\t\t\t\t\t\t\t<div class=\"swiper-slide\" role=\"group\" aria-roledescription=\"slide\" aria-label=\"1 \/ 2\"><a data-elementor-open-lightbox=\"yes\" data-elementor-lightbox-slideshow=\"3e74c87\" data-elementor-lightbox-title=\"zirkonyum 2\" data-e-action-hash=\"#elementor-action%3Aaction%3Dlightbox%26settings%3DeyJpZCI6MTUwMCwidXJsIjoiaHR0cHM6XC9cL3JvY2RlbnRhbHR1cmtleS5jb21cL3dwLWNvbnRlbnRcL3VwbG9hZHNcLzIwMjVcLzA1XC96aXJrb255dW0tMi0ucG5nIiwic2xpZGVzaG93IjoiM2U3NGM4NyJ9\" href=\"https:\/\/rocdentalturkey.com\/wp-content\/uploads\/2025\/05\/zirkonyum-2-.png\"><figure class=\"swiper-slide-inner\"><img decoding=\"async\" class=\"swiper-slide-image\" src=\"https:\/\/rocdentalturkey.com\/wp-content\/uploads\/elementor\/thumbs\/zirkonyum-2--r6f5ibha50fdvpv3tw3xtfmh7swrpnsd0sk17q6px4.png\" alt=\"zirkonyum 2\" \/><\/figure><\/a><\/div><div class=\"swiper-slide\" role=\"group\" aria-roledescription=\"slide\" aria-label=\"2 \/ 2\"><a data-elementor-open-lightbox=\"yes\" data-elementor-lightbox-slideshow=\"3e74c87\" data-elementor-lightbox-title=\"zirkonyum\" data-e-action-hash=\"#elementor-action%3Aaction%3Dlightbox%26settings%3DeyJpZCI6MTUwNCwidXJsIjoiaHR0cHM6XC9cL3JvY2RlbnRhbHR1cmtleS5jb21cL3dwLWNvbnRlbnRcL3VwbG9hZHNcLzIwMjVcLzA1XC96aXJrb255dW0uanBnIiwic2xpZGVzaG93IjoiM2U3NGM4NyJ9\" href=\"https:\/\/rocdentalturkey.com\/wp-content\/uploads\/2025\/05\/zirkonyum.jpg\"><figure class=\"swiper-slide-inner\"><img decoding=\"async\" class=\"swiper-slide-image\" src=\"https:\/\/rocdentalturkey.com\/wp-content\/uploads\/elementor\/thumbs\/zirkonyum-r6f5ibha50fdvpv3tw3xtfmh7swrpnsd0sk17q6px4.jpg\" alt=\"zirkonyum\" \/><\/figure><\/a><\/div>\t\t\t<\/div>\n\t\t\t\t\t\t\t\t\t\t\t\t<div class=\"elementor-swiper-button elementor-swiper-button-prev\" role=\"button\" tabindex=\"0\">\n\t\t\t\t\t\t<svg aria-hidden=\"true\" class=\"e-font-icon-svg e-eicon-chevron-left\" viewBox=\"0 0 1000 1000\" xmlns=\"http:\/\/www.w3.org\/2000\/svg\"><path d=\"M646 125C629 125 613 133 604 142L308 442C296 454 292 471 292 487 292 504 296 521 308 533L604 854C617 867 629 875 646 875 663 875 679 871 692 858 704 846 713 829 713 812 713 796 708 779 692 767L438 487 692 225C700 217 708 204 708 187 708 171 704 154 692 142 675 129 663 125 646 125Z\"><\/path><\/svg>\t\t\t\t\t<\/div>\n\t\t\t\t\t<div class=\"elementor-swiper-button elementor-swiper-button-next\" role=\"button\" tabindex=\"0\">\n\t\t\t\t\t\t<svg aria-hidden=\"true\" class=\"e-font-icon-svg e-eicon-chevron-right\" viewBox=\"0 0 1000 1000\" xmlns=\"http:\/\/www.w3.org\/2000\/svg\"><path d=\"M696 533C708 521 713 504 713 487 713 471 708 454 696 446L400 146C388 133 375 125 354 125 338 125 325 129 313 142 300 154 292 171 292 187 292 204 296 221 308 233L563 492 304 771C292 783 288 800 288 817 288 833 296 850 308 863 321 871 338 875 354 875 371 875 388 867 400 854L696 533Z\"><\/path><\/svg>\t\t\t\t\t<\/div>\n\t\t\t\t\n\t\t\t\t\t\t\t\t\t<\/div>\n\t\t\t\t\t\t<\/div>\n\t\t\t\t<\/div>\n\t\t\t\t\t<\/div>\n\t\t\t\t<\/div>\n\t\t<div class=\"elementor-element elementor-element-85d231f e-flex e-con-boxed e-con e-parent\" data-id=\"85d231f\" data-element_type=\"container\" data-e-type=\"container\">\n\t\t\t\t\t<div class=\"e-con-inner\">\n\t\t<div class=\"elementor-element elementor-element-48efdf4 e-con-full e-flex e-con e-child\" data-id=\"48efdf4\" data-element_type=\"container\" data-e-type=\"container\">\n\t\t\t\t<div class=\"elementor-element elementor-element-3b80c80 animated-slow elementor-invisible elementor-widget elementor-widget-heading\" data-id=\"3b80c80\" data-element_type=\"widget\" data-e-type=\"widget\" data-settings=\"{&quot;_animation&quot;:&quot;fadeInRight&quot;}\" data-widget_type=\"heading.default\">\n\t\t\t\t<div class=\"elementor-widget-container\">\n\t\t\t\t\t<h5 class=\"elementor-heading-title elementor-size-default\">roc poliklinik<\/h5>\t\t\t\t<\/div>\n\t\t\t\t<\/div>\n\t\t\t\t<div class=\"elementor-element elementor-element-61d45bb elementor-widget elementor-widget-heading\" data-id=\"61d45bb\" data-element_type=\"widget\" data-e-type=\"widget\" data-widget_type=\"heading.default\">\n\t\t\t\t<div class=\"elementor-widget-container\">\n\t\t\t\t\t<h2 class=\"elementor-heading-title elementor-size-default\">Zirkonyum kronlar\u0131<\/h2>\t\t\t\t<\/div>\n\t\t\t\t<\/div>\n\t\t\t\t<\/div>\n\t\t<div class=\"elementor-element elementor-element-6ce5412 e-con-full e-flex e-con e-child\" data-id=\"6ce5412\" data-element_type=\"container\" data-e-type=\"container\">\n\t\t\t\t<div class=\"elementor-element elementor-element-90b9581 elementor-align-center elementor-widget elementor-widget-button\" data-id=\"90b9581\" data-element_type=\"widget\" data-e-type=\"widget\" data-widget_type=\"button.default\">\n\t\t\t\t<div class=\"elementor-widget-container\">\n\t\t\t\t\t\t\t\t\t<div class=\"elementor-button-wrapper\">\n\t\t\t\t\t<a class=\"elementor-button elementor-button-link elementor-size-sm elementor-animation-float\" href=\"https:\/\/rocdentalturkey.com\/index.php\/contact-us\/\">\n\t\t\t\t\t\t<span class=\"elementor-button-content-wrapper\">\n\t\t\t\t\t\t\t\t\t<span class=\"elementor-button-text\">Bize Ula\u015f\u0131n<\/span>\n\t\t\t\t\t<\/span>\n\t\t\t\t\t<\/a>\n\t\t\t\t<\/div>\n\t\t\t\t\t\t\t\t<\/div>\n\t\t\t\t<\/div>\n\t\t\t\t<\/div>\n\t\t\t\t\t<\/div>\n\t\t\t\t<\/div>\n\t\t<div class=\"elementor-element elementor-element-0a93c6b e-flex e-con-boxed e-con e-parent\" data-id=\"0a93c6b\" data-element_type=\"container\" data-e-type=\"container\">\n\t\t\t\t\t<div class=\"e-con-inner\">\n\t\t\t\t<div class=\"elementor-element elementor-element-896b085 elementor-widget-divider--view-line elementor-widget elementor-widget-divider\" data-id=\"896b085\" data-element_type=\"widget\" data-e-type=\"widget\" data-widget_type=\"divider.default\">\n\t\t\t\t<div class=\"elementor-widget-container\">\n\t\t\t\t\t\t\t<div class=\"elementor-divider\">\n\t\t\t<span class=\"elementor-divider-separator\">\n\t\t\t\t\t\t<\/span>\n\t\t<\/div>\n\t\t\t\t\t\t<\/div>\n\t\t\t\t<\/div>\n\t\t\t\t<div class=\"elementor-element elementor-element-7f4c46a elementor-widget elementor-widget-text-editor\" data-id=\"7f4c46a\" data-element_type=\"widget\" data-e-type=\"widget\" data-widget_type=\"text-editor.default\">\n\t\t\t\t<div class=\"elementor-widget-container\">\n\t\t\t\t\t\t\t\t\t<p>Metal ala\u015f\u0131ml\u0131 bir temel i\u00e7eren porselen kronlar uzun y\u0131llard\u0131r kullan\u0131lmaktad\u0131r, ancak do\u011fal di\u015flerin \u0131\u015f\u0131k ge\u00e7irgenli\u011finden yoksun olduklar\u0131 i\u00e7in hastada hafif gri bir sonu\u00e7 b\u0131rak\u0131rlar. Bu metal kronlar zamanla di\u015f etlerinin grile\u015fmesine neden olabilir ve ayr\u0131ca alerjik reaksiyonlardan da sorumlu olabilir. Son y\u0131llarda, hastalara daha tatmin edici bir son sonu\u00e7 veren daha yeni, daha sa\u011fl\u0131kl\u0131 ve daha etkili malzemeler ke\u015ffedildi.<\/p><p>Sonu\u00e7 olarak, doku dostu malzeme olan zirkonyum art\u0131k di\u015f hekimli\u011finde kullan\u0131lmaktad\u0131r. Zirkonyum kaplamalar art\u0131k ge\u00e7mi\u015fte kullan\u0131lan metalik ala\u015f\u0131ma benzer bir mukavemet sunmaktad\u0131r. Zirkonyum yar\u0131 saydamd\u0131r, di\u015f etlerinin renginin de\u011fi\u015fmesine neden olmaz, alerjik de\u011fildir ve korozyona kar\u015f\u0131 dayan\u0131kl\u0131d\u0131r ve o zamandan beri di\u015f restorasyonlar\u0131 i\u00e7in ilk tercih haline gelmi\u015ftir.<\/p><p><strong>Zirkonyum kronlar ne zaman \u00f6nerilir?<\/strong><\/p><ul><li>Zirkonyum kronlar genellikle m\u00fckemmel bir g\u00fcl\u00fcmseme yaratmak i\u00e7in estetik nedenlerle kullan\u0131l\u0131r<\/li><li>&#8216;Di\u015f beyazlatma&#8217; prosed\u00fcrlerine diren\u00e7li \u015fiddetli renk bozulmas\u0131 olan di\u015fleri \u00f6rtmek veya de\u011fi\u015ftirmek i\u00e7in<\/li><li>Genetik di\u015f renk bozulmas\u0131n\u0131n tedavisi olarak<\/li><li>Ortodontik tedaviye alternatif olarak &#8216;diastema&#8217; veya \u00e7arp\u0131k di\u015fleri d\u00fczeltmek i\u00e7in<\/li><li>\u00c7\u00fcr\u00fck veya daha \u00f6nce dolgu yap\u0131lm\u0131\u015f di\u015fleri onarmak i\u00e7in<\/li><li>Deforme olmu\u015f bir di\u015fi onarmak i\u00e7in<\/li><li>Az\u0131 di\u015fleri i\u00e7in k\u00f6pr\u00fc veya kaplama olarak kullan\u0131labilir<\/li><li>Bir implanta veya implantlara sabitlenmi\u015f \u00f6n protez olarak<\/li><\/ul><p><strong>Zirkonyum kron ne kadar dayan\u0131r Son?<\/strong><\/p><p>Hasta d\u00fczenli di\u015f kontrollerine tabi tutuldu\u011fu takdirde, zirkonyum kronlar uzun y\u0131llar dayanabilir. Do\u011fal di\u015fler canl\u0131 dokulard\u0131r ve zamanla a\u015f\u0131nma ve enfeksiyonlar nedeniyle deforme olabilirler, oysa zirkonyum kronlar zamanla de\u011fi\u015fime diren\u00e7lidir. Ancak, ilerleyen ya\u015flarda a\u011f\u0131z yap\u0131s\u0131nda meydana gelen de\u011fi\u015fiklikler, zirkonyum kronun gerekti\u011fi yerde uyarlanmas\u0131na veya de\u011fi\u015ftirilmesine neden olabilir.<\/p><p><strong>Zirkonyum kronun de\u011fi\u015ftirilmesi durumunda alttaki do\u011fal di\u015fte herhangi bir hasar olur mu?<\/strong><\/p><p>Hasta, kron \u00e7\u0131kar\u0131ld\u0131\u011f\u0131nda herhangi bir rahats\u0131zl\u0131k hissetmez ve do\u011fal alttaki di\u015f dokusunda herhangi bir kay\u0131p olmaz.<\/p><p><strong>Zirkonyum kronlar\u0131n estetik faydalar\u0131 nelerdir?<\/strong><\/p><p>Zirkonyum materyalinin \u0131\u015f\u0131k ge\u00e7irgenli\u011fi \u00f6zelli\u011fi nedeniyle, kron hastan\u0131n mevcut do\u011fal di\u015fleriyle ayn\u0131 do\u011fal g\u00f6r\u00fcn\u00fcme sahip olacakt\u0131r. I\u015f\u0131k sa\u011fl\u0131kl\u0131 di\u015flerin minesinden ge\u00e7erken, geleneksel porselen kronlar\u0131n metalik taban\u0131 di\u015flere opak, donuk ve yapay bir g\u00f6r\u00fcn\u00fcm verir; zirkonyum kronlar ise bu estetik sorunlar\u0131 ortadan kald\u0131r\u0131r.<\/p><p><strong>Metal alerjisi olanlarda zirkonyum kullan\u0131labilir mi?<\/strong><\/p><p>Zirkonyum kron herhangi bir metal malzeme i\u00e7ermedi\u011finden herhangi bir alerjik reaksiyona neden olmaz.<\/p><p><strong>Zirkonyum kronlar gelecekte renk de\u011fi\u015fikli\u011fine neden olur mu?<\/strong><\/p><p>Zirkonyum kronlar\u0131n cilal\u0131 ve p\u00fcr\u00fczs\u00fcz y\u00fczeyi plak birikimine izin vermez ve \u00e7ay, kahve ve sigaradan kaynaklanan renk de\u011fi\u015fikli\u011fine de izin vermez.<\/p><p><strong>Zirkonyum tat alma duyusunu etkiler mi veya a\u011f\u0131z kokusuna neden olur mu?<\/strong><\/p><p>Zirkonyum kullan\u0131m\u0131 hastan\u0131n a\u011fz\u0131nda herhangi bir olumsuz etkiye neden olmaz.<\/p><p><strong>Zirkonyum kron nas\u0131l tak\u0131l\u0131r?<\/strong><\/p><p>Y\u00fczey Hastan\u0131n do\u011fal di\u015finin \u00e7ok hafif bir k\u0131sm\u0131 k\u00fc\u00e7\u00fclt\u00fcl\u00fcr. Bu, \u00e7evredeki di\u015f etinde bir miktar \u015fi\u015fmeye neden olabilir. \u015ei\u015flik azald\u0131\u011f\u0131nda, bir di\u015f \u00f6l\u00e7\u00fcs\u00fc al\u0131n\u0131r. Dahili laboratuvar\u0131m\u0131zda, do\u011fal di\u015flerin rengine uyan bir zirkonyum taban \u00fcretilir. Daha sonra hasta ile bir uyum denemesi yap\u0131l\u0131r. Son ayarlamalar yap\u0131l\u0131r, cilalama yap\u0131l\u0131r ve nihai sonu\u00e7 kal\u0131c\u0131 olarak yerine sabitlenir. Daha sonra hasta zirkonyum kronu do\u011fal di\u015fiymi\u015f gibi kullanabilir.<\/p><p><strong>\u0130\u015flem s\u0131ras\u0131nda ne kadar di\u015f kayb\u0131 gerekir?<\/strong><\/p><p>Metal ala\u015f\u0131ml\u0131 bir tabana sahip bir porselen kron takma haz\u0131rl\u0131\u011f\u0131nda oldu\u011fu gibi, do\u011fal di\u015fin y\u00fczeyi yakla\u015f\u0131k 1-2 mm kadar a\u015f\u0131nd\u0131r\u0131l\u0131r ve malzeme kayb\u0131, porselen laminat takarken oldu\u011fundan biraz daha fazla olur.<\/p><p><strong>\u0130\u015flem a\u011fr\u0131l\u0131 m\u0131d\u0131r?<\/strong><\/p><p>\u0130\u015flem lokal anestezi kullan\u0131larak ger\u00e7ekle\u015ftirilir. Daha sonra hastan\u0131n kendi di\u015f rengine uyan ge\u00e7ici bir kron, so\u011fuk veya s\u0131ca\u011fa kar\u015f\u0131 hassasiyeti \u00f6nlemek i\u00e7in tak\u0131l\u0131r. Birka\u00e7 hasta i\u015flem s\u0131ras\u0131nda hafif bir kar\u0131ncalanma hissedebilir, ancak genellikle i\u015flem sorunsuz bir \u015fekilde tamamlan\u0131r.<\/p><p><strong>Tedavi s\u0131ras\u0131nda herhangi bir estetik sorun ya\u015fan\u0131r m\u0131?<\/strong><\/p><p>Son kal\u0131c\u0131 zirkonyum kurona benzer bir tasar\u0131ma sahip \u00f6n di\u015flere ge\u00e7ici bir zirkonyum kuron tak\u0131lacakt\u0131r. Bu ge\u00e7ici kuron akrilik malzemeden yap\u0131lm\u0131\u015ft\u0131r ve a\u015f\u0131r\u0131 g\u00fc\u00e7l\u00fc de\u011fildir; ancak renk uyumu ve \u015fekli olduk\u00e7a tatmin edici olacakt\u0131r.<\/p><p><strong>Zirkonyum kuronun k\u0131r\u0131lmas\u0131 veya yerinden \u00e7\u0131kmas\u0131 olas\u0131 m\u0131d\u0131r?<\/strong><\/p><p>Zirkonyum kuronlar vakada \u00e7atlayabilir veya k\u0131r\u0131labilira\u015f\u0131r\u0131 veya ters kuvvete maruz kalmas\u0131 durumunda k\u0131r\u0131lma veya \u00e7atlama olas\u0131l\u0131\u011f\u0131 do\u011fal bir di\u015fin k\u0131r\u0131lma olas\u0131l\u0131\u011f\u0131na benzerdir. Bu sorunlar poliklini\u011fimizde tedavi edilebilir. Alt\u0131nda bulunan do\u011fal di\u015f \u00e7\u00fcr\u00fcrse zirkonyum kronlar d\u00fc\u015febilir. Bu gibi durumlarda di\u015f m\u00fcmk\u00fcnse tedavi edilir ve kron tekrar yerine sabitlenir.<\/p><p><strong>Di\u015f eti hastal\u0131\u011f\u0131 olan ki\u015filere zirkonyum kron \u00f6nerilebilir mi?<\/strong><\/p><p>Di\u015f eti hastal\u0131\u011f\u0131 yeterli \u015fekilde tedavi edildikten sonra zirkonyum kron takmamak i\u00e7in hi\u00e7bir neden yoktur.<\/p>\t\t\t\t\t\t\t\t<\/div>\n\t\t\t\t<\/div>\n\t\t\t\t\t<\/div>\n\t\t\t\t<\/div>\n\t\t\t\t<\/div>\n\t\t","protected":false},"excerpt":{"rendered":"<p>Zirkonyum kronlar\u0131 roc poliklinik Zirkonyum kronlar\u0131 Bize Ula\u015f\u0131n Metal ala\u015f\u0131ml\u0131 bir temel i\u00e7eren porselen kronlar uzun y\u0131llard\u0131r kullan\u0131lmaktad\u0131r, ancak do\u011fal di\u015flerin \u0131\u015f\u0131k ge\u00e7irgenli\u011finden yoksun olduklar\u0131 i\u00e7in hastada hafif gri bir sonu\u00e7 b\u0131rak\u0131rlar. Bu metal kronlar zamanla di\u015f etlerinin grile\u015fmesine neden olabilir ve ayr\u0131ca alerjik reaksiyonlardan da sorumlu olabilir. Son y\u0131llarda, hastalara daha tatmin edici bir [&hellip;]<\/p>\n","protected":false},"author":1,"featured_media":0,"parent":0,"menu_order":0,"comment_status":"closed","ping_status":"closed","template":"elementor_header_footer","meta":{"footnotes":""},"class_list":["post-1786","page","type-page","status-publish","hentry"],"_links":{"self":[{"href":"https:\/\/rocdentalturkey.com\/index.php\/wp-json\/wp\/v2\/pages\/1786","targetHints":{"allow":["GET"]}}],"collection":[{"href":"https:\/\/rocdentalturkey.com\/index.php\/wp-json\/wp\/v2\/pages"}],"about":[{"href":"https:\/\/rocdentalturkey.com\/index.php\/wp-json\/wp\/v2\/types\/page"}],"author":[{"embeddable":true,"href":"https:\/\/rocdentalturkey.com\/index.php\/wp-json\/wp\/v2\/users\/1"}],"replies":[{"embeddable":true,"href":"https:\/\/rocdentalturkey.com\/index.php\/wp-json\/wp\/v2\/comments?post=1786"}],"version-history":[{"count":4,"href":"https:\/\/rocdentalturkey.com\/index.php\/wp-json\/wp\/v2\/pages\/1786\/revisions"}],"predecessor-version":[{"id":2224,"href":"https:\/\/rocdentalturkey.com\/index.php\/wp-json\/wp\/v2\/pages\/1786\/revisions\/2224"}],"wp:attachment":[{"href":"https:\/\/rocdentalturkey.com\/index.php\/wp-json\/wp\/v2\/media?parent=1786"}],"curies":[{"name":"wp","href":"https:\/\/api.w.org\/{rel}","templated":true}]}}