{"id":1780,"date":"2025-03-18T13:44:43","date_gmt":"2025-03-18T13:44:43","guid":{"rendered":"https:\/\/rocdentalturkey.com\/index.php\/dis-beyazlatma\/"},"modified":"2025-09-08T11:13:06","modified_gmt":"2025-09-08T11:13:06","slug":"dis-beyazlatma","status":"publish","type":"page","link":"https:\/\/rocdentalturkey.com\/index.php\/dis-beyazlatma\/?lang=tr","title":{"rendered":"Di\u015f Beyazlatma"},"content":{"rendered":"<style>.elementor-1780 .elementor-element.elementor-element-79cdbf8 > .elementor-container{max-width:1170px;}.elementor-1780 .elementor-element.elementor-element-79cdbf8:not(.elementor-motion-effects-element-type-background), .elementor-1780 .elementor-element.elementor-element-79cdbf8 > .elementor-motion-effects-container > .elementor-motion-effects-layer{background-color:#000000;background-image:url(\"https:\/\/rocdentalturkey.com\/wp-content\/uploads\/2025\/03\/advice-of-dentist.jpg\");background-position:0px 65%;background-size:cover;}.elementor-1780 .elementor-element.elementor-element-79cdbf8 > .elementor-background-overlay{background-color:#000000;opacity:0.8;transition:background 0.3s, border-radius 0.3s, opacity 0.3s;}.elementor-1780 .elementor-element.elementor-element-79cdbf8{transition:background 0.3s, border 0.3s, border-radius 0.3s, box-shadow 0.3s;margin-top:0px;margin-bottom:0px;padding:140px 0px 140px 0px;}.elementor-1780 .elementor-element.elementor-element-03db280.elementor-column > .elementor-widget-wrap{justify-content:center;}.elementor-1780 .elementor-element.elementor-element-1cbd7cc{text-align:center;}.elementor-1780 .elementor-element.elementor-element-1cbd7cc .elementor-heading-title{font-family:\"Montserrat\", Sans-serif;font-size:32px;font-weight:700;text-transform:uppercase;line-height:1.2em;color:var( --e-global-color-c3e5fb3 );}.elementor-1780 .elementor-element.elementor-element-7adc2ab{--display:flex;--flex-direction:column;--container-widget-width:100%;--container-widget-height:initial;--container-widget-flex-grow:0;--container-widget-align-self:initial;--flex-wrap-mobile:wrap;--margin-top:60px;--margin-bottom:0px;--margin-left:0px;--margin-right:0px;}.elementor-1780 .elementor-element.elementor-element-85d231f{--display:flex;--flex-direction:row;--container-widget-width:initial;--container-widget-height:100%;--container-widget-flex-grow:1;--container-widget-align-self:stretch;--flex-wrap-mobile:wrap;--gap:0px 0px;--row-gap:0px;--column-gap:0px;--margin-top:20px;--margin-bottom:0px;--margin-left:0px;--margin-right:0px;}.elementor-1780 .elementor-element.elementor-element-48efdf4{--display:flex;--flex-direction:column;--container-widget-width:100%;--container-widget-height:initial;--container-widget-flex-grow:0;--container-widget-align-self:initial;--flex-wrap-mobile:wrap;}.elementor-1780 .elementor-element.elementor-element-3b80c80 .elementor-heading-title{font-family:\"Montserrat\", Sans-serif;font-size:14px;font-weight:600;text-transform:uppercase;line-height:1em;letter-spacing:1.5px;color:#20BBE4;}.elementor-1780 .elementor-element.elementor-element-61d45bb{text-align:start;}.elementor-1780 .elementor-element.elementor-element-61d45bb .elementor-heading-title{font-family:\"Montserrat\", Sans-serif;font-size:32px;font-weight:700;line-height:1.2em;color:var( --e-global-color-primary );}.elementor-1780 .elementor-element.elementor-element-6ce5412{--display:flex;--flex-direction:column;--container-widget-width:calc( ( 1 - var( --container-widget-flex-grow ) ) * 100% );--container-widget-height:initial;--container-widget-flex-grow:0;--container-widget-align-self:initial;--flex-wrap-mobile:wrap;--align-items:flex-end;}.elementor-1780 .elementor-element.elementor-element-90b9581 .elementor-button{font-family:var( --e-global-typography-9feda6e-font-family ), Sans-serif;font-size:var( --e-global-typography-9feda6e-font-size );font-weight:var( --e-global-typography-9feda6e-font-weight );text-transform:var( --e-global-typography-9feda6e-text-transform );line-height:var( --e-global-typography-9feda6e-line-height );letter-spacing:var( --e-global-typography-9feda6e-letter-spacing );word-spacing:var( --e-global-typography-9feda6e-word-spacing );fill:var( --e-global-color-c3e5fb3 );color:var( --e-global-color-c3e5fb3 );background-color:#20BBE4;border-radius:20px 20px 3px 3px;padding:20px 40px 20px 40px;}.elementor-1780 .elementor-element.elementor-element-90b9581 .elementor-button:hover, .elementor-1780 .elementor-element.elementor-element-90b9581 .elementor-button:focus{color:#20BBE4;background-color:var( --e-global-color-c3e5fb3 );}.elementor-1780 .elementor-element.elementor-element-90b9581 .elementor-button:hover svg, .elementor-1780 .elementor-element.elementor-element-90b9581 .elementor-button:focus svg{fill:#20BBE4;}.elementor-1780 .elementor-element.elementor-element-90b9581 > .elementor-widget-container{margin:20px 0px 0px 0px;}.elementor-1780 .elementor-element.elementor-element-0a93c6b{--display:flex;--flex-direction:column;--container-widget-width:100%;--container-widget-height:initial;--container-widget-flex-grow:0;--container-widget-align-self:initial;--flex-wrap-mobile:wrap;--margin-top:0px;--margin-bottom:50px;--margin-left:0px;--margin-right:0px;}.elementor-1780 .elementor-element.elementor-element-896b085{--divider-border-style:solid;--divider-color:#F7F7F7;--divider-border-width:1px;}.elementor-1780 .elementor-element.elementor-element-896b085 .elementor-divider-separator{width:100%;}.elementor-1780 .elementor-element.elementor-element-896b085 .elementor-divider{padding-block-start:2px;padding-block-end:2px;}.elementor-1780 .elementor-element.elementor-element-7f4c46a{font-family:\"Montserrat\", Sans-serif;font-size:16px;font-weight:400;line-height:1.5em;color:var( --e-global-color-text );}@media(min-width:768px){.elementor-1780 .elementor-element.elementor-element-48efdf4{--width:66.6666%;}.elementor-1780 .elementor-element.elementor-element-6ce5412{--width:33.3333%;}}@media(max-width:1024px){.elementor-1780 .elementor-element.elementor-element-79cdbf8:not(.elementor-motion-effects-element-type-background), .elementor-1780 .elementor-element.elementor-element-79cdbf8 > .elementor-motion-effects-container > .elementor-motion-effects-layer{background-position:0px 0px;}.elementor-1780 .elementor-element.elementor-element-79cdbf8{padding:120px 10px 120px 10px;}.elementor-1780 .elementor-element.elementor-element-90b9581 .elementor-button{font-size:var( --e-global-typography-9feda6e-font-size );line-height:var( --e-global-typography-9feda6e-line-height );letter-spacing:var( --e-global-typography-9feda6e-letter-spacing );word-spacing:var( --e-global-typography-9feda6e-word-spacing );}}@media(max-width:767px){.elementor-1780 .elementor-element.elementor-element-79cdbf8:not(.elementor-motion-effects-element-type-background), .elementor-1780 .elementor-element.elementor-element-79cdbf8 > .elementor-motion-effects-container > .elementor-motion-effects-layer{background-position:0px 0px;}.elementor-1780 .elementor-element.elementor-element-79cdbf8{padding:80px 10px 80px 10px;}.elementor-1780 .elementor-element.elementor-element-1cbd7cc .elementor-heading-title{font-size:24px;}.elementor-1780 .elementor-element.elementor-element-3b80c80 .elementor-heading-title{font-size:14px;}.elementor-1780 .elementor-element.elementor-element-61d45bb .elementor-heading-title{font-size:24px;}.elementor-1780 .elementor-element.elementor-element-90b9581 .elementor-button{font-size:var( --e-global-typography-9feda6e-font-size );line-height:var( --e-global-typography-9feda6e-line-height );letter-spacing:var( --e-global-typography-9feda6e-letter-spacing );word-spacing:var( --e-global-typography-9feda6e-word-spacing );}.elementor-1780 .elementor-element.elementor-element-7f4c46a{font-size:14px;}}<\/style>\t\t<div data-elementor-type=\"wp-page\" data-elementor-id=\"1780\" class=\"elementor elementor-1780 elementor-211\" data-elementor-post-type=\"page\">\n\t\t\t\t\t\t<section class=\"elementor-section elementor-top-section elementor-element elementor-element-79cdbf8 elementor-section-boxed elementor-section-height-default elementor-section-height-default\" data-id=\"79cdbf8\" data-element_type=\"section\" data-e-type=\"section\" data-settings=\"{&quot;background_background&quot;:&quot;classic&quot;}\">\n\t\t\t\t\t\t\t<div class=\"elementor-background-overlay\"><\/div>\n\t\t\t\t\t\t\t<div class=\"elementor-container elementor-column-gap-default\">\n\t\t\t\t\t<div class=\"elementor-column elementor-col-100 elementor-top-column elementor-element elementor-element-03db280\" data-id=\"03db280\" data-element_type=\"column\" data-e-type=\"column\">\n\t\t\t<div class=\"elementor-widget-wrap elementor-element-populated\">\n\t\t\t\t\t\t<div class=\"elementor-element elementor-element-1cbd7cc elementor-widget elementor-widget-heading\" data-id=\"1cbd7cc\" data-element_type=\"widget\" data-e-type=\"widget\" data-widget_type=\"heading.default\">\n\t\t\t\t<div class=\"elementor-widget-container\">\n\t\t\t\t\t<h2 class=\"elementor-heading-title elementor-size-default\">Di\u015f Beyazlatma<\/h2>\t\t\t\t<\/div>\n\t\t\t\t<\/div>\n\t\t\t\t\t<\/div>\n\t\t<\/div>\n\t\t\t\t\t<\/div>\n\t\t<\/section>\n\t\t<div class=\"elementor-element elementor-element-7adc2ab e-flex e-con-boxed e-con e-parent\" data-id=\"7adc2ab\" data-element_type=\"container\" data-e-type=\"container\">\n\t\t\t\t\t<div class=\"e-con-inner\">\n\t\t\t\t<div class=\"elementor-element elementor-element-e18c14c elementor-widget elementor-widget-image\" data-id=\"e18c14c\" data-element_type=\"widget\" data-e-type=\"widget\" data-widget_type=\"image.default\">\n\t\t\t\t<div class=\"elementor-widget-container\">\n\t\t\t\t\t\t\t\t\t\t\t\t\t\t\t<img decoding=\"async\" src=\"https:\/\/rocdentalturkey.com\/wp-content\/uploads\/elementor\/thumbs\/teeth-whitening-r4e1gi327vrv8fo9opbcnulyzvvphaoqb8zddmy1do.jpg\" title=\"woman teeth before and after whitening. Over white background\" alt=\"woman teeth before and after whitening. Over white background\" loading=\"lazy\" \/>\t\t\t\t\t\t\t\t\t\t\t\t\t\t\t<\/div>\n\t\t\t\t<\/div>\n\t\t\t\t\t<\/div>\n\t\t\t\t<\/div>\n\t\t<div class=\"elementor-element elementor-element-85d231f e-flex e-con-boxed e-con e-parent\" data-id=\"85d231f\" data-element_type=\"container\" data-e-type=\"container\">\n\t\t\t\t\t<div class=\"e-con-inner\">\n\t\t<div class=\"elementor-element elementor-element-48efdf4 e-con-full e-flex e-con e-child\" data-id=\"48efdf4\" data-element_type=\"container\" data-e-type=\"container\">\n\t\t\t\t<div class=\"elementor-element elementor-element-3b80c80 animated-slow elementor-invisible elementor-widget elementor-widget-heading\" data-id=\"3b80c80\" data-element_type=\"widget\" data-e-type=\"widget\" data-settings=\"{&quot;_animation&quot;:&quot;fadeInRight&quot;}\" data-widget_type=\"heading.default\">\n\t\t\t\t<div class=\"elementor-widget-container\">\n\t\t\t\t\t<h5 class=\"elementor-heading-title elementor-size-default\">roc poliklinik<\/h5>\t\t\t\t<\/div>\n\t\t\t\t<\/div>\n\t\t\t\t<div class=\"elementor-element elementor-element-61d45bb elementor-widget elementor-widget-heading\" data-id=\"61d45bb\" data-element_type=\"widget\" data-e-type=\"widget\" data-widget_type=\"heading.default\">\n\t\t\t\t<div class=\"elementor-widget-container\">\n\t\t\t\t\t<h2 class=\"elementor-heading-title elementor-size-default\">Di\u015f Beyazlatma<\/h2>\t\t\t\t<\/div>\n\t\t\t\t<\/div>\n\t\t\t\t<\/div>\n\t\t<div class=\"elementor-element elementor-element-6ce5412 e-con-full e-flex e-con e-child\" data-id=\"6ce5412\" data-element_type=\"container\" data-e-type=\"container\">\n\t\t\t\t<div class=\"elementor-element elementor-element-90b9581 elementor-align-center elementor-widget elementor-widget-button\" data-id=\"90b9581\" data-element_type=\"widget\" data-e-type=\"widget\" data-widget_type=\"button.default\">\n\t\t\t\t<div class=\"elementor-widget-container\">\n\t\t\t\t\t\t\t\t\t<div class=\"elementor-button-wrapper\">\n\t\t\t\t\t<a class=\"elementor-button elementor-button-link elementor-size-sm elementor-animation-float\" href=\"https:\/\/rocdentalturkey.com\/index.php\/contact-us\/\">\n\t\t\t\t\t\t<span class=\"elementor-button-content-wrapper\">\n\t\t\t\t\t\t\t\t\t<span class=\"elementor-button-text\">Bize Ula\u015f\u0131n<\/span>\n\t\t\t\t\t<\/span>\n\t\t\t\t\t<\/a>\n\t\t\t\t<\/div>\n\t\t\t\t\t\t\t\t<\/div>\n\t\t\t\t<\/div>\n\t\t\t\t<\/div>\n\t\t\t\t\t<\/div>\n\t\t\t\t<\/div>\n\t\t<div class=\"elementor-element elementor-element-0a93c6b e-flex e-con-boxed e-con e-parent\" data-id=\"0a93c6b\" data-element_type=\"container\" data-e-type=\"container\">\n\t\t\t\t\t<div class=\"e-con-inner\">\n\t\t\t\t<div class=\"elementor-element elementor-element-896b085 elementor-widget-divider--view-line elementor-widget elementor-widget-divider\" data-id=\"896b085\" data-element_type=\"widget\" data-e-type=\"widget\" data-widget_type=\"divider.default\">\n\t\t\t\t<div class=\"elementor-widget-container\">\n\t\t\t\t\t\t\t<div class=\"elementor-divider\">\n\t\t\t<span class=\"elementor-divider-separator\">\n\t\t\t\t\t\t<\/span>\n\t\t<\/div>\n\t\t\t\t\t\t<\/div>\n\t\t\t\t<\/div>\n\t\t\t\t<div class=\"elementor-element elementor-element-7f4c46a elementor-widget elementor-widget-text-editor\" data-id=\"7f4c46a\" data-element_type=\"widget\" data-e-type=\"widget\" data-widget_type=\"text-editor.default\">\n\t\t\t\t<div class=\"elementor-widget-container\">\n\t\t\t\t\t\t\t\t\t<p data-start=\"88\" data-end=\"537\"><strong data-start=\"90\" data-end=\"116\">Daha parlak, daha beyaz bir g\u00fcl\u00fcmseme<\/strong> \u00f6zg\u00fcveninizi art\u0131rabilir ve genel g\u00f6r\u00fcn\u00fcm\u00fcn\u00fcz\u00fc iyile\u015ftirebilir. <strong data-start=\"183\" data-end=\"205\">ROC Policlinic Antalya<\/strong>&#8216;da, lekeleri, renk bozulmalar\u0131n\u0131 ve sararmalar\u0131 gidermek i\u00e7in tasarlanm\u0131\u015f <strong data-start=\"216\" data-end=\"255\">geli\u015fmi\u015f di\u015f beyazlatma tedavileri<\/strong> sunuyoruz ve size sadece bir seansta <strong data-start=\"326\" data-end=\"357\">parlak, uzun \u00f6m\u00fcrl\u00fc bir g\u00fcl\u00fcmseme<\/strong> kazand\u0131r\u0131yoruz. <strong data-start=\"385\" data-end=\"454\">Son teknoloji beyazlatma teknolojisi ve profesyonel d\u00fczeyde form\u00fcller<\/strong> kullanarak, di\u015flerinize zarar vermeden <strong data-start=\"466\" data-end=\"507\">g\u00fcvenli, etkili ve \u00e7arp\u0131c\u0131 sonu\u00e7lar<\/strong> sa\u011fl\u0131yoruz.<\/p><h4 data-start=\"539\" data-end=\"582\"><strong data-start=\"544\" data-end=\"580\">Di\u015f Renk Bozulmas\u0131na Ne Sebep Olur?<\/strong><\/h4><p data-start=\"583\" data-end=\"628\">Zamanla di\u015fler \u015funlardan dolay\u0131 lekelenebilir:<\/p><ul data-start=\"629\" data-end=\"786\"><li data-start=\"629\" data-end=\"671\"><strong data-start=\"631\" data-end=\"669\">Kahve, \u00e7ay, k\u0131rm\u0131z\u0131 \u015farap ve sigara<\/strong><\/li><li data-start=\"672\" data-end=\"709\"><strong data-start=\"674\" data-end=\"707\">Ya\u015flanma ve do\u011fal mine a\u015f\u0131nmas\u0131<\/strong><\/li><li data-start=\"710\" data-end=\"735\"><strong data-start=\"712\" data-end=\"733\">K\u00f6t\u00fc a\u011f\u0131z hijyeni<\/strong><\/li><li data-start=\"736\" data-end=\"786\"><strong data-start=\"738\" data-end=\"784\">Belirli ila\u00e7lar ve t\u0131bbi durumlar<\/strong><\/li><\/ul><p data-start=\"788\" data-end=\"948\">Profesyonel <strong data-start=\"805\" data-end=\"835\">di\u015f beyazlatma tedavilerimiz<\/strong> derin lekeleri ve renk bozulmalar\u0131n\u0131 etkili bir \u015fekilde gidererek di\u015flerinizi <strong data-start=\"914\" data-end=\"945\">do\u011fal beyazl\u0131\u011f\u0131na kavu\u015fturur veya \u00d6tesinde<\/strong>.<\/p><p><strong>Di\u015flerin renginin de\u011fi\u015fmesinin iki nedeni vard\u0131r;<\/strong><\/p><p><strong>\u0130\u00e7 Renklenme<\/strong><\/p><p>Hasta, uygun a\u011f\u0131z ve di\u015f sa\u011fl\u0131\u011f\u0131 rejimini (f\u0131r\u00e7alama ve di\u015f ipi kullan\u0131m\u0131 gibi) uygulad\u0131ktan sonra daha beyaz di\u015flere kavu\u015famazsa, renk de\u011fi\u015fikli\u011fi muhtemelen \u00e7e\u015fitli ila\u00e7lardan, do\u011fu\u015ftan gelen bir rahats\u0131zl\u0131ktan veya antibiyotik kullan\u0131m\u0131ndan kaynaklanmaktad\u0131r.<\/p><p><strong>D\u0131\u015f Renklenme<\/strong><\/p><p>Di\u015flerin lekelenmesi ve sararmas\u0131 k\u00f6t\u00fc a\u011f\u0131z hijyeni, sigara kullan\u0131m\u0131, s\u0131k s\u0131k \u00e7ay, kahve ve asitli ve \u015fekerli i\u00e7eceklerin t\u00fcketilmesinden kaynaklanabilir.<\/p><p><strong>Evde di\u015f beyazlatma nas\u0131l uygulan\u0131r?<\/strong><\/p><p>Di\u015f hekimi hastan\u0131n di\u015flerinin \u00f6l\u00e7\u00fcs\u00fcn\u00fc al\u0131r ve \u00f6zel tepsiler haz\u0131rlar, daha sonra kullan\u0131lmak \u00fczere \u00fczerine beyazlatma jeli eklenir. Di\u015f hekimi hastaya plaklar\u0131n nas\u0131l kullan\u0131laca\u011f\u0131 konusunda talimatlar verecektir, ancak genellikle hasta haz\u0131rlanm\u0131\u015f bir plaklar\u0131 g\u00fcnde d\u00f6rt ila on saat a\u011fz\u0131nda tutacakt\u0131r ve tedavi iki ila \u00fc\u00e7 hafta aras\u0131nda s\u00fcrecektir.<\/p><p><strong>Poliklini\u011fimizde uygulanan di\u015f beyazlatma i\u015flemi;<\/strong><\/p><p>\u0130\u015flem, di\u015f hekimimizin hastan\u0131n di\u015flerini temizlemesini ve kontrol etmesini i\u00e7erir. Daha sonra hastan\u0131n di\u015f etlerine koruma sa\u011flan\u0131r ve ard\u0131ndan di\u015flere di\u015f beyazlatma jeli uygulan\u0131r. Poliklinik olarak uygulanan bu beyazlatma y\u00f6ntemi, di\u015f hekiminin beyazlatma jelini uygulamadan \u00f6nce hastan\u0131n di\u015flerini iyice temizlemesini i\u00e7erir. Bu jel, jel \u00fczerine UV \u0131\u015f\u0131\u011f\u0131 veya lazer tutularak aktive edilir ve b\u00f6ylece di\u015fler beyazlat\u0131l\u0131r.<\/p><h4 data-start=\"950\" data-end=\"995\"><strong data-start=\"955\" data-end=\"993\">Sundu\u011fumuz Di\u015f Beyazlatma T\u00fcrleri:<\/strong><\/h4><p data-start=\"996\" data-end=\"1367\">\u2714 <strong data-start=\"998\" data-end=\"1021\">Ofiste Beyazlatma<\/strong> \u2013 An\u0131nda sonu\u00e7lar i\u00e7in <strong data-start=\"1060\" data-end=\"1115\">y\u00fcksek konsantrasyonlu beyazlatma jeli ve LED teknolojisi<\/strong> kullanan h\u0131zl\u0131 ve g\u00fc\u00e7l\u00fc bir tedavi.<br data-start=\"1138\" data-end=\"1141\" \/>\u2714 <strong data-start=\"1143\" data-end=\"1168\">Lazer Di\u015f Beyazlatma<\/strong> \u2013 Kullan\u0131mlar\u0131 <strong data-start=\"1176\" data-end=\"1205\">beyazlatma s\u00fcrecini geli\u015ftirmek ve h\u0131zland\u0131rmak i\u00e7in geli\u015fmi\u015f lazer teknolojisi<\/strong>.<br data-start=\"1254\" data-end=\"1257\" \/>\u2714 <strong data-start=\"1259\" data-end=\"1287\">Evde Kullan\u0131ma Uygun Beyazlatma Kitleri<\/strong> \u2013 Evde kullan\u0131m i\u00e7in profesyonel g\u00fc\u00e7te jel i\u00e7eren \u00f6zel yap\u0131m beyazlatma tepsileri.<\/p><h4 data-start=\"1369\" data-end=\"1420\"><strong data-start=\"1374\" data-end=\"1418\">Profesyonel Di\u015f Beyazlatman\u0131n Faydalar\u0131<\/strong><\/h4><p data-start=\"1421\" data-end=\"1933\">\u2714 <strong data-start=\"1423\" data-end=\"1455\">An\u0131nda ve Fark Edilebilir Sonu\u00e7lar<\/strong> \u2013 <strong data-start=\"1464\" data-end=\"1503\">Tek bir seansta 8 tona kadar daha beyaz<\/strong>.<br data-start=\"1504\" data-end=\"1507\" \/>\u2714 <strong data-start=\"1509\" data-end=\"1539\">G\u00fcvenli ve Etkili Tedavi<\/strong> \u2013 <strong data-start=\"1555\" data-end=\"1579\">Di\u015f hekimleri<\/strong> taraf\u0131ndan ger\u00e7ekle\u015ftirilir ve di\u015f hassasiyetini en aza indirir.<br data-start=\"1610\" data-end=\"1613\" \/>\u2714 <strong data-start=\"1615\" data-end=\"1641\">Uzun S\u00fcreli Beyazl\u0131k<\/strong> \u2013 Sonu\u00e7lar uygun bak\u0131mla <strong data-start=\"1661\" data-end=\"1680\">aylarca hatta y\u0131llarca<\/strong> s\u00fcrebilir.<br data-start=\"1698\" data-end=\"1701\" \/>\u2714 <strong data-start=\"1703\" data-end=\"1729\">E\u015fit ve Do\u011fal G\u00f6r\u00fcn\u00fcmg<\/strong> \u2013 Tezgah \u00fcst\u00fc \u00fcr\u00fcnlerin aksine, profesyonel beyazlatma <strong data-start=\"1798\" data-end=\"1830\">tekd\u00fcze, \u00e7izgisiz sonu\u00e7lar<\/strong> sa\u011flar.<br data-start=\"1831\" data-end=\"1834\" \/>\u2714 <strong data-start=\"1836\" data-end=\"1870\">\u00d6zg\u00fcveni ve Estetik<\/strong> \u2013 Daha beyaz bir g\u00fcl\u00fcmseme <strong data-start=\"1897\" data-end=\"1930\">y\u00fcz g\u00fczelli\u011fini ve \u00f6z sayg\u0131y\u0131<\/strong> art\u0131r\u0131r.<\/p><h4 data-start=\"1935\" data-end=\"1976\"><strong data-start=\"1940\" data-end=\"1974\">Neden ROC Policlinic Antalya&#8217;y\u0131 Se\u00e7melisiniz?<\/strong><\/h4><p data-start=\"1977\" data-end=\"2308\"><strong data-start=\"1980\" data-end=\"2002\">ROC Policlinic Antalya<\/strong>&#8216;da, <strong data-start=\"2011\" data-end=\"2072\">geli\u015fmi\u015f beyazlatma teknolojisi ve birinci s\u0131n\u0131f malzemeler<\/strong> kullanarak <strong data-start=\"2083\" data-end=\"2130\">g\u00fcvenli, etkili ve konforlu tedaviler<\/strong> sa\u011fl\u0131yoruz. Uzmanlar\u0131m\u0131z her beyazlatma prosed\u00fcr\u00fcn\u00fc <strong data-start=\"2194\" data-end=\"2245\">\u00f6zel di\u015f renginize ve hassasiyet seviyenize<\/strong> uyacak \u015fekilde ki\u015fiselle\u015ftirir ve <strong data-start=\"2256\" data-end=\"2305\">mineye zarar vermeden en iyi sonu\u00e7lar\u0131<\/strong> garanti eder.<\/p><p data-start=\"2310\" data-end=\"2481\">Bir\u00e7ok pahal\u0131 beyazlatma poliklini\u011finin aksine, <strong data-start=\"2362\" data-end=\"2410\">uygun fiyatl\u0131, y\u00fcksek kaliteli beyazlatma \u00e7\u00f6z\u00fcmleri<\/strong> sunuyoruz, b\u00f6ylece <strong data-start=\"2423\" data-end=\"2478\">fazla \u00f6deme yapmadan Hollywood&#8217;a lay\u0131k bir g\u00fcl\u00fcmsemeye kavu\u015fabilirsiniz<\/strong>.<\/p><h4 data-start=\"2483\" data-end=\"2536\"><strong data-start=\"2488\" data-end=\"2534\">Sizin \u0130\u00e7in Parlak, I\u015f\u0131lt\u0131l\u0131 Bir G\u00fcl\u00fcmsemeye Kavu\u015fun Hak edin!<\/strong><\/h4><p data-start=\"2537\" data-end=\"2783\" data-is-last-node=\"\" data-is-only-node=\"\"><strong data-start=\"2556\" data-end=\"2619\">Lekeleri silmeye, g\u00fcl\u00fcmsemenizi g\u00fczelle\u015ftirmeye ve \u00f6zg\u00fcveninizi art\u0131rmaya<\/strong> haz\u0131rsan\u0131z, <strong data-start=\"2625\" data-end=\"2690\">ROC Policlinic Antalya&#8217;daki profesyonel di\u015f beyazlatma tedavilerimiz<\/strong> m\u00fckemmel \u00e7\u00f6z\u00fcmd\u00fcr. <strong data-start=\"2717\" data-end=\"2783\" data-is-last-node=\"\">Bug\u00fcn randevunuzu al\u0131n ve daha beyaz, daha parlak bir sizi ortaya \u00e7\u0131kar\u0131n!<\/strong><\/p>\t\t\t\t\t\t\t\t<\/div>\n\t\t\t\t<\/div>\n\t\t\t\t\t<\/div>\n\t\t\t\t<\/div>\n\t\t\t\t<\/div>\n\t\t","protected":false},"excerpt":{"rendered":"<p>Di\u015f Beyazlatma roc poliklinik Di\u015f Beyazlatma Bize Ula\u015f\u0131n Daha parlak, daha beyaz bir g\u00fcl\u00fcmseme \u00f6zg\u00fcveninizi art\u0131rabilir ve genel g\u00f6r\u00fcn\u00fcm\u00fcn\u00fcz\u00fc iyile\u015ftirebilir. ROC Policlinic Antalya&#8216;da, lekeleri, renk bozulmalar\u0131n\u0131 ve sararmalar\u0131 gidermek i\u00e7in tasarlanm\u0131\u015f geli\u015fmi\u015f di\u015f beyazlatma tedavileri sunuyoruz ve size sadece bir seansta parlak, uzun \u00f6m\u00fcrl\u00fc bir g\u00fcl\u00fcmseme kazand\u0131r\u0131yoruz. Son teknoloji beyazlatma teknolojisi ve profesyonel d\u00fczeyde form\u00fcller [&hellip;]<\/p>\n","protected":false},"author":1,"featured_media":0,"parent":0,"menu_order":0,"comment_status":"closed","ping_status":"closed","template":"elementor_header_footer","meta":{"footnotes":""},"class_list":["post-1780","page","type-page","status-publish","hentry"],"_links":{"self":[{"href":"https:\/\/rocdentalturkey.com\/index.php\/wp-json\/wp\/v2\/pages\/1780","targetHints":{"allow":["GET"]}}],"collection":[{"href":"https:\/\/rocdentalturkey.com\/index.php\/wp-json\/wp\/v2\/pages"}],"about":[{"href":"https:\/\/rocdentalturkey.com\/index.php\/wp-json\/wp\/v2\/types\/page"}],"author":[{"embeddable":true,"href":"https:\/\/rocdentalturkey.com\/index.php\/wp-json\/wp\/v2\/users\/1"}],"replies":[{"embeddable":true,"href":"https:\/\/rocdentalturkey.com\/index.php\/wp-json\/wp\/v2\/comments?post=1780"}],"version-history":[{"count":7,"href":"https:\/\/rocdentalturkey.com\/index.php\/wp-json\/wp\/v2\/pages\/1780\/revisions"}],"predecessor-version":[{"id":2286,"href":"https:\/\/rocdentalturkey.com\/index.php\/wp-json\/wp\/v2\/pages\/1780\/revisions\/2286"}],"wp:attachment":[{"href":"https:\/\/rocdentalturkey.com\/index.php\/wp-json\/wp\/v2\/media?parent=1780"}],"curies":[{"name":"wp","href":"https:\/\/api.w.org\/{rel}","templated":true}]}}