{"id":1762,"date":"2025-03-18T13:50:01","date_gmt":"2025-03-18T13:50:01","guid":{"rendered":"https:\/\/rocdentalturkey.com\/index.php\/lazer-dis-eti-tedavisi\/"},"modified":"2025-08-27T14:05:06","modified_gmt":"2025-08-27T14:05:06","slug":"lazer-dis-eti-tedavisi","status":"publish","type":"page","link":"https:\/\/rocdentalturkey.com\/index.php\/lazer-dis-eti-tedavisi\/?lang=tr","title":{"rendered":"Lazer Di\u015f Eti Tedavisi"},"content":{"rendered":"<style>.elementor-1762 .elementor-element.elementor-element-79cdbf8 > .elementor-container{max-width:1170px;}.elementor-1762 .elementor-element.elementor-element-79cdbf8:not(.elementor-motion-effects-element-type-background), .elementor-1762 .elementor-element.elementor-element-79cdbf8 > .elementor-motion-effects-container > .elementor-motion-effects-layer{background-color:#000000;background-image:url(\"https:\/\/rocdentalturkey.com\/wp-content\/uploads\/2025\/03\/advice-of-dentist.jpg\");background-position:0px 65%;background-size:cover;}.elementor-1762 .elementor-element.elementor-element-79cdbf8 > .elementor-background-overlay{background-color:#000000;opacity:0.8;transition:background 0.3s, border-radius 0.3s, opacity 0.3s;}.elementor-1762 .elementor-element.elementor-element-79cdbf8{transition:background 0.3s, border 0.3s, border-radius 0.3s, box-shadow 0.3s;margin-top:0px;margin-bottom:0px;padding:140px 0px 140px 0px;}.elementor-1762 .elementor-element.elementor-element-03db280.elementor-column > .elementor-widget-wrap{justify-content:center;}.elementor-1762 .elementor-element.elementor-element-1cbd7cc{text-align:center;}.elementor-1762 .elementor-element.elementor-element-1cbd7cc .elementor-heading-title{font-family:\"Montserrat\", Sans-serif;font-size:32px;font-weight:700;text-transform:uppercase;line-height:1.2em;color:var( --e-global-color-c3e5fb3 );}.elementor-1762 .elementor-element.elementor-element-7adc2ab{--display:flex;--flex-direction:column;--container-widget-width:100%;--container-widget-height:initial;--container-widget-flex-grow:0;--container-widget-align-self:initial;--flex-wrap-mobile:wrap;--margin-top:60px;--margin-bottom:0px;--margin-left:0px;--margin-right:0px;}.elementor-1762 .elementor-element.elementor-element-85d231f{--display:flex;--flex-direction:row;--container-widget-width:initial;--container-widget-height:100%;--container-widget-flex-grow:1;--container-widget-align-self:stretch;--flex-wrap-mobile:wrap;--gap:0px 0px;--row-gap:0px;--column-gap:0px;--margin-top:20px;--margin-bottom:0px;--margin-left:0px;--margin-right:0px;}.elementor-1762 .elementor-element.elementor-element-48efdf4{--display:flex;--flex-direction:column;--container-widget-width:100%;--container-widget-height:initial;--container-widget-flex-grow:0;--container-widget-align-self:initial;--flex-wrap-mobile:wrap;}.elementor-1762 .elementor-element.elementor-element-3b80c80 .elementor-heading-title{font-family:\"Montserrat\", Sans-serif;font-size:14px;font-weight:600;text-transform:uppercase;line-height:1em;letter-spacing:1.5px;color:#20BBE4;}.elementor-1762 .elementor-element.elementor-element-61d45bb{text-align:start;}.elementor-1762 .elementor-element.elementor-element-61d45bb .elementor-heading-title{font-family:\"Montserrat\", Sans-serif;font-size:32px;font-weight:700;line-height:1.2em;color:var( --e-global-color-primary );}.elementor-1762 .elementor-element.elementor-element-6ce5412{--display:flex;--flex-direction:column;--container-widget-width:calc( ( 1 - var( --container-widget-flex-grow ) ) * 100% );--container-widget-height:initial;--container-widget-flex-grow:0;--container-widget-align-self:initial;--flex-wrap-mobile:wrap;--align-items:flex-end;}.elementor-1762 .elementor-element.elementor-element-90b9581 .elementor-button{font-family:var( --e-global-typography-9feda6e-font-family ), Sans-serif;font-size:var( --e-global-typography-9feda6e-font-size );font-weight:var( --e-global-typography-9feda6e-font-weight );text-transform:var( --e-global-typography-9feda6e-text-transform );line-height:var( --e-global-typography-9feda6e-line-height );letter-spacing:var( --e-global-typography-9feda6e-letter-spacing );word-spacing:var( --e-global-typography-9feda6e-word-spacing );fill:var( --e-global-color-c3e5fb3 );color:var( --e-global-color-c3e5fb3 );background-color:#20BBE4;border-radius:20px 20px 3px 3px;padding:20px 40px 20px 40px;}.elementor-1762 .elementor-element.elementor-element-90b9581 .elementor-button:hover, .elementor-1762 .elementor-element.elementor-element-90b9581 .elementor-button:focus{color:#20BBE4;background-color:var( --e-global-color-c3e5fb3 );}.elementor-1762 .elementor-element.elementor-element-90b9581 .elementor-button:hover svg, .elementor-1762 .elementor-element.elementor-element-90b9581 .elementor-button:focus svg{fill:#20BBE4;}.elementor-1762 .elementor-element.elementor-element-90b9581 > .elementor-widget-container{margin:20px 0px 0px 0px;}.elementor-1762 .elementor-element.elementor-element-0a93c6b{--display:flex;--flex-direction:column;--container-widget-width:100%;--container-widget-height:initial;--container-widget-flex-grow:0;--container-widget-align-self:initial;--flex-wrap-mobile:wrap;--margin-top:0px;--margin-bottom:50px;--margin-left:0px;--margin-right:0px;}.elementor-1762 .elementor-element.elementor-element-896b085{--divider-border-style:solid;--divider-color:#F7F7F7;--divider-border-width:1px;}.elementor-1762 .elementor-element.elementor-element-896b085 .elementor-divider-separator{width:100%;}.elementor-1762 .elementor-element.elementor-element-896b085 .elementor-divider{padding-block-start:2px;padding-block-end:2px;}.elementor-1762 .elementor-element.elementor-element-7f4c46a{font-family:\"Montserrat\", Sans-serif;font-size:16px;font-weight:400;line-height:1.5em;color:var( --e-global-color-text );}@media(min-width:768px){.elementor-1762 .elementor-element.elementor-element-48efdf4{--width:66.6666%;}.elementor-1762 .elementor-element.elementor-element-6ce5412{--width:33.3333%;}}@media(max-width:1024px){.elementor-1762 .elementor-element.elementor-element-79cdbf8:not(.elementor-motion-effects-element-type-background), .elementor-1762 .elementor-element.elementor-element-79cdbf8 > .elementor-motion-effects-container > .elementor-motion-effects-layer{background-position:0px 0px;}.elementor-1762 .elementor-element.elementor-element-79cdbf8{padding:120px 10px 120px 10px;}.elementor-1762 .elementor-element.elementor-element-90b9581 .elementor-button{font-size:var( --e-global-typography-9feda6e-font-size );line-height:var( --e-global-typography-9feda6e-line-height );letter-spacing:var( --e-global-typography-9feda6e-letter-spacing );word-spacing:var( --e-global-typography-9feda6e-word-spacing );}}@media(max-width:767px){.elementor-1762 .elementor-element.elementor-element-79cdbf8:not(.elementor-motion-effects-element-type-background), .elementor-1762 .elementor-element.elementor-element-79cdbf8 > .elementor-motion-effects-container > .elementor-motion-effects-layer{background-position:0px 0px;}.elementor-1762 .elementor-element.elementor-element-79cdbf8{padding:80px 10px 80px 10px;}.elementor-1762 .elementor-element.elementor-element-1cbd7cc .elementor-heading-title{font-size:24px;}.elementor-1762 .elementor-element.elementor-element-3b80c80 .elementor-heading-title{font-size:14px;}.elementor-1762 .elementor-element.elementor-element-61d45bb .elementor-heading-title{font-size:24px;}.elementor-1762 .elementor-element.elementor-element-90b9581 .elementor-button{font-size:var( --e-global-typography-9feda6e-font-size );line-height:var( --e-global-typography-9feda6e-line-height );letter-spacing:var( --e-global-typography-9feda6e-letter-spacing );word-spacing:var( --e-global-typography-9feda6e-word-spacing );}.elementor-1762 .elementor-element.elementor-element-7f4c46a{font-size:14px;}}<\/style>\t\t<div data-elementor-type=\"wp-page\" data-elementor-id=\"1762\" class=\"elementor elementor-1762 elementor-231\" data-elementor-post-type=\"page\">\n\t\t\t\t\t\t<section class=\"elementor-section elementor-top-section elementor-element elementor-element-79cdbf8 elementor-section-boxed elementor-section-height-default elementor-section-height-default\" data-id=\"79cdbf8\" data-element_type=\"section\" data-e-type=\"section\" data-settings=\"{&quot;background_background&quot;:&quot;classic&quot;}\">\n\t\t\t\t\t\t\t<div class=\"elementor-background-overlay\"><\/div>\n\t\t\t\t\t\t\t<div class=\"elementor-container elementor-column-gap-default\">\n\t\t\t\t\t<div class=\"elementor-column elementor-col-100 elementor-top-column elementor-element elementor-element-03db280\" data-id=\"03db280\" data-element_type=\"column\" data-e-type=\"column\">\n\t\t\t<div class=\"elementor-widget-wrap elementor-element-populated\">\n\t\t\t\t\t\t<div class=\"elementor-element elementor-element-1cbd7cc elementor-widget elementor-widget-heading\" data-id=\"1cbd7cc\" data-element_type=\"widget\" data-e-type=\"widget\" data-widget_type=\"heading.default\">\n\t\t\t\t<div class=\"elementor-widget-container\">\n\t\t\t\t\t<h2 class=\"elementor-heading-title elementor-size-default\">Lazer Di\u015f Eti Tedavisi<\/h2>\t\t\t\t<\/div>\n\t\t\t\t<\/div>\n\t\t\t\t\t<\/div>\n\t\t<\/div>\n\t\t\t\t\t<\/div>\n\t\t<\/section>\n\t\t<div class=\"elementor-element elementor-element-7adc2ab e-flex e-con-boxed e-con e-parent\" data-id=\"7adc2ab\" data-element_type=\"container\" data-e-type=\"container\">\n\t\t\t\t\t<div class=\"e-con-inner\">\n\t\t\t\t<div class=\"elementor-element elementor-element-e18c14c elementor-widget elementor-widget-image\" data-id=\"e18c14c\" data-element_type=\"widget\" data-e-type=\"widget\" data-widget_type=\"image.default\">\n\t\t\t\t<div class=\"elementor-widget-container\">\n\t\t\t\t\t\t\t\t\t\t\t\t\t\t\t<img decoding=\"async\" src=\"https:\/\/rocdentalturkey.com\/wp-content\/uploads\/elementor\/thumbs\/laser-gum-treatment-r4e1dccl8xg67m9h4u5hs5b749galx57jm1mb5moak.jpg\" title=\"Woman Having Dental Checkup With Ultraviolet Light\" alt=\"Closeup of young woman having her teeth whitened with ultraviolet light in a dental clinic\" loading=\"lazy\" \/>\t\t\t\t\t\t\t\t\t\t\t\t\t\t\t<\/div>\n\t\t\t\t<\/div>\n\t\t\t\t\t<\/div>\n\t\t\t\t<\/div>\n\t\t<div class=\"elementor-element elementor-element-85d231f e-flex e-con-boxed e-con e-parent\" data-id=\"85d231f\" data-element_type=\"container\" data-e-type=\"container\">\n\t\t\t\t\t<div class=\"e-con-inner\">\n\t\t<div class=\"elementor-element elementor-element-48efdf4 e-con-full e-flex e-con e-child\" data-id=\"48efdf4\" data-element_type=\"container\" data-e-type=\"container\">\n\t\t\t\t<div class=\"elementor-element elementor-element-3b80c80 animated-slow elementor-invisible elementor-widget elementor-widget-heading\" data-id=\"3b80c80\" data-element_type=\"widget\" data-e-type=\"widget\" data-settings=\"{&quot;_animation&quot;:&quot;fadeInRight&quot;}\" data-widget_type=\"heading.default\">\n\t\t\t\t<div class=\"elementor-widget-container\">\n\t\t\t\t\t<h5 class=\"elementor-heading-title elementor-size-default\">roc poliklinik<\/h5>\t\t\t\t<\/div>\n\t\t\t\t<\/div>\n\t\t\t\t<div class=\"elementor-element elementor-element-61d45bb elementor-widget elementor-widget-heading\" data-id=\"61d45bb\" data-element_type=\"widget\" data-e-type=\"widget\" data-widget_type=\"heading.default\">\n\t\t\t\t<div class=\"elementor-widget-container\">\n\t\t\t\t\t<h2 class=\"elementor-heading-title elementor-size-default\">Lazer Di\u015f Eti Tedavisi<\/h2>\t\t\t\t<\/div>\n\t\t\t\t<\/div>\n\t\t\t\t<\/div>\n\t\t<div class=\"elementor-element elementor-element-6ce5412 e-con-full e-flex e-con e-child\" data-id=\"6ce5412\" data-element_type=\"container\" data-e-type=\"container\">\n\t\t\t\t<div class=\"elementor-element elementor-element-90b9581 elementor-align-center elementor-widget elementor-widget-button\" data-id=\"90b9581\" data-element_type=\"widget\" data-e-type=\"widget\" data-widget_type=\"button.default\">\n\t\t\t\t<div class=\"elementor-widget-container\">\n\t\t\t\t\t\t\t\t\t<div class=\"elementor-button-wrapper\">\n\t\t\t\t\t<a class=\"elementor-button elementor-button-link elementor-size-sm elementor-animation-float\" href=\"https:\/\/rocdentalturkey.com\/index.php\/contact-us\/\">\n\t\t\t\t\t\t<span class=\"elementor-button-content-wrapper\">\n\t\t\t\t\t\t\t\t\t<span class=\"elementor-button-text\">Bize Ula\u015f\u0131n<\/span>\n\t\t\t\t\t<\/span>\n\t\t\t\t\t<\/a>\n\t\t\t\t<\/div>\n\t\t\t\t\t\t\t\t<\/div>\n\t\t\t\t<\/div>\n\t\t\t\t<\/div>\n\t\t\t\t\t<\/div>\n\t\t\t\t<\/div>\n\t\t<div class=\"elementor-element elementor-element-0a93c6b e-flex e-con-boxed e-con e-parent\" data-id=\"0a93c6b\" data-element_type=\"container\" data-e-type=\"container\">\n\t\t\t\t\t<div class=\"e-con-inner\">\n\t\t\t\t<div class=\"elementor-element elementor-element-896b085 elementor-widget-divider--view-line elementor-widget elementor-widget-divider\" data-id=\"896b085\" data-element_type=\"widget\" data-e-type=\"widget\" data-widget_type=\"divider.default\">\n\t\t\t\t<div class=\"elementor-widget-container\">\n\t\t\t\t\t\t\t<div class=\"elementor-divider\">\n\t\t\t<span class=\"elementor-divider-separator\">\n\t\t\t\t\t\t<\/span>\n\t\t<\/div>\n\t\t\t\t\t\t<\/div>\n\t\t\t\t<\/div>\n\t\t\t\t<div class=\"elementor-element elementor-element-7f4c46a elementor-widget elementor-widget-text-editor\" data-id=\"7f4c46a\" data-element_type=\"widget\" data-e-type=\"widget\" data-widget_type=\"text-editor.default\">\n\t\t\t\t<div class=\"elementor-widget-container\">\n\t\t\t\t\t\t\t\t\t<p data-start=\"83\" data-end=\"478\">Sa\u011fl\u0131kl\u0131 di\u015f etleri g\u00fczel bir g\u00fcl\u00fcmsemenin temelidir. <strong data-start=\"140\" data-end=\"162\">ROC Clinic Antalya<\/strong>&#8216;da, <strong data-start=\"173\" data-end=\"196\">Lazer Di\u015f Eti Tedavisi<\/strong> sunuyoruz; bu, <strong data-start=\"243\" data-end=\"310\">di\u015f eti hastal\u0131\u011f\u0131, di\u015f eti yeniden \u015fekillendirme ve genel a\u011f\u0131z sa\u011fl\u0131\u011f\u0131 iyile\u015ftirme<\/strong> i\u00e7in geli\u015fmi\u015f, minimal invaziv bir \u00e7\u00f6z\u00fcmd\u00fcr. <strong data-start=\"318\" data-end=\"355\">Son teknoloji lazer teknolojisini<\/strong> kullanarak, di\u015f etlerinizin hem i\u015flevini hem de esteti\u011fini art\u0131ran <strong data-start=\"368\" data-end=\"416\">a\u011fr\u0131s\u0131z, hassas ve etkili tedaviler<\/strong> sa\u011fl\u0131yoruz.<\/p><h4 data-start=\"480\" data-end=\"519\"><strong data-start=\"485\" data-end=\"517\">Lazer Di\u015f Eti Tedavisi Nedir?<\/strong><\/h4><p data-start=\"520\" data-end=\"802\">Lazer di\u015f eti tedavisi, <strong data-start=\"645\" data-end=\"669\">ne\u015fter veya diki\u015f<\/strong> gerektirmeden \u00e7e\u015fitli di\u015f eti rahats\u0131zl\u0131klar\u0131n\u0131 tedavi etmek i\u00e7in <strong data-start=\"560\" data-end=\"591\">y\u00fcksek odakl\u0131 lazer enerjisi<\/strong> kullan\u0131m\u0131n\u0131 i\u00e7erir. Bu yenilik\u00e7i yakla\u015f\u0131m, geleneksel di\u015f eti cerrahisine k\u0131yasla <strong data-start=\"704\" data-end=\"763\">daha h\u0131zl\u0131 iyile\u015fme, daha az rahats\u0131zl\u0131k ve iyile\u015ftirilmi\u015f hassasiyet<\/strong> sa\u011flar.<\/p><h4 data-start=\"804\" data-end=\"857\"><strong data-start=\"809\" data-end=\"855\">Lazer Di\u015f Eti Terapisi ile Tedavi Edilen Durumlar:<\/strong><\/h4><p data-start=\"858\" data-end=\"1439\">\u2714 <strong data-start=\"860\" data-end=\"904\">Di\u015f Eti Hastal\u0131\u011f\u0131 (Periodontitis ve Gingivitis)<\/strong> \u2013 \u0130yile\u015fmeyi te\u015fvik ederken <strong data-start=\"915\" data-end=\"947\">bakterileri ve enfekte dokuyu<\/strong> temizler.<br data-start=\"974\" data-end=\"977\" \/>\u2714 <strong data-start=\"979\" data-end=\"1028\">Di\u015f Eti Yeniden \u015eekillendirme (Di\u015f Eti Ekstr\u00fczyonu ve Di\u015f Eti Kont\u00fcr\u00fc)<\/strong> \u2013 Daha <strong data-start=\"1076\" data-end=\"1094\">dengeli bir g\u00fcl\u00fcmseme<\/strong> i\u00e7in a\u015f\u0131r\u0131 veya d\u00fczensiz di\u015f etlerini yeniden \u015fekillendirir.<br data-start=\"1095\" data-end=\"1098\" \/>\u2714 <strong data-start=\"1100\" data-end=\"1126\">Di\u015f Eti G\u00fcl\u00fcmsemesi D\u00fczeltmesi<\/strong> \u2013 <strong data-start=\"1168\" data-end=\"1201\">uyumlu bir di\u015f eti-di\u015f oran\u0131<\/strong> i\u00e7in a\u015f\u0131r\u0131 di\u015f eti g\u00f6r\u00fcn\u00fcrl\u00fc\u011f\u00fcn\u00fc azalt\u0131r.<br data-start=\"1202\" data-end=\"1205\" \/>\u2714 <strong data-start=\"1207\" data-end=\"1255\" data-is-only-node=\"\">Frenektomi (Dil Ba\u011f\u0131 ve Dudak Ba\u011f\u0131 D\u00fczeltmesi)<\/strong> \u2013 K\u0131s\u0131tlay\u0131c\u0131 a\u011f\u0131z dokular\u0131n\u0131 serbestle\u015ftirerek di\u015fleri iyile\u015ftirir. <strong data-start=\"1303\" data-end=\"1326\">konu\u015fma ve i\u015flev<\/strong>.<br data-start=\"1327\" data-end=\"1330\" \/>\u2714 <strong data-start=\"1332\" data-end=\"1353\">Kuron Uzatma<\/strong> \u2013 <strong data-start=\"1396\" data-end=\"1436\">Restoratif veya kozmetik geli\u015ftirmeler<\/strong> i\u00e7in di\u015f yap\u0131s\u0131n\u0131n daha fazlas\u0131n\u0131 ortaya \u00e7\u0131kar\u0131r.<\/p><h4 data-start=\"1441\" data-end=\"1483\"><strong data-start=\"1446\" data-end=\"1481\">Lazer Di\u015f Eti Tedavisinin Faydalar\u0131<\/strong><\/h4><p data-start=\"1484\" data-end=\"2074\">\u2714 <strong data-start=\"1486\" data-end=\"1520\">A\u011fr\u0131s\u0131z ve Minimal \u0130nvaziv &#8211; Ne\u015fter yok, diki\u015f yok ve minimum kanama.<br data-start=\"1570\" data-end=\"1573\" \/>\u2714 <strong data-start=\"1575\" data-end=\"1604\">Daha H\u0131zl\u0131 \u0130yile\u015fme ve Kurtarma<\/strong> &#8211; Lazer teknolojisi do\u011fal <strong data-start=\"1641\" data-end=\"1664\">doku yenilenmesini<\/strong> destekler.<br data-start=\"1665\" data-end=\"1668\" \/>\u2714 <strong data-start=\"1670\" data-end=\"1693\">Kesin ve Etkili<\/strong> &#8211; Sadece etkilenen b\u00f6lgeyi hedef alarak sa\u011fl\u0131kl\u0131 dokuyu korur.<br data-start=\"1754\" data-end=\"1757\" \/>\u2714 <strong data-start=\"1759\" data-end=\"1791\">Bakteri ve Enfeksiyon<\/strong> \u2013 Di\u015f eti hastal\u0131\u011f\u0131n\u0131n ilerlemesini \u00f6nlemek i\u00e7in zararl\u0131 bakterileri etkili bir \u015fekilde ortadan kald\u0131r\u0131r.<br data-start=\"1869\" data-end=\"1872\" \/>\u2714 <strong data-start=\"1874\" data-end=\"1901\">Di\u015f Eti Esteti\u011fini \u0130yile\u015ftirir<\/strong> \u2013 Daha <strong data-start=\"1919\" data-end=\"1950\">orant\u0131l\u0131 ve \u00e7ekici<\/strong> bir g\u00fcl\u00fcmseme yarat\u0131r.<br data-start=\"1957\" data-end=\"1960\" \/>\u2714 <strong data-start=\"1962\" data-end=\"1984\">G\u00fcvenli ve Rahat<\/strong> \u2013 Nazik, invaziv olmayan yap\u0131s\u0131 sayesinde <strong data-start=\"2014\" data-end=\"2032\">di\u015f kayg\u0131s\u0131<\/strong> olan hastalar i\u00e7in uygundur.<\/strong><\/p><h4 data-start=\"2076\" data-end=\"2117\"><strong data-start=\"2081\" data-end=\"2115\">Neden ROC Clinic Antalya&#8217;y\u0131 Se\u00e7melisiniz?<\/strong><\/h4><p data-start=\"2118\" data-end=\"2432\"><strong data-start=\"2121\" data-end=\"2143\">ROC Clinic Antalya<\/strong> olarak, <strong data-start=\"2162\" data-end=\"2190\">geli\u015fmi\u015f lazer di\u015f hekimli\u011finde<\/strong> uzmanla\u015f\u0131yoruz ve <strong data-start=\"2202\" data-end=\"2237\">son teknoloji di\u015f eti tedavilerini<\/strong> <strong data-start=\"2243\" data-end=\"2281\">rahat, a\u011fr\u0131s\u0131z bir ortam<\/strong>. Uluslararas\u0131 e\u011fitimli uzmanlar\u0131m\u0131z, <strong data-start=\"2338\" data-end=\"2358\">lazer teknolojisini<\/strong> kullanarak <strong data-start=\"2370\" data-end=\"2429\">ola\u011fan\u00fcst\u00fc hassasiyet, g\u00fcvenlik ve uzun s\u00fcreli sonu\u00e7lar<\/strong> sunar.<\/p><p data-start=\"2434\" data-end=\"2692\">En \u00f6nemlisi, <strong data-start=\"2468\" data-end=\"2512\">birinci s\u0131n\u0131f di\u015f bak\u0131m\u0131n\u0131n uygun fiyatl\u0131 olmas\u0131 gerekti\u011fine<\/strong> inan\u0131yoruz. A\u015f\u0131r\u0131 \u00fccretler talep eden bir\u00e7ok poliklini\u011fin aksine, <strong data-start=\"2571\" data-end=\"2630\">rekabet\u00e7i fiyatlarla y\u00fcksek kaliteli lazer di\u015f eti tedavileri<\/strong>, <strong data-start=\"2639\" data-end=\"2689\">sa\u011fl\u0131kl\u0131, g\u00fczel di\u015f etlerine herkesin eri\u015febilmesini<\/strong> sa\u011fl\u0131yor.<\/p><h4 data-start=\"2694\" data-end=\"2749\" data-is-last-node=\"\" data-is-only-node=\"\">**Di\u015f Eti Sa\u011fl\u0131\u011f\u0131n\u0131z\u0131 Geri Kazand\u0131r\u0131n ve G\u00fcvenle G\u00fcl\u00fcmseyin!<\/h4><p>E\u011fer <strong data-start=\"2766\" data-end=\"2816\">Di\u015f eti hastal\u0131\u011f\u0131n\u0131z, d\u00fczensiz di\u015f etleriniz veya a\u015f\u0131r\u0131 di\u015f eti dokular\u0131n\u0131z<\/strong> varsa, <strong data-start=\"2818\" data-end=\"2863\">ROC Clinic Antalya&#8217;da Lazer Di\u015f Eti Tedavisi<\/strong> <strong data-start=\"2871\" data-end=\"2910\">daha sa\u011fl\u0131kl\u0131, daha \u00e7ekici bir g\u00fcl\u00fcmsemeye<\/strong> kavu\u015fman\u0131n <strong data-start=\"2928\" data-end=\"2964\">en h\u0131zl\u0131, en g\u00fcvenli ve en etkili<\/strong> yoludur. <strong data-start=\"2966\" data-end=\"3037\" data-is-last-node=\"\">Bug\u00fcn kons\u00fcltasyonunuzu ay\u0131rt\u0131n ve di\u015f eti bak\u0131m\u0131n\u0131n gelece\u011fini deneyimleyin!<\/strong><\/p>\t\t\t\t\t\t\t\t<\/div>\n\t\t\t\t<\/div>\n\t\t\t\t\t<\/div>\n\t\t\t\t<\/div>\n\t\t\t\t<\/div>\n\t\t","protected":false},"excerpt":{"rendered":"<p>Lazer Di\u015f Eti Tedavisi roc poliklinik Lazer Di\u015f Eti Tedavisi Bize Ula\u015f\u0131n Sa\u011fl\u0131kl\u0131 di\u015f etleri g\u00fczel bir g\u00fcl\u00fcmsemenin temelidir. ROC Clinic Antalya&#8216;da, Lazer Di\u015f Eti Tedavisi sunuyoruz; bu, di\u015f eti hastal\u0131\u011f\u0131, di\u015f eti yeniden \u015fekillendirme ve genel a\u011f\u0131z sa\u011fl\u0131\u011f\u0131 iyile\u015ftirme i\u00e7in geli\u015fmi\u015f, minimal invaziv bir \u00e7\u00f6z\u00fcmd\u00fcr. Son teknoloji lazer teknolojisini kullanarak, di\u015f etlerinizin hem i\u015flevini [&hellip;]<\/p>\n","protected":false},"author":1,"featured_media":0,"parent":0,"menu_order":0,"comment_status":"closed","ping_status":"closed","template":"elementor_header_footer","meta":{"footnotes":""},"class_list":["post-1762","page","type-page","status-publish","hentry"],"_links":{"self":[{"href":"https:\/\/rocdentalturkey.com\/index.php\/wp-json\/wp\/v2\/pages\/1762","targetHints":{"allow":["GET"]}}],"collection":[{"href":"https:\/\/rocdentalturkey.com\/index.php\/wp-json\/wp\/v2\/pages"}],"about":[{"href":"https:\/\/rocdentalturkey.com\/index.php\/wp-json\/wp\/v2\/types\/page"}],"author":[{"embeddable":true,"href":"https:\/\/rocdentalturkey.com\/index.php\/wp-json\/wp\/v2\/users\/1"}],"replies":[{"embeddable":true,"href":"https:\/\/rocdentalturkey.com\/index.php\/wp-json\/wp\/v2\/comments?post=1762"}],"version-history":[{"count":4,"href":"https:\/\/rocdentalturkey.com\/index.php\/wp-json\/wp\/v2\/pages\/1762\/revisions"}],"predecessor-version":[{"id":2197,"href":"https:\/\/rocdentalturkey.com\/index.php\/wp-json\/wp\/v2\/pages\/1762\/revisions\/2197"}],"wp:attachment":[{"href":"https:\/\/rocdentalturkey.com\/index.php\/wp-json\/wp\/v2\/media?parent=1762"}],"curies":[{"name":"wp","href":"https:\/\/api.w.org\/{rel}","templated":true}]}}