{"id":1760,"date":"2025-03-18T13:46:36","date_gmt":"2025-03-18T13:46:36","guid":{"rendered":"https:\/\/rocdentalturkey.com\/index.php\/inley-ve-onley-restorasyonlari\/"},"modified":"2025-08-27T14:04:34","modified_gmt":"2025-08-27T14:04:34","slug":"inley-ve-onley-restorasyonlari","status":"publish","type":"page","link":"https:\/\/rocdentalturkey.com\/index.php\/inley-ve-onley-restorasyonlari\/?lang=tr","title":{"rendered":"\u0130nley ve Onley Restorasyonlar\u0131"},"content":{"rendered":"<style>.elementor-1760 .elementor-element.elementor-element-79cdbf8 > .elementor-container{max-width:1170px;}.elementor-1760 .elementor-element.elementor-element-79cdbf8:not(.elementor-motion-effects-element-type-background), .elementor-1760 .elementor-element.elementor-element-79cdbf8 > .elementor-motion-effects-container > .elementor-motion-effects-layer{background-color:#000000;background-image:url(\"https:\/\/rocdentalturkey.com\/wp-content\/uploads\/2025\/03\/advice-of-dentist.jpg\");background-position:0px 65%;background-size:cover;}.elementor-1760 .elementor-element.elementor-element-79cdbf8 > .elementor-background-overlay{background-color:#000000;opacity:0.8;transition:background 0.3s, border-radius 0.3s, opacity 0.3s;}.elementor-1760 .elementor-element.elementor-element-79cdbf8{transition:background 0.3s, border 0.3s, border-radius 0.3s, box-shadow 0.3s;margin-top:0px;margin-bottom:0px;padding:140px 0px 140px 0px;}.elementor-1760 .elementor-element.elementor-element-03db280.elementor-column > .elementor-widget-wrap{justify-content:center;}.elementor-1760 .elementor-element.elementor-element-1cbd7cc{text-align:center;}.elementor-1760 .elementor-element.elementor-element-1cbd7cc .elementor-heading-title{font-family:\"Montserrat\", Sans-serif;font-size:32px;font-weight:700;text-transform:uppercase;line-height:1.2em;color:var( --e-global-color-c3e5fb3 );}.elementor-1760 .elementor-element.elementor-element-7adc2ab{--display:flex;--flex-direction:column;--container-widget-width:100%;--container-widget-height:initial;--container-widget-flex-grow:0;--container-widget-align-self:initial;--flex-wrap-mobile:wrap;--margin-top:60px;--margin-bottom:0px;--margin-left:0px;--margin-right:0px;}.elementor-1760 .elementor-element.elementor-element-4729f7d{--e-image-carousel-slides-to-show:4;}.elementor-1760 .elementor-element.elementor-element-4729f7d .elementor-image-carousel-wrapper .elementor-image-carousel .swiper-slide-image{border-radius:10px 10px 10px 10px;}.elementor-1760 .elementor-element.elementor-element-85d231f{--display:flex;--flex-direction:row;--container-widget-width:initial;--container-widget-height:100%;--container-widget-flex-grow:1;--container-widget-align-self:stretch;--flex-wrap-mobile:wrap;--gap:0px 0px;--row-gap:0px;--column-gap:0px;--margin-top:20px;--margin-bottom:0px;--margin-left:0px;--margin-right:0px;}.elementor-1760 .elementor-element.elementor-element-48efdf4{--display:flex;--flex-direction:column;--container-widget-width:100%;--container-widget-height:initial;--container-widget-flex-grow:0;--container-widget-align-self:initial;--flex-wrap-mobile:wrap;}.elementor-1760 .elementor-element.elementor-element-3b80c80 .elementor-heading-title{font-family:\"Montserrat\", Sans-serif;font-size:14px;font-weight:600;text-transform:uppercase;line-height:1em;letter-spacing:1.5px;color:#20BBE4;}.elementor-1760 .elementor-element.elementor-element-61d45bb{text-align:start;}.elementor-1760 .elementor-element.elementor-element-61d45bb .elementor-heading-title{font-family:\"Montserrat\", Sans-serif;font-size:32px;font-weight:700;line-height:1.2em;color:var( --e-global-color-primary );}.elementor-1760 .elementor-element.elementor-element-6ce5412{--display:flex;--flex-direction:column;--container-widget-width:calc( ( 1 - var( --container-widget-flex-grow ) ) * 100% );--container-widget-height:initial;--container-widget-flex-grow:0;--container-widget-align-self:initial;--flex-wrap-mobile:wrap;--align-items:flex-end;}.elementor-1760 .elementor-element.elementor-element-90b9581 .elementor-button{font-family:var( --e-global-typography-9feda6e-font-family ), Sans-serif;font-size:var( --e-global-typography-9feda6e-font-size );font-weight:var( --e-global-typography-9feda6e-font-weight );text-transform:var( --e-global-typography-9feda6e-text-transform );line-height:var( --e-global-typography-9feda6e-line-height );letter-spacing:var( --e-global-typography-9feda6e-letter-spacing );word-spacing:var( --e-global-typography-9feda6e-word-spacing );fill:var( --e-global-color-c3e5fb3 );color:var( --e-global-color-c3e5fb3 );background-color:#20BBE4;border-radius:20px 20px 3px 3px;padding:20px 40px 20px 40px;}.elementor-1760 .elementor-element.elementor-element-90b9581 .elementor-button:hover, .elementor-1760 .elementor-element.elementor-element-90b9581 .elementor-button:focus{color:#20BBE4;background-color:var( --e-global-color-c3e5fb3 );}.elementor-1760 .elementor-element.elementor-element-90b9581 .elementor-button:hover svg, .elementor-1760 .elementor-element.elementor-element-90b9581 .elementor-button:focus svg{fill:#20BBE4;}.elementor-1760 .elementor-element.elementor-element-90b9581 > .elementor-widget-container{margin:20px 0px 0px 0px;}.elementor-1760 .elementor-element.elementor-element-0a93c6b{--display:flex;--flex-direction:column;--container-widget-width:100%;--container-widget-height:initial;--container-widget-flex-grow:0;--container-widget-align-self:initial;--flex-wrap-mobile:wrap;--margin-top:0px;--margin-bottom:50px;--margin-left:0px;--margin-right:0px;}.elementor-1760 .elementor-element.elementor-element-896b085{--divider-border-style:solid;--divider-color:#F7F7F7;--divider-border-width:1px;}.elementor-1760 .elementor-element.elementor-element-896b085 .elementor-divider-separator{width:100%;}.elementor-1760 .elementor-element.elementor-element-896b085 .elementor-divider{padding-block-start:2px;padding-block-end:2px;}.elementor-1760 .elementor-element.elementor-element-7f4c46a{font-family:\"Montserrat\", Sans-serif;font-size:16px;font-weight:400;line-height:1.5em;color:var( --e-global-color-text );}@media(min-width:768px){.elementor-1760 .elementor-element.elementor-element-48efdf4{--width:66.6666%;}.elementor-1760 .elementor-element.elementor-element-6ce5412{--width:33.3333%;}}@media(max-width:1024px){.elementor-1760 .elementor-element.elementor-element-79cdbf8:not(.elementor-motion-effects-element-type-background), .elementor-1760 .elementor-element.elementor-element-79cdbf8 > .elementor-motion-effects-container > .elementor-motion-effects-layer{background-position:0px 0px;}.elementor-1760 .elementor-element.elementor-element-79cdbf8{padding:120px 10px 120px 10px;}.elementor-1760 .elementor-element.elementor-element-90b9581 .elementor-button{font-size:var( --e-global-typography-9feda6e-font-size );line-height:var( --e-global-typography-9feda6e-line-height );letter-spacing:var( --e-global-typography-9feda6e-letter-spacing );word-spacing:var( --e-global-typography-9feda6e-word-spacing );}}@media(max-width:767px){.elementor-1760 .elementor-element.elementor-element-79cdbf8:not(.elementor-motion-effects-element-type-background), .elementor-1760 .elementor-element.elementor-element-79cdbf8 > .elementor-motion-effects-container > .elementor-motion-effects-layer{background-position:0px 0px;}.elementor-1760 .elementor-element.elementor-element-79cdbf8{padding:80px 10px 80px 10px;}.elementor-1760 .elementor-element.elementor-element-1cbd7cc .elementor-heading-title{font-size:24px;}.elementor-1760 .elementor-element.elementor-element-3b80c80 .elementor-heading-title{font-size:14px;}.elementor-1760 .elementor-element.elementor-element-61d45bb .elementor-heading-title{font-size:24px;}.elementor-1760 .elementor-element.elementor-element-90b9581 .elementor-button{font-size:var( --e-global-typography-9feda6e-font-size );line-height:var( --e-global-typography-9feda6e-line-height );letter-spacing:var( --e-global-typography-9feda6e-letter-spacing );word-spacing:var( --e-global-typography-9feda6e-word-spacing );}.elementor-1760 .elementor-element.elementor-element-7f4c46a{font-size:14px;}}<\/style>\t\t<div data-elementor-type=\"wp-page\" data-elementor-id=\"1760\" class=\"elementor elementor-1760 elementor-219\" data-elementor-post-type=\"page\">\n\t\t\t\t\t\t<section class=\"elementor-section elementor-top-section elementor-element elementor-element-79cdbf8 elementor-section-boxed elementor-section-height-default elementor-section-height-default\" data-id=\"79cdbf8\" data-element_type=\"section\" data-e-type=\"section\" data-settings=\"{&quot;background_background&quot;:&quot;classic&quot;}\">\n\t\t\t\t\t\t\t<div class=\"elementor-background-overlay\"><\/div>\n\t\t\t\t\t\t\t<div class=\"elementor-container elementor-column-gap-default\">\n\t\t\t\t\t<div class=\"elementor-column elementor-col-100 elementor-top-column elementor-element elementor-element-03db280\" data-id=\"03db280\" data-element_type=\"column\" data-e-type=\"column\">\n\t\t\t<div class=\"elementor-widget-wrap elementor-element-populated\">\n\t\t\t\t\t\t<div class=\"elementor-element elementor-element-1cbd7cc elementor-widget elementor-widget-heading\" data-id=\"1cbd7cc\" data-element_type=\"widget\" data-e-type=\"widget\" data-widget_type=\"heading.default\">\n\t\t\t\t<div class=\"elementor-widget-container\">\n\t\t\t\t\t<h2 class=\"elementor-heading-title elementor-size-default\">\u0130nley ve Onley Restorasyonlar\u0131<\/h2>\t\t\t\t<\/div>\n\t\t\t\t<\/div>\n\t\t\t\t\t<\/div>\n\t\t<\/div>\n\t\t\t\t\t<\/div>\n\t\t<\/section>\n\t\t<div class=\"elementor-element elementor-element-7adc2ab e-flex e-con-boxed e-con e-parent\" data-id=\"7adc2ab\" data-element_type=\"container\" data-e-type=\"container\">\n\t\t\t\t\t<div class=\"e-con-inner\">\n\t\t\t\t<div class=\"elementor-element elementor-element-4729f7d elementor-arrows-position-inside elementor-widget elementor-widget-image-carousel\" data-id=\"4729f7d\" data-element_type=\"widget\" data-e-type=\"widget\" data-settings=\"{&quot;slides_to_show&quot;:&quot;4&quot;,&quot;navigation&quot;:&quot;arrows&quot;,&quot;image_spacing_custom&quot;:{&quot;unit&quot;:&quot;px&quot;,&quot;size&quot;:10,&quot;sizes&quot;:[]},&quot;autoplay&quot;:&quot;yes&quot;,&quot;pause_on_hover&quot;:&quot;yes&quot;,&quot;pause_on_interaction&quot;:&quot;yes&quot;,&quot;autoplay_speed&quot;:5000,&quot;speed&quot;:500,&quot;image_spacing_custom_tablet&quot;:{&quot;unit&quot;:&quot;px&quot;,&quot;size&quot;:&quot;&quot;,&quot;sizes&quot;:[]},&quot;image_spacing_custom_mobile&quot;:{&quot;unit&quot;:&quot;px&quot;,&quot;size&quot;:&quot;&quot;,&quot;sizes&quot;:[]}}\" data-widget_type=\"image-carousel.default\">\n\t\t\t\t<div class=\"elementor-widget-container\">\n\t\t\t\t\t\t\t<div class=\"elementor-image-carousel-wrapper swiper\" role=\"region\" aria-roledescription=\"carousel\" aria-label=\"Image Carousel\" dir=\"ltr\">\n\t\t\t<div class=\"elementor-image-carousel swiper-wrapper\" aria-live=\"off\">\n\t\t\t\t\t\t\t\t<div class=\"swiper-slide\" role=\"group\" aria-roledescription=\"slide\" aria-label=\"1 \/ 2\"><a data-elementor-open-lightbox=\"yes\" data-elementor-lightbox-slideshow=\"4729f7d\" data-elementor-lightbox-title=\"inley\" data-e-action-hash=\"#elementor-action%3Aaction%3Dlightbox%26settings%3DeyJpZCI6MTU0MCwidXJsIjoiaHR0cHM6XC9cL3JvY2RlbnRhbHR1cmtleS5jb21cL3dwLWNvbnRlbnRcL3VwbG9hZHNcLzIwMjVcLzA1XC9pbmxleS5wbmciLCJzbGlkZXNob3ciOiI0NzI5ZjdkIn0%3D\" href=\"https:\/\/rocdentalturkey.com\/wp-content\/uploads\/2025\/05\/inley.png\"><figure class=\"swiper-slide-inner\"><img decoding=\"async\" class=\"swiper-slide-image\" src=\"https:\/\/rocdentalturkey.com\/wp-content\/uploads\/elementor\/thumbs\/inley-r6f5xb0npuc6sw69itrdmow8pn59rsw5cvbbr97cq4.png\" alt=\"inley\" \/><\/figure><\/a><\/div><div class=\"swiper-slide\" role=\"group\" aria-roledescription=\"slide\" aria-label=\"2 \/ 2\"><a data-elementor-open-lightbox=\"yes\" data-elementor-lightbox-slideshow=\"4729f7d\" data-elementor-lightbox-title=\"onlay\" data-e-action-hash=\"#elementor-action%3Aaction%3Dlightbox%26settings%3DeyJpZCI6MTU0NCwidXJsIjoiaHR0cHM6XC9cL3JvY2RlbnRhbHR1cmtleS5jb21cL3dwLWNvbnRlbnRcL3VwbG9hZHNcLzIwMjVcLzA1XC9vbmxheS5wbmciLCJzbGlkZXNob3ciOiI0NzI5ZjdkIn0%3D\" href=\"https:\/\/rocdentalturkey.com\/wp-content\/uploads\/2025\/05\/onlay.png\"><figure class=\"swiper-slide-inner\"><img decoding=\"async\" class=\"swiper-slide-image\" src=\"https:\/\/rocdentalturkey.com\/wp-content\/uploads\/elementor\/thumbs\/onlay-r6f5xbyhwodh4i4wdc6076npb10mzhzvozyt8j5yjw.png\" alt=\"onlay\" \/><\/figure><\/a><\/div>\t\t\t<\/div>\n\t\t\t\t\t\t\t\t\t\t\t\t<div class=\"elementor-swiper-button elementor-swiper-button-prev\" role=\"button\" tabindex=\"0\">\n\t\t\t\t\t\t<svg aria-hidden=\"true\" class=\"e-font-icon-svg e-eicon-chevron-left\" viewBox=\"0 0 1000 1000\" xmlns=\"http:\/\/www.w3.org\/2000\/svg\"><path d=\"M646 125C629 125 613 133 604 142L308 442C296 454 292 471 292 487 292 504 296 521 308 533L604 854C617 867 629 875 646 875 663 875 679 871 692 858 704 846 713 829 713 812 713 796 708 779 692 767L438 487 692 225C700 217 708 204 708 187 708 171 704 154 692 142 675 129 663 125 646 125Z\"><\/path><\/svg>\t\t\t\t\t<\/div>\n\t\t\t\t\t<div class=\"elementor-swiper-button elementor-swiper-button-next\" role=\"button\" tabindex=\"0\">\n\t\t\t\t\t\t<svg aria-hidden=\"true\" class=\"e-font-icon-svg e-eicon-chevron-right\" viewBox=\"0 0 1000 1000\" xmlns=\"http:\/\/www.w3.org\/2000\/svg\"><path d=\"M696 533C708 521 713 504 713 487 713 471 708 454 696 446L400 146C388 133 375 125 354 125 338 125 325 129 313 142 300 154 292 171 292 187 292 204 296 221 308 233L563 492 304 771C292 783 288 800 288 817 288 833 296 850 308 863 321 871 338 875 354 875 371 875 388 867 400 854L696 533Z\"><\/path><\/svg>\t\t\t\t\t<\/div>\n\t\t\t\t\n\t\t\t\t\t\t\t\t\t<\/div>\n\t\t\t\t\t\t<\/div>\n\t\t\t\t<\/div>\n\t\t\t\t\t<\/div>\n\t\t\t\t<\/div>\n\t\t<div class=\"elementor-element elementor-element-85d231f e-flex e-con-boxed e-con e-parent\" data-id=\"85d231f\" data-element_type=\"container\" data-e-type=\"container\">\n\t\t\t\t\t<div class=\"e-con-inner\">\n\t\t<div class=\"elementor-element elementor-element-48efdf4 e-con-full e-flex e-con e-child\" data-id=\"48efdf4\" data-element_type=\"container\" data-e-type=\"container\">\n\t\t\t\t<div class=\"elementor-element elementor-element-3b80c80 animated-slow elementor-invisible elementor-widget elementor-widget-heading\" data-id=\"3b80c80\" data-element_type=\"widget\" data-e-type=\"widget\" data-settings=\"{&quot;_animation&quot;:&quot;fadeInRight&quot;}\" data-widget_type=\"heading.default\">\n\t\t\t\t<div class=\"elementor-widget-container\">\n\t\t\t\t\t<h5 class=\"elementor-heading-title elementor-size-default\">roc cl\u0131n\u0131c<\/h5>\t\t\t\t<\/div>\n\t\t\t\t<\/div>\n\t\t\t\t<div class=\"elementor-element elementor-element-61d45bb elementor-widget elementor-widget-heading\" data-id=\"61d45bb\" data-element_type=\"widget\" data-e-type=\"widget\" data-widget_type=\"heading.default\">\n\t\t\t\t<div class=\"elementor-widget-container\">\n\t\t\t\t\t<h2 class=\"elementor-heading-title elementor-size-default\">\u0130nley ve Onley Restorasyonlar\u0131<\/h2>\t\t\t\t<\/div>\n\t\t\t\t<\/div>\n\t\t\t\t<\/div>\n\t\t<div class=\"elementor-element elementor-element-6ce5412 e-con-full e-flex e-con e-child\" data-id=\"6ce5412\" data-element_type=\"container\" data-e-type=\"container\">\n\t\t\t\t<div class=\"elementor-element elementor-element-90b9581 elementor-align-center elementor-widget elementor-widget-button\" data-id=\"90b9581\" data-element_type=\"widget\" data-e-type=\"widget\" data-widget_type=\"button.default\">\n\t\t\t\t<div class=\"elementor-widget-container\">\n\t\t\t\t\t\t\t\t\t<div class=\"elementor-button-wrapper\">\n\t\t\t\t\t<a class=\"elementor-button elementor-button-link elementor-size-sm elementor-animation-float\" href=\"https:\/\/rocdentalturkey.com\/index.php\/contact-us\/\">\n\t\t\t\t\t\t<span class=\"elementor-button-content-wrapper\">\n\t\t\t\t\t\t\t\t\t<span class=\"elementor-button-text\">Bize Ula\u015f\u0131n<\/span>\n\t\t\t\t\t<\/span>\n\t\t\t\t\t<\/a>\n\t\t\t\t<\/div>\n\t\t\t\t\t\t\t\t<\/div>\n\t\t\t\t<\/div>\n\t\t\t\t<\/div>\n\t\t\t\t\t<\/div>\n\t\t\t\t<\/div>\n\t\t<div class=\"elementor-element elementor-element-0a93c6b e-flex e-con-boxed e-con e-parent\" data-id=\"0a93c6b\" data-element_type=\"container\" data-e-type=\"container\">\n\t\t\t\t\t<div class=\"e-con-inner\">\n\t\t\t\t<div class=\"elementor-element elementor-element-896b085 elementor-widget-divider--view-line elementor-widget elementor-widget-divider\" data-id=\"896b085\" data-element_type=\"widget\" data-e-type=\"widget\" data-widget_type=\"divider.default\">\n\t\t\t\t<div class=\"elementor-widget-container\">\n\t\t\t\t\t\t\t<div class=\"elementor-divider\">\n\t\t\t<span class=\"elementor-divider-separator\">\n\t\t\t\t\t\t<\/span>\n\t\t<\/div>\n\t\t\t\t\t\t<\/div>\n\t\t\t\t<\/div>\n\t\t\t\t<div class=\"elementor-element elementor-element-7f4c46a elementor-widget elementor-widget-text-editor\" data-id=\"7f4c46a\" data-element_type=\"widget\" data-e-type=\"widget\" data-widget_type=\"text-editor.default\">\n\t\t\t\t<div class=\"elementor-widget-container\">\n\t\t\t\t\t\t\t\t\t<p data-start=\"73\" data-end=\"478\">Di\u015finiz normal bir dolgu i\u00e7in \u00e7ok hasarl\u0131ysa ancak tam bir kuron gerektirmiyorsa, <strong data-start=\"157\" data-end=\"187\">\u0130nley ve Onley Restorasyonlar\u0131<\/strong> m\u00fckemmel <strong data-start=\"206\" data-end=\"245\">uzun \u00f6m\u00fcrl\u00fc ve minimal invaziv<\/strong> bir \u00e7\u00f6z\u00fcm sunar. <strong data-start=\"259\" data-end=\"281\">ROC Clinic Antalya<\/strong>&#8216;da, m\u00fcmk\u00fcn oldu\u011funca do\u011fal di\u015f yap\u0131n\u0131z\u0131 koruyarak hasarl\u0131 di\u015flerin <strong data-start=\"351\" data-end=\"389\">g\u00fcc\u00fcn\u00fc, i\u015flevini ve esteti\u011fini<\/strong> geri kazand\u0131ran <strong data-start=\"300\" data-end=\"333\">\u00f6zel yap\u0131m inley ve onleyler<\/strong> konusunda uzmanla\u015f\u0131yoruz.<\/p><h4 data-start=\"480\" data-end=\"527\"><strong data-start=\"485\" data-end=\"525\">\u0130nley ve Onleyler Nedir<\/strong> Onlay Restorasyonlar?<\/h4><ul data-start=\"528\" data-end=\"750\"><li data-start=\"528\" data-end=\"633\"><strong data-start=\"530\" data-end=\"540\">\u0130nleyler<\/strong> \u2013 Di\u015fin oluklar\u0131ndaki hasar\u0131 onarmak i\u00e7in kullan\u0131l\u0131r (t\u00fcberk\u00fclleri etkilemeden).<\/li><li data-start=\"634\" data-end=\"750\"><strong data-start=\"636\" data-end=\"646\">Onleyler<\/strong> \u2013 <strong data-start=\"663\" data-end=\"681\">K\u0131smi kronlar<\/strong> olarak da bilinirler, ek destek sa\u011flamak i\u00e7in bir veya daha fazla t\u00fcberk\u00fcl\u00fcn \u00fczerine uzan\u0131rlar.<\/li><\/ul><p data-start=\"752\" data-end=\"937\">Geleneksel dolgular\u0131n aksine, <strong data-start=\"781\" data-end=\"862\">inleyler ve onleyler y\u00fcksek kaliteli porselen, kompozit veya alt\u0131ndan \u00fcretilir<\/strong> ve <strong data-start=\"875\" data-end=\"922\">daha g\u00fc\u00e7l\u00fc, daha dayan\u0131kl\u0131 ve do\u011fal g\u00f6r\u00fcn\u00fcml\u00fc<\/strong> bir restorasyon garanti edilir.<\/p><h4 data-start=\"939\" data-end=\"988\"><strong data-start=\"944\" data-end=\"986\">\u0130nley ve Onley Restorasyonlar\u0131n\u0131n Faydalar\u0131<\/strong><\/h4><p data-start=\"989\" data-end=\"1572\">\u2714 <strong data-start=\"991\" data-end=\"1034\">Daha G\u00fc\u00e7l\u00fc ve Dolgulardan Daha Uzun \u00d6m\u00fcrl\u00fcd\u00fcr<\/strong> \u2013 K\u0131r\u0131lmalara ve a\u015f\u0131nmaya kar\u015f\u0131 daha diren\u00e7lidir.<br data-start=\"1074\" data-end=\"1077\" \/>\u2714 <strong data-start=\"1079\" data-end=\"1101\">Do\u011fal G\u00f6r\u00fcn\u00fcm<\/strong> \u2013 Do\u011fal di\u015flerin <strong data-start=\"1116\" data-end=\"1142\">rengi ve yar\u0131 saydaml\u0131\u011f\u0131<\/strong> ile e\u015fle\u015fir.<br data-start=\"1160\" data-end=\"1163\" \/>\u2714 <strong data-start=\"1165\" data-end=\"1207\">Daha Fazla Do\u011fal Di\u015f Yap\u0131s\u0131n\u0131 Korur<\/strong> \u2013 Kronlar\u0131n aksine, yaln\u0131zca <strong data-start=\"1234\" data-end=\"1265\">hasarl\u0131 k\u0131s\u0131m de\u011fi\u015ftirilir<\/strong>.<br data-start=\"1266\" data-end=\"1269\" \/>\u2714 <strong data-start=\"1271\" data-end=\"1286\">M\u00fckemmel Uyum<\/strong> \u2013 Kusursuz bir sonu\u00e7 i\u00e7in <strong data-start=\"1311\" data-end=\"1343\" data-is-only-node=\"\">geli\u015fmi\u015f dijital \u00f6l\u00e7\u00fcler<\/strong> kullan\u0131larak \u00f6zel olarak tasarlanm\u0131\u015ft\u0131r.<br data-start=\"1366\" data-end=\"1369\" \/>\u2714 <strong data-start=\"1371\" data-end=\"1408\">Daha Fazla \u00c7\u00fcr\u00fcmeyi ve Zay\u0131fl\u0131\u011f\u0131 \u00d6nler<\/strong> \u2013 Geleneksel dolgulara g\u00f6re <strong data-start=\"1420\" data-end=\"1455\">daha iyi koruma ve stabilite<\/strong> sa\u011flar.<br data-start=\"1482\" data-end=\"1485\" \/>\u2714 <strong data-start=\"1487\" data-end=\"1519\">Lekelenmeye ve A\u015f\u0131nma<\/strong> \u2013 G\u00f6r\u00fcn\u00fcm\u00fcn\u00fc ve dayan\u0131kl\u0131l\u0131\u011f\u0131n\u0131 y\u0131llarca korur.<\/p><h4 data-start=\"1574\" data-end=\"1615\"><strong data-start=\"1579\" data-end=\"1613\">Neden ROC Clinic Antalya&#8217;y\u0131 Se\u00e7melisiniz?<\/strong><\/h4><p data-start=\"1616\" data-end=\"1906\"><strong data-start=\"1619\" data-end=\"1641\">ROC Clinic Antalya<\/strong>&#8216;da, <strong data-start=\"1650\" data-end=\"1716\">son teknoloji di\u015f teknolojisini ve hassas i\u015f\u00e7ili\u011fi<\/strong> kullanarak <strong data-start=\"1727\" data-end=\"1766\">m\u00fckemmel uyumlu inley ve onleyler<\/strong> yarat\u0131yoruz. Uluslararas\u0131 e\u011fitimli uzmanlar\u0131m\u0131z, her restorasyonun <strong data-start=\"1840\" data-end=\"1903\">optimum konfor, estetik ve dayan\u0131kl\u0131l\u0131k i\u00e7in \u00f6zel olarak yap\u0131lmas\u0131n\u0131<\/strong> sa\u011flar.<\/p><p data-start=\"1908\" data-end=\"2105\">Y\u00fcksek kaliteli restorasyonlar i\u00e7in a\u015f\u0131r\u0131 \u00fccret alan bir\u00e7ok poliklini\u011fin aksine, <strong data-start=\"1990\" data-end=\"2050\">uygun bir fiyata birinci s\u0131n\u0131f kalitede inley ve onleyler<\/strong> sa\u011flayarak herkesin birinci s\u0131n\u0131f di\u015f bak\u0131m\u0131na eri\u015febilmesini sa\u011fl\u0131yoruz.<\/p><h4 data-start=\"2107\" data-end=\"2160\"><strong data-start=\"2112\" data-end=\"2158\">Di\u015flerinizi G\u00fc\u00e7 ve Dayan\u0131kl\u0131l\u0131kla Onar\u0131n<\/strong> G\u00fczellik!<\/h4><p data-start=\"2161\" data-end=\"2440\" data-is-last-node=\"\" data-is-only-node=\"\">Hasarl\u0131 veya \u00e7\u00fcr\u00fcm\u00fc\u015f bir di\u015finiz varsa ve <strong data-start=\"2175\" data-end=\"2203\">normal bir dolgudan daha g\u00fc\u00e7l\u00fc ve daha estetik bir \u00e7\u00f6z\u00fcme<\/strong> ihtiya\u00e7 duyuyorsa, <strong data-start=\"2215\" data-end=\"2280\">ROC Clinic Antalya&#8217;daki \u0130nley ve Onley Restorasyonlar\u0131m\u0131z<\/strong> m\u00fckemmel bir se\u00e7imdir. <strong data-start=\"2363\" data-end=\"2440\" data-is-last-node=\"\">Bug\u00fcn kons\u00fcltasyonunuzu ay\u0131rt\u0131n ve daha sa\u011fl\u0131kl\u0131, daha g\u00fczel bir g\u00fcl\u00fcmsemenin tad\u0131n\u0131 \u00e7\u0131kar\u0131n!<\/strong><\/p>\t\t\t\t\t\t\t\t<\/div>\n\t\t\t\t<\/div>\n\t\t\t\t\t<\/div>\n\t\t\t\t<\/div>\n\t\t\t\t<\/div>\n\t\t","protected":false},"excerpt":{"rendered":"<p>\u0130nley ve Onley Restorasyonlar\u0131 roc cl\u0131n\u0131c \u0130nley ve Onley Restorasyonlar\u0131 Bize Ula\u015f\u0131n Di\u015finiz normal bir dolgu i\u00e7in \u00e7ok hasarl\u0131ysa ancak tam bir kuron gerektirmiyorsa, \u0130nley ve Onley Restorasyonlar\u0131 m\u00fckemmel uzun \u00f6m\u00fcrl\u00fc ve minimal invaziv bir \u00e7\u00f6z\u00fcm sunar. ROC Clinic Antalya&#8216;da, m\u00fcmk\u00fcn oldu\u011funca do\u011fal di\u015f yap\u0131n\u0131z\u0131 koruyarak hasarl\u0131 di\u015flerin g\u00fcc\u00fcn\u00fc, i\u015flevini ve esteti\u011fini geri kazand\u0131ran \u00f6zel [&hellip;]<\/p>\n","protected":false},"author":1,"featured_media":0,"parent":0,"menu_order":0,"comment_status":"closed","ping_status":"closed","template":"elementor_header_footer","meta":{"footnotes":""},"class_list":["post-1760","page","type-page","status-publish","hentry"],"_links":{"self":[{"href":"https:\/\/rocdentalturkey.com\/index.php\/wp-json\/wp\/v2\/pages\/1760","targetHints":{"allow":["GET"]}}],"collection":[{"href":"https:\/\/rocdentalturkey.com\/index.php\/wp-json\/wp\/v2\/pages"}],"about":[{"href":"https:\/\/rocdentalturkey.com\/index.php\/wp-json\/wp\/v2\/types\/page"}],"author":[{"embeddable":true,"href":"https:\/\/rocdentalturkey.com\/index.php\/wp-json\/wp\/v2\/users\/1"}],"replies":[{"embeddable":true,"href":"https:\/\/rocdentalturkey.com\/index.php\/wp-json\/wp\/v2\/comments?post=1760"}],"version-history":[{"count":4,"href":"https:\/\/rocdentalturkey.com\/index.php\/wp-json\/wp\/v2\/pages\/1760\/revisions"}],"predecessor-version":[{"id":2194,"href":"https:\/\/rocdentalturkey.com\/index.php\/wp-json\/wp\/v2\/pages\/1760\/revisions\/2194"}],"wp:attachment":[{"href":"https:\/\/rocdentalturkey.com\/index.php\/wp-json\/wp\/v2\/media?parent=1760"}],"curies":[{"name":"wp","href":"https:\/\/api.w.org\/{rel}","templated":true}]}}