{"id":1750,"date":"2025-05-27T09:52:36","date_gmt":"2025-05-27T09:52:36","guid":{"rendered":"https:\/\/rocdentalturkey.com\/index.php\/emax-kronlari\/"},"modified":"2025-08-27T14:02:50","modified_gmt":"2025-08-27T14:02:50","slug":"emax-kronlari","status":"publish","type":"page","link":"https:\/\/rocdentalturkey.com\/index.php\/emax-kronlari\/?lang=tr","title":{"rendered":"Emax kronlar\u0131"},"content":{"rendered":"<style>.elementor-1750 .elementor-element.elementor-element-79cdbf8 > .elementor-container{max-width:1170px;}.elementor-1750 .elementor-element.elementor-element-79cdbf8:not(.elementor-motion-effects-element-type-background), .elementor-1750 .elementor-element.elementor-element-79cdbf8 > .elementor-motion-effects-container > .elementor-motion-effects-layer{background-color:#000000;background-image:url(\"https:\/\/rocdentalturkey.com\/wp-content\/uploads\/2025\/03\/advice-of-dentist.jpg\");background-position:0px 65%;background-size:cover;}.elementor-1750 .elementor-element.elementor-element-79cdbf8 > .elementor-background-overlay{background-color:#000000;opacity:0.8;transition:background 0.3s, border-radius 0.3s, opacity 0.3s;}.elementor-1750 .elementor-element.elementor-element-79cdbf8{transition:background 0.3s, border 0.3s, border-radius 0.3s, box-shadow 0.3s;margin-top:0px;margin-bottom:0px;padding:140px 0px 140px 0px;}.elementor-1750 .elementor-element.elementor-element-03db280.elementor-column > .elementor-widget-wrap{justify-content:center;}.elementor-1750 .elementor-element.elementor-element-1cbd7cc{text-align:center;}.elementor-1750 .elementor-element.elementor-element-1cbd7cc .elementor-heading-title{font-family:\"Montserrat\", Sans-serif;font-size:32px;font-weight:700;text-transform:uppercase;line-height:1.2em;color:var( --e-global-color-c3e5fb3 );}.elementor-1750 .elementor-element.elementor-element-7adc2ab{--display:flex;--flex-direction:column;--container-widget-width:100%;--container-widget-height:initial;--container-widget-flex-grow:0;--container-widget-align-self:initial;--flex-wrap-mobile:wrap;--margin-top:60px;--margin-bottom:0px;--margin-left:0px;--margin-right:0px;}.elementor-1750 .elementor-element.elementor-element-3e74c87{--e-image-carousel-slides-to-show:4;}.elementor-1750 .elementor-element.elementor-element-3e74c87 .elementor-image-carousel-wrapper .elementor-image-carousel .swiper-slide-image{border-radius:10px 10px 10px 10px;}.elementor-1750 .elementor-element.elementor-element-85d231f{--display:flex;--flex-direction:row;--container-widget-width:initial;--container-widget-height:100%;--container-widget-flex-grow:1;--container-widget-align-self:stretch;--flex-wrap-mobile:wrap;--gap:0px 0px;--row-gap:0px;--column-gap:0px;--margin-top:20px;--margin-bottom:0px;--margin-left:0px;--margin-right:0px;}.elementor-1750 .elementor-element.elementor-element-48efdf4{--display:flex;--flex-direction:column;--container-widget-width:100%;--container-widget-height:initial;--container-widget-flex-grow:0;--container-widget-align-self:initial;--flex-wrap-mobile:wrap;}.elementor-1750 .elementor-element.elementor-element-3b80c80 .elementor-heading-title{font-family:\"Montserrat\", Sans-serif;font-size:14px;font-weight:600;text-transform:uppercase;line-height:1em;letter-spacing:1.5px;color:#20BBE4;}.elementor-1750 .elementor-element.elementor-element-61d45bb{text-align:start;}.elementor-1750 .elementor-element.elementor-element-61d45bb .elementor-heading-title{font-family:\"Montserrat\", Sans-serif;font-size:32px;font-weight:700;line-height:1.2em;color:var( --e-global-color-primary );}.elementor-1750 .elementor-element.elementor-element-6ce5412{--display:flex;--flex-direction:column;--container-widget-width:calc( ( 1 - var( --container-widget-flex-grow ) ) * 100% );--container-widget-height:initial;--container-widget-flex-grow:0;--container-widget-align-self:initial;--flex-wrap-mobile:wrap;--align-items:flex-end;}.elementor-1750 .elementor-element.elementor-element-90b9581 .elementor-button{font-family:var( --e-global-typography-9feda6e-font-family ), Sans-serif;font-size:var( --e-global-typography-9feda6e-font-size );font-weight:var( --e-global-typography-9feda6e-font-weight );text-transform:var( --e-global-typography-9feda6e-text-transform );line-height:var( --e-global-typography-9feda6e-line-height );letter-spacing:var( --e-global-typography-9feda6e-letter-spacing );word-spacing:var( --e-global-typography-9feda6e-word-spacing );fill:var( --e-global-color-c3e5fb3 );color:var( --e-global-color-c3e5fb3 );background-color:#20BBE4;border-radius:20px 20px 3px 3px;padding:20px 40px 20px 40px;}.elementor-1750 .elementor-element.elementor-element-90b9581 .elementor-button:hover, .elementor-1750 .elementor-element.elementor-element-90b9581 .elementor-button:focus{color:#20BBE4;background-color:var( --e-global-color-c3e5fb3 );}.elementor-1750 .elementor-element.elementor-element-90b9581 .elementor-button:hover svg, .elementor-1750 .elementor-element.elementor-element-90b9581 .elementor-button:focus svg{fill:#20BBE4;}.elementor-1750 .elementor-element.elementor-element-90b9581 > .elementor-widget-container{margin:20px 0px 0px 0px;}.elementor-1750 .elementor-element.elementor-element-0a93c6b{--display:flex;--flex-direction:column;--container-widget-width:100%;--container-widget-height:initial;--container-widget-flex-grow:0;--container-widget-align-self:initial;--flex-wrap-mobile:wrap;--margin-top:0px;--margin-bottom:50px;--margin-left:0px;--margin-right:0px;}.elementor-1750 .elementor-element.elementor-element-896b085{--divider-border-style:solid;--divider-color:#F7F7F7;--divider-border-width:1px;}.elementor-1750 .elementor-element.elementor-element-896b085 .elementor-divider-separator{width:100%;}.elementor-1750 .elementor-element.elementor-element-896b085 .elementor-divider{padding-block-start:2px;padding-block-end:2px;}.elementor-1750 .elementor-element.elementor-element-7f4c46a{font-family:\"Montserrat\", Sans-serif;font-size:16px;font-weight:400;line-height:1.5em;color:var( --e-global-color-text );}@media(min-width:768px){.elementor-1750 .elementor-element.elementor-element-48efdf4{--width:66.6666%;}.elementor-1750 .elementor-element.elementor-element-6ce5412{--width:33.3333%;}}@media(max-width:1024px){.elementor-1750 .elementor-element.elementor-element-79cdbf8:not(.elementor-motion-effects-element-type-background), .elementor-1750 .elementor-element.elementor-element-79cdbf8 > .elementor-motion-effects-container > .elementor-motion-effects-layer{background-position:0px 0px;}.elementor-1750 .elementor-element.elementor-element-79cdbf8{padding:120px 10px 120px 10px;}.elementor-1750 .elementor-element.elementor-element-90b9581 .elementor-button{font-size:var( --e-global-typography-9feda6e-font-size );line-height:var( --e-global-typography-9feda6e-line-height );letter-spacing:var( --e-global-typography-9feda6e-letter-spacing );word-spacing:var( --e-global-typography-9feda6e-word-spacing );}}@media(max-width:767px){.elementor-1750 .elementor-element.elementor-element-79cdbf8:not(.elementor-motion-effects-element-type-background), .elementor-1750 .elementor-element.elementor-element-79cdbf8 > .elementor-motion-effects-container > .elementor-motion-effects-layer{background-position:0px 0px;}.elementor-1750 .elementor-element.elementor-element-79cdbf8{padding:80px 10px 80px 10px;}.elementor-1750 .elementor-element.elementor-element-1cbd7cc .elementor-heading-title{font-size:24px;}.elementor-1750 .elementor-element.elementor-element-3b80c80 .elementor-heading-title{font-size:14px;}.elementor-1750 .elementor-element.elementor-element-61d45bb .elementor-heading-title{font-size:24px;}.elementor-1750 .elementor-element.elementor-element-90b9581 .elementor-button{font-size:var( --e-global-typography-9feda6e-font-size );line-height:var( --e-global-typography-9feda6e-line-height );letter-spacing:var( --e-global-typography-9feda6e-letter-spacing );word-spacing:var( --e-global-typography-9feda6e-word-spacing );}.elementor-1750 .elementor-element.elementor-element-7f4c46a{font-size:14px;}}<\/style>\t\t<div data-elementor-type=\"wp-page\" data-elementor-id=\"1750\" class=\"elementor elementor-1750 elementor-711\" data-elementor-post-type=\"page\">\n\t\t\t\t\t\t<section class=\"elementor-section elementor-top-section elementor-element elementor-element-79cdbf8 elementor-section-boxed elementor-section-height-default elementor-section-height-default\" data-id=\"79cdbf8\" data-element_type=\"section\" data-e-type=\"section\" data-settings=\"{&quot;background_background&quot;:&quot;classic&quot;}\">\n\t\t\t\t\t\t\t<div class=\"elementor-background-overlay\"><\/div>\n\t\t\t\t\t\t\t<div class=\"elementor-container elementor-column-gap-default\">\n\t\t\t\t\t<div class=\"elementor-column elementor-col-100 elementor-top-column elementor-element elementor-element-03db280\" data-id=\"03db280\" data-element_type=\"column\" data-e-type=\"column\">\n\t\t\t<div class=\"elementor-widget-wrap elementor-element-populated\">\n\t\t\t\t\t\t<div class=\"elementor-element elementor-element-1cbd7cc elementor-widget elementor-widget-heading\" data-id=\"1cbd7cc\" data-element_type=\"widget\" data-e-type=\"widget\" data-widget_type=\"heading.default\">\n\t\t\t\t<div class=\"elementor-widget-container\">\n\t\t\t\t\t<h2 class=\"elementor-heading-title elementor-size-default\">Emax kronlar\u0131<\/h2>\t\t\t\t<\/div>\n\t\t\t\t<\/div>\n\t\t\t\t\t<\/div>\n\t\t<\/div>\n\t\t\t\t\t<\/div>\n\t\t<\/section>\n\t\t<div class=\"elementor-element elementor-element-7adc2ab e-flex e-con-boxed e-con e-parent\" data-id=\"7adc2ab\" data-element_type=\"container\" data-e-type=\"container\">\n\t\t\t\t\t<div class=\"e-con-inner\">\n\t\t\t\t<div class=\"elementor-element elementor-element-3e74c87 elementor-arrows-position-inside elementor-widget elementor-widget-image-carousel\" data-id=\"3e74c87\" data-element_type=\"widget\" data-e-type=\"widget\" data-settings=\"{&quot;slides_to_show&quot;:&quot;4&quot;,&quot;navigation&quot;:&quot;arrows&quot;,&quot;image_spacing_custom&quot;:{&quot;unit&quot;:&quot;px&quot;,&quot;size&quot;:10,&quot;sizes&quot;:[]},&quot;autoplay&quot;:&quot;yes&quot;,&quot;pause_on_hover&quot;:&quot;yes&quot;,&quot;pause_on_interaction&quot;:&quot;yes&quot;,&quot;autoplay_speed&quot;:5000,&quot;speed&quot;:500,&quot;image_spacing_custom_tablet&quot;:{&quot;unit&quot;:&quot;px&quot;,&quot;size&quot;:&quot;&quot;,&quot;sizes&quot;:[]},&quot;image_spacing_custom_mobile&quot;:{&quot;unit&quot;:&quot;px&quot;,&quot;size&quot;:&quot;&quot;,&quot;sizes&quot;:[]}}\" data-widget_type=\"image-carousel.default\">\n\t\t\t\t<div class=\"elementor-widget-container\">\n\t\t\t\t\t\t\t<div class=\"elementor-image-carousel-wrapper swiper\" role=\"region\" aria-roledescription=\"carousel\" aria-label=\"Image Carousel\" dir=\"ltr\">\n\t\t\t<div class=\"elementor-image-carousel swiper-wrapper\" aria-live=\"off\">\n\t\t\t\t\t\t\t\t<div class=\"swiper-slide\" role=\"group\" aria-roledescription=\"slide\" aria-label=\"1 \/ 2\"><a data-elementor-open-lightbox=\"yes\" data-elementor-lightbox-slideshow=\"3e74c87\" data-elementor-lightbox-title=\"emax crown \u00f6n di\u015f\" data-e-action-hash=\"#elementor-action%3Aaction%3Dlightbox%26settings%3DeyJpZCI6MTUwOCwidXJsIjoiaHR0cHM6XC9cL3JvY2RlbnRhbHR1cmtleS5jb21cL3dwLWNvbnRlbnRcL3VwbG9hZHNcLzIwMjVcLzA1XC9lbWF4LWNyb3duLW9uLWRpcy5qcGciLCJzbGlkZXNob3ciOiIzZTc0Yzg3In0%3D\" href=\"https:\/\/rocdentalturkey.com\/wp-content\/uploads\/2025\/05\/emax-crown-on-dis.jpg\"><figure class=\"swiper-slide-inner\"><img decoding=\"async\" class=\"swiper-slide-image\" src=\"https:\/\/rocdentalturkey.com\/wp-content\/uploads\/elementor\/thumbs\/emax-crown-on-dis-r6f5n79313psdsox41nl7nuhs6qld6kb3298vrphl0.jpg\" alt=\"emax crown \u00f6n di\u015f\" \/><\/figure><\/a><\/div><div class=\"swiper-slide\" role=\"group\" aria-roledescription=\"slide\" aria-label=\"2 \/ 2\"><a data-elementor-open-lightbox=\"yes\" data-elementor-lightbox-slideshow=\"3e74c87\" data-elementor-lightbox-title=\"emax crown\" data-e-action-hash=\"#elementor-action%3Aaction%3Dlightbox%26settings%3DeyJpZCI6MTUxMiwidXJsIjoiaHR0cHM6XC9cL3JvY2RlbnRhbHR1cmtleS5jb21cL3dwLWNvbnRlbnRcL3VwbG9hZHNcLzIwMjVcLzA1XC9lbWF4LWNyb3duLmpwZyIsInNsaWRlc2hvdyI6IjNlNzRjODcifQ%3D%3D\" href=\"https:\/\/rocdentalturkey.com\/wp-content\/uploads\/2025\/05\/emax-crown.jpg\"><figure class=\"swiper-slide-inner\"><img decoding=\"async\" class=\"swiper-slide-image\" src=\"https:\/\/rocdentalturkey.com\/wp-content\/uploads\/elementor\/thumbs\/emax-crown-r6f5n79313psdsox41nl7nuhs6qld6kb3298vrphl0.jpg\" alt=\"emax crown\" \/><\/figure><\/a><\/div>\t\t\t<\/div>\n\t\t\t\t\t\t\t\t\t\t\t\t<div class=\"elementor-swiper-button elementor-swiper-button-prev\" role=\"button\" tabindex=\"0\">\n\t\t\t\t\t\t<svg aria-hidden=\"true\" class=\"e-font-icon-svg e-eicon-chevron-left\" viewBox=\"0 0 1000 1000\" xmlns=\"http:\/\/www.w3.org\/2000\/svg\"><path d=\"M646 125C629 125 613 133 604 142L308 442C296 454 292 471 292 487 292 504 296 521 308 533L604 854C617 867 629 875 646 875 663 875 679 871 692 858 704 846 713 829 713 812 713 796 708 779 692 767L438 487 692 225C700 217 708 204 708 187 708 171 704 154 692 142 675 129 663 125 646 125Z\"><\/path><\/svg>\t\t\t\t\t<\/div>\n\t\t\t\t\t<div class=\"elementor-swiper-button elementor-swiper-button-next\" role=\"button\" tabindex=\"0\">\n\t\t\t\t\t\t<svg aria-hidden=\"true\" class=\"e-font-icon-svg e-eicon-chevron-right\" viewBox=\"0 0 1000 1000\" xmlns=\"http:\/\/www.w3.org\/2000\/svg\"><path d=\"M696 533C708 521 713 504 713 487 713 471 708 454 696 446L400 146C388 133 375 125 354 125 338 125 325 129 313 142 300 154 292 171 292 187 292 204 296 221 308 233L563 492 304 771C292 783 288 800 288 817 288 833 296 850 308 863 321 871 338 875 354 875 371 875 388 867 400 854L696 533Z\"><\/path><\/svg>\t\t\t\t\t<\/div>\n\t\t\t\t\n\t\t\t\t\t\t\t\t\t<\/div>\n\t\t\t\t\t\t<\/div>\n\t\t\t\t<\/div>\n\t\t\t\t\t<\/div>\n\t\t\t\t<\/div>\n\t\t<div class=\"elementor-element elementor-element-85d231f e-flex e-con-boxed e-con e-parent\" data-id=\"85d231f\" data-element_type=\"container\" data-e-type=\"container\">\n\t\t\t\t\t<div class=\"e-con-inner\">\n\t\t<div class=\"elementor-element elementor-element-48efdf4 e-con-full e-flex e-con e-child\" data-id=\"48efdf4\" data-element_type=\"container\" data-e-type=\"container\">\n\t\t\t\t<div class=\"elementor-element elementor-element-3b80c80 animated-slow elementor-invisible elementor-widget elementor-widget-heading\" data-id=\"3b80c80\" data-element_type=\"widget\" data-e-type=\"widget\" data-settings=\"{&quot;_animation&quot;:&quot;fadeInRight&quot;}\" data-widget_type=\"heading.default\">\n\t\t\t\t<div class=\"elementor-widget-container\">\n\t\t\t\t\t<h5 class=\"elementor-heading-title elementor-size-default\">roc poliklinik<\/h5>\t\t\t\t<\/div>\n\t\t\t\t<\/div>\n\t\t\t\t<div class=\"elementor-element elementor-element-61d45bb elementor-widget elementor-widget-heading\" data-id=\"61d45bb\" data-element_type=\"widget\" data-e-type=\"widget\" data-widget_type=\"heading.default\">\n\t\t\t\t<div class=\"elementor-widget-container\">\n\t\t\t\t\t<h2 class=\"elementor-heading-title elementor-size-default\">Emax kronlar\u0131<\/h2>\t\t\t\t<\/div>\n\t\t\t\t<\/div>\n\t\t\t\t<\/div>\n\t\t<div class=\"elementor-element elementor-element-6ce5412 e-con-full e-flex e-con e-child\" data-id=\"6ce5412\" data-element_type=\"container\" data-e-type=\"container\">\n\t\t\t\t<div class=\"elementor-element elementor-element-90b9581 elementor-align-center elementor-widget elementor-widget-button\" data-id=\"90b9581\" data-element_type=\"widget\" data-e-type=\"widget\" data-widget_type=\"button.default\">\n\t\t\t\t<div class=\"elementor-widget-container\">\n\t\t\t\t\t\t\t\t\t<div class=\"elementor-button-wrapper\">\n\t\t\t\t\t<a class=\"elementor-button elementor-button-link elementor-size-sm elementor-animation-float\" href=\"https:\/\/rocdentalturkey.com\/index.php\/contact-us\/\">\n\t\t\t\t\t\t<span class=\"elementor-button-content-wrapper\">\n\t\t\t\t\t\t\t\t\t<span class=\"elementor-button-text\">Bize Ula\u015f\u0131n<\/span>\n\t\t\t\t\t<\/span>\n\t\t\t\t\t<\/a>\n\t\t\t\t<\/div>\n\t\t\t\t\t\t\t\t<\/div>\n\t\t\t\t<\/div>\n\t\t\t\t<\/div>\n\t\t\t\t\t<\/div>\n\t\t\t\t<\/div>\n\t\t<div class=\"elementor-element elementor-element-0a93c6b e-flex e-con-boxed e-con e-parent\" data-id=\"0a93c6b\" data-element_type=\"container\" data-e-type=\"container\">\n\t\t\t\t\t<div class=\"e-con-inner\">\n\t\t\t\t<div class=\"elementor-element elementor-element-896b085 elementor-widget-divider--view-line elementor-widget elementor-widget-divider\" data-id=\"896b085\" data-element_type=\"widget\" data-e-type=\"widget\" data-widget_type=\"divider.default\">\n\t\t\t\t<div class=\"elementor-widget-container\">\n\t\t\t\t\t\t\t<div class=\"elementor-divider\">\n\t\t\t<span class=\"elementor-divider-separator\">\n\t\t\t\t\t\t<\/span>\n\t\t<\/div>\n\t\t\t\t\t\t<\/div>\n\t\t\t\t<\/div>\n\t\t\t\t<div class=\"elementor-element elementor-element-7f4c46a elementor-widget elementor-widget-text-editor\" data-id=\"7f4c46a\" data-element_type=\"widget\" data-e-type=\"widget\" data-widget_type=\"text-editor.default\">\n\t\t\t\t<div class=\"elementor-widget-container\">\n\t\t\t\t\t\t\t\t\t<p>I\u015f\u0131k ge\u00e7irgenlik \u00f6zellikleri nedeniyle, \u2018E-max\u2019 kronlar zengin bir derinli\u011fe ve canl\u0131l\u0131\u011fa sahiptir ve do\u011fal di\u015flerinizle m\u00fckemmel bir \u015fekilde uyum sa\u011flar. Laboratuvar\u0131m\u0131zda, 3 boyutlu bilgisayar taray\u0131c\u0131s\u0131 ve 3 boyutlu yaz\u0131c\u0131yla desteklenen CAD-CAM teknolojimizi kullanarak \u00fcretilen kronlarla h\u0131zla yeni bir g\u00fcl\u00fcmseme tasarlayabiliriz. \u2018E-max\u2019 kronlar son derece dayan\u0131kl\u0131d\u0131r, birinci s\u0131n\u0131f malzemelerden yap\u0131l\u0131r ve hastan\u0131n mevcut di\u015fleriyle uyumlu renk tonu sunar.<\/p>\n<p>\u2018E-max\u2019 kronlar, bakteri ve plak birikmesine izin vermeyen son derece cilal\u0131 bir y\u00fczeye sahiptir. Hastan\u0131n di\u015f etleriyle m\u00fckemmel uyum sa\u011flayacak \u015fekilde tasarlanm\u0131\u015f olup, kom\u015fu sa\u011fl\u0131kl\u0131 di\u015flerin \u00e7\u00fcr\u00fcmesini \u00f6nlerler.<\/p>\n<p>Hasta i\u00e7in estetik bir &#8216;g\u00fcl\u00fc\u015f tasar\u0131m\u0131&#8217; olu\u015ftururken, &#8216;E-max&#8217; kaplamalar \u00fcretilirken uzman di\u015f hekimleri taraf\u0131ndan dikkatli bir haz\u0131rl\u0131k yap\u0131lmas\u0131 gerekir.<\/p>\n<p><strong>&#8216;E-max&#8217; Kaplamalar\u0131n Avantajlar\u0131<\/strong><\/p>\n<ul>\n<li>Kullan\u0131lan malzemeler alerjik reaksiyonlara neden olmaz.<\/li>\n<li>Di\u015f y\u00fczeylerinde tartar birikimi olu\u015fmaz.<\/li>\n<li>Malzeme s\u0131cakl\u0131k dalgalanmalar\u0131na kar\u015f\u0131 dayan\u0131kl\u0131d\u0131r ve b\u00f6ylece kaplaman\u0131n \u0131s\u0131dan zarar g\u00f6rmesini \u00f6nler.<\/li>\n<li>E-max&#8217; Kaplamalar yar\u0131 saydamd\u0131r, iyi \u0131\u015f\u0131k ge\u00e7irgenli\u011fi sa\u011flar ve b\u00f6ylece hastan\u0131n do\u011fal di\u015flerine en yak\u0131n estetik g\u00f6r\u00fcn\u00fcm\u00fc verir.<\/li>\n<\/ul>\n<p>&#8216;E-max&#8217; kaplamalar zirkonyum kaplamalardan daha y\u00fcksek \u0131\u015f\u0131k ge\u00e7irgenli\u011fine sahiptir, ancak zirkonyum kaplamalar &#8216;E-Max&#8217; kaplamadan biraz daha dayan\u0131kl\u0131d\u0131r. &#8216;E-Max&#8217; kronlar tak\u0131ld\u0131\u011f\u0131nda hastan\u0131n do\u011fal di\u015flerinden tamamen ay\u0131rt edilemez.<\/p>\n<p><strong>Emax kaplamalar do\u011fal g\u00f6r\u00fcn\u00fcr m\u00fc?<\/strong><\/p>\n<p>Elbette. Evet. Emax kaplamalar \u0131\u015f\u0131\u011f\u0131 ge\u00e7irebilen, yar\u0131 saydam olan ve do\u011fal di\u015f renginizle uyumlu kaplamalard\u0131r. Bu kaplamalara sahip oldu\u011funuzda tamamen do\u011fal bir g\u00fcl\u00fcmseme tasar\u0131m\u0131na sahip olursunuz.<\/p>\n<p><strong>Emax kaplamam beyaz kalacak m\u0131?<\/strong><\/p>\n<p>E-max kaplaman\u0131z do\u011fru bak\u0131mla uzun y\u0131llar beyazl\u0131\u011f\u0131n\u0131 koruyacakt\u0131r.<\/p>\n<p><strong>E-max kaplamalar t\u00fcm di\u015fi kaplar m\u0131?<\/strong><\/p>\n<p>E-max Kaplama genellikle sadece \u00f6n di\u015flerin \u00f6n y\u00fczeyine uygulan\u0131r. Bu y\u00f6ntemde di\u015fin sadece g\u00f6r\u00fcnen k\u0131sm\u0131 kaplan\u0131r, t\u00fcm di\u015f kaplanmaz. Di\u015f ciddi \u015fekilde hasar g\u00f6rm\u00fc\u015fse, k\u0131r\u0131lm\u0131\u015fsa veya b\u00fcy\u00fck bir dolgusu varsa, e-max tam kronlar kullan\u0131larak t\u00fcm di\u015f kaplanabilir.<\/p>\n<p><strong>Emax kaplamalarda di\u015f beyazlat\u0131c\u0131 kullanabilir miyim?<\/strong><\/p>\n<p>Di\u015f beyazlatma \u00fcr\u00fcnleri Emax kaplamalarda etkili de\u011fildir.<\/p>\n<p><strong>Emax kaplamalar kolayca lekelenir mi?<\/strong><\/p>\n<p>Emax kaplamalar, p\u00fcr\u00fczs\u00fcz ve yo\u011fun yap\u0131lar\u0131 sayesinde kahve, \u00e7ay, \u015farap ve sigara gibi renk olu\u015fturan maddelere kar\u015f\u0131 olduk\u00e7a diren\u00e7lidir. Bu \u00f6zellikleri sayesinde do\u011fal beyazl\u0131klar\u0131n\u0131 uzun s\u00fcre korurlar.<\/p>\n<p><strong>E-max kaplama i\u00e7in ya\u015f s\u0131n\u0131r\u0131 var m\u0131d\u0131r?<\/strong><\/p>\n<p>E-max kaplamalar genellikle di\u015f geli\u015fimi tamamland\u0131ktan sonra (18 ya\u015f) uygulan\u0131r. E-max kaplamalar i\u00e7in \u00fcst ya\u015f s\u0131n\u0131r\u0131 yoktur<\/p>\n\t\t\t\t\t\t\t\t<\/div>\n\t\t\t\t<\/div>\n\t\t\t\t\t<\/div>\n\t\t\t\t<\/div>\n\t\t\t\t<\/div>\n\t\t","protected":false},"excerpt":{"rendered":"<p>Emax kronlar\u0131 roc poliklinik Emax kronlar\u0131 Bize Ula\u015f\u0131n I\u015f\u0131k ge\u00e7irgenlik \u00f6zellikleri nedeniyle, \u2018E-max\u2019 kronlar zengin bir derinli\u011fe ve canl\u0131l\u0131\u011fa sahiptir ve do\u011fal di\u015flerinizle m\u00fckemmel bir \u015fekilde uyum sa\u011flar. Laboratuvar\u0131m\u0131zda, 3 boyutlu bilgisayar taray\u0131c\u0131s\u0131 ve 3 boyutlu yaz\u0131c\u0131yla desteklenen CAD-CAM teknolojimizi kullanarak \u00fcretilen kronlarla h\u0131zla yeni bir g\u00fcl\u00fcmseme tasarlayabiliriz. \u2018E-max\u2019 kronlar son derece dayan\u0131kl\u0131d\u0131r, birinci s\u0131n\u0131f [&hellip;]<\/p>\n","protected":false},"author":1,"featured_media":0,"parent":0,"menu_order":0,"comment_status":"closed","ping_status":"closed","template":"elementor_header_footer","meta":{"footnotes":""},"class_list":["post-1750","page","type-page","status-publish","hentry"],"_links":{"self":[{"href":"https:\/\/rocdentalturkey.com\/index.php\/wp-json\/wp\/v2\/pages\/1750","targetHints":{"allow":["GET"]}}],"collection":[{"href":"https:\/\/rocdentalturkey.com\/index.php\/wp-json\/wp\/v2\/pages"}],"about":[{"href":"https:\/\/rocdentalturkey.com\/index.php\/wp-json\/wp\/v2\/types\/page"}],"author":[{"embeddable":true,"href":"https:\/\/rocdentalturkey.com\/index.php\/wp-json\/wp\/v2\/users\/1"}],"replies":[{"embeddable":true,"href":"https:\/\/rocdentalturkey.com\/index.php\/wp-json\/wp\/v2\/comments?post=1750"}],"version-history":[{"count":4,"href":"https:\/\/rocdentalturkey.com\/index.php\/wp-json\/wp\/v2\/pages\/1750\/revisions"}],"predecessor-version":[{"id":2185,"href":"https:\/\/rocdentalturkey.com\/index.php\/wp-json\/wp\/v2\/pages\/1750\/revisions\/2185"}],"wp:attachment":[{"href":"https:\/\/rocdentalturkey.com\/index.php\/wp-json\/wp\/v2\/media?parent=1750"}],"curies":[{"name":"wp","href":"https:\/\/api.w.org\/{rel}","templated":true}]}}