{"id":1738,"date":"2025-03-18T13:34:11","date_gmt":"2025-03-18T13:34:11","guid":{"rendered":"https:\/\/rocdentalturkey.com\/index.php\/dental-minimal-hazirlik-laminat-kaplama\/"},"modified":"2025-09-08T11:11:42","modified_gmt":"2025-09-08T11:11:42","slug":"dental-minimal-hazirlik-laminat-kaplama","status":"publish","type":"page","link":"https:\/\/rocdentalturkey.com\/index.php\/dental-minimal-hazirlik-laminat-kaplama\/?lang=tr","title":{"rendered":"Dental Minimal Haz\u0131rl\u0131k Laminat Kaplama"},"content":{"rendered":"<style>.elementor-1738 .elementor-element.elementor-element-79cdbf8 > .elementor-container{max-width:1170px;}.elementor-1738 .elementor-element.elementor-element-79cdbf8:not(.elementor-motion-effects-element-type-background), .elementor-1738 .elementor-element.elementor-element-79cdbf8 > .elementor-motion-effects-container > .elementor-motion-effects-layer{background-color:#000000;background-image:url(\"https:\/\/rocdentalturkey.com\/wp-content\/uploads\/2025\/03\/advice-of-dentist.jpg\");background-position:0px 65%;background-size:cover;}.elementor-1738 .elementor-element.elementor-element-79cdbf8 > .elementor-background-overlay{background-color:#000000;opacity:0.8;transition:background 0.3s, border-radius 0.3s, opacity 0.3s;}.elementor-1738 .elementor-element.elementor-element-79cdbf8{transition:background 0.3s, border 0.3s, border-radius 0.3s, box-shadow 0.3s;margin-top:0px;margin-bottom:0px;padding:140px 0px 140px 0px;}.elementor-1738 .elementor-element.elementor-element-03db280.elementor-column > .elementor-widget-wrap{justify-content:center;}.elementor-1738 .elementor-element.elementor-element-1cbd7cc{text-align:center;}.elementor-1738 .elementor-element.elementor-element-1cbd7cc .elementor-heading-title{font-family:\"Montserrat\", Sans-serif;font-size:32px;font-weight:700;text-transform:uppercase;line-height:1.2em;color:var( --e-global-color-c3e5fb3 );}.elementor-1738 .elementor-element.elementor-element-7adc2ab{--display:flex;--flex-direction:column;--container-widget-width:100%;--container-widget-height:initial;--container-widget-flex-grow:0;--container-widget-align-self:initial;--flex-wrap-mobile:wrap;--margin-top:60px;--margin-bottom:0px;--margin-left:0px;--margin-right:0px;}.elementor-1738 .elementor-element.elementor-element-85d231f{--display:flex;--flex-direction:row;--container-widget-width:initial;--container-widget-height:100%;--container-widget-flex-grow:1;--container-widget-align-self:stretch;--flex-wrap-mobile:wrap;--gap:0px 0px;--row-gap:0px;--column-gap:0px;--margin-top:20px;--margin-bottom:0px;--margin-left:0px;--margin-right:0px;}.elementor-1738 .elementor-element.elementor-element-48efdf4{--display:flex;--flex-direction:column;--container-widget-width:100%;--container-widget-height:initial;--container-widget-flex-grow:0;--container-widget-align-self:initial;--flex-wrap-mobile:wrap;}.elementor-1738 .elementor-element.elementor-element-3b80c80 .elementor-heading-title{font-family:\"Montserrat\", Sans-serif;font-size:14px;font-weight:600;text-transform:uppercase;line-height:1em;letter-spacing:1.5px;color:#20BBE4;}.elementor-1738 .elementor-element.elementor-element-61d45bb{text-align:start;}.elementor-1738 .elementor-element.elementor-element-61d45bb .elementor-heading-title{font-family:\"Montserrat\", Sans-serif;font-size:32px;font-weight:700;line-height:1.2em;color:var( --e-global-color-primary );}.elementor-1738 .elementor-element.elementor-element-6ce5412{--display:flex;--flex-direction:column;--container-widget-width:calc( ( 1 - var( --container-widget-flex-grow ) ) * 100% );--container-widget-height:initial;--container-widget-flex-grow:0;--container-widget-align-self:initial;--flex-wrap-mobile:wrap;--align-items:flex-end;}.elementor-1738 .elementor-element.elementor-element-90b9581 .elementor-button{font-family:var( --e-global-typography-9feda6e-font-family ), Sans-serif;font-size:var( --e-global-typography-9feda6e-font-size );font-weight:var( --e-global-typography-9feda6e-font-weight );text-transform:var( --e-global-typography-9feda6e-text-transform );line-height:var( --e-global-typography-9feda6e-line-height );letter-spacing:var( --e-global-typography-9feda6e-letter-spacing );word-spacing:var( --e-global-typography-9feda6e-word-spacing );fill:var( --e-global-color-c3e5fb3 );color:var( --e-global-color-c3e5fb3 );background-color:#20BBE4;border-radius:20px 20px 3px 3px;padding:20px 40px 20px 40px;}.elementor-1738 .elementor-element.elementor-element-90b9581 .elementor-button:hover, .elementor-1738 .elementor-element.elementor-element-90b9581 .elementor-button:focus{color:#20BBE4;background-color:var( --e-global-color-c3e5fb3 );}.elementor-1738 .elementor-element.elementor-element-90b9581 .elementor-button:hover svg, .elementor-1738 .elementor-element.elementor-element-90b9581 .elementor-button:focus svg{fill:#20BBE4;}.elementor-1738 .elementor-element.elementor-element-90b9581 > .elementor-widget-container{margin:20px 0px 0px 0px;}.elementor-1738 .elementor-element.elementor-element-0a93c6b{--display:flex;--flex-direction:column;--container-widget-width:100%;--container-widget-height:initial;--container-widget-flex-grow:0;--container-widget-align-self:initial;--flex-wrap-mobile:wrap;--margin-top:0px;--margin-bottom:50px;--margin-left:0px;--margin-right:0px;}.elementor-1738 .elementor-element.elementor-element-896b085{--divider-border-style:solid;--divider-color:#F7F7F7;--divider-border-width:1px;}.elementor-1738 .elementor-element.elementor-element-896b085 .elementor-divider-separator{width:100%;}.elementor-1738 .elementor-element.elementor-element-896b085 .elementor-divider{padding-block-start:2px;padding-block-end:2px;}.elementor-1738 .elementor-element.elementor-element-7f4c46a{font-family:\"Montserrat\", Sans-serif;font-size:16px;font-weight:400;line-height:1.5em;color:var( --e-global-color-text );}@media(min-width:768px){.elementor-1738 .elementor-element.elementor-element-48efdf4{--width:66.6666%;}.elementor-1738 .elementor-element.elementor-element-6ce5412{--width:33.3333%;}}@media(max-width:1024px){.elementor-1738 .elementor-element.elementor-element-79cdbf8:not(.elementor-motion-effects-element-type-background), .elementor-1738 .elementor-element.elementor-element-79cdbf8 > .elementor-motion-effects-container > .elementor-motion-effects-layer{background-position:0px 0px;}.elementor-1738 .elementor-element.elementor-element-79cdbf8{padding:120px 10px 120px 10px;}.elementor-1738 .elementor-element.elementor-element-90b9581 .elementor-button{font-size:var( --e-global-typography-9feda6e-font-size );line-height:var( --e-global-typography-9feda6e-line-height );letter-spacing:var( --e-global-typography-9feda6e-letter-spacing );word-spacing:var( --e-global-typography-9feda6e-word-spacing );}}@media(max-width:767px){.elementor-1738 .elementor-element.elementor-element-79cdbf8:not(.elementor-motion-effects-element-type-background), .elementor-1738 .elementor-element.elementor-element-79cdbf8 > .elementor-motion-effects-container > .elementor-motion-effects-layer{background-position:0px 0px;}.elementor-1738 .elementor-element.elementor-element-79cdbf8{padding:80px 10px 80px 10px;}.elementor-1738 .elementor-element.elementor-element-1cbd7cc .elementor-heading-title{font-size:24px;}.elementor-1738 .elementor-element.elementor-element-3b80c80 .elementor-heading-title{font-size:14px;}.elementor-1738 .elementor-element.elementor-element-61d45bb .elementor-heading-title{font-size:24px;}.elementor-1738 .elementor-element.elementor-element-90b9581 .elementor-button{font-size:var( --e-global-typography-9feda6e-font-size );line-height:var( --e-global-typography-9feda6e-line-height );letter-spacing:var( --e-global-typography-9feda6e-letter-spacing );word-spacing:var( --e-global-typography-9feda6e-word-spacing );}.elementor-1738 .elementor-element.elementor-element-7f4c46a{font-size:14px;}}<\/style>\t\t<div data-elementor-type=\"wp-page\" data-elementor-id=\"1738\" class=\"elementor elementor-1738 elementor-175\" data-elementor-post-type=\"page\">\n\t\t\t\t\t\t<section class=\"elementor-section elementor-top-section elementor-element elementor-element-79cdbf8 elementor-section-boxed elementor-section-height-default elementor-section-height-default\" data-id=\"79cdbf8\" data-element_type=\"section\" data-e-type=\"section\" data-settings=\"{&quot;background_background&quot;:&quot;classic&quot;}\">\n\t\t\t\t\t\t\t<div class=\"elementor-background-overlay\"><\/div>\n\t\t\t\t\t\t\t<div class=\"elementor-container elementor-column-gap-default\">\n\t\t\t\t\t<div class=\"elementor-column elementor-col-100 elementor-top-column elementor-element elementor-element-03db280\" data-id=\"03db280\" data-element_type=\"column\" data-e-type=\"column\">\n\t\t\t<div class=\"elementor-widget-wrap elementor-element-populated\">\n\t\t\t\t\t\t<div class=\"elementor-element elementor-element-1cbd7cc elementor-widget elementor-widget-heading\" data-id=\"1cbd7cc\" data-element_type=\"widget\" data-e-type=\"widget\" data-widget_type=\"heading.default\">\n\t\t\t\t<div class=\"elementor-widget-container\">\n\t\t\t\t\t<h2 class=\"elementor-heading-title elementor-size-default\">Di\u015f kaplamalar\u0131<\/h2>\t\t\t\t<\/div>\n\t\t\t\t<\/div>\n\t\t\t\t\t<\/div>\n\t\t<\/div>\n\t\t\t\t\t<\/div>\n\t\t<\/section>\n\t\t<div class=\"elementor-element elementor-element-7adc2ab e-flex e-con-boxed e-con e-parent\" data-id=\"7adc2ab\" data-element_type=\"container\" data-e-type=\"container\">\n\t\t\t\t\t<div class=\"e-con-inner\">\n\t\t\t\t<div class=\"elementor-element elementor-element-e18c14c elementor-widget elementor-widget-image\" data-id=\"e18c14c\" data-element_type=\"widget\" data-e-type=\"widget\" data-widget_type=\"image.default\">\n\t\t\t\t<div class=\"elementor-widget-container\">\n\t\t\t\t\t\t\t\t\t\t\t\t\t\t\t<img decoding=\"async\" src=\"https:\/\/rocdentalturkey.com\/wp-content\/uploads\/elementor\/thumbs\/dental-veneers-r4e196w929rkxmakdjjt9p0wnzwxm1nvz2bf05s9rw.jpg\" title=\"Dentist examining female patient with teeth shades at dental clinic\" alt=\"Dentist examining female patient with teeth shades at dental clinic\" loading=\"lazy\" \/>\t\t\t\t\t\t\t\t\t\t\t\t\t\t\t<\/div>\n\t\t\t\t<\/div>\n\t\t\t\t\t<\/div>\n\t\t\t\t<\/div>\n\t\t<div class=\"elementor-element elementor-element-85d231f e-flex e-con-boxed e-con e-parent\" data-id=\"85d231f\" data-element_type=\"container\" data-e-type=\"container\">\n\t\t\t\t\t<div class=\"e-con-inner\">\n\t\t<div class=\"elementor-element elementor-element-48efdf4 e-con-full e-flex e-con e-child\" data-id=\"48efdf4\" data-element_type=\"container\" data-e-type=\"container\">\n\t\t\t\t<div class=\"elementor-element elementor-element-3b80c80 animated-slow elementor-invisible elementor-widget elementor-widget-heading\" data-id=\"3b80c80\" data-element_type=\"widget\" data-e-type=\"widget\" data-settings=\"{&quot;_animation&quot;:&quot;fadeInRight&quot;}\" data-widget_type=\"heading.default\">\n\t\t\t\t<div class=\"elementor-widget-container\">\n\t\t\t\t\t<h5 class=\"elementor-heading-title elementor-size-default\">roc POLIcl\u0131n\u0131c<\/h5>\t\t\t\t<\/div>\n\t\t\t\t<\/div>\n\t\t\t\t<div class=\"elementor-element elementor-element-61d45bb elementor-widget elementor-widget-heading\" data-id=\"61d45bb\" data-element_type=\"widget\" data-e-type=\"widget\" data-widget_type=\"heading.default\">\n\t\t\t\t<div class=\"elementor-widget-container\">\n\t\t\t\t\t<h2 class=\"elementor-heading-title elementor-size-default\">Di\u015f kaplamalar\u0131<\/h2>\t\t\t\t<\/div>\n\t\t\t\t<\/div>\n\t\t\t\t<\/div>\n\t\t<div class=\"elementor-element elementor-element-6ce5412 e-con-full e-flex e-con e-child\" data-id=\"6ce5412\" data-element_type=\"container\" data-e-type=\"container\">\n\t\t\t\t<div class=\"elementor-element elementor-element-90b9581 elementor-align-center elementor-widget elementor-widget-button\" data-id=\"90b9581\" data-element_type=\"widget\" data-e-type=\"widget\" data-widget_type=\"button.default\">\n\t\t\t\t<div class=\"elementor-widget-container\">\n\t\t\t\t\t\t\t\t\t<div class=\"elementor-button-wrapper\">\n\t\t\t\t\t<a class=\"elementor-button elementor-button-link elementor-size-sm elementor-animation-float\" href=\"https:\/\/rocdentalturkey.com\/index.php\/bize-ulasin\/?lang=tr\">\n\t\t\t\t\t\t<span class=\"elementor-button-content-wrapper\">\n\t\t\t\t\t\t\t\t\t<span class=\"elementor-button-text\">Bize Ula\u015f\u0131n<\/span>\n\t\t\t\t\t<\/span>\n\t\t\t\t\t<\/a>\n\t\t\t\t<\/div>\n\t\t\t\t\t\t\t\t<\/div>\n\t\t\t\t<\/div>\n\t\t\t\t<\/div>\n\t\t\t\t\t<\/div>\n\t\t\t\t<\/div>\n\t\t<div class=\"elementor-element elementor-element-0a93c6b e-flex e-con-boxed e-con e-parent\" data-id=\"0a93c6b\" data-element_type=\"container\" data-e-type=\"container\">\n\t\t\t\t\t<div class=\"e-con-inner\">\n\t\t\t\t<div class=\"elementor-element elementor-element-896b085 elementor-widget-divider--view-line elementor-widget elementor-widget-divider\" data-id=\"896b085\" data-element_type=\"widget\" data-e-type=\"widget\" data-widget_type=\"divider.default\">\n\t\t\t\t<div class=\"elementor-widget-container\">\n\t\t\t\t\t\t\t<div class=\"elementor-divider\">\n\t\t\t<span class=\"elementor-divider-separator\">\n\t\t\t\t\t\t<\/span>\n\t\t<\/div>\n\t\t\t\t\t\t<\/div>\n\t\t\t\t<\/div>\n\t\t\t\t<div class=\"elementor-element elementor-element-7f4c46a elementor-widget elementor-widget-text-editor\" data-id=\"7f4c46a\" data-element_type=\"widget\" data-e-type=\"widget\" data-widget_type=\"text-editor.default\">\n\t\t\t\t<div class=\"elementor-widget-container\">\n\t\t\t\t\t\t\t\t\t<p><strong>Di\u015f Kaplamalar\u0131 Nedir?<\/strong><\/p><p>Di\u015f kaplamalar\u0131, hastan\u0131n g\u00f6r\u00fcn\u00fcm\u00fcn\u00fc olumsuz etkileyen bir\u00e7ok di\u015f sorununu ortadan kald\u0131rmak i\u00e7in en ge\u00e7erli y\u00f6ntemlerden biridir. Hastan\u0131n kendi di\u015fleriyle %100 uyumludur ve di\u015f sa\u011fl\u0131\u011f\u0131 i\u00e7in herhangi bir risk olu\u015fturmaz. Di\u015f kaplamalar\u0131 pop\u00fcler bir trend haline geldi ve bir hastan\u0131n g\u00fcl\u00fcmsemesine m\u00fckemmel bir d\u00f6n\u00fc\u015f\u00fcm sunuyor. Tedavi poliklini\u011fimizde h\u0131zl\u0131 bir \u015fekilde ger\u00e7ekle\u015ftirilir ve genellikle alt\u0131 g\u00fcnde tamamlanabilir.<\/p><p>Esas olarak, di\u015f kaplamalar\u0131 di\u015f yap\u0131\u015ft\u0131r\u0131c\u0131lar\u0131 kullan\u0131larak di\u015fe bir kaplama yap\u0131\u015ft\u0131r\u0131larak di\u015f bozukluklar\u0131n\u0131 kozmetik olarak tedavi eder. Orijinal di\u015f a\u015f\u0131nd\u0131r\u0131l\u0131r ve di\u015fin \u00f6n taraf\u0131ndan 0,3 &#8211; 0,5 mm \u00e7\u0131kar\u0131l\u0131r. Kaplamalar \u00e7ok ince olmas\u0131na ra\u011fmen darbelere ve k\u0131r\u0131lmaya kar\u015f\u0131 \u00e7ok y\u00fcksek bir dirence sahiptir. Hastan\u0131n tercihine ba\u011fl\u0131 olarak uzmanlar\u0131m\u0131z hastan\u0131n do\u011fal di\u015flerinin renk tonuna uyan kaplamalar sa\u011flayabilir veya Hollywood g\u00fcl\u00fc\u015f\u00fcn\u00fcn parlak beyaz\u0131na sahip olmay\u0131 se\u00e7ebilirler.<\/p><p><strong>Di\u015f Kaplamalar\u0131n\u0131n Avantajlar\u0131 Nelerdir?<\/strong><\/p><ul><li>Do\u011fal di\u015f renginden memnun kalmad\u0131\u011f\u0131n\u0131zda<\/li><li>Di\u015fleriniz lekelendi\u011finde veya karard\u0131\u011f\u0131nda<\/li><li>K\u0131r\u0131k veya a\u015f\u0131nm\u0131\u015f di\u015fler i\u00e7in en iyi \u00e7\u00f6z\u00fcm\u00fc ararken<\/li><li>Harika bir g\u00fcl\u00fcmseme tasar\u0131m\u0131 olu\u015fturmak i\u00e7in<\/li><li>Di\u015fler aras\u0131nda bo\u015fluk oldu\u011funda<\/li><li>\u00c7arp\u0131k di\u015fleri d\u00fczeltirken &#8211; di\u015f kaplamalar\u0131 ortodontik tedaviye kozmetik bir alternatif olabilir<\/li><li>Beyaz di\u015fler istedi\u011finizde<\/li><li>Hollywood G\u00fcl\u00fcmsemesi istedi\u011finizde<\/li><li>Laminalar, m\u00fckemmel bir \u0131\u015f\u0131k ge\u00e7irgenli\u011fine sahip olduklar\u0131 ve fark edilmedikleri i\u00e7in do\u011fal di\u015flerle m\u00fckemmel bir \u015fekilde e\u015fle\u015fir<\/li><li>Di\u015flerin metal destekli bile\u015fenler olmadan do\u011fal g\u00f6r\u00fcnmesini istedi\u011finizde<\/li><li>Bakteri ve tartar kaplamalarda birikmez<\/li><li>Sararmaya ve lekelenme<\/li><li>Ortodontik tedaviye gerek kalmadan h\u0131zl\u0131 bir estetik g\u00fcl\u00fcmseme istendi\u011finde<\/li><\/ul><p>Ger\u00e7ek uluslararas\u0131 kaynakl\u0131 S\u0131n\u0131f &#8216;A&#8217; di\u015f kaplamalar\u0131 kullanmam\u0131za ra\u011fmen, tedavinin toplam maliyeti, Antalya&#8217;ya u\u00e7u\u015f, konaklama ve tatil maliyetleri, yurtd\u0131\u015f\u0131ndaki toplam tedavi maliyetlerinden daha az olacakt\u0131r.<\/p><p data-start=\"62\" data-end=\"495\">Ara\u015ft\u0131rmalara g\u00f6re, sosyal olarak, toplant\u0131larda veya bir i\u015f g\u00f6r\u00fc\u015fmesinde kar\u015f\u0131la\u015ft\u0131\u011f\u0131m\u0131zda, ilk \u00f6nce di\u011fer ki\u015finin g\u00f6zlerine \u00e7ekiliriz.<br \/>Dikkatimiz daha sonra en \u00f6nemli unsuru di\u015fler olan a\u011f\u0131z b\u00f6lgesine y\u00f6nelir. L\u00fctfen g\u00fczel bir g\u00fcl\u00fcmsemenin takabilece\u011finiz en iyi aksesuar oldu\u011funu unutmay\u0131n.<\/p>\t\t\t\t\t\t\t\t<\/div>\n\t\t\t\t<\/div>\n\t\t\t\t\t<\/div>\n\t\t\t\t<\/div>\n\t\t\t\t<\/div>\n\t\t","protected":false},"excerpt":{"rendered":"<p>Di\u015f kaplamalar\u0131 roc POLIcl\u0131n\u0131c Di\u015f kaplamalar\u0131 Bize Ula\u015f\u0131n Di\u015f Kaplamalar\u0131 Nedir? Di\u015f kaplamalar\u0131, hastan\u0131n g\u00f6r\u00fcn\u00fcm\u00fcn\u00fc olumsuz etkileyen bir\u00e7ok di\u015f sorununu ortadan kald\u0131rmak i\u00e7in en ge\u00e7erli y\u00f6ntemlerden biridir. Hastan\u0131n kendi di\u015fleriyle %100 uyumludur ve di\u015f sa\u011fl\u0131\u011f\u0131 i\u00e7in herhangi bir risk olu\u015fturmaz. Di\u015f kaplamalar\u0131 pop\u00fcler bir trend haline geldi ve bir hastan\u0131n g\u00fcl\u00fcmsemesine m\u00fckemmel bir d\u00f6n\u00fc\u015f\u00fcm sunuyor. [&hellip;]<\/p>\n","protected":false},"author":1,"featured_media":0,"parent":0,"menu_order":0,"comment_status":"closed","ping_status":"closed","template":"elementor_header_footer","meta":{"footnotes":""},"class_list":["post-1738","page","type-page","status-publish","hentry"],"_links":{"self":[{"href":"https:\/\/rocdentalturkey.com\/index.php\/wp-json\/wp\/v2\/pages\/1738","targetHints":{"allow":["GET"]}}],"collection":[{"href":"https:\/\/rocdentalturkey.com\/index.php\/wp-json\/wp\/v2\/pages"}],"about":[{"href":"https:\/\/rocdentalturkey.com\/index.php\/wp-json\/wp\/v2\/types\/page"}],"author":[{"embeddable":true,"href":"https:\/\/rocdentalturkey.com\/index.php\/wp-json\/wp\/v2\/users\/1"}],"replies":[{"embeddable":true,"href":"https:\/\/rocdentalturkey.com\/index.php\/wp-json\/wp\/v2\/comments?post=1738"}],"version-history":[{"count":7,"href":"https:\/\/rocdentalturkey.com\/index.php\/wp-json\/wp\/v2\/pages\/1738\/revisions"}],"predecessor-version":[{"id":2283,"href":"https:\/\/rocdentalturkey.com\/index.php\/wp-json\/wp\/v2\/pages\/1738\/revisions\/2283"}],"wp:attachment":[{"href":"https:\/\/rocdentalturkey.com\/index.php\/wp-json\/wp\/v2\/media?parent=1738"}],"curies":[{"name":"wp","href":"https:\/\/api.w.org\/{rel}","templated":true}]}}